
{"id":3166,"date":"2021-01-01T11:17:43","date_gmt":"2020-10-27T11:17:43","guid":{"rendered":"https:\/\/oud.alplift.com\/?post_type=product&#038;p=3166"},"modified":"2021-11-29T12:57:19","modified_gmt":"2021-11-29T11:57:19","slug":"desksurfer","status":"publish","type":"product","link":"https:\/\/oud.alplift.com\/fr\/produit\/desksurfer\/","title":{"rendered":"Desksurfer"},"content":{"rendered":"","protected":false},"excerpt":{"rendered":"<p>Le desksurfer est la solution id\u00e9ale pour r\u00e9pondre \u00e0 votre dessus de bureau de l&rsquo;acc\u00e8s \u00e0 leurs besoins. Il ne faut que quelques minutes pour configurer vous donner une plate-forme de travail au-dessus d&rsquo;un bureau. Pas besoin d&rsquo;effacer ou de d\u00e9placer un bureau pour travailler, la Desksurfer offre beaucoup d&rsquo;espace pour bureau d&rsquo;\u00e9l\u00e9ments. Le Desksurfer a \u00e9t\u00e9 sp\u00e9cifiquement con\u00e7u pour r\u00e9pondre \u00e0 la difficile exigences en mati\u00e8re d&rsquo;acc\u00e8s lorsque l&rsquo;on travaille sur un bureau. Un 900mm de proximit\u00e9 plate-forme fournit un moyen facile de 1200mm de mains sur l&rsquo;acc\u00e8s \u00e0 des luminaires, des ventilo-convecteurs, etc. Le Desksurfer est \u00e0 la fois rapide et facile \u00e0 utiliser. La plate-forme est r\u00e9glable en hauteur pour les bas niveau et de haut niveau des applications, en fournissant l&rsquo;acc\u00e8s \u00e0 la sous-face du plafond et, si n\u00e9cessaire, au-dessus de la tuile de plafond de niveau. Le Desksurfer a une charge de travail de 150 kg. Fabriqu\u00e9 \u00e0 partir de solide en alliage d&rsquo;aluminium, le Desksurfer n&rsquo;est pas tr\u00e8s forte, mais l\u00e9ger et facile \u00e0 man\u0153uvrer. Il est mobile en le poussant ou en le tirant \u00e0 l&rsquo;aide de l&rsquo;effort manuel \u00e0 partir de la base seulement et sans qu&rsquo;une personne ou des documents sur la plate-forme.<\/p>\n<p><strong>Caract\u00e9ristiques:<\/strong><\/p>\n<ul>\n<li>Hauteur de travail: 4 m<\/li>\n<li>Capacit\u00e9 de levage: 150 kg<\/li>\n<li>Dimensions de transport (L xlx H): 1,26 x 0,69 x 1,9 m<\/li>\n<li>Puissance: manuel \/ pousser<\/li>\n<li>Poids brut: 68 kg<\/li>\n<li>Utilisation: int\u00e9rieur et ext\u00e9rieur<\/li>\n<\/ul>\n","protected":false},"featured_media":7712,"comment_status":"closed","ping_status":"closed","template":"","meta":[],"product_cat":[215,221,186,190],"product_tag":[],"class_list":{"0":"post-3166","1":"product","2":"type-product","3":"status-publish","4":"has-post-thumbnail","6":"product_cat-elevateurs-de-charges-250-kg","7":"product_cat-elevateurs-de-charges-350-kg","8":"product_cat-leve-materiaux","9":"product_cat-leve-materiaux-speciaux","11":"first","12":"instock","13":"shipping-taxable","14":"product-type-simple"},"yoast_head":"<!-- This site is optimized with the Yoast SEO plugin v24.0 - https:\/\/yoast.com\/wordpress\/plugins\/seo\/ -->\n<title>Desksurfer - \u00e0 vendre \u00e0 Alp Lift<\/title>\n<meta name=\"description\" content=\"Le Desksurfer est la solution id\u00e9ale pour r\u00e9pondre \u00e0 vos besoins d\u2019acc\u00e8s au bureau ou reception. Demander un devis en ligne \u00e0 Alp Lift.\" \/>\n<meta name=\"robots\" content=\"noindex, follow, max-snippet:-1, max-image-preview:large, max-video-preview:-1\" \/>\n<meta property=\"og:locale\" content=\"fr_FR\" \/>\n<meta property=\"og:type\" content=\"article\" \/>\n<meta property=\"og:title\" content=\"Desksurfer - \u00e0 vendre \u00e0 Alp Lift\" \/>\n<meta property=\"og:description\" content=\"Le Desksurfer est la solution id\u00e9ale pour r\u00e9pondre \u00e0 vos besoins d\u2019acc\u00e8s au bureau ou reception. Demander un devis en ligne \u00e0 Alp Lift.\" \/>\n<meta property=\"og:url\" content=\"https:\/\/oud.alplift.com\/fr\/produit\/desksurfer\/\" \/>\n<meta property=\"og:site_name\" content=\"Alp Lift\" \/>\n<meta property=\"article:modified_time\" content=\"2021-11-29T11:57:19+00:00\" \/>\n<meta property=\"og:image\" content=\"https:\/\/oud.alplift.com\/wp-content\/uploads\/2021\/01\/Desksurfer-zijkant.jpg\" \/>\n\t<meta property=\"og:image:width\" content=\"1080\" \/>\n\t<meta property=\"og:image:height\" content=\"1920\" \/>\n\t<meta property=\"og:image:type\" content=\"image\/jpeg\" \/>\n<meta name=\"twitter:card\" content=\"summary_large_image\" \/>\n<script type=\"application\/ld+json\" class=\"yoast-schema-graph\">{\"@context\":\"https:\/\/schema.org\",\"@graph\":[{\"@type\":\"WebPage\",\"@id\":\"https:\/\/oud.alplift.com\/fr\/produit\/desksurfer\/\",\"url\":\"https:\/\/oud.alplift.com\/fr\/produit\/desksurfer\/\",\"name\":\"Desksurfer - \u00e0 vendre \u00e0 Alp Lift\",\"isPartOf\":{\"@id\":\"https:\/\/oud.alplift.com\/fr\/#website\"},\"primaryImageOfPage\":{\"@id\":\"https:\/\/oud.alplift.com\/fr\/produit\/desksurfer\/#primaryimage\"},\"image\":{\"@id\":\"https:\/\/oud.alplift.com\/fr\/produit\/desksurfer\/#primaryimage\"},\"thumbnailUrl\":\"https:\/\/oud.alplift.com\/wp-content\/uploads\/2021\/01\/Desksurfer-zijkant.jpg\",\"datePublished\":\"2020-10-27T11:17:43+00:00\",\"dateModified\":\"2021-11-29T11:57:19+00:00\",\"description\":\"Le Desksurfer est la solution id\u00e9ale pour r\u00e9pondre \u00e0 vos besoins d\u2019acc\u00e8s au bureau ou reception. Demander un devis en ligne \u00e0 Alp Lift.\",\"breadcrumb\":{\"@id\":\"https:\/\/oud.alplift.com\/fr\/produit\/desksurfer\/#breadcrumb\"},\"inLanguage\":\"fr-FR\",\"potentialAction\":[{\"@type\":\"ReadAction\",\"target\":[\"https:\/\/oud.alplift.com\/fr\/produit\/desksurfer\/\"]}]},{\"@type\":\"ImageObject\",\"inLanguage\":\"fr-FR\",\"@id\":\"https:\/\/oud.alplift.com\/fr\/produit\/desksurfer\/#primaryimage\",\"url\":\"https:\/\/oud.alplift.com\/wp-content\/uploads\/2021\/01\/Desksurfer-zijkant.jpg\",\"contentUrl\":\"https:\/\/oud.alplift.com\/wp-content\/uploads\/2021\/01\/Desksurfer-zijkant.jpg\",\"width\":1080,\"height\":1920},{\"@type\":\"BreadcrumbList\",\"@id\":\"https:\/\/oud.alplift.com\/fr\/produit\/desksurfer\/#breadcrumb\",\"itemListElement\":[{\"@type\":\"ListItem\",\"position\":1,\"name\":\"Home\",\"item\":\"https:\/\/oud.alplift.com\/fr\/\"},{\"@type\":\"ListItem\",\"position\":2,\"name\":\"Winkel\",\"item\":\"https:\/\/oud.alplift.com\/winkel\/\"},{\"@type\":\"ListItem\",\"position\":3,\"name\":\"Desksurfer\"}]},{\"@type\":\"WebSite\",\"@id\":\"https:\/\/oud.alplift.com\/fr\/#website\",\"url\":\"https:\/\/oud.alplift.com\/fr\/\",\"name\":\"Alp Lift\",\"description\":\"Lifting Equipment\",\"potentialAction\":[{\"@type\":\"SearchAction\",\"target\":{\"@type\":\"EntryPoint\",\"urlTemplate\":\"https:\/\/oud.alplift.com\/fr\/?s={search_term_string}\"},\"query-input\":{\"@type\":\"PropertyValueSpecification\",\"valueRequired\":true,\"valueName\":\"search_term_string\"}}],\"inLanguage\":\"fr-FR\"}]}<\/script>\n<!-- \/ Yoast SEO plugin. -->","yoast_head_json":{"title":"Desksurfer - \u00e0 vendre \u00e0 Alp Lift","description":"Le Desksurfer est la solution id\u00e9ale pour r\u00e9pondre \u00e0 vos besoins d\u2019acc\u00e8s au bureau ou reception. Demander un devis en ligne \u00e0 Alp Lift.","robots":{"index":"noindex","follow":"follow","max-snippet":"max-snippet:-1","max-image-preview":"max-image-preview:large","max-video-preview":"max-video-preview:-1"},"og_locale":"fr_FR","og_type":"article","og_title":"Desksurfer - \u00e0 vendre \u00e0 Alp Lift","og_description":"Le Desksurfer est la solution id\u00e9ale pour r\u00e9pondre \u00e0 vos besoins d\u2019acc\u00e8s au bureau ou reception. Demander un devis en ligne \u00e0 Alp Lift.","og_url":"https:\/\/oud.alplift.com\/fr\/produit\/desksurfer\/","og_site_name":"Alp Lift","article_modified_time":"2021-11-29T11:57:19+00:00","og_image":[{"width":1080,"height":1920,"url":"https:\/\/oud.alplift.com\/wp-content\/uploads\/2021\/01\/Desksurfer-zijkant.jpg","type":"image\/jpeg"}],"twitter_card":"summary_large_image","schema":{"@context":"https:\/\/schema.org","@graph":[{"@type":"WebPage","@id":"https:\/\/oud.alplift.com\/fr\/produit\/desksurfer\/","url":"https:\/\/oud.alplift.com\/fr\/produit\/desksurfer\/","name":"Desksurfer - \u00e0 vendre \u00e0 Alp Lift","isPartOf":{"@id":"https:\/\/oud.alplift.com\/fr\/#website"},"primaryImageOfPage":{"@id":"https:\/\/oud.alplift.com\/fr\/produit\/desksurfer\/#primaryimage"},"image":{"@id":"https:\/\/oud.alplift.com\/fr\/produit\/desksurfer\/#primaryimage"},"thumbnailUrl":"https:\/\/oud.alplift.com\/wp-content\/uploads\/2021\/01\/Desksurfer-zijkant.jpg","datePublished":"2020-10-27T11:17:43+00:00","dateModified":"2021-11-29T11:57:19+00:00","description":"Le Desksurfer est la solution id\u00e9ale pour r\u00e9pondre \u00e0 vos besoins d\u2019acc\u00e8s au bureau ou reception. Demander un devis en ligne \u00e0 Alp Lift.","breadcrumb":{"@id":"https:\/\/oud.alplift.com\/fr\/produit\/desksurfer\/#breadcrumb"},"inLanguage":"fr-FR","potentialAction":[{"@type":"ReadAction","target":["https:\/\/oud.alplift.com\/fr\/produit\/desksurfer\/"]}]},{"@type":"ImageObject","inLanguage":"fr-FR","@id":"https:\/\/oud.alplift.com\/fr\/produit\/desksurfer\/#primaryimage","url":"https:\/\/oud.alplift.com\/wp-content\/uploads\/2021\/01\/Desksurfer-zijkant.jpg","contentUrl":"https:\/\/oud.alplift.com\/wp-content\/uploads\/2021\/01\/Desksurfer-zijkant.jpg","width":1080,"height":1920},{"@type":"BreadcrumbList","@id":"https:\/\/oud.alplift.com\/fr\/produit\/desksurfer\/#breadcrumb","itemListElement":[{"@type":"ListItem","position":1,"name":"Home","item":"https:\/\/oud.alplift.com\/fr\/"},{"@type":"ListItem","position":2,"name":"Winkel","item":"https:\/\/oud.alplift.com\/winkel\/"},{"@type":"ListItem","position":3,"name":"Desksurfer"}]},{"@type":"WebSite","@id":"https:\/\/oud.alplift.com\/fr\/#website","url":"https:\/\/oud.alplift.com\/fr\/","name":"Alp Lift","description":"Lifting Equipment","potentialAction":[{"@type":"SearchAction","target":{"@type":"EntryPoint","urlTemplate":"https:\/\/oud.alplift.com\/fr\/?s={search_term_string}"},"query-input":{"@type":"PropertyValueSpecification","valueRequired":true,"valueName":"search_term_string"}}],"inLanguage":"fr-FR"}]}},"_links":{"self":[{"href":"https:\/\/oud.alplift.com\/fr\/wp-json\/wp\/v2\/product\/3166","targetHints":{"allow":["GET"]}}],"collection":[{"href":"https:\/\/oud.alplift.com\/fr\/wp-json\/wp\/v2\/product"}],"about":[{"href":"https:\/\/oud.alplift.com\/fr\/wp-json\/wp\/v2\/types\/product"}],"replies":[{"embeddable":true,"href":"https:\/\/oud.alplift.com\/fr\/wp-json\/wp\/v2\/comments?post=3166"}],"wp:featuredmedia":[{"embeddable":true,"href":"https:\/\/oud.alplift.com\/fr\/wp-json\/wp\/v2\/media\/7712"}],"wp:attachment":[{"href":"https:\/\/oud.alplift.com\/fr\/wp-json\/wp\/v2\/media?parent=3166"}],"wp:term":[{"taxonomy":"product_cat","embeddable":true,"href":"https:\/\/oud.alplift.com\/fr\/wp-json\/wp\/v2\/product_cat?post=3166"},{"taxonomy":"product_tag","embeddable":true,"href":"https:\/\/oud.alplift.com\/fr\/wp-json\/wp\/v2\/product_tag?post=3166"}],"curies":[{"name":"wp","href":"https:\/\/api.w.org\/{rel}","templated":true}]}}