
{"id":3165,"date":"2020-08-31T11:58:58","date_gmt":"2020-10-07T06:21:24","guid":{"rendered":"https:\/\/oud.alplift.com\/?post_type=product&#038;p=3165"},"modified":"2021-01-21T09:48:55","modified_gmt":"2021-01-21T08:48:55","slug":"palan-a-air-ll560","status":"publish","type":"product","link":"https:\/\/oud.alplift.com\/fr\/produit\/palan-a-air-ll560\/","title":{"rendered":"Palan \u00e0 air LL560"},"content":{"rendered":"<p>[table id=20 \/]<\/p>\n","protected":false},"excerpt":{"rendered":"<p>Les palans \u00e0 air d&rsquo;Alp Lift sont les plus efficaces pour soulever de petites charges jusqu&rsquo;\u00e0 125 kg. Le palan \u00e0 air LL560 a une hauteur de levage de 5,60 M. Ces l\u00e8ve-mat\u00e9riaux am\u00e8nent et maintiennent les mat\u00e9riaux \u00e0 l&rsquo;infini \u00e0 la hauteur d\u00e9sir\u00e9e de mani\u00e8re silencieuse afin que tous les types de travaux d&rsquo;assemblage puissent \u00eatre effectu\u00e9s confortablement. En raison de ses petites dimensions de transport et de sa construction compacte, la facilit\u00e9 d&rsquo;utilisation est optimale et la facilit\u00e9 d&rsquo;utilisation est presque illimit\u00e9e. Cela rend l&rsquo;applicabilit\u00e9 dans de nombreuses industries possible. Nos palans \u00e0 air sont pr\u00eats \u00e0 fonctionner en quelques minutes.<\/p>\n<p><strong>Specifications:<\/strong><\/p>\n<ul>\n<li>Hauteur de levage: 5.60 meter<\/li>\n<li>Capacit\u00e9 de levage: 125 kg<\/li>\n<li>Hauteur r\u00e9tract\u00e9e: 1,40 meter<\/li>\n<li>Poids: 31 kg.<\/li>\n<\/ul>\n<p><strong>Informations sur le produit :<\/strong><\/p>\n<ul>\n<li>Vitesse de mont\u00e9e calibr\u00e9e en douceur<\/li>\n<li>Protection int\u00e9gr\u00e9e contre les surcharges<\/li>\n<li>Pression d&rsquo;air maximale requise de 6,5 bar<\/li>\n<li>Dimensions de transport compactes<\/li>\n<li>Montage complet sans outils<\/li>\n<li>Quatre roulettes avec frein<\/li>\n<\/ul>\n<p><strong>Options suppl\u00e9mentaires :<\/strong><\/p>\n<ul>\n<li>Compresseur silencieux qui r\u00e9duit le bruit le plus possible<\/li>\n<li>Support de plaque de pl\u00e2tre<\/li>\n<li>Chariot de transport<\/li>\n<\/ul>\n","protected":false},"featured_media":2598,"comment_status":"closed","ping_status":"closed","template":"","meta":[],"product_cat":[186,202],"product_tag":[],"class_list":{"0":"post-3165","1":"product","2":"type-product","3":"status-publish","4":"has-post-thumbnail","6":"product_cat-leve-materiaux","7":"product_cat-palans-a-air","8":"pa_bediening-manuell","9":"pa_hefcapaciteit-125-kg-fr","10":"pa_hefhoogte-4-6-metres","11":"pa_merk-alp-lift-fr","13":"first","14":"instock","15":"shipping-taxable","16":"product-type-simple"},"yoast_head":"<!-- This site is optimized with the Yoast SEO plugin v24.0 - https:\/\/yoast.com\/wordpress\/plugins\/seo\/ -->\n<title>Palan \u00e0 air LL560- Alp Lift - syst\u00e8me de levage de mat\u00e9riaux<\/title>\n<meta name=\"description\" content=\"Les palans \u00e0 air sont les plus efficaces pour le levage de petites charges jusqu&#039;\u00e0 125 kg. Le palan \u00e0 air LL560 est convivial et son utilisation est presque illimit\u00e9e.\" \/>\n<meta name=\"robots\" content=\"noindex, follow, max-snippet:-1, max-image-preview:large, max-video-preview:-1\" \/>\n<meta property=\"og:locale\" content=\"fr_FR\" \/>\n<meta property=\"og:type\" content=\"article\" \/>\n<meta property=\"og:title\" content=\"Palan \u00e0 air LL560- Alp Lift - syst\u00e8me de levage de mat\u00e9riaux\" \/>\n<meta property=\"og:description\" content=\"Les palans \u00e0 air sont les plus efficaces pour le levage de petites charges jusqu&#039;\u00e0 125 kg. Le palan \u00e0 air LL560 est convivial et son utilisation est presque illimit\u00e9e.\" \/>\n<meta property=\"og:url\" content=\"https:\/\/oud.alplift.com\/fr\/produit\/palan-a-air-ll560\/\" \/>\n<meta property=\"og:site_name\" content=\"Alp Lift\" \/>\n<meta property=\"article:modified_time\" content=\"2021-01-21T08:48:55+00:00\" \/>\n<meta property=\"og:image\" content=\"https:\/\/oud.alplift.com\/wp-content\/uploads\/2021\/01\/Luchtlift-low_res.jpg\" \/>\n\t<meta property=\"og:image:width\" content=\"1024\" \/>\n\t<meta property=\"og:image:height\" content=\"768\" \/>\n\t<meta property=\"og:image:type\" content=\"image\/jpeg\" \/>\n<meta name=\"twitter:card\" content=\"summary_large_image\" \/>\n<script type=\"application\/ld+json\" class=\"yoast-schema-graph\">{\"@context\":\"https:\/\/schema.org\",\"@graph\":[{\"@type\":\"WebPage\",\"@id\":\"https:\/\/oud.alplift.com\/fr\/produit\/palan-a-air-ll560\/\",\"url\":\"https:\/\/oud.alplift.com\/fr\/produit\/palan-a-air-ll560\/\",\"name\":\"Palan \u00e0 air LL560- Alp Lift - syst\u00e8me de levage de mat\u00e9riaux\",\"isPartOf\":{\"@id\":\"https:\/\/oud.alplift.com\/fr\/#website\"},\"primaryImageOfPage\":{\"@id\":\"https:\/\/oud.alplift.com\/fr\/produit\/palan-a-air-ll560\/#primaryimage\"},\"image\":{\"@id\":\"https:\/\/oud.alplift.com\/fr\/produit\/palan-a-air-ll560\/#primaryimage\"},\"thumbnailUrl\":\"https:\/\/oud.alplift.com\/wp-content\/uploads\/2021\/01\/Luchtlift-low_res.jpg\",\"datePublished\":\"2020-10-07T06:21:24+00:00\",\"dateModified\":\"2021-01-21T08:48:55+00:00\",\"description\":\"Les palans \u00e0 air sont les plus efficaces pour le levage de petites charges jusqu'\u00e0 125 kg. Le palan \u00e0 air LL560 est convivial et son utilisation est presque illimit\u00e9e.\",\"breadcrumb\":{\"@id\":\"https:\/\/oud.alplift.com\/fr\/produit\/palan-a-air-ll560\/#breadcrumb\"},\"inLanguage\":\"fr-FR\",\"potentialAction\":[{\"@type\":\"ReadAction\",\"target\":[\"https:\/\/oud.alplift.com\/fr\/produit\/palan-a-air-ll560\/\"]}]},{\"@type\":\"ImageObject\",\"inLanguage\":\"fr-FR\",\"@id\":\"https:\/\/oud.alplift.com\/fr\/produit\/palan-a-air-ll560\/#primaryimage\",\"url\":\"https:\/\/oud.alplift.com\/wp-content\/uploads\/2021\/01\/Luchtlift-low_res.jpg\",\"contentUrl\":\"https:\/\/oud.alplift.com\/wp-content\/uploads\/2021\/01\/Luchtlift-low_res.jpg\",\"width\":1024,\"height\":768},{\"@type\":\"BreadcrumbList\",\"@id\":\"https:\/\/oud.alplift.com\/fr\/produit\/palan-a-air-ll560\/#breadcrumb\",\"itemListElement\":[{\"@type\":\"ListItem\",\"position\":1,\"name\":\"Home\",\"item\":\"https:\/\/oud.alplift.com\/fr\/\"},{\"@type\":\"ListItem\",\"position\":2,\"name\":\"Winkel\",\"item\":\"https:\/\/oud.alplift.com\/winkel\/\"},{\"@type\":\"ListItem\",\"position\":3,\"name\":\"Palan \u00e0 air LL560\"}]},{\"@type\":\"WebSite\",\"@id\":\"https:\/\/oud.alplift.com\/fr\/#website\",\"url\":\"https:\/\/oud.alplift.com\/fr\/\",\"name\":\"Alp Lift\",\"description\":\"Lifting Equipment\",\"potentialAction\":[{\"@type\":\"SearchAction\",\"target\":{\"@type\":\"EntryPoint\",\"urlTemplate\":\"https:\/\/oud.alplift.com\/fr\/?s={search_term_string}\"},\"query-input\":{\"@type\":\"PropertyValueSpecification\",\"valueRequired\":true,\"valueName\":\"search_term_string\"}}],\"inLanguage\":\"fr-FR\"}]}<\/script>\n<!-- \/ Yoast SEO plugin. -->","yoast_head_json":{"title":"Palan \u00e0 air LL560- Alp Lift - syst\u00e8me de levage de mat\u00e9riaux","description":"Les palans \u00e0 air sont les plus efficaces pour le levage de petites charges jusqu'\u00e0 125 kg. Le palan \u00e0 air LL560 est convivial et son utilisation est presque illimit\u00e9e.","robots":{"index":"noindex","follow":"follow","max-snippet":"max-snippet:-1","max-image-preview":"max-image-preview:large","max-video-preview":"max-video-preview:-1"},"og_locale":"fr_FR","og_type":"article","og_title":"Palan \u00e0 air LL560- Alp Lift - syst\u00e8me de levage de mat\u00e9riaux","og_description":"Les palans \u00e0 air sont les plus efficaces pour le levage de petites charges jusqu'\u00e0 125 kg. Le palan \u00e0 air LL560 est convivial et son utilisation est presque illimit\u00e9e.","og_url":"https:\/\/oud.alplift.com\/fr\/produit\/palan-a-air-ll560\/","og_site_name":"Alp Lift","article_modified_time":"2021-01-21T08:48:55+00:00","og_image":[{"width":1024,"height":768,"url":"https:\/\/oud.alplift.com\/wp-content\/uploads\/2021\/01\/Luchtlift-low_res.jpg","type":"image\/jpeg"}],"twitter_card":"summary_large_image","schema":{"@context":"https:\/\/schema.org","@graph":[{"@type":"WebPage","@id":"https:\/\/oud.alplift.com\/fr\/produit\/palan-a-air-ll560\/","url":"https:\/\/oud.alplift.com\/fr\/produit\/palan-a-air-ll560\/","name":"Palan \u00e0 air LL560- Alp Lift - syst\u00e8me de levage de mat\u00e9riaux","isPartOf":{"@id":"https:\/\/oud.alplift.com\/fr\/#website"},"primaryImageOfPage":{"@id":"https:\/\/oud.alplift.com\/fr\/produit\/palan-a-air-ll560\/#primaryimage"},"image":{"@id":"https:\/\/oud.alplift.com\/fr\/produit\/palan-a-air-ll560\/#primaryimage"},"thumbnailUrl":"https:\/\/oud.alplift.com\/wp-content\/uploads\/2021\/01\/Luchtlift-low_res.jpg","datePublished":"2020-10-07T06:21:24+00:00","dateModified":"2021-01-21T08:48:55+00:00","description":"Les palans \u00e0 air sont les plus efficaces pour le levage de petites charges jusqu'\u00e0 125 kg. Le palan \u00e0 air LL560 est convivial et son utilisation est presque illimit\u00e9e.","breadcrumb":{"@id":"https:\/\/oud.alplift.com\/fr\/produit\/palan-a-air-ll560\/#breadcrumb"},"inLanguage":"fr-FR","potentialAction":[{"@type":"ReadAction","target":["https:\/\/oud.alplift.com\/fr\/produit\/palan-a-air-ll560\/"]}]},{"@type":"ImageObject","inLanguage":"fr-FR","@id":"https:\/\/oud.alplift.com\/fr\/produit\/palan-a-air-ll560\/#primaryimage","url":"https:\/\/oud.alplift.com\/wp-content\/uploads\/2021\/01\/Luchtlift-low_res.jpg","contentUrl":"https:\/\/oud.alplift.com\/wp-content\/uploads\/2021\/01\/Luchtlift-low_res.jpg","width":1024,"height":768},{"@type":"BreadcrumbList","@id":"https:\/\/oud.alplift.com\/fr\/produit\/palan-a-air-ll560\/#breadcrumb","itemListElement":[{"@type":"ListItem","position":1,"name":"Home","item":"https:\/\/oud.alplift.com\/fr\/"},{"@type":"ListItem","position":2,"name":"Winkel","item":"https:\/\/oud.alplift.com\/winkel\/"},{"@type":"ListItem","position":3,"name":"Palan \u00e0 air LL560"}]},{"@type":"WebSite","@id":"https:\/\/oud.alplift.com\/fr\/#website","url":"https:\/\/oud.alplift.com\/fr\/","name":"Alp Lift","description":"Lifting Equipment","potentialAction":[{"@type":"SearchAction","target":{"@type":"EntryPoint","urlTemplate":"https:\/\/oud.alplift.com\/fr\/?s={search_term_string}"},"query-input":{"@type":"PropertyValueSpecification","valueRequired":true,"valueName":"search_term_string"}}],"inLanguage":"fr-FR"}]}},"_links":{"self":[{"href":"https:\/\/oud.alplift.com\/fr\/wp-json\/wp\/v2\/product\/3165","targetHints":{"allow":["GET"]}}],"collection":[{"href":"https:\/\/oud.alplift.com\/fr\/wp-json\/wp\/v2\/product"}],"about":[{"href":"https:\/\/oud.alplift.com\/fr\/wp-json\/wp\/v2\/types\/product"}],"replies":[{"embeddable":true,"href":"https:\/\/oud.alplift.com\/fr\/wp-json\/wp\/v2\/comments?post=3165"}],"wp:featuredmedia":[{"embeddable":true,"href":"https:\/\/oud.alplift.com\/fr\/wp-json\/wp\/v2\/media\/2598"}],"wp:attachment":[{"href":"https:\/\/oud.alplift.com\/fr\/wp-json\/wp\/v2\/media?parent=3165"}],"wp:term":[{"taxonomy":"product_cat","embeddable":true,"href":"https:\/\/oud.alplift.com\/fr\/wp-json\/wp\/v2\/product_cat?post=3165"},{"taxonomy":"product_tag","embeddable":true,"href":"https:\/\/oud.alplift.com\/fr\/wp-json\/wp\/v2\/product_tag?post=3165"}],"curies":[{"name":"wp","href":"https:\/\/api.w.org\/{rel}","templated":true}]}}