
{"id":3163,"date":"2020-04-30T08:26:57","date_gmt":"2020-07-06T13:15:04","guid":{"rendered":"https:\/\/oud.alplift.com\/?post_type=product&#038;p=3163"},"modified":"2021-01-21T09:49:01","modified_gmt":"2021-01-21T08:49:01","slug":"nacelle-articulee-electrique-za14j-zoomlion","status":"publish","type":"product","link":"https:\/\/oud.alplift.com\/fr\/produit\/nacelle-articulee-electrique-za14j-zoomlion\/","title":{"rendered":"Nacelle articul\u00e9e \u00e9lectrique ZA14J &#8211; Zoomlion"},"content":{"rendered":"","protected":false},"excerpt":{"rendered":"<p>La nacelle articul\u00e9e \u00e9lectrique ZA14JE de Zoomlion avec une port\u00e9e de travail de 16 m\u00e8tres et une capacit\u00e9 de levage de 230 kg. Les nacelles articul\u00e9es de Zoomlion offrent une capacit\u00e9 \u00e9lev\u00e9e, une longue port\u00e9e et un entretien facile. Avec un faible niveau de bruit et z\u00e9ro \u00e9mission, cette plate-forme a\u00e9rienne est id\u00e9ale pour les applications int\u00e9rieures. L&rsquo;excellent syst\u00e8me de gestion de l&rsquo;\u00e9nergie offre une dur\u00e9e de fonctionnement plus longue et prolonge la dur\u00e9e de vie de la batterie. La plage de travail de ces plates-formes de travail a\u00e9riennes (horizontales et verticales) est exceptionnelle avec une pleine charge en cage. Tous les mod\u00e8les ont un JIB avec une plate-forme rotative \u00e0 90 \u00b0 et la plupart des mod\u00e8les peuvent pivoter \u00e0 360 \u00b0.<\/p>\n<p><strong>Caract\u00e9ristiques:<\/strong><\/p>\n<ul>\n<li>Hauteur de travail verticale: 16,00 m<\/li>\n<li>Hauteur de travail horizontale: 7,50 m<\/li>\n<li>Capacit\u00e9 de levage: 230 kg<\/li>\n<li>Hauteur de transport: 2,00 m<\/li>\n<li>Longueur x largeur: 6,60 x 1,75 m.<\/li>\n<li>Poids: 8800 kg<br \/>\nPuissance: 8 x 6V<\/li>\n<\/ul>\n","protected":false},"featured_media":2648,"comment_status":"closed","ping_status":"open","template":"","meta":[],"product_cat":[162,154],"product_tag":[],"class_list":{"0":"post-3163","1":"product","2":"type-product","3":"status-publish","4":"has-post-thumbnail","6":"product_cat-nacelles-articulees","7":"product_cat-nacelles-elevatrice","9":"first","10":"instock","11":"shipping-taxable","12":"product-type-simple"},"yoast_head":"<!-- This site is optimized with the Yoast SEO plugin v24.0 - https:\/\/yoast.com\/wordpress\/plugins\/seo\/ -->\n<title>Zoomlion - Nacelle articul\u00e9e \u00e9lectrique ZA14JE - nouvelle marque chez Alp Lift<\/title>\n<meta name=\"description\" content=\"Nacelle articul\u00e9e de Zoomlion se l\u00e8ve avec une grande capacit\u00e9 et une port\u00e9e exceptionnelle. D\u00e9couvrez notre gamme de produits Zoomlion sur alplift.com\" \/>\n<meta name=\"robots\" content=\"noindex, follow, max-snippet:-1, max-image-preview:large, max-video-preview:-1\" \/>\n<meta property=\"og:locale\" content=\"fr_FR\" \/>\n<meta property=\"og:type\" content=\"article\" \/>\n<meta property=\"og:title\" content=\"Zoomlion - Nacelle articul\u00e9e \u00e9lectrique ZA14JE - nouvelle marque chez Alp Lift\" \/>\n<meta property=\"og:description\" content=\"Nacelle articul\u00e9e de Zoomlion se l\u00e8ve avec une grande capacit\u00e9 et une port\u00e9e exceptionnelle. D\u00e9couvrez notre gamme de produits Zoomlion sur alplift.com\" \/>\n<meta property=\"og:url\" content=\"https:\/\/oud.alplift.com\/fr\/produit\/nacelle-articulee-electrique-za14j-zoomlion\/\" \/>\n<meta property=\"og:site_name\" content=\"Alp Lift\" \/>\n<meta property=\"article:modified_time\" content=\"2021-01-21T08:49:01+00:00\" \/>\n<meta property=\"og:image\" content=\"https:\/\/oud.alplift.com\/wp-content\/uploads\/2021\/01\/Zoomlion-ZA14JE-knikarm.png\" \/>\n\t<meta property=\"og:image:width\" content=\"1378\" \/>\n\t<meta property=\"og:image:height\" content=\"863\" \/>\n\t<meta property=\"og:image:type\" content=\"image\/png\" \/>\n<meta name=\"twitter:card\" content=\"summary_large_image\" \/>\n<script type=\"application\/ld+json\" class=\"yoast-schema-graph\">{\"@context\":\"https:\/\/schema.org\",\"@graph\":[{\"@type\":\"WebPage\",\"@id\":\"https:\/\/oud.alplift.com\/fr\/produit\/nacelle-articulee-electrique-za14j-zoomlion\/\",\"url\":\"https:\/\/oud.alplift.com\/fr\/produit\/nacelle-articulee-electrique-za14j-zoomlion\/\",\"name\":\"Zoomlion - Nacelle articul\u00e9e \u00e9lectrique ZA14JE - nouvelle marque chez Alp Lift\",\"isPartOf\":{\"@id\":\"https:\/\/oud.alplift.com\/fr\/#website\"},\"primaryImageOfPage\":{\"@id\":\"https:\/\/oud.alplift.com\/fr\/produit\/nacelle-articulee-electrique-za14j-zoomlion\/#primaryimage\"},\"image\":{\"@id\":\"https:\/\/oud.alplift.com\/fr\/produit\/nacelle-articulee-electrique-za14j-zoomlion\/#primaryimage\"},\"thumbnailUrl\":\"https:\/\/oud.alplift.com\/wp-content\/uploads\/2021\/01\/Zoomlion-ZA14JE-knikarm.png\",\"datePublished\":\"2020-07-06T13:15:04+00:00\",\"dateModified\":\"2021-01-21T08:49:01+00:00\",\"description\":\"Nacelle articul\u00e9e de Zoomlion se l\u00e8ve avec une grande capacit\u00e9 et une port\u00e9e exceptionnelle. D\u00e9couvrez notre gamme de produits Zoomlion sur alplift.com\",\"breadcrumb\":{\"@id\":\"https:\/\/oud.alplift.com\/fr\/produit\/nacelle-articulee-electrique-za14j-zoomlion\/#breadcrumb\"},\"inLanguage\":\"fr-FR\",\"potentialAction\":[{\"@type\":\"ReadAction\",\"target\":[\"https:\/\/oud.alplift.com\/fr\/produit\/nacelle-articulee-electrique-za14j-zoomlion\/\"]}]},{\"@type\":\"ImageObject\",\"inLanguage\":\"fr-FR\",\"@id\":\"https:\/\/oud.alplift.com\/fr\/produit\/nacelle-articulee-electrique-za14j-zoomlion\/#primaryimage\",\"url\":\"https:\/\/oud.alplift.com\/wp-content\/uploads\/2021\/01\/Zoomlion-ZA14JE-knikarm.png\",\"contentUrl\":\"https:\/\/oud.alplift.com\/wp-content\/uploads\/2021\/01\/Zoomlion-ZA14JE-knikarm.png\",\"width\":1378,\"height\":863},{\"@type\":\"BreadcrumbList\",\"@id\":\"https:\/\/oud.alplift.com\/fr\/produit\/nacelle-articulee-electrique-za14j-zoomlion\/#breadcrumb\",\"itemListElement\":[{\"@type\":\"ListItem\",\"position\":1,\"name\":\"Home\",\"item\":\"https:\/\/oud.alplift.com\/fr\/\"},{\"@type\":\"ListItem\",\"position\":2,\"name\":\"Winkel\",\"item\":\"https:\/\/oud.alplift.com\/winkel\/\"},{\"@type\":\"ListItem\",\"position\":3,\"name\":\"Nacelle articul\u00e9e \u00e9lectrique ZA14J &#8211; Zoomlion\"}]},{\"@type\":\"WebSite\",\"@id\":\"https:\/\/oud.alplift.com\/fr\/#website\",\"url\":\"https:\/\/oud.alplift.com\/fr\/\",\"name\":\"Alp Lift\",\"description\":\"Lifting Equipment\",\"potentialAction\":[{\"@type\":\"SearchAction\",\"target\":{\"@type\":\"EntryPoint\",\"urlTemplate\":\"https:\/\/oud.alplift.com\/fr\/?s={search_term_string}\"},\"query-input\":{\"@type\":\"PropertyValueSpecification\",\"valueRequired\":true,\"valueName\":\"search_term_string\"}}],\"inLanguage\":\"fr-FR\"}]}<\/script>\n<!-- \/ Yoast SEO plugin. -->","yoast_head_json":{"title":"Zoomlion - Nacelle articul\u00e9e \u00e9lectrique ZA14JE - nouvelle marque chez Alp Lift","description":"Nacelle articul\u00e9e de Zoomlion se l\u00e8ve avec une grande capacit\u00e9 et une port\u00e9e exceptionnelle. D\u00e9couvrez notre gamme de produits Zoomlion sur alplift.com","robots":{"index":"noindex","follow":"follow","max-snippet":"max-snippet:-1","max-image-preview":"max-image-preview:large","max-video-preview":"max-video-preview:-1"},"og_locale":"fr_FR","og_type":"article","og_title":"Zoomlion - Nacelle articul\u00e9e \u00e9lectrique ZA14JE - nouvelle marque chez Alp Lift","og_description":"Nacelle articul\u00e9e de Zoomlion se l\u00e8ve avec une grande capacit\u00e9 et une port\u00e9e exceptionnelle. D\u00e9couvrez notre gamme de produits Zoomlion sur alplift.com","og_url":"https:\/\/oud.alplift.com\/fr\/produit\/nacelle-articulee-electrique-za14j-zoomlion\/","og_site_name":"Alp Lift","article_modified_time":"2021-01-21T08:49:01+00:00","og_image":[{"width":1378,"height":863,"url":"https:\/\/oud.alplift.com\/wp-content\/uploads\/2021\/01\/Zoomlion-ZA14JE-knikarm.png","type":"image\/png"}],"twitter_card":"summary_large_image","schema":{"@context":"https:\/\/schema.org","@graph":[{"@type":"WebPage","@id":"https:\/\/oud.alplift.com\/fr\/produit\/nacelle-articulee-electrique-za14j-zoomlion\/","url":"https:\/\/oud.alplift.com\/fr\/produit\/nacelle-articulee-electrique-za14j-zoomlion\/","name":"Zoomlion - Nacelle articul\u00e9e \u00e9lectrique ZA14JE - nouvelle marque chez Alp Lift","isPartOf":{"@id":"https:\/\/oud.alplift.com\/fr\/#website"},"primaryImageOfPage":{"@id":"https:\/\/oud.alplift.com\/fr\/produit\/nacelle-articulee-electrique-za14j-zoomlion\/#primaryimage"},"image":{"@id":"https:\/\/oud.alplift.com\/fr\/produit\/nacelle-articulee-electrique-za14j-zoomlion\/#primaryimage"},"thumbnailUrl":"https:\/\/oud.alplift.com\/wp-content\/uploads\/2021\/01\/Zoomlion-ZA14JE-knikarm.png","datePublished":"2020-07-06T13:15:04+00:00","dateModified":"2021-01-21T08:49:01+00:00","description":"Nacelle articul\u00e9e de Zoomlion se l\u00e8ve avec une grande capacit\u00e9 et une port\u00e9e exceptionnelle. D\u00e9couvrez notre gamme de produits Zoomlion sur alplift.com","breadcrumb":{"@id":"https:\/\/oud.alplift.com\/fr\/produit\/nacelle-articulee-electrique-za14j-zoomlion\/#breadcrumb"},"inLanguage":"fr-FR","potentialAction":[{"@type":"ReadAction","target":["https:\/\/oud.alplift.com\/fr\/produit\/nacelle-articulee-electrique-za14j-zoomlion\/"]}]},{"@type":"ImageObject","inLanguage":"fr-FR","@id":"https:\/\/oud.alplift.com\/fr\/produit\/nacelle-articulee-electrique-za14j-zoomlion\/#primaryimage","url":"https:\/\/oud.alplift.com\/wp-content\/uploads\/2021\/01\/Zoomlion-ZA14JE-knikarm.png","contentUrl":"https:\/\/oud.alplift.com\/wp-content\/uploads\/2021\/01\/Zoomlion-ZA14JE-knikarm.png","width":1378,"height":863},{"@type":"BreadcrumbList","@id":"https:\/\/oud.alplift.com\/fr\/produit\/nacelle-articulee-electrique-za14j-zoomlion\/#breadcrumb","itemListElement":[{"@type":"ListItem","position":1,"name":"Home","item":"https:\/\/oud.alplift.com\/fr\/"},{"@type":"ListItem","position":2,"name":"Winkel","item":"https:\/\/oud.alplift.com\/winkel\/"},{"@type":"ListItem","position":3,"name":"Nacelle articul\u00e9e \u00e9lectrique ZA14J &#8211; Zoomlion"}]},{"@type":"WebSite","@id":"https:\/\/oud.alplift.com\/fr\/#website","url":"https:\/\/oud.alplift.com\/fr\/","name":"Alp Lift","description":"Lifting Equipment","potentialAction":[{"@type":"SearchAction","target":{"@type":"EntryPoint","urlTemplate":"https:\/\/oud.alplift.com\/fr\/?s={search_term_string}"},"query-input":{"@type":"PropertyValueSpecification","valueRequired":true,"valueName":"search_term_string"}}],"inLanguage":"fr-FR"}]}},"_links":{"self":[{"href":"https:\/\/oud.alplift.com\/fr\/wp-json\/wp\/v2\/product\/3163","targetHints":{"allow":["GET"]}}],"collection":[{"href":"https:\/\/oud.alplift.com\/fr\/wp-json\/wp\/v2\/product"}],"about":[{"href":"https:\/\/oud.alplift.com\/fr\/wp-json\/wp\/v2\/types\/product"}],"replies":[{"embeddable":true,"href":"https:\/\/oud.alplift.com\/fr\/wp-json\/wp\/v2\/comments?post=3163"}],"wp:featuredmedia":[{"embeddable":true,"href":"https:\/\/oud.alplift.com\/fr\/wp-json\/wp\/v2\/media\/2648"}],"wp:attachment":[{"href":"https:\/\/oud.alplift.com\/fr\/wp-json\/wp\/v2\/media?parent=3163"}],"wp:term":[{"taxonomy":"product_cat","embeddable":true,"href":"https:\/\/oud.alplift.com\/fr\/wp-json\/wp\/v2\/product_cat?post=3163"},{"taxonomy":"product_tag","embeddable":true,"href":"https:\/\/oud.alplift.com\/fr\/wp-json\/wp\/v2\/product_tag?post=3163"}],"curies":[{"name":"wp","href":"https:\/\/api.w.org\/{rel}","templated":true}]}}