
{"id":3162,"date":"2020-05-18T12:43:22","date_gmt":"2020-07-06T13:40:00","guid":{"rendered":"https:\/\/oud.alplift.com\/?post_type=product&#038;p=3162"},"modified":"2021-01-21T09:48:59","modified_gmt":"2021-01-21T08:48:59","slug":"nacelle-articulee-za20je-zoomlion","status":"publish","type":"product","link":"https:\/\/oud.alplift.com\/fr\/produit\/nacelle-articulee-za20je-zoomlion\/","title":{"rendered":"Nacelle articul\u00e9e ZA20JE &#8211; Zoomlion"},"content":{"rendered":"","protected":false},"excerpt":{"rendered":"<p>La nacelle articul\u00e9e \u00e9lectrique ZA20JE de Zoomlion avec une port\u00e9e de travail de 21,50 m\u00e8tres et une capacit\u00e9 de levage de 250 kg. Les nacelles articul\u00e9es de Zoomlion offrent une grande capacit\u00e9, une grande port\u00e9e et un entretien facile. L&rsquo;enveloppe de travail plus grande vous permet d&rsquo;acc\u00e9der \u00e0 ces endroits difficiles d&rsquo;acc\u00e8s. Les nacelles \u00e9l\u00e9vatrices articul\u00e9es \u00e9lectriques sont respectueuses de l&rsquo;environnement, sans \u00e9missions, adapt\u00e9es aux environnements de travail sensibles.<\/p>\n<p>Ce ZA20JE adopte une disposition centrale et a une grande rigidit\u00e9 structurelle. Un excellent syst\u00e8me de gestion de l&rsquo;\u00e9nergie donne un temps de fonctionnement plus long et am\u00e9liore la dur\u00e9e de vie de la batterie. Le syst\u00e8me d&rsquo;entra\u00eenement CA pr\u00e9cis et efficace fournit une puissance \u00e9lev\u00e9e et un contr\u00f4le en douceur. Le syst\u00e8me de double commande avanc\u00e9 (commande de soupape + commande de pompe) offre un fonctionnement \u00e9conome en \u00e9nergie et efficace. Avec un faible bruit, z\u00e9ro \u00e9mission et un entretien facile, ce pont \u00e9l\u00e9vateur est id\u00e9al pour les applications int\u00e9rieures.<\/p>\n<p><strong>Caract\u00e9ristiques:<\/strong><\/p>\n<ul>\n<li>Hauteur de travail verticale: 21,50 m<\/li>\n<li>Hauteur de travail horizontale: 11,45 m<\/li>\n<li>Capacit\u00e9 de levage: 250 kg<\/li>\n<li>Hauteur de transport: 2,56 m<\/li>\n<li>Longueur x largeur: 8,72 x 2,49 mtr<\/li>\n<li>Poids brut: 9200 kg<\/li>\n<li>Puissance: 8 x 6V<\/li>\n<\/ul>\n","protected":false},"featured_media":2653,"comment_status":"closed","ping_status":"open","template":"","meta":[],"product_cat":[162,154],"product_tag":[],"class_list":{"0":"post-3162","1":"product","2":"type-product","3":"status-publish","4":"has-post-thumbnail","6":"product_cat-nacelles-articulees","7":"product_cat-nacelles-elevatrice","9":"first","10":"instock","11":"shipping-taxable","12":"product-type-simple"},"yoast_head":"<!-- This site is optimized with the Yoast SEO plugin v24.0 - https:\/\/yoast.com\/wordpress\/plugins\/seo\/ -->\n<title>Zoomlion - Nacelle articul\u00e9e ZA20JE - nouvelle marque chez Alp Lift<\/title>\n<meta name=\"description\" content=\"Nacelle articul\u00e9e de Zoomlion se l\u00e8ve avec une grande capacit\u00e9 et une port\u00e9e exceptionnelle. D\u00e9couvrez notre gamme de produits Zoomlion sur alplift.com\" \/>\n<meta name=\"robots\" content=\"noindex, follow, max-snippet:-1, max-image-preview:large, max-video-preview:-1\" \/>\n<meta property=\"og:locale\" content=\"fr_FR\" \/>\n<meta property=\"og:type\" content=\"article\" \/>\n<meta property=\"og:title\" content=\"Zoomlion - Nacelle articul\u00e9e ZA20JE - nouvelle marque chez Alp Lift\" \/>\n<meta property=\"og:description\" content=\"Nacelle articul\u00e9e de Zoomlion se l\u00e8ve avec une grande capacit\u00e9 et une port\u00e9e exceptionnelle. D\u00e9couvrez notre gamme de produits Zoomlion sur alplift.com\" \/>\n<meta property=\"og:url\" content=\"https:\/\/oud.alplift.com\/fr\/produit\/nacelle-articulee-za20je-zoomlion\/\" \/>\n<meta property=\"og:site_name\" content=\"Alp Lift\" \/>\n<meta property=\"article:modified_time\" content=\"2021-01-21T08:48:59+00:00\" \/>\n<meta property=\"og:image\" content=\"https:\/\/oud.alplift.com\/wp-content\/uploads\/2021\/01\/Zoomlion-ZA20JE.png\" \/>\n\t<meta property=\"og:image:width\" content=\"1378\" \/>\n\t<meta property=\"og:image:height\" content=\"863\" \/>\n\t<meta property=\"og:image:type\" content=\"image\/png\" \/>\n<meta name=\"twitter:card\" content=\"summary_large_image\" \/>\n<script type=\"application\/ld+json\" class=\"yoast-schema-graph\">{\"@context\":\"https:\/\/schema.org\",\"@graph\":[{\"@type\":\"WebPage\",\"@id\":\"https:\/\/oud.alplift.com\/fr\/produit\/nacelle-articulee-za20je-zoomlion\/\",\"url\":\"https:\/\/oud.alplift.com\/fr\/produit\/nacelle-articulee-za20je-zoomlion\/\",\"name\":\"Zoomlion - Nacelle articul\u00e9e ZA20JE - nouvelle marque chez Alp Lift\",\"isPartOf\":{\"@id\":\"https:\/\/oud.alplift.com\/fr\/#website\"},\"primaryImageOfPage\":{\"@id\":\"https:\/\/oud.alplift.com\/fr\/produit\/nacelle-articulee-za20je-zoomlion\/#primaryimage\"},\"image\":{\"@id\":\"https:\/\/oud.alplift.com\/fr\/produit\/nacelle-articulee-za20je-zoomlion\/#primaryimage\"},\"thumbnailUrl\":\"https:\/\/oud.alplift.com\/wp-content\/uploads\/2021\/01\/Zoomlion-ZA20JE.png\",\"datePublished\":\"2020-07-06T13:40:00+00:00\",\"dateModified\":\"2021-01-21T08:48:59+00:00\",\"description\":\"Nacelle articul\u00e9e de Zoomlion se l\u00e8ve avec une grande capacit\u00e9 et une port\u00e9e exceptionnelle. D\u00e9couvrez notre gamme de produits Zoomlion sur alplift.com\",\"breadcrumb\":{\"@id\":\"https:\/\/oud.alplift.com\/fr\/produit\/nacelle-articulee-za20je-zoomlion\/#breadcrumb\"},\"inLanguage\":\"fr-FR\",\"potentialAction\":[{\"@type\":\"ReadAction\",\"target\":[\"https:\/\/oud.alplift.com\/fr\/produit\/nacelle-articulee-za20je-zoomlion\/\"]}]},{\"@type\":\"ImageObject\",\"inLanguage\":\"fr-FR\",\"@id\":\"https:\/\/oud.alplift.com\/fr\/produit\/nacelle-articulee-za20je-zoomlion\/#primaryimage\",\"url\":\"https:\/\/oud.alplift.com\/wp-content\/uploads\/2021\/01\/Zoomlion-ZA20JE.png\",\"contentUrl\":\"https:\/\/oud.alplift.com\/wp-content\/uploads\/2021\/01\/Zoomlion-ZA20JE.png\",\"width\":1378,\"height\":863},{\"@type\":\"BreadcrumbList\",\"@id\":\"https:\/\/oud.alplift.com\/fr\/produit\/nacelle-articulee-za20je-zoomlion\/#breadcrumb\",\"itemListElement\":[{\"@type\":\"ListItem\",\"position\":1,\"name\":\"Home\",\"item\":\"https:\/\/oud.alplift.com\/fr\/\"},{\"@type\":\"ListItem\",\"position\":2,\"name\":\"Winkel\",\"item\":\"https:\/\/oud.alplift.com\/winkel\/\"},{\"@type\":\"ListItem\",\"position\":3,\"name\":\"Nacelle articul\u00e9e ZA20JE &#8211; Zoomlion\"}]},{\"@type\":\"WebSite\",\"@id\":\"https:\/\/oud.alplift.com\/fr\/#website\",\"url\":\"https:\/\/oud.alplift.com\/fr\/\",\"name\":\"Alp Lift\",\"description\":\"Lifting Equipment\",\"potentialAction\":[{\"@type\":\"SearchAction\",\"target\":{\"@type\":\"EntryPoint\",\"urlTemplate\":\"https:\/\/oud.alplift.com\/fr\/?s={search_term_string}\"},\"query-input\":{\"@type\":\"PropertyValueSpecification\",\"valueRequired\":true,\"valueName\":\"search_term_string\"}}],\"inLanguage\":\"fr-FR\"}]}<\/script>\n<!-- \/ Yoast SEO plugin. -->","yoast_head_json":{"title":"Zoomlion - Nacelle articul\u00e9e ZA20JE - nouvelle marque chez Alp Lift","description":"Nacelle articul\u00e9e de Zoomlion se l\u00e8ve avec une grande capacit\u00e9 et une port\u00e9e exceptionnelle. D\u00e9couvrez notre gamme de produits Zoomlion sur alplift.com","robots":{"index":"noindex","follow":"follow","max-snippet":"max-snippet:-1","max-image-preview":"max-image-preview:large","max-video-preview":"max-video-preview:-1"},"og_locale":"fr_FR","og_type":"article","og_title":"Zoomlion - Nacelle articul\u00e9e ZA20JE - nouvelle marque chez Alp Lift","og_description":"Nacelle articul\u00e9e de Zoomlion se l\u00e8ve avec une grande capacit\u00e9 et une port\u00e9e exceptionnelle. D\u00e9couvrez notre gamme de produits Zoomlion sur alplift.com","og_url":"https:\/\/oud.alplift.com\/fr\/produit\/nacelle-articulee-za20je-zoomlion\/","og_site_name":"Alp Lift","article_modified_time":"2021-01-21T08:48:59+00:00","og_image":[{"width":1378,"height":863,"url":"https:\/\/oud.alplift.com\/wp-content\/uploads\/2021\/01\/Zoomlion-ZA20JE.png","type":"image\/png"}],"twitter_card":"summary_large_image","schema":{"@context":"https:\/\/schema.org","@graph":[{"@type":"WebPage","@id":"https:\/\/oud.alplift.com\/fr\/produit\/nacelle-articulee-za20je-zoomlion\/","url":"https:\/\/oud.alplift.com\/fr\/produit\/nacelle-articulee-za20je-zoomlion\/","name":"Zoomlion - Nacelle articul\u00e9e ZA20JE - nouvelle marque chez Alp Lift","isPartOf":{"@id":"https:\/\/oud.alplift.com\/fr\/#website"},"primaryImageOfPage":{"@id":"https:\/\/oud.alplift.com\/fr\/produit\/nacelle-articulee-za20je-zoomlion\/#primaryimage"},"image":{"@id":"https:\/\/oud.alplift.com\/fr\/produit\/nacelle-articulee-za20je-zoomlion\/#primaryimage"},"thumbnailUrl":"https:\/\/oud.alplift.com\/wp-content\/uploads\/2021\/01\/Zoomlion-ZA20JE.png","datePublished":"2020-07-06T13:40:00+00:00","dateModified":"2021-01-21T08:48:59+00:00","description":"Nacelle articul\u00e9e de Zoomlion se l\u00e8ve avec une grande capacit\u00e9 et une port\u00e9e exceptionnelle. D\u00e9couvrez notre gamme de produits Zoomlion sur alplift.com","breadcrumb":{"@id":"https:\/\/oud.alplift.com\/fr\/produit\/nacelle-articulee-za20je-zoomlion\/#breadcrumb"},"inLanguage":"fr-FR","potentialAction":[{"@type":"ReadAction","target":["https:\/\/oud.alplift.com\/fr\/produit\/nacelle-articulee-za20je-zoomlion\/"]}]},{"@type":"ImageObject","inLanguage":"fr-FR","@id":"https:\/\/oud.alplift.com\/fr\/produit\/nacelle-articulee-za20je-zoomlion\/#primaryimage","url":"https:\/\/oud.alplift.com\/wp-content\/uploads\/2021\/01\/Zoomlion-ZA20JE.png","contentUrl":"https:\/\/oud.alplift.com\/wp-content\/uploads\/2021\/01\/Zoomlion-ZA20JE.png","width":1378,"height":863},{"@type":"BreadcrumbList","@id":"https:\/\/oud.alplift.com\/fr\/produit\/nacelle-articulee-za20je-zoomlion\/#breadcrumb","itemListElement":[{"@type":"ListItem","position":1,"name":"Home","item":"https:\/\/oud.alplift.com\/fr\/"},{"@type":"ListItem","position":2,"name":"Winkel","item":"https:\/\/oud.alplift.com\/winkel\/"},{"@type":"ListItem","position":3,"name":"Nacelle articul\u00e9e ZA20JE &#8211; Zoomlion"}]},{"@type":"WebSite","@id":"https:\/\/oud.alplift.com\/fr\/#website","url":"https:\/\/oud.alplift.com\/fr\/","name":"Alp Lift","description":"Lifting Equipment","potentialAction":[{"@type":"SearchAction","target":{"@type":"EntryPoint","urlTemplate":"https:\/\/oud.alplift.com\/fr\/?s={search_term_string}"},"query-input":{"@type":"PropertyValueSpecification","valueRequired":true,"valueName":"search_term_string"}}],"inLanguage":"fr-FR"}]}},"_links":{"self":[{"href":"https:\/\/oud.alplift.com\/fr\/wp-json\/wp\/v2\/product\/3162","targetHints":{"allow":["GET"]}}],"collection":[{"href":"https:\/\/oud.alplift.com\/fr\/wp-json\/wp\/v2\/product"}],"about":[{"href":"https:\/\/oud.alplift.com\/fr\/wp-json\/wp\/v2\/types\/product"}],"replies":[{"embeddable":true,"href":"https:\/\/oud.alplift.com\/fr\/wp-json\/wp\/v2\/comments?post=3162"}],"wp:featuredmedia":[{"embeddable":true,"href":"https:\/\/oud.alplift.com\/fr\/wp-json\/wp\/v2\/media\/2653"}],"wp:attachment":[{"href":"https:\/\/oud.alplift.com\/fr\/wp-json\/wp\/v2\/media?parent=3162"}],"wp:term":[{"taxonomy":"product_cat","embeddable":true,"href":"https:\/\/oud.alplift.com\/fr\/wp-json\/wp\/v2\/product_cat?post=3162"},{"taxonomy":"product_tag","embeddable":true,"href":"https:\/\/oud.alplift.com\/fr\/wp-json\/wp\/v2\/product_tag?post=3162"}],"curies":[{"name":"wp","href":"https:\/\/api.w.org\/{rel}","templated":true}]}}