
{"id":3161,"date":"2020-05-18T13:07:19","date_gmt":"2020-07-14T09:52:21","guid":{"rendered":"https:\/\/oud.alplift.com\/?post_type=product&#038;p=3161"},"modified":"2021-01-21T09:48:58","modified_gmt":"2021-01-21T08:48:58","slug":"nacelle-articulee-za14j-zoomlion","status":"publish","type":"product","link":"https:\/\/oud.alplift.com\/fr\/produit\/nacelle-articulee-za14j-zoomlion\/","title":{"rendered":"Nacelle articul\u00e9e ZA14J &#8211; Zoomlion"},"content":{"rendered":"","protected":false},"excerpt":{"rendered":"<p>La nacelle articul\u00e9e ZA14J de Zoomlion a une port\u00e9e de travail de 15,80 m\u00e8tres et une capacit\u00e9 de levage de 300 kg. Les nacelles articul\u00e9es de Zoomlion offrent une grande capacit\u00e9, une grande port\u00e9e et un entretien facile. L&rsquo;enveloppe de travail plus grande vous permet d&rsquo;acc\u00e9der \u00e0 ces endroits difficiles d&rsquo;acc\u00e8s. La gamme de nacelles articul\u00e9es diesel permet de maintenir une productivit\u00e9 \u00e9lev\u00e9e.<\/p>\n<p>Le ZA14J pr\u00e9sente une grande capacit\u00e9, une grande fiabilit\u00e9, un contr\u00f4le pr\u00e9cis et de grandes performances. Il a la force de supporter des charges jusqu&rsquo;\u00e0 300 kg. Notre syst\u00e8me hydraulique avec vanne multi-voies pour une distribution pr\u00e9cise du d\u00e9bit et une haute pr\u00e9cision de pesage \u2264 \u00b1 5 kg garantissent des performances efficaces. Un syst\u00e8me d&rsquo;alimentation robuste et \u00e9conome en \u00e9nergie avec un ch\u00e2ssis tout-terrain professionnel vous permet de g\u00e9rer des conditions routi\u00e8res complexes. Le diagnostic int\u00e9gr\u00e9, la conception sans lubrification et le plateau moteur pivotant rendent la maintenance plus pratique et r\u00e9duisent le co\u00fbt total.<\/p>\n<p><strong>Caract\u00e9ristiques techniques:<\/strong><\/p>\n<ul>\n<li>Hauteur de travail verticale: 15,80 m<\/li>\n<li>Hauteur de travail horizontale: 7,70 m<\/li>\n<li>Capacit\u00e9 de levage: 300 kg<\/li>\n<li>Hauteur de transport: 2,27 m<\/li>\n<li>Longueur x largeur: 6,57 x 2,30 mtr<\/li>\n<li>Poids : 7100 kg<\/li>\n<li>Diesel: Perkin ou Deutz<\/li>\n<\/ul>\n<p>&nbsp;<\/p>\n","protected":false},"featured_media":2658,"comment_status":"closed","ping_status":"open","template":"","meta":[],"product_cat":[162,154],"product_tag":[],"class_list":{"0":"post-3161","1":"product","2":"type-product","3":"status-publish","4":"has-post-thumbnail","6":"product_cat-nacelles-articulees","7":"product_cat-nacelles-elevatrice","9":"first","10":"instock","11":"shipping-taxable","12":"product-type-simple"},"yoast_head":"<!-- This site is optimized with the Yoast SEO plugin v24.0 - https:\/\/yoast.com\/wordpress\/plugins\/seo\/ -->\n<title>Zoomlion - Nacelle articul\u00e9e ZA14J - nouvelle marque chez Alp Lift<\/title>\n<meta name=\"description\" content=\"Nacelle articul\u00e9e de Zoomlion se l\u00e8ve avec une grande capacit\u00e9 et une port\u00e9e exceptionnelle. D\u00e9couvrez notre gamme de produits Zoomlion sur alplift.com\" \/>\n<meta name=\"robots\" content=\"noindex, follow, max-snippet:-1, max-image-preview:large, max-video-preview:-1\" \/>\n<meta property=\"og:locale\" content=\"fr_FR\" \/>\n<meta property=\"og:type\" content=\"article\" \/>\n<meta property=\"og:title\" content=\"Zoomlion - Nacelle articul\u00e9e ZA14J - nouvelle marque chez Alp Lift\" \/>\n<meta property=\"og:description\" content=\"Nacelle articul\u00e9e de Zoomlion se l\u00e8ve avec une grande capacit\u00e9 et une port\u00e9e exceptionnelle. D\u00e9couvrez notre gamme de produits Zoomlion sur alplift.com\" \/>\n<meta property=\"og:url\" content=\"https:\/\/oud.alplift.com\/fr\/produit\/nacelle-articulee-za14j-zoomlion\/\" \/>\n<meta property=\"og:site_name\" content=\"Alp Lift\" \/>\n<meta property=\"article:modified_time\" content=\"2021-01-21T08:48:58+00:00\" \/>\n<meta property=\"og:image\" content=\"https:\/\/oud.alplift.com\/wp-content\/uploads\/2021\/01\/Zoomlion-ZA14J-e1610275404765.jpg\" \/>\n\t<meta property=\"og:image:width\" content=\"1000\" \/>\n\t<meta property=\"og:image:height\" content=\"749\" \/>\n\t<meta property=\"og:image:type\" content=\"image\/jpeg\" \/>\n<meta name=\"twitter:card\" content=\"summary_large_image\" \/>\n<script type=\"application\/ld+json\" class=\"yoast-schema-graph\">{\"@context\":\"https:\/\/schema.org\",\"@graph\":[{\"@type\":\"WebPage\",\"@id\":\"https:\/\/oud.alplift.com\/fr\/produit\/nacelle-articulee-za14j-zoomlion\/\",\"url\":\"https:\/\/oud.alplift.com\/fr\/produit\/nacelle-articulee-za14j-zoomlion\/\",\"name\":\"Zoomlion - Nacelle articul\u00e9e ZA14J - nouvelle marque chez Alp Lift\",\"isPartOf\":{\"@id\":\"https:\/\/oud.alplift.com\/fr\/#website\"},\"primaryImageOfPage\":{\"@id\":\"https:\/\/oud.alplift.com\/fr\/produit\/nacelle-articulee-za14j-zoomlion\/#primaryimage\"},\"image\":{\"@id\":\"https:\/\/oud.alplift.com\/fr\/produit\/nacelle-articulee-za14j-zoomlion\/#primaryimage\"},\"thumbnailUrl\":\"https:\/\/oud.alplift.com\/wp-content\/uploads\/2021\/01\/Zoomlion-ZA14J-e1610275404765.jpg\",\"datePublished\":\"2020-07-14T09:52:21+00:00\",\"dateModified\":\"2021-01-21T08:48:58+00:00\",\"description\":\"Nacelle articul\u00e9e de Zoomlion se l\u00e8ve avec une grande capacit\u00e9 et une port\u00e9e exceptionnelle. D\u00e9couvrez notre gamme de produits Zoomlion sur alplift.com\",\"breadcrumb\":{\"@id\":\"https:\/\/oud.alplift.com\/fr\/produit\/nacelle-articulee-za14j-zoomlion\/#breadcrumb\"},\"inLanguage\":\"fr-FR\",\"potentialAction\":[{\"@type\":\"ReadAction\",\"target\":[\"https:\/\/oud.alplift.com\/fr\/produit\/nacelle-articulee-za14j-zoomlion\/\"]}]},{\"@type\":\"ImageObject\",\"inLanguage\":\"fr-FR\",\"@id\":\"https:\/\/oud.alplift.com\/fr\/produit\/nacelle-articulee-za14j-zoomlion\/#primaryimage\",\"url\":\"https:\/\/oud.alplift.com\/wp-content\/uploads\/2021\/01\/Zoomlion-ZA14J-e1610275404765.jpg\",\"contentUrl\":\"https:\/\/oud.alplift.com\/wp-content\/uploads\/2021\/01\/Zoomlion-ZA14J-e1610275404765.jpg\",\"width\":1000,\"height\":749},{\"@type\":\"BreadcrumbList\",\"@id\":\"https:\/\/oud.alplift.com\/fr\/produit\/nacelle-articulee-za14j-zoomlion\/#breadcrumb\",\"itemListElement\":[{\"@type\":\"ListItem\",\"position\":1,\"name\":\"Home\",\"item\":\"https:\/\/oud.alplift.com\/fr\/\"},{\"@type\":\"ListItem\",\"position\":2,\"name\":\"Winkel\",\"item\":\"https:\/\/oud.alplift.com\/winkel\/\"},{\"@type\":\"ListItem\",\"position\":3,\"name\":\"Nacelle articul\u00e9e ZA14J &#8211; Zoomlion\"}]},{\"@type\":\"WebSite\",\"@id\":\"https:\/\/oud.alplift.com\/fr\/#website\",\"url\":\"https:\/\/oud.alplift.com\/fr\/\",\"name\":\"Alp Lift\",\"description\":\"Lifting Equipment\",\"potentialAction\":[{\"@type\":\"SearchAction\",\"target\":{\"@type\":\"EntryPoint\",\"urlTemplate\":\"https:\/\/oud.alplift.com\/fr\/?s={search_term_string}\"},\"query-input\":{\"@type\":\"PropertyValueSpecification\",\"valueRequired\":true,\"valueName\":\"search_term_string\"}}],\"inLanguage\":\"fr-FR\"}]}<\/script>\n<!-- \/ Yoast SEO plugin. -->","yoast_head_json":{"title":"Zoomlion - Nacelle articul\u00e9e ZA14J - nouvelle marque chez Alp Lift","description":"Nacelle articul\u00e9e de Zoomlion se l\u00e8ve avec une grande capacit\u00e9 et une port\u00e9e exceptionnelle. D\u00e9couvrez notre gamme de produits Zoomlion sur alplift.com","robots":{"index":"noindex","follow":"follow","max-snippet":"max-snippet:-1","max-image-preview":"max-image-preview:large","max-video-preview":"max-video-preview:-1"},"og_locale":"fr_FR","og_type":"article","og_title":"Zoomlion - Nacelle articul\u00e9e ZA14J - nouvelle marque chez Alp Lift","og_description":"Nacelle articul\u00e9e de Zoomlion se l\u00e8ve avec une grande capacit\u00e9 et une port\u00e9e exceptionnelle. D\u00e9couvrez notre gamme de produits Zoomlion sur alplift.com","og_url":"https:\/\/oud.alplift.com\/fr\/produit\/nacelle-articulee-za14j-zoomlion\/","og_site_name":"Alp Lift","article_modified_time":"2021-01-21T08:48:58+00:00","og_image":[{"width":1000,"height":749,"url":"https:\/\/oud.alplift.com\/wp-content\/uploads\/2021\/01\/Zoomlion-ZA14J-e1610275404765.jpg","type":"image\/jpeg"}],"twitter_card":"summary_large_image","schema":{"@context":"https:\/\/schema.org","@graph":[{"@type":"WebPage","@id":"https:\/\/oud.alplift.com\/fr\/produit\/nacelle-articulee-za14j-zoomlion\/","url":"https:\/\/oud.alplift.com\/fr\/produit\/nacelle-articulee-za14j-zoomlion\/","name":"Zoomlion - Nacelle articul\u00e9e ZA14J - nouvelle marque chez Alp Lift","isPartOf":{"@id":"https:\/\/oud.alplift.com\/fr\/#website"},"primaryImageOfPage":{"@id":"https:\/\/oud.alplift.com\/fr\/produit\/nacelle-articulee-za14j-zoomlion\/#primaryimage"},"image":{"@id":"https:\/\/oud.alplift.com\/fr\/produit\/nacelle-articulee-za14j-zoomlion\/#primaryimage"},"thumbnailUrl":"https:\/\/oud.alplift.com\/wp-content\/uploads\/2021\/01\/Zoomlion-ZA14J-e1610275404765.jpg","datePublished":"2020-07-14T09:52:21+00:00","dateModified":"2021-01-21T08:48:58+00:00","description":"Nacelle articul\u00e9e de Zoomlion se l\u00e8ve avec une grande capacit\u00e9 et une port\u00e9e exceptionnelle. D\u00e9couvrez notre gamme de produits Zoomlion sur alplift.com","breadcrumb":{"@id":"https:\/\/oud.alplift.com\/fr\/produit\/nacelle-articulee-za14j-zoomlion\/#breadcrumb"},"inLanguage":"fr-FR","potentialAction":[{"@type":"ReadAction","target":["https:\/\/oud.alplift.com\/fr\/produit\/nacelle-articulee-za14j-zoomlion\/"]}]},{"@type":"ImageObject","inLanguage":"fr-FR","@id":"https:\/\/oud.alplift.com\/fr\/produit\/nacelle-articulee-za14j-zoomlion\/#primaryimage","url":"https:\/\/oud.alplift.com\/wp-content\/uploads\/2021\/01\/Zoomlion-ZA14J-e1610275404765.jpg","contentUrl":"https:\/\/oud.alplift.com\/wp-content\/uploads\/2021\/01\/Zoomlion-ZA14J-e1610275404765.jpg","width":1000,"height":749},{"@type":"BreadcrumbList","@id":"https:\/\/oud.alplift.com\/fr\/produit\/nacelle-articulee-za14j-zoomlion\/#breadcrumb","itemListElement":[{"@type":"ListItem","position":1,"name":"Home","item":"https:\/\/oud.alplift.com\/fr\/"},{"@type":"ListItem","position":2,"name":"Winkel","item":"https:\/\/oud.alplift.com\/winkel\/"},{"@type":"ListItem","position":3,"name":"Nacelle articul\u00e9e ZA14J &#8211; Zoomlion"}]},{"@type":"WebSite","@id":"https:\/\/oud.alplift.com\/fr\/#website","url":"https:\/\/oud.alplift.com\/fr\/","name":"Alp Lift","description":"Lifting Equipment","potentialAction":[{"@type":"SearchAction","target":{"@type":"EntryPoint","urlTemplate":"https:\/\/oud.alplift.com\/fr\/?s={search_term_string}"},"query-input":{"@type":"PropertyValueSpecification","valueRequired":true,"valueName":"search_term_string"}}],"inLanguage":"fr-FR"}]}},"_links":{"self":[{"href":"https:\/\/oud.alplift.com\/fr\/wp-json\/wp\/v2\/product\/3161","targetHints":{"allow":["GET"]}}],"collection":[{"href":"https:\/\/oud.alplift.com\/fr\/wp-json\/wp\/v2\/product"}],"about":[{"href":"https:\/\/oud.alplift.com\/fr\/wp-json\/wp\/v2\/types\/product"}],"replies":[{"embeddable":true,"href":"https:\/\/oud.alplift.com\/fr\/wp-json\/wp\/v2\/comments?post=3161"}],"wp:featuredmedia":[{"embeddable":true,"href":"https:\/\/oud.alplift.com\/fr\/wp-json\/wp\/v2\/media\/2658"}],"wp:attachment":[{"href":"https:\/\/oud.alplift.com\/fr\/wp-json\/wp\/v2\/media?parent=3161"}],"wp:term":[{"taxonomy":"product_cat","embeddable":true,"href":"https:\/\/oud.alplift.com\/fr\/wp-json\/wp\/v2\/product_cat?post=3161"},{"taxonomy":"product_tag","embeddable":true,"href":"https:\/\/oud.alplift.com\/fr\/wp-json\/wp\/v2\/product_tag?post=3161"}],"curies":[{"name":"wp","href":"https:\/\/api.w.org\/{rel}","templated":true}]}}