
{"id":3159,"date":"2020-06-10T09:39:50","date_gmt":"2020-06-30T11:14:21","guid":{"rendered":"https:\/\/oud.alplift.com\/?post_type=product&#038;p=3159"},"modified":"2021-01-21T09:49:06","modified_gmt":"2021-01-21T08:49:06","slug":"elevateur-a-ciseaux-zoomlion-zs1212dc-li","status":"publish","type":"product","link":"https:\/\/oud.alplift.com\/fr\/produit\/elevateur-a-ciseaux-zoomlion-zs1212dc-li\/","title":{"rendered":"\u00c9l\u00e9vateur \u00e0 ciseaux Zoomlion ZS1212DC (Li)"},"content":{"rendered":"<p>[table id=36 \/]<\/p>\n","protected":false},"excerpt":{"rendered":"<p>Cet \u00e9l\u00e9vateur \u00e0 ciseaux Zoomlion ZS1212DC (Li) a une hauteur de travail de 13,80 m\u00e8tres et une capacit\u00e9 de levage de 350 kg. Ces \u00e9l\u00e9vateurs \u00e0 ciseaux \u00e9lectriques sont caract\u00e9ris\u00e9s par leur apparence robuste et leur perfection technique. Ils sont disponibles avec une batterie 4x12V (s\u00e9rie DC) ou une batterie au lithium (DC-Li). Zoomlion est l&rsquo;un des premiers fabricants \u00e0 proposer des \u00e9l\u00e9vateurs \u00e0 ciseaux avec une batterie au lithium. C&rsquo;est id\u00e9al si vous utilisez beaucoup la plate-forme a\u00e9rienne, vous pouvez travailler 1,5 fois plus longtemps avec une batterie au lithium. Ils contribuent \u00e9galement \u00e0 un environnement de travail plus silencieux.<br \/>\nAvec des hauteurs de plateforme allant de 4 m \u00e0 14 m, cette machine convient \u00e0 de nombreuses activit\u00e9s. Les plates-formes a\u00e9riennes ont une garde au sol suffisante, ce qui est id\u00e9al dans la construction ou sur un terrain accident\u00e9 \u00e0 l&rsquo;int\u00e9rieur et \u00e0 l&rsquo;ext\u00e9rieur. Avec un fonctionnement stable et une grande capacit\u00e9, cette s\u00e9rie offre d&rsquo;excellentes performances pour une journ\u00e9e productive.<\/p>\n<p><strong>Caract\u00e9ristiques techniques:<\/strong><\/p>\n<ul>\n<li>Hauteur de travail: 13,80 m\u00e8tres<\/li>\n<li>Capacit\u00e9 de levage: 350 kg<\/li>\n<li>Hauteur de transport\u00a0 (rails haut\/bas): 2,59\/2,05 m<br \/>\nLongueur x largeur: 2,49 x 1,15 m.<br \/>\nPoids: 3210 kg<br \/>\nPuissance: 4x12V ou Lithium (garantie 5 ans sur batterie Lithium)<\/li>\n<\/ul>\n","protected":false},"featured_media":2673,"comment_status":"closed","ping_status":"closed","template":"","meta":[],"product_cat":[170,154],"product_tag":[],"class_list":{"0":"post-3159","1":"product","2":"type-product","3":"status-publish","4":"has-post-thumbnail","6":"product_cat-nacelles-ciseaux","7":"product_cat-nacelles-elevatrice","8":"pa_merk-zoomlion-fr","10":"first","11":"instock","12":"shipping-taxable","13":"product-type-simple"},"yoast_head":"<!-- This site is optimized with the Yoast SEO plugin v24.0 - https:\/\/yoast.com\/wordpress\/plugins\/seo\/ -->\n<title>\u00c9l\u00e9vateur \u00e0 ciseaux Zoomlion ZS1212DC (Li) - le choix durable - Alp Lift<\/title>\n<meta name=\"description\" content=\"\u00c9l\u00e9vateur \u00e9lectrique \u00e0 ciseaux ZS1212DC (Li) avec lithium power - la perfection technique de Zoomlion. Demandez un devis en ligne chez Alp Lift.\" \/>\n<meta name=\"robots\" content=\"noindex, follow, max-snippet:-1, max-image-preview:large, max-video-preview:-1\" \/>\n<meta property=\"og:locale\" content=\"fr_FR\" \/>\n<meta property=\"og:type\" content=\"article\" \/>\n<meta property=\"og:title\" content=\"\u00c9l\u00e9vateur \u00e0 ciseaux Zoomlion ZS1212DC (Li) - le choix durable - Alp Lift\" \/>\n<meta property=\"og:description\" content=\"\u00c9l\u00e9vateur \u00e9lectrique \u00e0 ciseaux ZS1212DC (Li) avec lithium power - la perfection technique de Zoomlion. Demandez un devis en ligne chez Alp Lift.\" \/>\n<meta property=\"og:url\" content=\"https:\/\/oud.alplift.com\/fr\/produit\/elevateur-a-ciseaux-zoomlion-zs1212dc-li\/\" \/>\n<meta property=\"og:site_name\" content=\"Alp Lift\" \/>\n<meta property=\"article:modified_time\" content=\"2021-01-21T08:49:06+00:00\" \/>\n<meta property=\"og:image\" content=\"https:\/\/oud.alplift.com\/wp-content\/uploads\/2021\/01\/ZS1212DC.png\" \/>\n\t<meta property=\"og:image:width\" content=\"4001\" \/>\n\t<meta property=\"og:image:height\" content=\"2251\" \/>\n\t<meta property=\"og:image:type\" content=\"image\/png\" \/>\n<meta name=\"twitter:card\" content=\"summary_large_image\" \/>\n<script type=\"application\/ld+json\" class=\"yoast-schema-graph\">{\"@context\":\"https:\/\/schema.org\",\"@graph\":[{\"@type\":\"WebPage\",\"@id\":\"https:\/\/oud.alplift.com\/fr\/produit\/elevateur-a-ciseaux-zoomlion-zs1212dc-li\/\",\"url\":\"https:\/\/oud.alplift.com\/fr\/produit\/elevateur-a-ciseaux-zoomlion-zs1212dc-li\/\",\"name\":\"\u00c9l\u00e9vateur \u00e0 ciseaux Zoomlion ZS1212DC (Li) - le choix durable - Alp Lift\",\"isPartOf\":{\"@id\":\"https:\/\/oud.alplift.com\/fr\/#website\"},\"primaryImageOfPage\":{\"@id\":\"https:\/\/oud.alplift.com\/fr\/produit\/elevateur-a-ciseaux-zoomlion-zs1212dc-li\/#primaryimage\"},\"image\":{\"@id\":\"https:\/\/oud.alplift.com\/fr\/produit\/elevateur-a-ciseaux-zoomlion-zs1212dc-li\/#primaryimage\"},\"thumbnailUrl\":\"https:\/\/oud.alplift.com\/wp-content\/uploads\/2021\/01\/ZS1212DC.png\",\"datePublished\":\"2020-06-30T11:14:21+00:00\",\"dateModified\":\"2021-01-21T08:49:06+00:00\",\"description\":\"\u00c9l\u00e9vateur \u00e9lectrique \u00e0 ciseaux ZS1212DC (Li) avec lithium power - la perfection technique de Zoomlion. Demandez un devis en ligne chez Alp Lift.\",\"breadcrumb\":{\"@id\":\"https:\/\/oud.alplift.com\/fr\/produit\/elevateur-a-ciseaux-zoomlion-zs1212dc-li\/#breadcrumb\"},\"inLanguage\":\"fr-FR\",\"potentialAction\":[{\"@type\":\"ReadAction\",\"target\":[\"https:\/\/oud.alplift.com\/fr\/produit\/elevateur-a-ciseaux-zoomlion-zs1212dc-li\/\"]}]},{\"@type\":\"ImageObject\",\"inLanguage\":\"fr-FR\",\"@id\":\"https:\/\/oud.alplift.com\/fr\/produit\/elevateur-a-ciseaux-zoomlion-zs1212dc-li\/#primaryimage\",\"url\":\"https:\/\/oud.alplift.com\/wp-content\/uploads\/2021\/01\/ZS1212DC.png\",\"contentUrl\":\"https:\/\/oud.alplift.com\/wp-content\/uploads\/2021\/01\/ZS1212DC.png\",\"width\":4001,\"height\":2251},{\"@type\":\"BreadcrumbList\",\"@id\":\"https:\/\/oud.alplift.com\/fr\/produit\/elevateur-a-ciseaux-zoomlion-zs1212dc-li\/#breadcrumb\",\"itemListElement\":[{\"@type\":\"ListItem\",\"position\":1,\"name\":\"Home\",\"item\":\"https:\/\/oud.alplift.com\/fr\/\"},{\"@type\":\"ListItem\",\"position\":2,\"name\":\"Winkel\",\"item\":\"https:\/\/oud.alplift.com\/winkel\/\"},{\"@type\":\"ListItem\",\"position\":3,\"name\":\"\u00c9l\u00e9vateur \u00e0 ciseaux Zoomlion ZS1212DC (Li)\"}]},{\"@type\":\"WebSite\",\"@id\":\"https:\/\/oud.alplift.com\/fr\/#website\",\"url\":\"https:\/\/oud.alplift.com\/fr\/\",\"name\":\"Alp Lift\",\"description\":\"Lifting Equipment\",\"potentialAction\":[{\"@type\":\"SearchAction\",\"target\":{\"@type\":\"EntryPoint\",\"urlTemplate\":\"https:\/\/oud.alplift.com\/fr\/?s={search_term_string}\"},\"query-input\":{\"@type\":\"PropertyValueSpecification\",\"valueRequired\":true,\"valueName\":\"search_term_string\"}}],\"inLanguage\":\"fr-FR\"}]}<\/script>\n<!-- \/ Yoast SEO plugin. -->","yoast_head_json":{"title":"\u00c9l\u00e9vateur \u00e0 ciseaux Zoomlion ZS1212DC (Li) - le choix durable - Alp Lift","description":"\u00c9l\u00e9vateur \u00e9lectrique \u00e0 ciseaux ZS1212DC (Li) avec lithium power - la perfection technique de Zoomlion. Demandez un devis en ligne chez Alp Lift.","robots":{"index":"noindex","follow":"follow","max-snippet":"max-snippet:-1","max-image-preview":"max-image-preview:large","max-video-preview":"max-video-preview:-1"},"og_locale":"fr_FR","og_type":"article","og_title":"\u00c9l\u00e9vateur \u00e0 ciseaux Zoomlion ZS1212DC (Li) - le choix durable - Alp Lift","og_description":"\u00c9l\u00e9vateur \u00e9lectrique \u00e0 ciseaux ZS1212DC (Li) avec lithium power - la perfection technique de Zoomlion. Demandez un devis en ligne chez Alp Lift.","og_url":"https:\/\/oud.alplift.com\/fr\/produit\/elevateur-a-ciseaux-zoomlion-zs1212dc-li\/","og_site_name":"Alp Lift","article_modified_time":"2021-01-21T08:49:06+00:00","og_image":[{"width":4001,"height":2251,"url":"https:\/\/oud.alplift.com\/wp-content\/uploads\/2021\/01\/ZS1212DC.png","type":"image\/png"}],"twitter_card":"summary_large_image","schema":{"@context":"https:\/\/schema.org","@graph":[{"@type":"WebPage","@id":"https:\/\/oud.alplift.com\/fr\/produit\/elevateur-a-ciseaux-zoomlion-zs1212dc-li\/","url":"https:\/\/oud.alplift.com\/fr\/produit\/elevateur-a-ciseaux-zoomlion-zs1212dc-li\/","name":"\u00c9l\u00e9vateur \u00e0 ciseaux Zoomlion ZS1212DC (Li) - le choix durable - Alp Lift","isPartOf":{"@id":"https:\/\/oud.alplift.com\/fr\/#website"},"primaryImageOfPage":{"@id":"https:\/\/oud.alplift.com\/fr\/produit\/elevateur-a-ciseaux-zoomlion-zs1212dc-li\/#primaryimage"},"image":{"@id":"https:\/\/oud.alplift.com\/fr\/produit\/elevateur-a-ciseaux-zoomlion-zs1212dc-li\/#primaryimage"},"thumbnailUrl":"https:\/\/oud.alplift.com\/wp-content\/uploads\/2021\/01\/ZS1212DC.png","datePublished":"2020-06-30T11:14:21+00:00","dateModified":"2021-01-21T08:49:06+00:00","description":"\u00c9l\u00e9vateur \u00e9lectrique \u00e0 ciseaux ZS1212DC (Li) avec lithium power - la perfection technique de Zoomlion. Demandez un devis en ligne chez Alp Lift.","breadcrumb":{"@id":"https:\/\/oud.alplift.com\/fr\/produit\/elevateur-a-ciseaux-zoomlion-zs1212dc-li\/#breadcrumb"},"inLanguage":"fr-FR","potentialAction":[{"@type":"ReadAction","target":["https:\/\/oud.alplift.com\/fr\/produit\/elevateur-a-ciseaux-zoomlion-zs1212dc-li\/"]}]},{"@type":"ImageObject","inLanguage":"fr-FR","@id":"https:\/\/oud.alplift.com\/fr\/produit\/elevateur-a-ciseaux-zoomlion-zs1212dc-li\/#primaryimage","url":"https:\/\/oud.alplift.com\/wp-content\/uploads\/2021\/01\/ZS1212DC.png","contentUrl":"https:\/\/oud.alplift.com\/wp-content\/uploads\/2021\/01\/ZS1212DC.png","width":4001,"height":2251},{"@type":"BreadcrumbList","@id":"https:\/\/oud.alplift.com\/fr\/produit\/elevateur-a-ciseaux-zoomlion-zs1212dc-li\/#breadcrumb","itemListElement":[{"@type":"ListItem","position":1,"name":"Home","item":"https:\/\/oud.alplift.com\/fr\/"},{"@type":"ListItem","position":2,"name":"Winkel","item":"https:\/\/oud.alplift.com\/winkel\/"},{"@type":"ListItem","position":3,"name":"\u00c9l\u00e9vateur \u00e0 ciseaux Zoomlion ZS1212DC (Li)"}]},{"@type":"WebSite","@id":"https:\/\/oud.alplift.com\/fr\/#website","url":"https:\/\/oud.alplift.com\/fr\/","name":"Alp Lift","description":"Lifting Equipment","potentialAction":[{"@type":"SearchAction","target":{"@type":"EntryPoint","urlTemplate":"https:\/\/oud.alplift.com\/fr\/?s={search_term_string}"},"query-input":{"@type":"PropertyValueSpecification","valueRequired":true,"valueName":"search_term_string"}}],"inLanguage":"fr-FR"}]}},"_links":{"self":[{"href":"https:\/\/oud.alplift.com\/fr\/wp-json\/wp\/v2\/product\/3159","targetHints":{"allow":["GET"]}}],"collection":[{"href":"https:\/\/oud.alplift.com\/fr\/wp-json\/wp\/v2\/product"}],"about":[{"href":"https:\/\/oud.alplift.com\/fr\/wp-json\/wp\/v2\/types\/product"}],"replies":[{"embeddable":true,"href":"https:\/\/oud.alplift.com\/fr\/wp-json\/wp\/v2\/comments?post=3159"}],"wp:featuredmedia":[{"embeddable":true,"href":"https:\/\/oud.alplift.com\/fr\/wp-json\/wp\/v2\/media\/2673"}],"wp:attachment":[{"href":"https:\/\/oud.alplift.com\/fr\/wp-json\/wp\/v2\/media?parent=3159"}],"wp:term":[{"taxonomy":"product_cat","embeddable":true,"href":"https:\/\/oud.alplift.com\/fr\/wp-json\/wp\/v2\/product_cat?post=3159"},{"taxonomy":"product_tag","embeddable":true,"href":"https:\/\/oud.alplift.com\/fr\/wp-json\/wp\/v2\/product_tag?post=3159"}],"curies":[{"name":"wp","href":"https:\/\/api.w.org\/{rel}","templated":true}]}}