
{"id":3156,"date":"2020-04-20T15:00:39","date_gmt":"2020-06-30T12:08:47","guid":{"rendered":"https:\/\/oud.alplift.com\/?post_type=product&#038;p=3156"},"modified":"2021-01-21T09:49:04","modified_gmt":"2021-01-21T08:49:04","slug":"elevateur-a-ciseaux-zoomlion-zs0608dc-li","status":"publish","type":"product","link":"https:\/\/oud.alplift.com\/fr\/produit\/elevateur-a-ciseaux-zoomlion-zs0608dc-li\/","title":{"rendered":"\u00c9l\u00e9vateur \u00e0 ciseaux Zoomlion ZS0608DC (Li)"},"content":{"rendered":"<p>[table id=36 \/]<\/p>\n","protected":false},"excerpt":{"rendered":"<p>Cet \u00e9l\u00e9vateur \u00e0 ciseaux Zoomlion ZS0608DC (Li) a une hauteur de travail de 8 m\u00e8tres et une capacit\u00e9 de levage de 380 kg. Ces \u00e9l\u00e9vateurs \u00e0 ciseaux \u00e9lectriques sont caract\u00e9ris\u00e9s par leur apparence robuste et leur perfection technique. Ils sont disponibles avec une batterie 4x6V (s\u00e9rie DC) ou une batterie au lithium (DC-Li). Zoomlion est l&rsquo;un des premiers fabricants \u00e0 proposer des \u00e9l\u00e9vateurs \u00e0 ciseaux avec une batterie au lithium. C&rsquo;est id\u00e9al si vous utilisez beaucoup la plate-forme a\u00e9rienne, vous pouvez travailler 1,5 fois plus longtemps avec une batterie au lithium. Ils contribuent \u00e9galement \u00e0 un environnement de travail plus silencieux.<br \/>Avec des hauteurs de plateforme allant de 4 m \u00e0 14 m, cette machine convient \u00e0 de nombreuses activit\u00e9s. Les plates-formes a\u00e9riennes ont une garde au sol suffisante, ce qui est id\u00e9al dans la construction ou sur un terrain accident\u00e9 \u00e0 l&rsquo;int\u00e9rieur et \u00e0 l&rsquo;ext\u00e9rieur. Avec un fonctionnement stable et une grande capacit\u00e9, cette s\u00e9rie offre d&rsquo;excellentes performances pour une journ\u00e9e productive.<\/p>\n<p><strong>Caract\u00e9ristiques techniques:<\/strong><\/p>\n<ul>\n<li>Hauteur de travail: 8 m\u00e8tres<\/li>\n<li>Capacit\u00e9 de levage: 380 kg<\/li>\n<li>Hauteur de transport&nbsp; (rails haut\/bas): 2,22 1,72 m<br \/>Longueur x largeur: 2,49 x 0,81 m.<br \/>Poids: 1940 kg<br \/>Puissance: 4x6V ou Lithium (garantie 5 ans sur batterie Lithium)<\/li>\n<\/ul>\n","protected":false},"featured_media":2628,"comment_status":"closed","ping_status":"closed","template":"","meta":[],"product_cat":[170,154],"product_tag":[],"class_list":{"0":"post-3156","1":"product","2":"type-product","3":"status-publish","4":"has-post-thumbnail","6":"product_cat-nacelles-ciseaux","7":"product_cat-nacelles-elevatrice","8":"pa_merk-zoomlion-fr","10":"first","11":"instock","12":"shipping-taxable","13":"product-type-simple"},"yoast_head":"<!-- This site is optimized with the Yoast SEO plugin v24.0 - https:\/\/yoast.com\/wordpress\/plugins\/seo\/ -->\n<title>\u00c9l\u00e9vateur \u00e0 ciseaux Zoomlion ZS0608DC (Li) - le choix durable - Alp Lift<\/title>\n<meta name=\"description\" content=\"\u00c9l\u00e9vateur \u00e9lectrique \u00e0 ciseaux ZS0608DC (Li) avec lithium power - la perfection technique de Zoomlion. Demandez un devis en ligne chez Alp Lift.\" \/>\n<meta name=\"robots\" content=\"noindex, follow, max-snippet:-1, max-image-preview:large, max-video-preview:-1\" \/>\n<meta property=\"og:locale\" content=\"fr_FR\" \/>\n<meta property=\"og:type\" content=\"article\" \/>\n<meta property=\"og:title\" content=\"\u00c9l\u00e9vateur \u00e0 ciseaux Zoomlion ZS0608DC (Li) - le choix durable - Alp Lift\" \/>\n<meta property=\"og:description\" content=\"\u00c9l\u00e9vateur \u00e9lectrique \u00e0 ciseaux ZS0608DC (Li) avec lithium power - la perfection technique de Zoomlion. Demandez un devis en ligne chez Alp Lift.\" \/>\n<meta property=\"og:url\" content=\"https:\/\/oud.alplift.com\/fr\/produit\/elevateur-a-ciseaux-zoomlion-zs0608dc-li\/\" \/>\n<meta property=\"og:site_name\" content=\"Alp Lift\" \/>\n<meta property=\"article:modified_time\" content=\"2021-01-21T08:49:04+00:00\" \/>\n<meta property=\"og:image\" content=\"https:\/\/oud.alplift.com\/wp-content\/uploads\/2021\/01\/Zoomlion-ZS0608DC.png\" \/>\n\t<meta property=\"og:image:width\" content=\"1378\" \/>\n\t<meta property=\"og:image:height\" content=\"863\" \/>\n\t<meta property=\"og:image:type\" content=\"image\/png\" \/>\n<meta name=\"twitter:card\" content=\"summary_large_image\" \/>\n<script type=\"application\/ld+json\" class=\"yoast-schema-graph\">{\"@context\":\"https:\/\/schema.org\",\"@graph\":[{\"@type\":\"WebPage\",\"@id\":\"https:\/\/oud.alplift.com\/fr\/produit\/elevateur-a-ciseaux-zoomlion-zs0608dc-li\/\",\"url\":\"https:\/\/oud.alplift.com\/fr\/produit\/elevateur-a-ciseaux-zoomlion-zs0608dc-li\/\",\"name\":\"\u00c9l\u00e9vateur \u00e0 ciseaux Zoomlion ZS0608DC (Li) - le choix durable - Alp Lift\",\"isPartOf\":{\"@id\":\"https:\/\/oud.alplift.com\/fr\/#website\"},\"primaryImageOfPage\":{\"@id\":\"https:\/\/oud.alplift.com\/fr\/produit\/elevateur-a-ciseaux-zoomlion-zs0608dc-li\/#primaryimage\"},\"image\":{\"@id\":\"https:\/\/oud.alplift.com\/fr\/produit\/elevateur-a-ciseaux-zoomlion-zs0608dc-li\/#primaryimage\"},\"thumbnailUrl\":\"https:\/\/oud.alplift.com\/wp-content\/uploads\/2021\/01\/Zoomlion-ZS0608DC.png\",\"datePublished\":\"2020-06-30T12:08:47+00:00\",\"dateModified\":\"2021-01-21T08:49:04+00:00\",\"description\":\"\u00c9l\u00e9vateur \u00e9lectrique \u00e0 ciseaux ZS0608DC (Li) avec lithium power - la perfection technique de Zoomlion. Demandez un devis en ligne chez Alp Lift.\",\"breadcrumb\":{\"@id\":\"https:\/\/oud.alplift.com\/fr\/produit\/elevateur-a-ciseaux-zoomlion-zs0608dc-li\/#breadcrumb\"},\"inLanguage\":\"fr-FR\",\"potentialAction\":[{\"@type\":\"ReadAction\",\"target\":[\"https:\/\/oud.alplift.com\/fr\/produit\/elevateur-a-ciseaux-zoomlion-zs0608dc-li\/\"]}]},{\"@type\":\"ImageObject\",\"inLanguage\":\"fr-FR\",\"@id\":\"https:\/\/oud.alplift.com\/fr\/produit\/elevateur-a-ciseaux-zoomlion-zs0608dc-li\/#primaryimage\",\"url\":\"https:\/\/oud.alplift.com\/wp-content\/uploads\/2021\/01\/Zoomlion-ZS0608DC.png\",\"contentUrl\":\"https:\/\/oud.alplift.com\/wp-content\/uploads\/2021\/01\/Zoomlion-ZS0608DC.png\",\"width\":1378,\"height\":863},{\"@type\":\"BreadcrumbList\",\"@id\":\"https:\/\/oud.alplift.com\/fr\/produit\/elevateur-a-ciseaux-zoomlion-zs0608dc-li\/#breadcrumb\",\"itemListElement\":[{\"@type\":\"ListItem\",\"position\":1,\"name\":\"Home\",\"item\":\"https:\/\/oud.alplift.com\/fr\/\"},{\"@type\":\"ListItem\",\"position\":2,\"name\":\"Winkel\",\"item\":\"https:\/\/oud.alplift.com\/winkel\/\"},{\"@type\":\"ListItem\",\"position\":3,\"name\":\"\u00c9l\u00e9vateur \u00e0 ciseaux Zoomlion ZS0608DC (Li)\"}]},{\"@type\":\"WebSite\",\"@id\":\"https:\/\/oud.alplift.com\/fr\/#website\",\"url\":\"https:\/\/oud.alplift.com\/fr\/\",\"name\":\"Alp Lift\",\"description\":\"Lifting Equipment\",\"potentialAction\":[{\"@type\":\"SearchAction\",\"target\":{\"@type\":\"EntryPoint\",\"urlTemplate\":\"https:\/\/oud.alplift.com\/fr\/?s={search_term_string}\"},\"query-input\":{\"@type\":\"PropertyValueSpecification\",\"valueRequired\":true,\"valueName\":\"search_term_string\"}}],\"inLanguage\":\"fr-FR\"}]}<\/script>\n<!-- \/ Yoast SEO plugin. -->","yoast_head_json":{"title":"\u00c9l\u00e9vateur \u00e0 ciseaux Zoomlion ZS0608DC (Li) - le choix durable - Alp Lift","description":"\u00c9l\u00e9vateur \u00e9lectrique \u00e0 ciseaux ZS0608DC (Li) avec lithium power - la perfection technique de Zoomlion. Demandez un devis en ligne chez Alp Lift.","robots":{"index":"noindex","follow":"follow","max-snippet":"max-snippet:-1","max-image-preview":"max-image-preview:large","max-video-preview":"max-video-preview:-1"},"og_locale":"fr_FR","og_type":"article","og_title":"\u00c9l\u00e9vateur \u00e0 ciseaux Zoomlion ZS0608DC (Li) - le choix durable - Alp Lift","og_description":"\u00c9l\u00e9vateur \u00e9lectrique \u00e0 ciseaux ZS0608DC (Li) avec lithium power - la perfection technique de Zoomlion. Demandez un devis en ligne chez Alp Lift.","og_url":"https:\/\/oud.alplift.com\/fr\/produit\/elevateur-a-ciseaux-zoomlion-zs0608dc-li\/","og_site_name":"Alp Lift","article_modified_time":"2021-01-21T08:49:04+00:00","og_image":[{"width":1378,"height":863,"url":"https:\/\/oud.alplift.com\/wp-content\/uploads\/2021\/01\/Zoomlion-ZS0608DC.png","type":"image\/png"}],"twitter_card":"summary_large_image","schema":{"@context":"https:\/\/schema.org","@graph":[{"@type":"WebPage","@id":"https:\/\/oud.alplift.com\/fr\/produit\/elevateur-a-ciseaux-zoomlion-zs0608dc-li\/","url":"https:\/\/oud.alplift.com\/fr\/produit\/elevateur-a-ciseaux-zoomlion-zs0608dc-li\/","name":"\u00c9l\u00e9vateur \u00e0 ciseaux Zoomlion ZS0608DC (Li) - le choix durable - Alp Lift","isPartOf":{"@id":"https:\/\/oud.alplift.com\/fr\/#website"},"primaryImageOfPage":{"@id":"https:\/\/oud.alplift.com\/fr\/produit\/elevateur-a-ciseaux-zoomlion-zs0608dc-li\/#primaryimage"},"image":{"@id":"https:\/\/oud.alplift.com\/fr\/produit\/elevateur-a-ciseaux-zoomlion-zs0608dc-li\/#primaryimage"},"thumbnailUrl":"https:\/\/oud.alplift.com\/wp-content\/uploads\/2021\/01\/Zoomlion-ZS0608DC.png","datePublished":"2020-06-30T12:08:47+00:00","dateModified":"2021-01-21T08:49:04+00:00","description":"\u00c9l\u00e9vateur \u00e9lectrique \u00e0 ciseaux ZS0608DC (Li) avec lithium power - la perfection technique de Zoomlion. Demandez un devis en ligne chez Alp Lift.","breadcrumb":{"@id":"https:\/\/oud.alplift.com\/fr\/produit\/elevateur-a-ciseaux-zoomlion-zs0608dc-li\/#breadcrumb"},"inLanguage":"fr-FR","potentialAction":[{"@type":"ReadAction","target":["https:\/\/oud.alplift.com\/fr\/produit\/elevateur-a-ciseaux-zoomlion-zs0608dc-li\/"]}]},{"@type":"ImageObject","inLanguage":"fr-FR","@id":"https:\/\/oud.alplift.com\/fr\/produit\/elevateur-a-ciseaux-zoomlion-zs0608dc-li\/#primaryimage","url":"https:\/\/oud.alplift.com\/wp-content\/uploads\/2021\/01\/Zoomlion-ZS0608DC.png","contentUrl":"https:\/\/oud.alplift.com\/wp-content\/uploads\/2021\/01\/Zoomlion-ZS0608DC.png","width":1378,"height":863},{"@type":"BreadcrumbList","@id":"https:\/\/oud.alplift.com\/fr\/produit\/elevateur-a-ciseaux-zoomlion-zs0608dc-li\/#breadcrumb","itemListElement":[{"@type":"ListItem","position":1,"name":"Home","item":"https:\/\/oud.alplift.com\/fr\/"},{"@type":"ListItem","position":2,"name":"Winkel","item":"https:\/\/oud.alplift.com\/winkel\/"},{"@type":"ListItem","position":3,"name":"\u00c9l\u00e9vateur \u00e0 ciseaux Zoomlion ZS0608DC (Li)"}]},{"@type":"WebSite","@id":"https:\/\/oud.alplift.com\/fr\/#website","url":"https:\/\/oud.alplift.com\/fr\/","name":"Alp Lift","description":"Lifting Equipment","potentialAction":[{"@type":"SearchAction","target":{"@type":"EntryPoint","urlTemplate":"https:\/\/oud.alplift.com\/fr\/?s={search_term_string}"},"query-input":{"@type":"PropertyValueSpecification","valueRequired":true,"valueName":"search_term_string"}}],"inLanguage":"fr-FR"}]}},"_links":{"self":[{"href":"https:\/\/oud.alplift.com\/fr\/wp-json\/wp\/v2\/product\/3156","targetHints":{"allow":["GET"]}}],"collection":[{"href":"https:\/\/oud.alplift.com\/fr\/wp-json\/wp\/v2\/product"}],"about":[{"href":"https:\/\/oud.alplift.com\/fr\/wp-json\/wp\/v2\/types\/product"}],"replies":[{"embeddable":true,"href":"https:\/\/oud.alplift.com\/fr\/wp-json\/wp\/v2\/comments?post=3156"}],"wp:featuredmedia":[{"embeddable":true,"href":"https:\/\/oud.alplift.com\/fr\/wp-json\/wp\/v2\/media\/2628"}],"wp:attachment":[{"href":"https:\/\/oud.alplift.com\/fr\/wp-json\/wp\/v2\/media?parent=3156"}],"wp:term":[{"taxonomy":"product_cat","embeddable":true,"href":"https:\/\/oud.alplift.com\/fr\/wp-json\/wp\/v2\/product_cat?post=3156"},{"taxonomy":"product_tag","embeddable":true,"href":"https:\/\/oud.alplift.com\/fr\/wp-json\/wp\/v2\/product_tag?post=3156"}],"curies":[{"name":"wp","href":"https:\/\/api.w.org\/{rel}","templated":true}]}}