
{"id":3154,"date":"2020-04-20T14:22:30","date_gmt":"2020-06-30T12:32:16","guid":{"rendered":"https:\/\/oud.alplift.com\/?post_type=product&#038;p=3154"},"modified":"2021-01-21T09:49:02","modified_gmt":"2021-01-21T08:49:02","slug":"micro-nacelle-a-ciseaux-zoomlion-zs0407dc-li","status":"publish","type":"product","link":"https:\/\/oud.alplift.com\/fr\/produit\/micro-nacelle-a-ciseaux-zoomlion-zs0407dc-li\/","title":{"rendered":"Micro-\u00e9l\u00e9vateur \u00e0 ciseaux Zoomlion ZS0407DC (Li)"},"content":{"rendered":"<p>[table id=36\/]<\/p>\n","protected":false},"excerpt":{"rendered":"<p>Ce micro-\u00e9l\u00e9vateur \u00e0 ciseaux ZS0407DC de Zoomlion a une hauteur de travail de 6,50 m\u00e8tres et une capacit\u00e9 de levage de 240 kg. L&rsquo;\u00e9l\u00e9vateur \u00e0 ciseaux Zoomlion ZS0407 est \u00e9quip\u00e9 d&rsquo;un syst\u00e8me d&rsquo;entra\u00eenement DC efficace et \u00e9lectrique qui offre une puissance productive pour les applications int\u00e9rieures de faible niveau et \u00e0 acc\u00e8s restreint avec un fonctionnement silencieux et z\u00e9ro \u00e9mission. Il peut \u00eatre \u00e9quip\u00e9 d&rsquo;une batterie lithium-ion en option (DC-Li). Cette s\u00e9rie offre un acc\u00e8s de bas niveau \u00e0 des zones qui \u00e9taient traditionnellement accessibles par des \u00e9chelles. Les dimensions compactes sont id\u00e9ales pour les chantiers int\u00e9rieurs avec une dur\u00e9e de fonctionnement fluide.<br \/>\nAvec des hauteurs de plateforme allant de 4 m \u00e0 14 m, cette s\u00e9rie offre d&rsquo;excellentes performances pour une journ\u00e9e productive. <\/p>\n<p> <strong> Sp\u00e9cifications: <\/strong> <\/p>\n<ul>\n<li> Hauteur de travail: 6,50 m\u00e8tres <\/li>\n<li> Capacit\u00e9 de levage: 240 kg <\/li>\n<li> Hauteur de transport: (rails haut \/ bas) 2,05 \/ 1,70 m <\/li>\n<li> Longueur x largeur: 1,44 x 0,76 m. <\/li>\n<li> Poids brut: 895 kg <\/li>\n<li> Energie: 2x12V ou lithium (garantie de 5 ans sur la batterie au lithium) <\/li>\n<\/ul>\n","protected":false},"featured_media":2623,"comment_status":"closed","ping_status":"closed","template":"","meta":[],"product_cat":[170,154],"product_tag":[],"class_list":{"0":"post-3154","1":"product","2":"type-product","3":"status-publish","4":"has-post-thumbnail","6":"product_cat-nacelles-ciseaux","7":"product_cat-nacelles-elevatrice","8":"pa_merk-zoomlion-fr","10":"first","11":"instock","12":"shipping-taxable","13":"product-type-simple"},"yoast_head":"<!-- This site is optimized with the Yoast SEO plugin v24.0 - https:\/\/yoast.com\/wordpress\/plugins\/seo\/ -->\n<title>Micro-\u00e9l\u00e9vateur \u00e0 ciseaux Zoomlion ZS0407DC (Li) - le choix durable - Alp Lift<\/title>\n<meta name=\"description\" content=\"Micro-\u00e9l\u00e9vateur \u00e9lectrique \u00e0 ciseaux ZS0407DC (Li) avec lithium power - la perfection technique de Zoomlion. Demandez un devis en ligne chez Alp Lift.\" \/>\n<meta name=\"robots\" content=\"noindex, follow, max-snippet:-1, max-image-preview:large, max-video-preview:-1\" \/>\n<meta property=\"og:locale\" content=\"fr_FR\" \/>\n<meta property=\"og:type\" content=\"article\" \/>\n<meta property=\"og:title\" content=\"Micro-\u00e9l\u00e9vateur \u00e0 ciseaux Zoomlion ZS0407DC (Li) - le choix durable - Alp Lift\" \/>\n<meta property=\"og:description\" content=\"Micro-\u00e9l\u00e9vateur \u00e9lectrique \u00e0 ciseaux ZS0407DC (Li) avec lithium power - la perfection technique de Zoomlion. Demandez un devis en ligne chez Alp Lift.\" \/>\n<meta property=\"og:url\" content=\"https:\/\/oud.alplift.com\/fr\/produit\/micro-nacelle-a-ciseaux-zoomlion-zs0407dc-li\/\" \/>\n<meta property=\"og:site_name\" content=\"Alp Lift\" \/>\n<meta property=\"article:modified_time\" content=\"2021-01-21T08:49:02+00:00\" \/>\n<meta property=\"og:image\" content=\"https:\/\/oud.alplift.com\/wp-content\/uploads\/2021\/01\/Zoomlion-ZS0407DC.png\" \/>\n\t<meta property=\"og:image:width\" content=\"1378\" \/>\n\t<meta property=\"og:image:height\" content=\"864\" \/>\n\t<meta property=\"og:image:type\" content=\"image\/png\" \/>\n<meta name=\"twitter:card\" content=\"summary_large_image\" \/>\n<script type=\"application\/ld+json\" class=\"yoast-schema-graph\">{\"@context\":\"https:\/\/schema.org\",\"@graph\":[{\"@type\":\"WebPage\",\"@id\":\"https:\/\/oud.alplift.com\/fr\/produit\/micro-nacelle-a-ciseaux-zoomlion-zs0407dc-li\/\",\"url\":\"https:\/\/oud.alplift.com\/fr\/produit\/micro-nacelle-a-ciseaux-zoomlion-zs0407dc-li\/\",\"name\":\"Micro-\u00e9l\u00e9vateur \u00e0 ciseaux Zoomlion ZS0407DC (Li) - le choix durable - Alp Lift\",\"isPartOf\":{\"@id\":\"https:\/\/oud.alplift.com\/fr\/#website\"},\"primaryImageOfPage\":{\"@id\":\"https:\/\/oud.alplift.com\/fr\/produit\/micro-nacelle-a-ciseaux-zoomlion-zs0407dc-li\/#primaryimage\"},\"image\":{\"@id\":\"https:\/\/oud.alplift.com\/fr\/produit\/micro-nacelle-a-ciseaux-zoomlion-zs0407dc-li\/#primaryimage\"},\"thumbnailUrl\":\"https:\/\/oud.alplift.com\/wp-content\/uploads\/2021\/01\/Zoomlion-ZS0407DC.png\",\"datePublished\":\"2020-06-30T12:32:16+00:00\",\"dateModified\":\"2021-01-21T08:49:02+00:00\",\"description\":\"Micro-\u00e9l\u00e9vateur \u00e9lectrique \u00e0 ciseaux ZS0407DC (Li) avec lithium power - la perfection technique de Zoomlion. Demandez un devis en ligne chez Alp Lift.\",\"breadcrumb\":{\"@id\":\"https:\/\/oud.alplift.com\/fr\/produit\/micro-nacelle-a-ciseaux-zoomlion-zs0407dc-li\/#breadcrumb\"},\"inLanguage\":\"fr-FR\",\"potentialAction\":[{\"@type\":\"ReadAction\",\"target\":[\"https:\/\/oud.alplift.com\/fr\/produit\/micro-nacelle-a-ciseaux-zoomlion-zs0407dc-li\/\"]}]},{\"@type\":\"ImageObject\",\"inLanguage\":\"fr-FR\",\"@id\":\"https:\/\/oud.alplift.com\/fr\/produit\/micro-nacelle-a-ciseaux-zoomlion-zs0407dc-li\/#primaryimage\",\"url\":\"https:\/\/oud.alplift.com\/wp-content\/uploads\/2021\/01\/Zoomlion-ZS0407DC.png\",\"contentUrl\":\"https:\/\/oud.alplift.com\/wp-content\/uploads\/2021\/01\/Zoomlion-ZS0407DC.png\",\"width\":1378,\"height\":864},{\"@type\":\"BreadcrumbList\",\"@id\":\"https:\/\/oud.alplift.com\/fr\/produit\/micro-nacelle-a-ciseaux-zoomlion-zs0407dc-li\/#breadcrumb\",\"itemListElement\":[{\"@type\":\"ListItem\",\"position\":1,\"name\":\"Home\",\"item\":\"https:\/\/oud.alplift.com\/fr\/\"},{\"@type\":\"ListItem\",\"position\":2,\"name\":\"Winkel\",\"item\":\"https:\/\/oud.alplift.com\/winkel\/\"},{\"@type\":\"ListItem\",\"position\":3,\"name\":\"Micro-\u00e9l\u00e9vateur \u00e0 ciseaux Zoomlion ZS0407DC (Li)\"}]},{\"@type\":\"WebSite\",\"@id\":\"https:\/\/oud.alplift.com\/fr\/#website\",\"url\":\"https:\/\/oud.alplift.com\/fr\/\",\"name\":\"Alp Lift\",\"description\":\"Lifting Equipment\",\"potentialAction\":[{\"@type\":\"SearchAction\",\"target\":{\"@type\":\"EntryPoint\",\"urlTemplate\":\"https:\/\/oud.alplift.com\/fr\/?s={search_term_string}\"},\"query-input\":{\"@type\":\"PropertyValueSpecification\",\"valueRequired\":true,\"valueName\":\"search_term_string\"}}],\"inLanguage\":\"fr-FR\"}]}<\/script>\n<!-- \/ Yoast SEO plugin. -->","yoast_head_json":{"title":"Micro-\u00e9l\u00e9vateur \u00e0 ciseaux Zoomlion ZS0407DC (Li) - le choix durable - Alp Lift","description":"Micro-\u00e9l\u00e9vateur \u00e9lectrique \u00e0 ciseaux ZS0407DC (Li) avec lithium power - la perfection technique de Zoomlion. Demandez un devis en ligne chez Alp Lift.","robots":{"index":"noindex","follow":"follow","max-snippet":"max-snippet:-1","max-image-preview":"max-image-preview:large","max-video-preview":"max-video-preview:-1"},"og_locale":"fr_FR","og_type":"article","og_title":"Micro-\u00e9l\u00e9vateur \u00e0 ciseaux Zoomlion ZS0407DC (Li) - le choix durable - Alp Lift","og_description":"Micro-\u00e9l\u00e9vateur \u00e9lectrique \u00e0 ciseaux ZS0407DC (Li) avec lithium power - la perfection technique de Zoomlion. Demandez un devis en ligne chez Alp Lift.","og_url":"https:\/\/oud.alplift.com\/fr\/produit\/micro-nacelle-a-ciseaux-zoomlion-zs0407dc-li\/","og_site_name":"Alp Lift","article_modified_time":"2021-01-21T08:49:02+00:00","og_image":[{"width":1378,"height":864,"url":"https:\/\/oud.alplift.com\/wp-content\/uploads\/2021\/01\/Zoomlion-ZS0407DC.png","type":"image\/png"}],"twitter_card":"summary_large_image","schema":{"@context":"https:\/\/schema.org","@graph":[{"@type":"WebPage","@id":"https:\/\/oud.alplift.com\/fr\/produit\/micro-nacelle-a-ciseaux-zoomlion-zs0407dc-li\/","url":"https:\/\/oud.alplift.com\/fr\/produit\/micro-nacelle-a-ciseaux-zoomlion-zs0407dc-li\/","name":"Micro-\u00e9l\u00e9vateur \u00e0 ciseaux Zoomlion ZS0407DC (Li) - le choix durable - Alp Lift","isPartOf":{"@id":"https:\/\/oud.alplift.com\/fr\/#website"},"primaryImageOfPage":{"@id":"https:\/\/oud.alplift.com\/fr\/produit\/micro-nacelle-a-ciseaux-zoomlion-zs0407dc-li\/#primaryimage"},"image":{"@id":"https:\/\/oud.alplift.com\/fr\/produit\/micro-nacelle-a-ciseaux-zoomlion-zs0407dc-li\/#primaryimage"},"thumbnailUrl":"https:\/\/oud.alplift.com\/wp-content\/uploads\/2021\/01\/Zoomlion-ZS0407DC.png","datePublished":"2020-06-30T12:32:16+00:00","dateModified":"2021-01-21T08:49:02+00:00","description":"Micro-\u00e9l\u00e9vateur \u00e9lectrique \u00e0 ciseaux ZS0407DC (Li) avec lithium power - la perfection technique de Zoomlion. Demandez un devis en ligne chez Alp Lift.","breadcrumb":{"@id":"https:\/\/oud.alplift.com\/fr\/produit\/micro-nacelle-a-ciseaux-zoomlion-zs0407dc-li\/#breadcrumb"},"inLanguage":"fr-FR","potentialAction":[{"@type":"ReadAction","target":["https:\/\/oud.alplift.com\/fr\/produit\/micro-nacelle-a-ciseaux-zoomlion-zs0407dc-li\/"]}]},{"@type":"ImageObject","inLanguage":"fr-FR","@id":"https:\/\/oud.alplift.com\/fr\/produit\/micro-nacelle-a-ciseaux-zoomlion-zs0407dc-li\/#primaryimage","url":"https:\/\/oud.alplift.com\/wp-content\/uploads\/2021\/01\/Zoomlion-ZS0407DC.png","contentUrl":"https:\/\/oud.alplift.com\/wp-content\/uploads\/2021\/01\/Zoomlion-ZS0407DC.png","width":1378,"height":864},{"@type":"BreadcrumbList","@id":"https:\/\/oud.alplift.com\/fr\/produit\/micro-nacelle-a-ciseaux-zoomlion-zs0407dc-li\/#breadcrumb","itemListElement":[{"@type":"ListItem","position":1,"name":"Home","item":"https:\/\/oud.alplift.com\/fr\/"},{"@type":"ListItem","position":2,"name":"Winkel","item":"https:\/\/oud.alplift.com\/winkel\/"},{"@type":"ListItem","position":3,"name":"Micro-\u00e9l\u00e9vateur \u00e0 ciseaux Zoomlion ZS0407DC (Li)"}]},{"@type":"WebSite","@id":"https:\/\/oud.alplift.com\/fr\/#website","url":"https:\/\/oud.alplift.com\/fr\/","name":"Alp Lift","description":"Lifting Equipment","potentialAction":[{"@type":"SearchAction","target":{"@type":"EntryPoint","urlTemplate":"https:\/\/oud.alplift.com\/fr\/?s={search_term_string}"},"query-input":{"@type":"PropertyValueSpecification","valueRequired":true,"valueName":"search_term_string"}}],"inLanguage":"fr-FR"}]}},"_links":{"self":[{"href":"https:\/\/oud.alplift.com\/fr\/wp-json\/wp\/v2\/product\/3154","targetHints":{"allow":["GET"]}}],"collection":[{"href":"https:\/\/oud.alplift.com\/fr\/wp-json\/wp\/v2\/product"}],"about":[{"href":"https:\/\/oud.alplift.com\/fr\/wp-json\/wp\/v2\/types\/product"}],"replies":[{"embeddable":true,"href":"https:\/\/oud.alplift.com\/fr\/wp-json\/wp\/v2\/comments?post=3154"}],"wp:featuredmedia":[{"embeddable":true,"href":"https:\/\/oud.alplift.com\/fr\/wp-json\/wp\/v2\/media\/2623"}],"wp:attachment":[{"href":"https:\/\/oud.alplift.com\/fr\/wp-json\/wp\/v2\/media?parent=3154"}],"wp:term":[{"taxonomy":"product_cat","embeddable":true,"href":"https:\/\/oud.alplift.com\/fr\/wp-json\/wp\/v2\/product_cat?post=3154"},{"taxonomy":"product_tag","embeddable":true,"href":"https:\/\/oud.alplift.com\/fr\/wp-json\/wp\/v2\/product_tag?post=3154"}],"curies":[{"name":"wp","href":"https:\/\/api.w.org\/{rel}","templated":true}]}}