
{"id":3153,"date":"2019-11-18T11:59:46","date_gmt":"2020-02-03T09:57:21","guid":{"rendered":"https:\/\/oud.alplift.com\/?post_type=product&#038;p=3153"},"modified":"2021-01-21T09:49:07","modified_gmt":"2021-01-21T08:49:07","slug":"elevateur-de-materiaux-avec-plateforme-pl200","status":"publish","type":"product","link":"https:\/\/oud.alplift.com\/fr\/produit\/elevateur-de-materiaux-avec-plateforme-pl200\/","title":{"rendered":"Elevateur de materiaux avec plateforme &#8211; PL200"},"content":{"rendered":"","protected":false},"excerpt":{"rendered":"<p>Une nouvelle fa\u00e7on de travailler; c&rsquo;est ce que cet \u00e9l\u00e9vateur de mat\u00e9riaux polyvalent avec plate-forme de travail peut faire pour vous. Le PL200 est la derni\u00e8re innovation produit d&rsquo;Alp Lift: un \u00e9l\u00e9vateur de mat\u00e9riaux qui vous aide \u00e0 soulever facilement vos charges et une plate-forme de travail s\u00e9par\u00e9e combin\u00e9e en une seule. Cela fait de cet ascenseur de montage avec plate-forme de travail une alternative simple, s\u00fbre et innovante pour les \u00e9chelles, les \u00e9chafaudages et les plates-formes a\u00e9riennes.<br \/>\nLe PL200 a une capacit\u00e9 de levage allant jusqu&rsquo;\u00e0 150 kg et une hauteur de levage allant jusqu&rsquo;\u00e0 3,80 m\u00e8tres. La plate-forme de travail avec 4 roues pivotantes peut \u00eatre d\u00e9tach\u00e9e de l&rsquo;\u00e9l\u00e9vateur de mat\u00e9riaux rapidement et facilement. L&rsquo;\u00e9chelle pliante \u00e0 larges barreaux facilite l&rsquo;acc\u00e8s \u00e0 la plate-forme de travail, qui offre \u00e9galement un espace pour les outils et les petits mat\u00e9riaux. Cela fait de ce mat\u00e9riau un outil id\u00e9al pour les travaux d&rsquo;assemblage ou de finition, la conception de l&rsquo;atelier et les travaux de peinture. En raison du faible poids net et des dimensions compactes (\u00e9galement pour le transport), le PL200 peut \u00eatre utilis\u00e9 \u00e0 de nombreuses fins et peut \u00eatre facilement transport\u00e9 vers tous vos travaux.<br \/>\nLa plate-forme de travail est \u00e9galement disponible s\u00e9par\u00e9ment, en tant qu&rsquo;accessoire avec votre \u00e9l\u00e9vateur de mat\u00e9riaux actuel de la s\u00e9rie M ou L.<\/p>\n<p><strong>Caract\u00e9ristiques:<\/strong><\/p>\n<ul>\n<li style=\"list-style-type: none;\">\n<ul>\n<li>Hauteur de levage : 3,80 m\u00e8tres<\/li>\n<li>Capacit\u00e9 de levage : 150 kg<\/li>\n<li>Hauteur r\u00e9tract\u00e9e : 1,67 m\u00e8tre<\/li>\n<li>Hauteur de montage x largeur: 1,50 x 0,77 m<\/li>\n<li>Hauteur de transport: 1,60 m<\/li>\n<li>Poids propre (y compris la plate-forme) 134 kg<\/li>\n<li>Poids de la plate-forme l\u00e2che: 21 kg<\/li>\n<\/ul>\n<\/li>\n<\/ul>\n<p><strong>Informations sur le produit :<\/strong><\/p>\n<ul>\n<li>Produit de qualit\u00e9 n\u00e9erlandaise<\/li>\n<li>Montage complet sans outils<\/li>\n<li>Treuil silencieux standard \u00e0 double levier<\/li>\n<li>Les grandes roulettes verrouillables \u00e0 l&rsquo;arri\u00e8re facilitent les d\u00e9placements en cas de charges lourdes<\/li>\n<li>Syst\u00e8me de verrouillage brevet\u00e9 emp\u00eachant l&rsquo;extension incontr\u00f4l\u00e9e ou pr\u00e9matur\u00e9e des sections du m\u00e2t<\/li>\n<li>Syst\u00e8me unique de gestion des c\u00e2bles dans la section du m\u00e2t r\u00e9duisant l&rsquo;usure des \u00e9l\u00e9ments du m\u00e2t et du c\u00e2ble en acier.<\/li>\n<li>Base en acier galvanis\u00e9<\/li>\n<li>Profil de m\u00e2t en aluminium brevet\u00e9<\/li>\n<li>Dimensions de transport pratiques, m\u00eame pour les portes standard<\/li>\n<li>Marquage CE<\/li>\n<\/ul>\n","protected":false},"featured_media":2833,"comment_status":"closed","ping_status":"closed","template":"","meta":[],"product_cat":[206,186,190],"product_tag":[],"class_list":{"0":"post-3153","1":"product","2":"type-product","3":"status-publish","4":"has-post-thumbnail","6":"product_cat-elevateurs-de-charges","7":"product_cat-leve-materiaux","8":"product_cat-leve-materiaux-speciaux","9":"pa_bediening-manuell","10":"pa_hefcapaciteit-150-kg-fr","11":"pa_hefhoogte-2-4-metres","12":"pa_merk-alp-lift-fr","14":"first","15":"instock","16":"shipping-taxable","17":"product-type-simple"},"yoast_head":"<!-- This site is optimized with the Yoast SEO plugin v24.0 - https:\/\/yoast.com\/wordpress\/plugins\/seo\/ -->\n<title>Elevateur de materiaux avec plateforme - PL200 - Alp Lift | mat\u00e9riel de levage<\/title>\n<meta name=\"description\" content=\"Alp Lift - Elevateur de materiaux avec plateforme - PL200. Alternative conviviale pour les \u00e9chafaudages et les plates-formes a\u00e9riennes. Demandez un devis en ligne.\" \/>\n<meta name=\"robots\" content=\"noindex, follow, max-snippet:-1, max-image-preview:large, max-video-preview:-1\" \/>\n<meta property=\"og:locale\" content=\"fr_FR\" \/>\n<meta property=\"og:type\" content=\"article\" \/>\n<meta property=\"og:title\" content=\"Elevateur de materiaux avec plateforme - PL200 - Alp Lift | mat\u00e9riel de levage\" \/>\n<meta property=\"og:description\" content=\"Alp Lift - Elevateur de materiaux avec plateforme - PL200. Alternative conviviale pour les \u00e9chafaudages et les plates-formes a\u00e9riennes. Demandez un devis en ligne.\" \/>\n<meta property=\"og:url\" content=\"https:\/\/oud.alplift.com\/fr\/produit\/elevateur-de-materiaux-avec-plateforme-pl200\/\" \/>\n<meta property=\"og:site_name\" content=\"Alp Lift\" \/>\n<meta property=\"article:modified_time\" content=\"2021-01-21T08:49:07+00:00\" \/>\n<meta property=\"og:image\" content=\"https:\/\/oud.alplift.com\/wp-content\/uploads\/2021\/01\/ALP02-08-scaled-1-1030x1030.jpg\" \/>\n\t<meta property=\"og:image:width\" content=\"1030\" \/>\n\t<meta property=\"og:image:height\" content=\"1030\" \/>\n\t<meta property=\"og:image:type\" content=\"image\/jpeg\" \/>\n<meta name=\"twitter:card\" content=\"summary_large_image\" \/>\n<script type=\"application\/ld+json\" class=\"yoast-schema-graph\">{\"@context\":\"https:\/\/schema.org\",\"@graph\":[{\"@type\":\"WebPage\",\"@id\":\"https:\/\/oud.alplift.com\/fr\/produit\/elevateur-de-materiaux-avec-plateforme-pl200\/\",\"url\":\"https:\/\/oud.alplift.com\/fr\/produit\/elevateur-de-materiaux-avec-plateforme-pl200\/\",\"name\":\"Elevateur de materiaux avec plateforme - PL200 - Alp Lift | mat\u00e9riel de levage\",\"isPartOf\":{\"@id\":\"https:\/\/oud.alplift.com\/fr\/#website\"},\"primaryImageOfPage\":{\"@id\":\"https:\/\/oud.alplift.com\/fr\/produit\/elevateur-de-materiaux-avec-plateforme-pl200\/#primaryimage\"},\"image\":{\"@id\":\"https:\/\/oud.alplift.com\/fr\/produit\/elevateur-de-materiaux-avec-plateforme-pl200\/#primaryimage\"},\"thumbnailUrl\":\"https:\/\/oud.alplift.com\/wp-content\/uploads\/2021\/01\/ALP02-08-scaled-1.jpg\",\"datePublished\":\"2020-02-03T09:57:21+00:00\",\"dateModified\":\"2021-01-21T08:49:07+00:00\",\"description\":\"Alp Lift - Elevateur de materiaux avec plateforme - PL200. Alternative conviviale pour les \u00e9chafaudages et les plates-formes a\u00e9riennes. Demandez un devis en ligne.\",\"breadcrumb\":{\"@id\":\"https:\/\/oud.alplift.com\/fr\/produit\/elevateur-de-materiaux-avec-plateforme-pl200\/#breadcrumb\"},\"inLanguage\":\"fr-FR\",\"potentialAction\":[{\"@type\":\"ReadAction\",\"target\":[\"https:\/\/oud.alplift.com\/fr\/produit\/elevateur-de-materiaux-avec-plateforme-pl200\/\"]}]},{\"@type\":\"ImageObject\",\"inLanguage\":\"fr-FR\",\"@id\":\"https:\/\/oud.alplift.com\/fr\/produit\/elevateur-de-materiaux-avec-plateforme-pl200\/#primaryimage\",\"url\":\"https:\/\/oud.alplift.com\/wp-content\/uploads\/2021\/01\/ALP02-08-scaled-1.jpg\",\"contentUrl\":\"https:\/\/oud.alplift.com\/wp-content\/uploads\/2021\/01\/ALP02-08-scaled-1.jpg\",\"width\":2560,\"height\":2560},{\"@type\":\"BreadcrumbList\",\"@id\":\"https:\/\/oud.alplift.com\/fr\/produit\/elevateur-de-materiaux-avec-plateforme-pl200\/#breadcrumb\",\"itemListElement\":[{\"@type\":\"ListItem\",\"position\":1,\"name\":\"Home\",\"item\":\"https:\/\/oud.alplift.com\/fr\/\"},{\"@type\":\"ListItem\",\"position\":2,\"name\":\"Winkel\",\"item\":\"https:\/\/oud.alplift.com\/winkel\/\"},{\"@type\":\"ListItem\",\"position\":3,\"name\":\"Elevateur de materiaux avec plateforme &#8211; PL200\"}]},{\"@type\":\"WebSite\",\"@id\":\"https:\/\/oud.alplift.com\/fr\/#website\",\"url\":\"https:\/\/oud.alplift.com\/fr\/\",\"name\":\"Alp Lift\",\"description\":\"Lifting Equipment\",\"potentialAction\":[{\"@type\":\"SearchAction\",\"target\":{\"@type\":\"EntryPoint\",\"urlTemplate\":\"https:\/\/oud.alplift.com\/fr\/?s={search_term_string}\"},\"query-input\":{\"@type\":\"PropertyValueSpecification\",\"valueRequired\":true,\"valueName\":\"search_term_string\"}}],\"inLanguage\":\"fr-FR\"}]}<\/script>\n<!-- \/ Yoast SEO plugin. -->","yoast_head_json":{"title":"Elevateur de materiaux avec plateforme - PL200 - Alp Lift | mat\u00e9riel de levage","description":"Alp Lift - Elevateur de materiaux avec plateforme - PL200. Alternative conviviale pour les \u00e9chafaudages et les plates-formes a\u00e9riennes. Demandez un devis en ligne.","robots":{"index":"noindex","follow":"follow","max-snippet":"max-snippet:-1","max-image-preview":"max-image-preview:large","max-video-preview":"max-video-preview:-1"},"og_locale":"fr_FR","og_type":"article","og_title":"Elevateur de materiaux avec plateforme - PL200 - Alp Lift | mat\u00e9riel de levage","og_description":"Alp Lift - Elevateur de materiaux avec plateforme - PL200. Alternative conviviale pour les \u00e9chafaudages et les plates-formes a\u00e9riennes. Demandez un devis en ligne.","og_url":"https:\/\/oud.alplift.com\/fr\/produit\/elevateur-de-materiaux-avec-plateforme-pl200\/","og_site_name":"Alp Lift","article_modified_time":"2021-01-21T08:49:07+00:00","og_image":[{"width":1030,"height":1030,"url":"https:\/\/oud.alplift.com\/wp-content\/uploads\/2021\/01\/ALP02-08-scaled-1-1030x1030.jpg","type":"image\/jpeg"}],"twitter_card":"summary_large_image","schema":{"@context":"https:\/\/schema.org","@graph":[{"@type":"WebPage","@id":"https:\/\/oud.alplift.com\/fr\/produit\/elevateur-de-materiaux-avec-plateforme-pl200\/","url":"https:\/\/oud.alplift.com\/fr\/produit\/elevateur-de-materiaux-avec-plateforme-pl200\/","name":"Elevateur de materiaux avec plateforme - PL200 - Alp Lift | mat\u00e9riel de levage","isPartOf":{"@id":"https:\/\/oud.alplift.com\/fr\/#website"},"primaryImageOfPage":{"@id":"https:\/\/oud.alplift.com\/fr\/produit\/elevateur-de-materiaux-avec-plateforme-pl200\/#primaryimage"},"image":{"@id":"https:\/\/oud.alplift.com\/fr\/produit\/elevateur-de-materiaux-avec-plateforme-pl200\/#primaryimage"},"thumbnailUrl":"https:\/\/oud.alplift.com\/wp-content\/uploads\/2021\/01\/ALP02-08-scaled-1.jpg","datePublished":"2020-02-03T09:57:21+00:00","dateModified":"2021-01-21T08:49:07+00:00","description":"Alp Lift - Elevateur de materiaux avec plateforme - PL200. Alternative conviviale pour les \u00e9chafaudages et les plates-formes a\u00e9riennes. Demandez un devis en ligne.","breadcrumb":{"@id":"https:\/\/oud.alplift.com\/fr\/produit\/elevateur-de-materiaux-avec-plateforme-pl200\/#breadcrumb"},"inLanguage":"fr-FR","potentialAction":[{"@type":"ReadAction","target":["https:\/\/oud.alplift.com\/fr\/produit\/elevateur-de-materiaux-avec-plateforme-pl200\/"]}]},{"@type":"ImageObject","inLanguage":"fr-FR","@id":"https:\/\/oud.alplift.com\/fr\/produit\/elevateur-de-materiaux-avec-plateforme-pl200\/#primaryimage","url":"https:\/\/oud.alplift.com\/wp-content\/uploads\/2021\/01\/ALP02-08-scaled-1.jpg","contentUrl":"https:\/\/oud.alplift.com\/wp-content\/uploads\/2021\/01\/ALP02-08-scaled-1.jpg","width":2560,"height":2560},{"@type":"BreadcrumbList","@id":"https:\/\/oud.alplift.com\/fr\/produit\/elevateur-de-materiaux-avec-plateforme-pl200\/#breadcrumb","itemListElement":[{"@type":"ListItem","position":1,"name":"Home","item":"https:\/\/oud.alplift.com\/fr\/"},{"@type":"ListItem","position":2,"name":"Winkel","item":"https:\/\/oud.alplift.com\/winkel\/"},{"@type":"ListItem","position":3,"name":"Elevateur de materiaux avec plateforme &#8211; PL200"}]},{"@type":"WebSite","@id":"https:\/\/oud.alplift.com\/fr\/#website","url":"https:\/\/oud.alplift.com\/fr\/","name":"Alp Lift","description":"Lifting Equipment","potentialAction":[{"@type":"SearchAction","target":{"@type":"EntryPoint","urlTemplate":"https:\/\/oud.alplift.com\/fr\/?s={search_term_string}"},"query-input":{"@type":"PropertyValueSpecification","valueRequired":true,"valueName":"search_term_string"}}],"inLanguage":"fr-FR"}]}},"_links":{"self":[{"href":"https:\/\/oud.alplift.com\/fr\/wp-json\/wp\/v2\/product\/3153","targetHints":{"allow":["GET"]}}],"collection":[{"href":"https:\/\/oud.alplift.com\/fr\/wp-json\/wp\/v2\/product"}],"about":[{"href":"https:\/\/oud.alplift.com\/fr\/wp-json\/wp\/v2\/types\/product"}],"replies":[{"embeddable":true,"href":"https:\/\/oud.alplift.com\/fr\/wp-json\/wp\/v2\/comments?post=3153"}],"wp:featuredmedia":[{"embeddable":true,"href":"https:\/\/oud.alplift.com\/fr\/wp-json\/wp\/v2\/media\/2833"}],"wp:attachment":[{"href":"https:\/\/oud.alplift.com\/fr\/wp-json\/wp\/v2\/media?parent=3153"}],"wp:term":[{"taxonomy":"product_cat","embeddable":true,"href":"https:\/\/oud.alplift.com\/fr\/wp-json\/wp\/v2\/product_cat?post=3153"},{"taxonomy":"product_tag","embeddable":true,"href":"https:\/\/oud.alplift.com\/fr\/wp-json\/wp\/v2\/product_tag?post=3153"}],"curies":[{"name":"wp","href":"https:\/\/api.w.org\/{rel}","templated":true}]}}