
{"id":3152,"date":"2019-06-19T19:54:50","date_gmt":"2019-09-16T06:32:40","guid":{"rendered":"https:\/\/oud.alplift.com\/?post_type=product&#038;p=3152"},"modified":"2022-02-11T15:01:43","modified_gmt":"2022-02-11T14:01:43","slug":"plateforme-aerienne-1-personne","status":"publish","type":"product","link":"https:\/\/oud.alplift.com\/fr\/produit\/plateforme-aerienne-1-personne\/","title":{"rendered":"Plateforme a\u00e9rienne 1 personne"},"content":{"rendered":"","protected":false},"excerpt":{"rendered":"<p>Cette plateforme pour 1 personne (low-access platform) peut \u00eatre utilis\u00e9e pour travailler jusqu&rsquo;\u00e0 une hauteur de travail de cinq m\u00e8tres maximum. C&rsquo;est la solution id\u00e9ale pour travailler en toute s\u00e9curit\u00e9 \u00e0 basse hauteur et peut \u00eatre utilis\u00e9 pour de nombreuses activit\u00e9s telles que la pr\u00e9paration de commandes, les travaux d&rsquo;installation ou de maintenance ou le transport interne. Cette plateforme a\u00e9rienne compacte est une bonne alternative aux \u00e9chelles, aux escaliers et aux \u00e9chafaudages. Le travail peut \u00eatre effectu\u00e9 de mani\u00e8re plus s\u00fbre et efficace, car le mat\u00e9riel est \u00e0 port\u00e9e de main et les deux mains sont libres.<\/p>\n<p>La plateforme atteint une vitesse de 6 km \/ heure et est donc la plus rapide du genre. Une autre caract\u00e9ristique unique est que cette plateforme peut tomber ou monter en conduisant. La vitesse sera alors inf\u00e9rieure. Il roule mieux sur des sols glissants et ne convient que pour une utilisation en int\u00e9rieur. Gr\u00e2ce au ch\u00e2ssis \u00e9troit, ils s&rsquo;adaptent aux montants de porte standard et, gr\u00e2ce au faible poids, cette plate-forme peut \u00eatre utilis\u00e9e dans un ascenseur.<\/p>\n<p>Nous pulv\u00e9risons gratuitement les panneaux lat\u00e9raux dans la couleur de votre choix.<\/p>\n<p><strong>Sp\u00e9cifications:<\/strong><\/p>\n<ul>\n<li>Hauteur de travail: 5 m\u00e8tres<\/li>\n<li>Hauteur de la plateforme: 3 m\u00e8tres<\/li>\n<li>Capacit\u00e9 de levage de la plateforme de travail: 200 kg<\/li>\n<li>Poids maximal de la plateforme: 136 kg<\/li>\n<li>Longueur: 1,44 m\u00e8tres<\/li>\n<li>Largeur: 0.75 m\u00e8tres<\/li>\n<li>Hauteur r\u00e9tract\u00e9e: 1,36 m\u00e8tres<\/li>\n<li>Poids: 800 kg<\/li>\n<li>Vitesse: 6 km \/ h (rentr\u00e9), 3 km \/ h (hauteur 2,5-3 m), 2 km p \/ h (hauteur 3-4 m), 1 km p \/ h (hauteur 4-5 m)<br \/>\nBatterie: 24V &#8211; sans entretien (batterie Li-Ion en option)<\/li>\n<li>Equip\u00e9 d&rsquo;un point bleu pour la visibilit\u00e9<\/li>\n<\/ul>\n<p>Vous recherchez une plate-forme de plus grande port\u00e9e? Ensuite, visualisez nos <a href=\"https:\/\/oud.alplift.com\/product-categorie\/nacelles-verticale\/?lang=fr\">nacelles t\u00e9lescopiques verticales<\/a>.<\/p>\n","protected":false},"featured_media":2828,"comment_status":"closed","ping_status":"closed","template":"","meta":[],"product_cat":[154,166],"product_tag":[],"class_list":{"0":"post-3152","1":"product","2":"type-product","3":"status-publish","4":"has-post-thumbnail","6":"product_cat-nacelles-elevatrice","7":"product_cat-preparateurs-de-commandes-vertical","8":"pa_hefcapaciteit-200-300-kg-fr","9":"pa_merk-ep-equipment-fr","11":"first","12":"instock","13":"shipping-taxable","14":"product-type-simple"},"yoast_head":"<!-- This site is optimized with the Yoast SEO plugin v24.0 - https:\/\/yoast.com\/wordpress\/plugins\/seo\/ -->\n<title>plateforme-aerienne | Alp Lift Pays Bas<\/title>\n<meta name=\"description\" content=\"Nouveau chez Alp Lift - Plateforme a\u00e9rienne pour un seul utilisateur, id\u00e9ale pour la pr\u00e9paration de commandes ou les travaux de maintenance. Demander un devis en ligne.\" \/>\n<meta name=\"robots\" content=\"noindex, follow, max-snippet:-1, max-image-preview:large, max-video-preview:-1\" \/>\n<meta property=\"og:locale\" content=\"fr_FR\" \/>\n<meta property=\"og:type\" content=\"article\" \/>\n<meta property=\"og:title\" content=\"plateforme-aerienne | Alp Lift Pays Bas\" \/>\n<meta property=\"og:description\" content=\"Nouveau chez Alp Lift - Plateforme a\u00e9rienne pour un seul utilisateur, id\u00e9ale pour la pr\u00e9paration de commandes ou les travaux de maintenance. Demander un devis en ligne.\" \/>\n<meta property=\"og:url\" content=\"https:\/\/oud.alplift.com\/fr\/produit\/plateforme-aerienne-1-personne\/\" \/>\n<meta property=\"og:site_name\" content=\"Alp Lift\" \/>\n<meta property=\"article:modified_time\" content=\"2022-02-11T14:01:43+00:00\" \/>\n<meta property=\"og:image\" content=\"https:\/\/oud.alplift.com\/wp-content\/uploads\/2021\/01\/Schermafbeelding-2019-06-19-om-21.15.46-e1560974490251.png\" \/>\n\t<meta property=\"og:image:width\" content=\"500\" \/>\n\t<meta property=\"og:image:height\" content=\"389\" \/>\n\t<meta property=\"og:image:type\" content=\"image\/png\" \/>\n<meta name=\"twitter:card\" content=\"summary_large_image\" \/>\n<script type=\"application\/ld+json\" class=\"yoast-schema-graph\">{\"@context\":\"https:\/\/schema.org\",\"@graph\":[{\"@type\":\"WebPage\",\"@id\":\"https:\/\/oud.alplift.com\/fr\/produit\/plateforme-aerienne-1-personne\/\",\"url\":\"https:\/\/oud.alplift.com\/fr\/produit\/plateforme-aerienne-1-personne\/\",\"name\":\"plateforme-aerienne | Alp Lift Pays Bas\",\"isPartOf\":{\"@id\":\"https:\/\/oud.alplift.com\/fr\/#website\"},\"primaryImageOfPage\":{\"@id\":\"https:\/\/oud.alplift.com\/fr\/produit\/plateforme-aerienne-1-personne\/#primaryimage\"},\"image\":{\"@id\":\"https:\/\/oud.alplift.com\/fr\/produit\/plateforme-aerienne-1-personne\/#primaryimage\"},\"thumbnailUrl\":\"https:\/\/oud.alplift.com\/wp-content\/uploads\/2021\/01\/Schermafbeelding-2019-06-19-om-21.15.46-e1560974490251.png\",\"datePublished\":\"2019-09-16T06:32:40+00:00\",\"dateModified\":\"2022-02-11T14:01:43+00:00\",\"description\":\"Nouveau chez Alp Lift - Plateforme a\u00e9rienne pour un seul utilisateur, id\u00e9ale pour la pr\u00e9paration de commandes ou les travaux de maintenance. Demander un devis en ligne.\",\"breadcrumb\":{\"@id\":\"https:\/\/oud.alplift.com\/fr\/produit\/plateforme-aerienne-1-personne\/#breadcrumb\"},\"inLanguage\":\"fr-FR\",\"potentialAction\":[{\"@type\":\"ReadAction\",\"target\":[\"https:\/\/oud.alplift.com\/fr\/produit\/plateforme-aerienne-1-personne\/\"]}]},{\"@type\":\"ImageObject\",\"inLanguage\":\"fr-FR\",\"@id\":\"https:\/\/oud.alplift.com\/fr\/produit\/plateforme-aerienne-1-personne\/#primaryimage\",\"url\":\"https:\/\/oud.alplift.com\/wp-content\/uploads\/2021\/01\/Schermafbeelding-2019-06-19-om-21.15.46-e1560974490251.png\",\"contentUrl\":\"https:\/\/oud.alplift.com\/wp-content\/uploads\/2021\/01\/Schermafbeelding-2019-06-19-om-21.15.46-e1560974490251.png\",\"width\":500,\"height\":389},{\"@type\":\"BreadcrumbList\",\"@id\":\"https:\/\/oud.alplift.com\/fr\/produit\/plateforme-aerienne-1-personne\/#breadcrumb\",\"itemListElement\":[{\"@type\":\"ListItem\",\"position\":1,\"name\":\"Home\",\"item\":\"https:\/\/oud.alplift.com\/fr\/\"},{\"@type\":\"ListItem\",\"position\":2,\"name\":\"Winkel\",\"item\":\"https:\/\/oud.alplift.com\/winkel\/\"},{\"@type\":\"ListItem\",\"position\":3,\"name\":\"Plateforme a\u00e9rienne 1 personne\"}]},{\"@type\":\"WebSite\",\"@id\":\"https:\/\/oud.alplift.com\/fr\/#website\",\"url\":\"https:\/\/oud.alplift.com\/fr\/\",\"name\":\"Alp Lift\",\"description\":\"Lifting Equipment\",\"potentialAction\":[{\"@type\":\"SearchAction\",\"target\":{\"@type\":\"EntryPoint\",\"urlTemplate\":\"https:\/\/oud.alplift.com\/fr\/?s={search_term_string}\"},\"query-input\":{\"@type\":\"PropertyValueSpecification\",\"valueRequired\":true,\"valueName\":\"search_term_string\"}}],\"inLanguage\":\"fr-FR\"}]}<\/script>\n<!-- \/ Yoast SEO plugin. -->","yoast_head_json":{"title":"plateforme-aerienne | Alp Lift Pays Bas","description":"Nouveau chez Alp Lift - Plateforme a\u00e9rienne pour un seul utilisateur, id\u00e9ale pour la pr\u00e9paration de commandes ou les travaux de maintenance. Demander un devis en ligne.","robots":{"index":"noindex","follow":"follow","max-snippet":"max-snippet:-1","max-image-preview":"max-image-preview:large","max-video-preview":"max-video-preview:-1"},"og_locale":"fr_FR","og_type":"article","og_title":"plateforme-aerienne | Alp Lift Pays Bas","og_description":"Nouveau chez Alp Lift - Plateforme a\u00e9rienne pour un seul utilisateur, id\u00e9ale pour la pr\u00e9paration de commandes ou les travaux de maintenance. Demander un devis en ligne.","og_url":"https:\/\/oud.alplift.com\/fr\/produit\/plateforme-aerienne-1-personne\/","og_site_name":"Alp Lift","article_modified_time":"2022-02-11T14:01:43+00:00","og_image":[{"width":500,"height":389,"url":"https:\/\/oud.alplift.com\/wp-content\/uploads\/2021\/01\/Schermafbeelding-2019-06-19-om-21.15.46-e1560974490251.png","type":"image\/png"}],"twitter_card":"summary_large_image","schema":{"@context":"https:\/\/schema.org","@graph":[{"@type":"WebPage","@id":"https:\/\/oud.alplift.com\/fr\/produit\/plateforme-aerienne-1-personne\/","url":"https:\/\/oud.alplift.com\/fr\/produit\/plateforme-aerienne-1-personne\/","name":"plateforme-aerienne | Alp Lift Pays Bas","isPartOf":{"@id":"https:\/\/oud.alplift.com\/fr\/#website"},"primaryImageOfPage":{"@id":"https:\/\/oud.alplift.com\/fr\/produit\/plateforme-aerienne-1-personne\/#primaryimage"},"image":{"@id":"https:\/\/oud.alplift.com\/fr\/produit\/plateforme-aerienne-1-personne\/#primaryimage"},"thumbnailUrl":"https:\/\/oud.alplift.com\/wp-content\/uploads\/2021\/01\/Schermafbeelding-2019-06-19-om-21.15.46-e1560974490251.png","datePublished":"2019-09-16T06:32:40+00:00","dateModified":"2022-02-11T14:01:43+00:00","description":"Nouveau chez Alp Lift - Plateforme a\u00e9rienne pour un seul utilisateur, id\u00e9ale pour la pr\u00e9paration de commandes ou les travaux de maintenance. Demander un devis en ligne.","breadcrumb":{"@id":"https:\/\/oud.alplift.com\/fr\/produit\/plateforme-aerienne-1-personne\/#breadcrumb"},"inLanguage":"fr-FR","potentialAction":[{"@type":"ReadAction","target":["https:\/\/oud.alplift.com\/fr\/produit\/plateforme-aerienne-1-personne\/"]}]},{"@type":"ImageObject","inLanguage":"fr-FR","@id":"https:\/\/oud.alplift.com\/fr\/produit\/plateforme-aerienne-1-personne\/#primaryimage","url":"https:\/\/oud.alplift.com\/wp-content\/uploads\/2021\/01\/Schermafbeelding-2019-06-19-om-21.15.46-e1560974490251.png","contentUrl":"https:\/\/oud.alplift.com\/wp-content\/uploads\/2021\/01\/Schermafbeelding-2019-06-19-om-21.15.46-e1560974490251.png","width":500,"height":389},{"@type":"BreadcrumbList","@id":"https:\/\/oud.alplift.com\/fr\/produit\/plateforme-aerienne-1-personne\/#breadcrumb","itemListElement":[{"@type":"ListItem","position":1,"name":"Home","item":"https:\/\/oud.alplift.com\/fr\/"},{"@type":"ListItem","position":2,"name":"Winkel","item":"https:\/\/oud.alplift.com\/winkel\/"},{"@type":"ListItem","position":3,"name":"Plateforme a\u00e9rienne 1 personne"}]},{"@type":"WebSite","@id":"https:\/\/oud.alplift.com\/fr\/#website","url":"https:\/\/oud.alplift.com\/fr\/","name":"Alp Lift","description":"Lifting Equipment","potentialAction":[{"@type":"SearchAction","target":{"@type":"EntryPoint","urlTemplate":"https:\/\/oud.alplift.com\/fr\/?s={search_term_string}"},"query-input":{"@type":"PropertyValueSpecification","valueRequired":true,"valueName":"search_term_string"}}],"inLanguage":"fr-FR"}]}},"_links":{"self":[{"href":"https:\/\/oud.alplift.com\/fr\/wp-json\/wp\/v2\/product\/3152","targetHints":{"allow":["GET"]}}],"collection":[{"href":"https:\/\/oud.alplift.com\/fr\/wp-json\/wp\/v2\/product"}],"about":[{"href":"https:\/\/oud.alplift.com\/fr\/wp-json\/wp\/v2\/types\/product"}],"replies":[{"embeddable":true,"href":"https:\/\/oud.alplift.com\/fr\/wp-json\/wp\/v2\/comments?post=3152"}],"wp:featuredmedia":[{"embeddable":true,"href":"https:\/\/oud.alplift.com\/fr\/wp-json\/wp\/v2\/media\/2828"}],"wp:attachment":[{"href":"https:\/\/oud.alplift.com\/fr\/wp-json\/wp\/v2\/media?parent=3152"}],"wp:term":[{"taxonomy":"product_cat","embeddable":true,"href":"https:\/\/oud.alplift.com\/fr\/wp-json\/wp\/v2\/product_cat?post=3152"},{"taxonomy":"product_tag","embeddable":true,"href":"https:\/\/oud.alplift.com\/fr\/wp-json\/wp\/v2\/product_tag?post=3152"}],"curies":[{"name":"wp","href":"https:\/\/api.w.org\/{rel}","templated":true}]}}