
{"id":3150,"date":"2016-09-10T10:57:24","date_gmt":"2016-09-10T08:57:24","guid":{"rendered":"https:\/\/oud.alplift.com\/?post_type=product&#038;p=3150"},"modified":"2022-02-11T15:05:29","modified_gmt":"2022-02-11T14:05:29","slug":"nacelle-vertical-amwp11-2100","status":"publish","type":"product","link":"https:\/\/oud.alplift.com\/fr\/produit\/nacelle-vertical-amwp11-2100\/","title":{"rendered":"Nacelle vertical &#8211; AMWP 11-1200"},"content":{"rendered":"","protected":false},"excerpt":{"rendered":"<p>Nacelle vertical AMWP 11-1200 est une nacelle automotrice pour une personne avec roues avant \u00e0 entra\u00eenement \u00e9lectrique et dirigeables. La hauteur de travail maximale est de 11 m\u00e8tres, le double t\u00e9lescope vous assure la stabilit\u00e9 n\u00e9cessaire. Adapt\u00e9 \u00e0 l&rsquo;int\u00e9rieur et \u00e0 l&rsquo;ext\u00e9rieur, mobile \u00e0 pleine hauteur. Cette nacelle \u00e9l\u00e9vatrice est la solution id\u00e9ale pour effectuer tous vos travaux en hauteur en toute s\u00e9curit\u00e9 et avec efficacit\u00e9, m\u00eame sur de petits espaces de travail.<\/p>\n<p><strong>Caract\u00e9ristiques techniques :<\/strong><\/p>\n<ul>\n<li>Hauteur de travail : 11,00 m\u00e8tres<\/li>\n<li>Capacit\u00e9 de levage : 150 kg<\/li>\n<li>Hauteur de la plateforme : 9,00 m\u00e8tres<\/li>\n<li>Dimensions de la plateforme : 1,00 \u00d7 0,70 m\u00e8tre<\/li>\n<li>Longueur : 1,55 m\u00e8tre<\/li>\n<li>Largeur : 1,01 m\u00e8tre<\/li>\n<li>Hauteur : 1,95 m\u00e8tre<\/li>\n<li>Poids : 1370 kg<\/li>\n<\/ul>\n","protected":false},"featured_media":6181,"comment_status":"closed","ping_status":"closed","template":"","meta":[],"product_cat":[154,182],"product_tag":[],"class_list":{"0":"post-3150","1":"product","2":"type-product","3":"status-publish","4":"has-post-thumbnail","6":"product_cat-nacelles-elevatrice","7":"product_cat-nacelles-verticale","8":"pa_merk-dingli-fr","10":"first","11":"instock","12":"shipping-taxable","13":"product-type-simple"},"yoast_head":"<!-- This site is optimized with the Yoast SEO plugin v24.0 - https:\/\/yoast.com\/wordpress\/plugins\/seo\/ -->\n<title>Nacelle vertical - AMWP 11-1200 | Alp Lift - mat\u00e9riel de levage<\/title>\n<meta name=\"description\" content=\"Nacelle vertical AMWP 11-1200 est compact, solide et convivial. En vente \u00e0 Alp Lift. Demander un devis en ligne.\" \/>\n<meta name=\"robots\" content=\"noindex, follow, max-snippet:-1, max-image-preview:large, max-video-preview:-1\" \/>\n<meta property=\"og:locale\" content=\"fr_FR\" \/>\n<meta property=\"og:type\" content=\"article\" \/>\n<meta property=\"og:title\" content=\"Nacelle vertical - AMWP 11-1200 | Alp Lift - mat\u00e9riel de levage\" \/>\n<meta property=\"og:description\" content=\"Nacelle vertical AMWP 11-1200 est compact, solide et convivial. En vente \u00e0 Alp Lift. Demander un devis en ligne.\" \/>\n<meta property=\"og:url\" content=\"https:\/\/oud.alplift.com\/fr\/produit\/nacelle-vertical-amwp11-2100\/\" \/>\n<meta property=\"og:site_name\" content=\"Alp Lift\" \/>\n<meta property=\"article:modified_time\" content=\"2022-02-11T14:05:29+00:00\" \/>\n<meta property=\"og:image\" content=\"https:\/\/oud.alplift.com\/wp-content\/uploads\/2022\/03\/Portfolio-verticale-telescoop.jpg\" \/>\n\t<meta property=\"og:image:width\" content=\"1600\" \/>\n\t<meta property=\"og:image:height\" content=\"1200\" \/>\n\t<meta property=\"og:image:type\" content=\"image\/jpeg\" \/>\n<meta name=\"twitter:card\" content=\"summary_large_image\" \/>\n<script type=\"application\/ld+json\" class=\"yoast-schema-graph\">{\"@context\":\"https:\/\/schema.org\",\"@graph\":[{\"@type\":\"WebPage\",\"@id\":\"https:\/\/oud.alplift.com\/fr\/produit\/nacelle-vertical-amwp11-2100\/\",\"url\":\"https:\/\/oud.alplift.com\/fr\/produit\/nacelle-vertical-amwp11-2100\/\",\"name\":\"Nacelle vertical - AMWP 11-1200 | Alp Lift - mat\u00e9riel de levage\",\"isPartOf\":{\"@id\":\"https:\/\/oud.alplift.com\/fr\/#website\"},\"primaryImageOfPage\":{\"@id\":\"https:\/\/oud.alplift.com\/fr\/produit\/nacelle-vertical-amwp11-2100\/#primaryimage\"},\"image\":{\"@id\":\"https:\/\/oud.alplift.com\/fr\/produit\/nacelle-vertical-amwp11-2100\/#primaryimage\"},\"thumbnailUrl\":\"https:\/\/oud.alplift.com\/wp-content\/uploads\/2022\/03\/Portfolio-verticale-telescoop.jpg\",\"datePublished\":\"2016-09-10T08:57:24+00:00\",\"dateModified\":\"2022-02-11T14:05:29+00:00\",\"description\":\"Nacelle vertical AMWP 11-1200 est compact, solide et convivial. En vente \u00e0 Alp Lift. Demander un devis en ligne.\",\"breadcrumb\":{\"@id\":\"https:\/\/oud.alplift.com\/fr\/produit\/nacelle-vertical-amwp11-2100\/#breadcrumb\"},\"inLanguage\":\"fr-FR\",\"potentialAction\":[{\"@type\":\"ReadAction\",\"target\":[\"https:\/\/oud.alplift.com\/fr\/produit\/nacelle-vertical-amwp11-2100\/\"]}]},{\"@type\":\"ImageObject\",\"inLanguage\":\"fr-FR\",\"@id\":\"https:\/\/oud.alplift.com\/fr\/produit\/nacelle-vertical-amwp11-2100\/#primaryimage\",\"url\":\"https:\/\/oud.alplift.com\/wp-content\/uploads\/2022\/03\/Portfolio-verticale-telescoop.jpg\",\"contentUrl\":\"https:\/\/oud.alplift.com\/wp-content\/uploads\/2022\/03\/Portfolio-verticale-telescoop.jpg\",\"width\":1600,\"height\":1200},{\"@type\":\"BreadcrumbList\",\"@id\":\"https:\/\/oud.alplift.com\/fr\/produit\/nacelle-vertical-amwp11-2100\/#breadcrumb\",\"itemListElement\":[{\"@type\":\"ListItem\",\"position\":1,\"name\":\"Home\",\"item\":\"https:\/\/oud.alplift.com\/fr\/\"},{\"@type\":\"ListItem\",\"position\":2,\"name\":\"Winkel\",\"item\":\"https:\/\/oud.alplift.com\/winkel\/\"},{\"@type\":\"ListItem\",\"position\":3,\"name\":\"Nacelle vertical &#8211; AMWP 11-1200\"}]},{\"@type\":\"WebSite\",\"@id\":\"https:\/\/oud.alplift.com\/fr\/#website\",\"url\":\"https:\/\/oud.alplift.com\/fr\/\",\"name\":\"Alp Lift\",\"description\":\"Lifting Equipment\",\"potentialAction\":[{\"@type\":\"SearchAction\",\"target\":{\"@type\":\"EntryPoint\",\"urlTemplate\":\"https:\/\/oud.alplift.com\/fr\/?s={search_term_string}\"},\"query-input\":{\"@type\":\"PropertyValueSpecification\",\"valueRequired\":true,\"valueName\":\"search_term_string\"}}],\"inLanguage\":\"fr-FR\"}]}<\/script>\n<!-- \/ Yoast SEO plugin. -->","yoast_head_json":{"title":"Nacelle vertical - AMWP 11-1200 | Alp Lift - mat\u00e9riel de levage","description":"Nacelle vertical AMWP 11-1200 est compact, solide et convivial. En vente \u00e0 Alp Lift. Demander un devis en ligne.","robots":{"index":"noindex","follow":"follow","max-snippet":"max-snippet:-1","max-image-preview":"max-image-preview:large","max-video-preview":"max-video-preview:-1"},"og_locale":"fr_FR","og_type":"article","og_title":"Nacelle vertical - AMWP 11-1200 | Alp Lift - mat\u00e9riel de levage","og_description":"Nacelle vertical AMWP 11-1200 est compact, solide et convivial. En vente \u00e0 Alp Lift. Demander un devis en ligne.","og_url":"https:\/\/oud.alplift.com\/fr\/produit\/nacelle-vertical-amwp11-2100\/","og_site_name":"Alp Lift","article_modified_time":"2022-02-11T14:05:29+00:00","og_image":[{"width":1600,"height":1200,"url":"https:\/\/oud.alplift.com\/wp-content\/uploads\/2022\/03\/Portfolio-verticale-telescoop.jpg","type":"image\/jpeg"}],"twitter_card":"summary_large_image","schema":{"@context":"https:\/\/schema.org","@graph":[{"@type":"WebPage","@id":"https:\/\/oud.alplift.com\/fr\/produit\/nacelle-vertical-amwp11-2100\/","url":"https:\/\/oud.alplift.com\/fr\/produit\/nacelle-vertical-amwp11-2100\/","name":"Nacelle vertical - AMWP 11-1200 | Alp Lift - mat\u00e9riel de levage","isPartOf":{"@id":"https:\/\/oud.alplift.com\/fr\/#website"},"primaryImageOfPage":{"@id":"https:\/\/oud.alplift.com\/fr\/produit\/nacelle-vertical-amwp11-2100\/#primaryimage"},"image":{"@id":"https:\/\/oud.alplift.com\/fr\/produit\/nacelle-vertical-amwp11-2100\/#primaryimage"},"thumbnailUrl":"https:\/\/oud.alplift.com\/wp-content\/uploads\/2022\/03\/Portfolio-verticale-telescoop.jpg","datePublished":"2016-09-10T08:57:24+00:00","dateModified":"2022-02-11T14:05:29+00:00","description":"Nacelle vertical AMWP 11-1200 est compact, solide et convivial. En vente \u00e0 Alp Lift. Demander un devis en ligne.","breadcrumb":{"@id":"https:\/\/oud.alplift.com\/fr\/produit\/nacelle-vertical-amwp11-2100\/#breadcrumb"},"inLanguage":"fr-FR","potentialAction":[{"@type":"ReadAction","target":["https:\/\/oud.alplift.com\/fr\/produit\/nacelle-vertical-amwp11-2100\/"]}]},{"@type":"ImageObject","inLanguage":"fr-FR","@id":"https:\/\/oud.alplift.com\/fr\/produit\/nacelle-vertical-amwp11-2100\/#primaryimage","url":"https:\/\/oud.alplift.com\/wp-content\/uploads\/2022\/03\/Portfolio-verticale-telescoop.jpg","contentUrl":"https:\/\/oud.alplift.com\/wp-content\/uploads\/2022\/03\/Portfolio-verticale-telescoop.jpg","width":1600,"height":1200},{"@type":"BreadcrumbList","@id":"https:\/\/oud.alplift.com\/fr\/produit\/nacelle-vertical-amwp11-2100\/#breadcrumb","itemListElement":[{"@type":"ListItem","position":1,"name":"Home","item":"https:\/\/oud.alplift.com\/fr\/"},{"@type":"ListItem","position":2,"name":"Winkel","item":"https:\/\/oud.alplift.com\/winkel\/"},{"@type":"ListItem","position":3,"name":"Nacelle vertical &#8211; AMWP 11-1200"}]},{"@type":"WebSite","@id":"https:\/\/oud.alplift.com\/fr\/#website","url":"https:\/\/oud.alplift.com\/fr\/","name":"Alp Lift","description":"Lifting Equipment","potentialAction":[{"@type":"SearchAction","target":{"@type":"EntryPoint","urlTemplate":"https:\/\/oud.alplift.com\/fr\/?s={search_term_string}"},"query-input":{"@type":"PropertyValueSpecification","valueRequired":true,"valueName":"search_term_string"}}],"inLanguage":"fr-FR"}]}},"_links":{"self":[{"href":"https:\/\/oud.alplift.com\/fr\/wp-json\/wp\/v2\/product\/3150","targetHints":{"allow":["GET"]}}],"collection":[{"href":"https:\/\/oud.alplift.com\/fr\/wp-json\/wp\/v2\/product"}],"about":[{"href":"https:\/\/oud.alplift.com\/fr\/wp-json\/wp\/v2\/types\/product"}],"replies":[{"embeddable":true,"href":"https:\/\/oud.alplift.com\/fr\/wp-json\/wp\/v2\/comments?post=3150"}],"wp:featuredmedia":[{"embeddable":true,"href":"https:\/\/oud.alplift.com\/fr\/wp-json\/wp\/v2\/media\/6181"}],"wp:attachment":[{"href":"https:\/\/oud.alplift.com\/fr\/wp-json\/wp\/v2\/media?parent=3150"}],"wp:term":[{"taxonomy":"product_cat","embeddable":true,"href":"https:\/\/oud.alplift.com\/fr\/wp-json\/wp\/v2\/product_cat?post=3150"},{"taxonomy":"product_tag","embeddable":true,"href":"https:\/\/oud.alplift.com\/fr\/wp-json\/wp\/v2\/product_tag?post=3150"}],"curies":[{"name":"wp","href":"https:\/\/api.w.org\/{rel}","templated":true}]}}