
{"id":3148,"date":"2016-09-12T11:06:24","date_gmt":"2016-09-12T09:06:24","guid":{"rendered":"https:\/\/oud.alplift.com\/?post_type=product&#038;p=3148"},"modified":"2021-10-25T12:57:08","modified_gmt":"2021-10-25T10:57:08","slug":"nacelle-vertical-awp-8","status":"publish","type":"product","link":"https:\/\/oud.alplift.com\/fr\/produit\/nacelle-vertical-awp-8\/","title":{"rendered":"Nacelle vertical &#8211; AWP 8"},"content":{"rendered":"","protected":false},"excerpt":{"rendered":"<p>Le nacelle vertical AWP 8 avec stabilisateurs est compactes et tr\u00e8s maniable. Disponibles avec une hauteur de travail qui varie de 8 m\u00e8tres \u00e0 14 m\u00e8tres. Ces plateformes sont faciles \u00e0 d\u00e9placer, extr\u00eamement maniables et s&rsquo;int\u00e8grent facilement dans les embrasures de portes normales. Le chargement et le d\u00e9chargement ne sont qu&rsquo;une simple action gr\u00e2ce \u00e0 un syst\u00e8me de basculement avanc\u00e9, mont\u00e9 sur n&rsquo;importe quel type de plateforme. La s\u00e9rie AWP est \u00e9quip\u00e9e d&rsquo;une base sp\u00e9cialement con\u00e7ue pour assurer une stabilit\u00e9 maximale. Pour augmenter encore plus l&rsquo;efficacit\u00e9, le taux de mont\u00e9e et de descente des machines a \u00e9t\u00e9 optimis\u00e9. Disponible avec une batterie 230V (AC) ou (DC).<\/p>\n<p>Vous recherchez une nacelle verticale autoport\u00e9e ? Alors jetez un coup d\u2019\u0153il \u00e0 notre s\u00e9rie AMWP.<\/p>\n<p><strong>Caract\u00e9ristiques techniques :<\/strong><\/p>\n<ul>\n<li>Hauteur de travail : 8,00 m\u00e8tres<\/li>\n<li>Capacit\u00e9 de levage : 150 kg<\/li>\n<li>Hauteur de la plateforme : 6,00 m\u00e8tres<\/li>\n<li>Dimensions de la plateforme : 0,69 \u00d7 0,66 m\u00e8tre<\/li>\n<li>Longueur : 1,37 m\u00e8tre<\/li>\n<li>Largeur : 0,75 m\u00e8tre<\/li>\n<li>Hauteur : 1,97 m\u00e8tre<\/li>\n<li>Poids : 328 kg<\/li>\n<\/ul>\n","protected":false},"featured_media":2568,"comment_status":"closed","ping_status":"closed","template":"","meta":[],"product_cat":[154,182],"product_tag":[],"class_list":{"0":"post-3148","1":"product","2":"type-product","3":"status-publish","4":"has-post-thumbnail","6":"product_cat-nacelles-elevatrice","7":"product_cat-nacelles-verticale","9":"first","10":"instock","11":"shipping-taxable","12":"product-type-simple"},"yoast_head":"<!-- This site is optimized with the Yoast SEO plugin v24.0 - https:\/\/yoast.com\/wordpress\/plugins\/seo\/ -->\n<title>Nacelle vertical - AWP 8 | Alp Lift - mat\u00e9riel de levage<\/title>\n<meta name=\"description\" content=\"La nacelle vertical AWP 8 est compacte, solide et conviviale. Alp Lift a la bonne plateforme pour soutenir vos performances \u00e0 toutes les hauteurs.\" \/>\n<meta name=\"robots\" content=\"noindex, follow, max-snippet:-1, max-image-preview:large, max-video-preview:-1\" \/>\n<meta property=\"og:locale\" content=\"fr_FR\" \/>\n<meta property=\"og:type\" content=\"article\" \/>\n<meta property=\"og:title\" content=\"Nacelle vertical - AWP 8 | Alp Lift - mat\u00e9riel de levage\" \/>\n<meta property=\"og:description\" content=\"La nacelle vertical AWP 8 est compacte, solide et conviviale. Alp Lift a la bonne plateforme pour soutenir vos performances \u00e0 toutes les hauteurs.\" \/>\n<meta property=\"og:url\" content=\"https:\/\/oud.alplift.com\/fr\/produit\/nacelle-vertical-awp-8\/\" \/>\n<meta property=\"og:site_name\" content=\"Alp Lift\" \/>\n<meta property=\"article:modified_time\" content=\"2021-10-25T10:57:08+00:00\" \/>\n<meta property=\"og:image\" content=\"https:\/\/oud.alplift.com\/wp-content\/uploads\/2021\/01\/Telescoophoogwerker-AWP-8-1000-Dingli.png\" \/>\n\t<meta property=\"og:image:width\" content=\"500\" \/>\n\t<meta property=\"og:image:height\" content=\"500\" \/>\n\t<meta property=\"og:image:type\" content=\"image\/png\" \/>\n<meta name=\"twitter:card\" content=\"summary_large_image\" \/>\n<script type=\"application\/ld+json\" class=\"yoast-schema-graph\">{\"@context\":\"https:\/\/schema.org\",\"@graph\":[{\"@type\":\"WebPage\",\"@id\":\"https:\/\/oud.alplift.com\/fr\/produit\/nacelle-vertical-awp-8\/\",\"url\":\"https:\/\/oud.alplift.com\/fr\/produit\/nacelle-vertical-awp-8\/\",\"name\":\"Nacelle vertical - AWP 8 | Alp Lift - mat\u00e9riel de levage\",\"isPartOf\":{\"@id\":\"https:\/\/oud.alplift.com\/fr\/#website\"},\"primaryImageOfPage\":{\"@id\":\"https:\/\/oud.alplift.com\/fr\/produit\/nacelle-vertical-awp-8\/#primaryimage\"},\"image\":{\"@id\":\"https:\/\/oud.alplift.com\/fr\/produit\/nacelle-vertical-awp-8\/#primaryimage\"},\"thumbnailUrl\":\"https:\/\/oud.alplift.com\/wp-content\/uploads\/2021\/01\/Telescoophoogwerker-AWP-8-1000-Dingli.png\",\"datePublished\":\"2016-09-12T09:06:24+00:00\",\"dateModified\":\"2021-10-25T10:57:08+00:00\",\"description\":\"La nacelle vertical AWP 8 est compacte, solide et conviviale. Alp Lift a la bonne plateforme pour soutenir vos performances \u00e0 toutes les hauteurs.\",\"breadcrumb\":{\"@id\":\"https:\/\/oud.alplift.com\/fr\/produit\/nacelle-vertical-awp-8\/#breadcrumb\"},\"inLanguage\":\"fr-FR\",\"potentialAction\":[{\"@type\":\"ReadAction\",\"target\":[\"https:\/\/oud.alplift.com\/fr\/produit\/nacelle-vertical-awp-8\/\"]}]},{\"@type\":\"ImageObject\",\"inLanguage\":\"fr-FR\",\"@id\":\"https:\/\/oud.alplift.com\/fr\/produit\/nacelle-vertical-awp-8\/#primaryimage\",\"url\":\"https:\/\/oud.alplift.com\/wp-content\/uploads\/2021\/01\/Telescoophoogwerker-AWP-8-1000-Dingli.png\",\"contentUrl\":\"https:\/\/oud.alplift.com\/wp-content\/uploads\/2021\/01\/Telescoophoogwerker-AWP-8-1000-Dingli.png\",\"width\":500,\"height\":500},{\"@type\":\"BreadcrumbList\",\"@id\":\"https:\/\/oud.alplift.com\/fr\/produit\/nacelle-vertical-awp-8\/#breadcrumb\",\"itemListElement\":[{\"@type\":\"ListItem\",\"position\":1,\"name\":\"Home\",\"item\":\"https:\/\/oud.alplift.com\/fr\/\"},{\"@type\":\"ListItem\",\"position\":2,\"name\":\"Winkel\",\"item\":\"https:\/\/oud.alplift.com\/winkel\/\"},{\"@type\":\"ListItem\",\"position\":3,\"name\":\"Nacelle vertical &#8211; AWP 8\"}]},{\"@type\":\"WebSite\",\"@id\":\"https:\/\/oud.alplift.com\/fr\/#website\",\"url\":\"https:\/\/oud.alplift.com\/fr\/\",\"name\":\"Alp Lift\",\"description\":\"Lifting Equipment\",\"potentialAction\":[{\"@type\":\"SearchAction\",\"target\":{\"@type\":\"EntryPoint\",\"urlTemplate\":\"https:\/\/oud.alplift.com\/fr\/?s={search_term_string}\"},\"query-input\":{\"@type\":\"PropertyValueSpecification\",\"valueRequired\":true,\"valueName\":\"search_term_string\"}}],\"inLanguage\":\"fr-FR\"}]}<\/script>\n<!-- \/ Yoast SEO plugin. -->","yoast_head_json":{"title":"Nacelle vertical - AWP 8 | Alp Lift - mat\u00e9riel de levage","description":"La nacelle vertical AWP 8 est compacte, solide et conviviale. Alp Lift a la bonne plateforme pour soutenir vos performances \u00e0 toutes les hauteurs.","robots":{"index":"noindex","follow":"follow","max-snippet":"max-snippet:-1","max-image-preview":"max-image-preview:large","max-video-preview":"max-video-preview:-1"},"og_locale":"fr_FR","og_type":"article","og_title":"Nacelle vertical - AWP 8 | Alp Lift - mat\u00e9riel de levage","og_description":"La nacelle vertical AWP 8 est compacte, solide et conviviale. Alp Lift a la bonne plateforme pour soutenir vos performances \u00e0 toutes les hauteurs.","og_url":"https:\/\/oud.alplift.com\/fr\/produit\/nacelle-vertical-awp-8\/","og_site_name":"Alp Lift","article_modified_time":"2021-10-25T10:57:08+00:00","og_image":[{"width":500,"height":500,"url":"https:\/\/oud.alplift.com\/wp-content\/uploads\/2021\/01\/Telescoophoogwerker-AWP-8-1000-Dingli.png","type":"image\/png"}],"twitter_card":"summary_large_image","schema":{"@context":"https:\/\/schema.org","@graph":[{"@type":"WebPage","@id":"https:\/\/oud.alplift.com\/fr\/produit\/nacelle-vertical-awp-8\/","url":"https:\/\/oud.alplift.com\/fr\/produit\/nacelle-vertical-awp-8\/","name":"Nacelle vertical - AWP 8 | Alp Lift - mat\u00e9riel de levage","isPartOf":{"@id":"https:\/\/oud.alplift.com\/fr\/#website"},"primaryImageOfPage":{"@id":"https:\/\/oud.alplift.com\/fr\/produit\/nacelle-vertical-awp-8\/#primaryimage"},"image":{"@id":"https:\/\/oud.alplift.com\/fr\/produit\/nacelle-vertical-awp-8\/#primaryimage"},"thumbnailUrl":"https:\/\/oud.alplift.com\/wp-content\/uploads\/2021\/01\/Telescoophoogwerker-AWP-8-1000-Dingli.png","datePublished":"2016-09-12T09:06:24+00:00","dateModified":"2021-10-25T10:57:08+00:00","description":"La nacelle vertical AWP 8 est compacte, solide et conviviale. Alp Lift a la bonne plateforme pour soutenir vos performances \u00e0 toutes les hauteurs.","breadcrumb":{"@id":"https:\/\/oud.alplift.com\/fr\/produit\/nacelle-vertical-awp-8\/#breadcrumb"},"inLanguage":"fr-FR","potentialAction":[{"@type":"ReadAction","target":["https:\/\/oud.alplift.com\/fr\/produit\/nacelle-vertical-awp-8\/"]}]},{"@type":"ImageObject","inLanguage":"fr-FR","@id":"https:\/\/oud.alplift.com\/fr\/produit\/nacelle-vertical-awp-8\/#primaryimage","url":"https:\/\/oud.alplift.com\/wp-content\/uploads\/2021\/01\/Telescoophoogwerker-AWP-8-1000-Dingli.png","contentUrl":"https:\/\/oud.alplift.com\/wp-content\/uploads\/2021\/01\/Telescoophoogwerker-AWP-8-1000-Dingli.png","width":500,"height":500},{"@type":"BreadcrumbList","@id":"https:\/\/oud.alplift.com\/fr\/produit\/nacelle-vertical-awp-8\/#breadcrumb","itemListElement":[{"@type":"ListItem","position":1,"name":"Home","item":"https:\/\/oud.alplift.com\/fr\/"},{"@type":"ListItem","position":2,"name":"Winkel","item":"https:\/\/oud.alplift.com\/winkel\/"},{"@type":"ListItem","position":3,"name":"Nacelle vertical &#8211; AWP 8"}]},{"@type":"WebSite","@id":"https:\/\/oud.alplift.com\/fr\/#website","url":"https:\/\/oud.alplift.com\/fr\/","name":"Alp Lift","description":"Lifting Equipment","potentialAction":[{"@type":"SearchAction","target":{"@type":"EntryPoint","urlTemplate":"https:\/\/oud.alplift.com\/fr\/?s={search_term_string}"},"query-input":{"@type":"PropertyValueSpecification","valueRequired":true,"valueName":"search_term_string"}}],"inLanguage":"fr-FR"}]}},"_links":{"self":[{"href":"https:\/\/oud.alplift.com\/fr\/wp-json\/wp\/v2\/product\/3148","targetHints":{"allow":["GET"]}}],"collection":[{"href":"https:\/\/oud.alplift.com\/fr\/wp-json\/wp\/v2\/product"}],"about":[{"href":"https:\/\/oud.alplift.com\/fr\/wp-json\/wp\/v2\/types\/product"}],"replies":[{"embeddable":true,"href":"https:\/\/oud.alplift.com\/fr\/wp-json\/wp\/v2\/comments?post=3148"}],"wp:featuredmedia":[{"embeddable":true,"href":"https:\/\/oud.alplift.com\/fr\/wp-json\/wp\/v2\/media\/2568"}],"wp:attachment":[{"href":"https:\/\/oud.alplift.com\/fr\/wp-json\/wp\/v2\/media?parent=3148"}],"wp:term":[{"taxonomy":"product_cat","embeddable":true,"href":"https:\/\/oud.alplift.com\/fr\/wp-json\/wp\/v2\/product_cat?post=3148"},{"taxonomy":"product_tag","embeddable":true,"href":"https:\/\/oud.alplift.com\/fr\/wp-json\/wp\/v2\/product_tag?post=3148"}],"curies":[{"name":"wp","href":"https:\/\/api.w.org\/{rel}","templated":true}]}}