
{"id":3147,"date":"2016-09-10T11:00:56","date_gmt":"2016-09-10T09:00:56","guid":{"rendered":"https:\/\/oud.alplift.com\/?post_type=product&#038;p=3147"},"modified":"2021-01-21T09:49:26","modified_gmt":"2021-01-21T08:49:26","slug":"nacelle-vertical-amwp8-1100","status":"publish","type":"product","link":"https:\/\/oud.alplift.com\/fr\/produit\/nacelle-vertical-amwp8-1100\/","title":{"rendered":"Nacelle vertical \u2013 AMWP8-1100"},"content":{"rendered":"<p>[table id=25 \/]<\/p>\n","protected":false},"excerpt":{"rendered":"<p>La nacelle vertical AMWP8-1100 est une nacelle t\u00e9lescopique autoport\u00e9e pour une personne avec roues avant \u00e0 entra\u00eenement \u00e9lectrique et dirigeables. Disponible avec une hauteur de travail de 8 et 9,5 m\u00e8tres (AMWP9.5-1100). Convient pour une utilisation en int\u00e9rieur, mobile \u00e0 pleine hauteur. Cette plateforme \u00e9l\u00e9vatrice est la solution id\u00e9ale pour effectuer tous vos travaux en hauteur en toute s\u00e9curit\u00e9 et avec efficacit\u00e9, m\u00eame sur de petites surfaces au sol.<\/p>\n<p><strong>Caract\u00e9ristiques techniques :<\/strong><\/p>\n<ul>\n<li>Hauteur de travail : 8 m\u00e8tres<\/li>\n<li>Capacit\u00e9 de levage : 125 kg<\/li>\n<li>Hauteur de la plateforme : 6,00 m\u00e8tres<\/li>\n<li>Dimensions de la plateforme : 0,78 \u00d7 0,70 m\u00e8tre<\/li>\n<li>Longueur : 1,41 m\u00e8tre<\/li>\n<li>Largeur : 0,76 m\u00e8tre<\/li>\n<li>Hauteur : 1,99 m\u00e8tre<\/li>\n<li>Poids : 1060 kg<\/li>\n<\/ul>\n","protected":false},"featured_media":2553,"comment_status":"closed","ping_status":"closed","template":"","meta":[],"product_cat":[154,182],"product_tag":[],"class_list":{"0":"post-3147","1":"product","2":"type-product","3":"status-publish","4":"has-post-thumbnail","6":"product_cat-nacelles-elevatrice","7":"product_cat-nacelles-verticale","9":"first","10":"instock","11":"shipping-taxable","12":"product-type-simple"},"yoast_head":"<!-- This site is optimized with the Yoast SEO plugin v24.0 - https:\/\/yoast.com\/wordpress\/plugins\/seo\/ -->\n<title>Nacelle vertical \u2013 AMWP8-1100<\/title>\n<meta name=\"description\" content=\"Nacelle \u00e9levatrice vertical AWP8-1100 de Dingli est compact, solide et convivial. En vente \u00e0 Alp Lift. Demander une qoute sans engagement.\" \/>\n<meta name=\"robots\" content=\"noindex, follow, max-snippet:-1, max-image-preview:large, max-video-preview:-1\" \/>\n<meta property=\"og:locale\" content=\"fr_FR\" \/>\n<meta property=\"og:type\" content=\"article\" \/>\n<meta property=\"og:title\" content=\"Nacelle vertical \u2013 AMWP8-1100\" \/>\n<meta property=\"og:description\" content=\"Nacelle \u00e9levatrice vertical AWP8-1100 de Dingli est compact, solide et convivial. En vente \u00e0 Alp Lift. Demander une qoute sans engagement.\" \/>\n<meta property=\"og:url\" content=\"https:\/\/oud.alplift.com\/fr\/produit\/nacelle-vertical-amwp8-1100\/\" \/>\n<meta property=\"og:site_name\" content=\"Alp Lift\" \/>\n<meta property=\"article:modified_time\" content=\"2021-01-21T08:49:26+00:00\" \/>\n<meta property=\"og:image\" content=\"https:\/\/oud.alplift.com\/wp-content\/uploads\/2021\/01\/Zelfrijdende-telescoophoogwerker-AMWP8-1100.png\" \/>\n\t<meta property=\"og:image:width\" content=\"500\" \/>\n\t<meta property=\"og:image:height\" content=\"500\" \/>\n\t<meta property=\"og:image:type\" content=\"image\/png\" \/>\n<meta name=\"twitter:card\" content=\"summary_large_image\" \/>\n<script type=\"application\/ld+json\" class=\"yoast-schema-graph\">{\"@context\":\"https:\/\/schema.org\",\"@graph\":[{\"@type\":\"WebPage\",\"@id\":\"https:\/\/oud.alplift.com\/fr\/produit\/nacelle-vertical-amwp8-1100\/\",\"url\":\"https:\/\/oud.alplift.com\/fr\/produit\/nacelle-vertical-amwp8-1100\/\",\"name\":\"Nacelle vertical \u2013 AMWP8-1100\",\"isPartOf\":{\"@id\":\"https:\/\/oud.alplift.com\/fr\/#website\"},\"primaryImageOfPage\":{\"@id\":\"https:\/\/oud.alplift.com\/fr\/produit\/nacelle-vertical-amwp8-1100\/#primaryimage\"},\"image\":{\"@id\":\"https:\/\/oud.alplift.com\/fr\/produit\/nacelle-vertical-amwp8-1100\/#primaryimage\"},\"thumbnailUrl\":\"https:\/\/oud.alplift.com\/wp-content\/uploads\/2021\/01\/Zelfrijdende-telescoophoogwerker-AMWP8-1100.png\",\"datePublished\":\"2016-09-10T09:00:56+00:00\",\"dateModified\":\"2021-01-21T08:49:26+00:00\",\"description\":\"Nacelle \u00e9levatrice vertical AWP8-1100 de Dingli est compact, solide et convivial. En vente \u00e0 Alp Lift. Demander une qoute sans engagement.\",\"breadcrumb\":{\"@id\":\"https:\/\/oud.alplift.com\/fr\/produit\/nacelle-vertical-amwp8-1100\/#breadcrumb\"},\"inLanguage\":\"fr-FR\",\"potentialAction\":[{\"@type\":\"ReadAction\",\"target\":[\"https:\/\/oud.alplift.com\/fr\/produit\/nacelle-vertical-amwp8-1100\/\"]}]},{\"@type\":\"ImageObject\",\"inLanguage\":\"fr-FR\",\"@id\":\"https:\/\/oud.alplift.com\/fr\/produit\/nacelle-vertical-amwp8-1100\/#primaryimage\",\"url\":\"https:\/\/oud.alplift.com\/wp-content\/uploads\/2021\/01\/Zelfrijdende-telescoophoogwerker-AMWP8-1100.png\",\"contentUrl\":\"https:\/\/oud.alplift.com\/wp-content\/uploads\/2021\/01\/Zelfrijdende-telescoophoogwerker-AMWP8-1100.png\",\"width\":500,\"height\":500},{\"@type\":\"BreadcrumbList\",\"@id\":\"https:\/\/oud.alplift.com\/fr\/produit\/nacelle-vertical-amwp8-1100\/#breadcrumb\",\"itemListElement\":[{\"@type\":\"ListItem\",\"position\":1,\"name\":\"Home\",\"item\":\"https:\/\/oud.alplift.com\/fr\/\"},{\"@type\":\"ListItem\",\"position\":2,\"name\":\"Winkel\",\"item\":\"https:\/\/oud.alplift.com\/winkel\/\"},{\"@type\":\"ListItem\",\"position\":3,\"name\":\"Nacelle vertical \u2013 AMWP8-1100\"}]},{\"@type\":\"WebSite\",\"@id\":\"https:\/\/oud.alplift.com\/fr\/#website\",\"url\":\"https:\/\/oud.alplift.com\/fr\/\",\"name\":\"Alp Lift\",\"description\":\"Lifting Equipment\",\"potentialAction\":[{\"@type\":\"SearchAction\",\"target\":{\"@type\":\"EntryPoint\",\"urlTemplate\":\"https:\/\/oud.alplift.com\/fr\/?s={search_term_string}\"},\"query-input\":{\"@type\":\"PropertyValueSpecification\",\"valueRequired\":true,\"valueName\":\"search_term_string\"}}],\"inLanguage\":\"fr-FR\"}]}<\/script>\n<!-- \/ Yoast SEO plugin. -->","yoast_head_json":{"title":"Nacelle vertical \u2013 AMWP8-1100","description":"Nacelle \u00e9levatrice vertical AWP8-1100 de Dingli est compact, solide et convivial. En vente \u00e0 Alp Lift. Demander une qoute sans engagement.","robots":{"index":"noindex","follow":"follow","max-snippet":"max-snippet:-1","max-image-preview":"max-image-preview:large","max-video-preview":"max-video-preview:-1"},"og_locale":"fr_FR","og_type":"article","og_title":"Nacelle vertical \u2013 AMWP8-1100","og_description":"Nacelle \u00e9levatrice vertical AWP8-1100 de Dingli est compact, solide et convivial. En vente \u00e0 Alp Lift. Demander une qoute sans engagement.","og_url":"https:\/\/oud.alplift.com\/fr\/produit\/nacelle-vertical-amwp8-1100\/","og_site_name":"Alp Lift","article_modified_time":"2021-01-21T08:49:26+00:00","og_image":[{"width":500,"height":500,"url":"https:\/\/oud.alplift.com\/wp-content\/uploads\/2021\/01\/Zelfrijdende-telescoophoogwerker-AMWP8-1100.png","type":"image\/png"}],"twitter_card":"summary_large_image","schema":{"@context":"https:\/\/schema.org","@graph":[{"@type":"WebPage","@id":"https:\/\/oud.alplift.com\/fr\/produit\/nacelle-vertical-amwp8-1100\/","url":"https:\/\/oud.alplift.com\/fr\/produit\/nacelle-vertical-amwp8-1100\/","name":"Nacelle vertical \u2013 AMWP8-1100","isPartOf":{"@id":"https:\/\/oud.alplift.com\/fr\/#website"},"primaryImageOfPage":{"@id":"https:\/\/oud.alplift.com\/fr\/produit\/nacelle-vertical-amwp8-1100\/#primaryimage"},"image":{"@id":"https:\/\/oud.alplift.com\/fr\/produit\/nacelle-vertical-amwp8-1100\/#primaryimage"},"thumbnailUrl":"https:\/\/oud.alplift.com\/wp-content\/uploads\/2021\/01\/Zelfrijdende-telescoophoogwerker-AMWP8-1100.png","datePublished":"2016-09-10T09:00:56+00:00","dateModified":"2021-01-21T08:49:26+00:00","description":"Nacelle \u00e9levatrice vertical AWP8-1100 de Dingli est compact, solide et convivial. En vente \u00e0 Alp Lift. Demander une qoute sans engagement.","breadcrumb":{"@id":"https:\/\/oud.alplift.com\/fr\/produit\/nacelle-vertical-amwp8-1100\/#breadcrumb"},"inLanguage":"fr-FR","potentialAction":[{"@type":"ReadAction","target":["https:\/\/oud.alplift.com\/fr\/produit\/nacelle-vertical-amwp8-1100\/"]}]},{"@type":"ImageObject","inLanguage":"fr-FR","@id":"https:\/\/oud.alplift.com\/fr\/produit\/nacelle-vertical-amwp8-1100\/#primaryimage","url":"https:\/\/oud.alplift.com\/wp-content\/uploads\/2021\/01\/Zelfrijdende-telescoophoogwerker-AMWP8-1100.png","contentUrl":"https:\/\/oud.alplift.com\/wp-content\/uploads\/2021\/01\/Zelfrijdende-telescoophoogwerker-AMWP8-1100.png","width":500,"height":500},{"@type":"BreadcrumbList","@id":"https:\/\/oud.alplift.com\/fr\/produit\/nacelle-vertical-amwp8-1100\/#breadcrumb","itemListElement":[{"@type":"ListItem","position":1,"name":"Home","item":"https:\/\/oud.alplift.com\/fr\/"},{"@type":"ListItem","position":2,"name":"Winkel","item":"https:\/\/oud.alplift.com\/winkel\/"},{"@type":"ListItem","position":3,"name":"Nacelle vertical \u2013 AMWP8-1100"}]},{"@type":"WebSite","@id":"https:\/\/oud.alplift.com\/fr\/#website","url":"https:\/\/oud.alplift.com\/fr\/","name":"Alp Lift","description":"Lifting Equipment","potentialAction":[{"@type":"SearchAction","target":{"@type":"EntryPoint","urlTemplate":"https:\/\/oud.alplift.com\/fr\/?s={search_term_string}"},"query-input":{"@type":"PropertyValueSpecification","valueRequired":true,"valueName":"search_term_string"}}],"inLanguage":"fr-FR"}]}},"_links":{"self":[{"href":"https:\/\/oud.alplift.com\/fr\/wp-json\/wp\/v2\/product\/3147","targetHints":{"allow":["GET"]}}],"collection":[{"href":"https:\/\/oud.alplift.com\/fr\/wp-json\/wp\/v2\/product"}],"about":[{"href":"https:\/\/oud.alplift.com\/fr\/wp-json\/wp\/v2\/types\/product"}],"replies":[{"embeddable":true,"href":"https:\/\/oud.alplift.com\/fr\/wp-json\/wp\/v2\/comments?post=3147"}],"wp:featuredmedia":[{"embeddable":true,"href":"https:\/\/oud.alplift.com\/fr\/wp-json\/wp\/v2\/media\/2553"}],"wp:attachment":[{"href":"https:\/\/oud.alplift.com\/fr\/wp-json\/wp\/v2\/media?parent=3147"}],"wp:term":[{"taxonomy":"product_cat","embeddable":true,"href":"https:\/\/oud.alplift.com\/fr\/wp-json\/wp\/v2\/product_cat?post=3147"},{"taxonomy":"product_tag","embeddable":true,"href":"https:\/\/oud.alplift.com\/fr\/wp-json\/wp\/v2\/product_tag?post=3147"}],"curies":[{"name":"wp","href":"https:\/\/api.w.org\/{rel}","templated":true}]}}