
{"id":3144,"date":"2016-11-30T13:04:46","date_gmt":"2016-11-30T12:04:46","guid":{"rendered":"https:\/\/oud.alplift.com\/?post_type=product&#038;p=3144"},"modified":"2021-01-21T09:49:12","modified_gmt":"2021-01-21T08:49:12","slug":"elevateur-a-ciseaux-jcpt2223rta","status":"publish","type":"product","link":"https:\/\/oud.alplift.com\/fr\/produit\/elevateur-a-ciseaux-jcpt2223rta\/","title":{"rendered":"\u00c9l\u00e9vateur \u00e0 ciseaux \u2013 JCPT2223RTA"},"content":{"rendered":"<p>[table id=24 \/]<\/p>\n","protected":false},"excerpt":{"rendered":"<p>Vous devez travailler sur un terrain accident\u00e9 et avez besoin d&rsquo;une grande plateforme et d&rsquo;une grande puissance de levage ? Le JCPT2223RTA de Dingli a une hauteur de travail allant jusqu&rsquo;\u00e0 22 m\u00e8tres et convient aux travaux plus lourds gr\u00e2ce \u00e0 sa capacit\u00e9 de levage de 750 kg et \u00e0 sa grande plateforme de travail qui peut m\u00eame \u00eatre \u00e9tendue. La grande plateforme de travail garantit une plus grande efficacit\u00e9 de travail. Les stabilisateurs hydrauliques sont auto-nivelants. Ce type d&rsquo;\u00e9l\u00e9vateur peut \u00eatre utilis\u00e9 sur des terrains accident\u00e9s.<\/p>\n<p><strong>Caract\u00e9ristiques techniques :<\/strong><\/p>\n<p>Hauteur de travail : 22,00 m\u00e8tres<br \/>\nCapacit\u00e9 de levage : 750 kg<br \/>\nHauteur de la plateforme : 20,00 m\u00e8tres<br \/>\nPlateforme pliante : 2,00 m\u00e8tres<br \/>\nDimensions de la plateforme : 4,35 \u00d7 1,85 m\u00e8tre<br \/>\nLongueur : 3,98 m\u00e8tre<br \/>\nLargeur : 4,80 m\u00e8tre<br \/>\nHauteur : 3,68\/2,84* m\u00e8tre<br \/>\nGradabilit\u00e9 : 30%<br \/>\nPoids : 12.040 kg<\/p>\n<p>* Main courante pli\u00e9e \/ repli\u00e9e<\/p>\n","protected":false},"featured_media":2783,"comment_status":"closed","ping_status":"closed","template":"","meta":[],"product_cat":[170,154],"product_tag":[],"class_list":{"0":"post-3144","1":"product","2":"type-product","3":"status-publish","4":"has-post-thumbnail","6":"product_cat-nacelles-ciseaux","7":"product_cat-nacelles-elevatrice","8":"pa_merk-dingli-fr","10":"first","11":"instock","12":"shipping-taxable","13":"product-type-simple"},"yoast_head":"<!-- This site is optimized with the Yoast SEO plugin v24.0 - https:\/\/yoast.com\/wordpress\/plugins\/seo\/ -->\n<title>\u00c9l\u00e9vateur \u00e0 ciseaux \u2013 JCPT2223RTA Alp Lift mat\u00e9riel de levage<\/title>\n<meta name=\"description\" content=\"\u00c9l\u00e9vateur \u00e0 ciseaux 4WD JCPT2223RTA de Dingli de grande capacit\u00e9. Id\u00e9al pour les travaux en ext\u00e9rieur sur terrain accident\u00e9. En vente \u00e0 Alp Lift. Demander une qoute en ligne.\" \/>\n<meta name=\"robots\" content=\"noindex, follow, max-snippet:-1, max-image-preview:large, max-video-preview:-1\" \/>\n<meta property=\"og:locale\" content=\"fr_FR\" \/>\n<meta property=\"og:type\" content=\"article\" \/>\n<meta property=\"og:title\" content=\"\u00c9l\u00e9vateur \u00e0 ciseaux \u2013 JCPT2223RTA Alp Lift mat\u00e9riel de levage\" \/>\n<meta property=\"og:description\" content=\"\u00c9l\u00e9vateur \u00e0 ciseaux 4WD JCPT2223RTA de Dingli de grande capacit\u00e9. Id\u00e9al pour les travaux en ext\u00e9rieur sur terrain accident\u00e9. En vente \u00e0 Alp Lift. Demander une qoute en ligne.\" \/>\n<meta property=\"og:url\" content=\"https:\/\/oud.alplift.com\/fr\/produit\/elevateur-a-ciseaux-jcpt2223rta\/\" \/>\n<meta property=\"og:site_name\" content=\"Alp Lift\" \/>\n<meta property=\"article:modified_time\" content=\"2021-01-21T08:49:12+00:00\" \/>\n<meta property=\"og:image\" content=\"https:\/\/oud.alplift.com\/wp-content\/uploads\/2021\/01\/Dingli-JCPT2223RT.png\" \/>\n\t<meta property=\"og:image:width\" content=\"500\" \/>\n\t<meta property=\"og:image:height\" content=\"500\" \/>\n\t<meta property=\"og:image:type\" content=\"image\/png\" \/>\n<meta name=\"twitter:card\" content=\"summary_large_image\" \/>\n<script type=\"application\/ld+json\" class=\"yoast-schema-graph\">{\"@context\":\"https:\/\/schema.org\",\"@graph\":[{\"@type\":\"WebPage\",\"@id\":\"https:\/\/oud.alplift.com\/fr\/produit\/elevateur-a-ciseaux-jcpt2223rta\/\",\"url\":\"https:\/\/oud.alplift.com\/fr\/produit\/elevateur-a-ciseaux-jcpt2223rta\/\",\"name\":\"\u00c9l\u00e9vateur \u00e0 ciseaux \u2013 JCPT2223RTA Alp Lift mat\u00e9riel de levage\",\"isPartOf\":{\"@id\":\"https:\/\/oud.alplift.com\/fr\/#website\"},\"primaryImageOfPage\":{\"@id\":\"https:\/\/oud.alplift.com\/fr\/produit\/elevateur-a-ciseaux-jcpt2223rta\/#primaryimage\"},\"image\":{\"@id\":\"https:\/\/oud.alplift.com\/fr\/produit\/elevateur-a-ciseaux-jcpt2223rta\/#primaryimage\"},\"thumbnailUrl\":\"https:\/\/oud.alplift.com\/wp-content\/uploads\/2021\/01\/Dingli-JCPT2223RT.png\",\"datePublished\":\"2016-11-30T12:04:46+00:00\",\"dateModified\":\"2021-01-21T08:49:12+00:00\",\"description\":\"\u00c9l\u00e9vateur \u00e0 ciseaux 4WD JCPT2223RTA de Dingli de grande capacit\u00e9. Id\u00e9al pour les travaux en ext\u00e9rieur sur terrain accident\u00e9. En vente \u00e0 Alp Lift. Demander une qoute en ligne.\",\"breadcrumb\":{\"@id\":\"https:\/\/oud.alplift.com\/fr\/produit\/elevateur-a-ciseaux-jcpt2223rta\/#breadcrumb\"},\"inLanguage\":\"fr-FR\",\"potentialAction\":[{\"@type\":\"ReadAction\",\"target\":[\"https:\/\/oud.alplift.com\/fr\/produit\/elevateur-a-ciseaux-jcpt2223rta\/\"]}]},{\"@type\":\"ImageObject\",\"inLanguage\":\"fr-FR\",\"@id\":\"https:\/\/oud.alplift.com\/fr\/produit\/elevateur-a-ciseaux-jcpt2223rta\/#primaryimage\",\"url\":\"https:\/\/oud.alplift.com\/wp-content\/uploads\/2021\/01\/Dingli-JCPT2223RT.png\",\"contentUrl\":\"https:\/\/oud.alplift.com\/wp-content\/uploads\/2021\/01\/Dingli-JCPT2223RT.png\",\"width\":500,\"height\":500},{\"@type\":\"BreadcrumbList\",\"@id\":\"https:\/\/oud.alplift.com\/fr\/produit\/elevateur-a-ciseaux-jcpt2223rta\/#breadcrumb\",\"itemListElement\":[{\"@type\":\"ListItem\",\"position\":1,\"name\":\"Home\",\"item\":\"https:\/\/oud.alplift.com\/fr\/\"},{\"@type\":\"ListItem\",\"position\":2,\"name\":\"Winkel\",\"item\":\"https:\/\/oud.alplift.com\/winkel\/\"},{\"@type\":\"ListItem\",\"position\":3,\"name\":\"\u00c9l\u00e9vateur \u00e0 ciseaux \u2013 JCPT2223RTA\"}]},{\"@type\":\"WebSite\",\"@id\":\"https:\/\/oud.alplift.com\/fr\/#website\",\"url\":\"https:\/\/oud.alplift.com\/fr\/\",\"name\":\"Alp Lift\",\"description\":\"Lifting Equipment\",\"potentialAction\":[{\"@type\":\"SearchAction\",\"target\":{\"@type\":\"EntryPoint\",\"urlTemplate\":\"https:\/\/oud.alplift.com\/fr\/?s={search_term_string}\"},\"query-input\":{\"@type\":\"PropertyValueSpecification\",\"valueRequired\":true,\"valueName\":\"search_term_string\"}}],\"inLanguage\":\"fr-FR\"}]}<\/script>\n<!-- \/ Yoast SEO plugin. -->","yoast_head_json":{"title":"\u00c9l\u00e9vateur \u00e0 ciseaux \u2013 JCPT2223RTA Alp Lift mat\u00e9riel de levage","description":"\u00c9l\u00e9vateur \u00e0 ciseaux 4WD JCPT2223RTA de Dingli de grande capacit\u00e9. Id\u00e9al pour les travaux en ext\u00e9rieur sur terrain accident\u00e9. En vente \u00e0 Alp Lift. Demander une qoute en ligne.","robots":{"index":"noindex","follow":"follow","max-snippet":"max-snippet:-1","max-image-preview":"max-image-preview:large","max-video-preview":"max-video-preview:-1"},"og_locale":"fr_FR","og_type":"article","og_title":"\u00c9l\u00e9vateur \u00e0 ciseaux \u2013 JCPT2223RTA Alp Lift mat\u00e9riel de levage","og_description":"\u00c9l\u00e9vateur \u00e0 ciseaux 4WD JCPT2223RTA de Dingli de grande capacit\u00e9. Id\u00e9al pour les travaux en ext\u00e9rieur sur terrain accident\u00e9. En vente \u00e0 Alp Lift. Demander une qoute en ligne.","og_url":"https:\/\/oud.alplift.com\/fr\/produit\/elevateur-a-ciseaux-jcpt2223rta\/","og_site_name":"Alp Lift","article_modified_time":"2021-01-21T08:49:12+00:00","og_image":[{"width":500,"height":500,"url":"https:\/\/oud.alplift.com\/wp-content\/uploads\/2021\/01\/Dingli-JCPT2223RT.png","type":"image\/png"}],"twitter_card":"summary_large_image","schema":{"@context":"https:\/\/schema.org","@graph":[{"@type":"WebPage","@id":"https:\/\/oud.alplift.com\/fr\/produit\/elevateur-a-ciseaux-jcpt2223rta\/","url":"https:\/\/oud.alplift.com\/fr\/produit\/elevateur-a-ciseaux-jcpt2223rta\/","name":"\u00c9l\u00e9vateur \u00e0 ciseaux \u2013 JCPT2223RTA Alp Lift mat\u00e9riel de levage","isPartOf":{"@id":"https:\/\/oud.alplift.com\/fr\/#website"},"primaryImageOfPage":{"@id":"https:\/\/oud.alplift.com\/fr\/produit\/elevateur-a-ciseaux-jcpt2223rta\/#primaryimage"},"image":{"@id":"https:\/\/oud.alplift.com\/fr\/produit\/elevateur-a-ciseaux-jcpt2223rta\/#primaryimage"},"thumbnailUrl":"https:\/\/oud.alplift.com\/wp-content\/uploads\/2021\/01\/Dingli-JCPT2223RT.png","datePublished":"2016-11-30T12:04:46+00:00","dateModified":"2021-01-21T08:49:12+00:00","description":"\u00c9l\u00e9vateur \u00e0 ciseaux 4WD JCPT2223RTA de Dingli de grande capacit\u00e9. Id\u00e9al pour les travaux en ext\u00e9rieur sur terrain accident\u00e9. En vente \u00e0 Alp Lift. Demander une qoute en ligne.","breadcrumb":{"@id":"https:\/\/oud.alplift.com\/fr\/produit\/elevateur-a-ciseaux-jcpt2223rta\/#breadcrumb"},"inLanguage":"fr-FR","potentialAction":[{"@type":"ReadAction","target":["https:\/\/oud.alplift.com\/fr\/produit\/elevateur-a-ciseaux-jcpt2223rta\/"]}]},{"@type":"ImageObject","inLanguage":"fr-FR","@id":"https:\/\/oud.alplift.com\/fr\/produit\/elevateur-a-ciseaux-jcpt2223rta\/#primaryimage","url":"https:\/\/oud.alplift.com\/wp-content\/uploads\/2021\/01\/Dingli-JCPT2223RT.png","contentUrl":"https:\/\/oud.alplift.com\/wp-content\/uploads\/2021\/01\/Dingli-JCPT2223RT.png","width":500,"height":500},{"@type":"BreadcrumbList","@id":"https:\/\/oud.alplift.com\/fr\/produit\/elevateur-a-ciseaux-jcpt2223rta\/#breadcrumb","itemListElement":[{"@type":"ListItem","position":1,"name":"Home","item":"https:\/\/oud.alplift.com\/fr\/"},{"@type":"ListItem","position":2,"name":"Winkel","item":"https:\/\/oud.alplift.com\/winkel\/"},{"@type":"ListItem","position":3,"name":"\u00c9l\u00e9vateur \u00e0 ciseaux \u2013 JCPT2223RTA"}]},{"@type":"WebSite","@id":"https:\/\/oud.alplift.com\/fr\/#website","url":"https:\/\/oud.alplift.com\/fr\/","name":"Alp Lift","description":"Lifting Equipment","potentialAction":[{"@type":"SearchAction","target":{"@type":"EntryPoint","urlTemplate":"https:\/\/oud.alplift.com\/fr\/?s={search_term_string}"},"query-input":{"@type":"PropertyValueSpecification","valueRequired":true,"valueName":"search_term_string"}}],"inLanguage":"fr-FR"}]}},"_links":{"self":[{"href":"https:\/\/oud.alplift.com\/fr\/wp-json\/wp\/v2\/product\/3144","targetHints":{"allow":["GET"]}}],"collection":[{"href":"https:\/\/oud.alplift.com\/fr\/wp-json\/wp\/v2\/product"}],"about":[{"href":"https:\/\/oud.alplift.com\/fr\/wp-json\/wp\/v2\/types\/product"}],"replies":[{"embeddable":true,"href":"https:\/\/oud.alplift.com\/fr\/wp-json\/wp\/v2\/comments?post=3144"}],"wp:featuredmedia":[{"embeddable":true,"href":"https:\/\/oud.alplift.com\/fr\/wp-json\/wp\/v2\/media\/2783"}],"wp:attachment":[{"href":"https:\/\/oud.alplift.com\/fr\/wp-json\/wp\/v2\/media?parent=3144"}],"wp:term":[{"taxonomy":"product_cat","embeddable":true,"href":"https:\/\/oud.alplift.com\/fr\/wp-json\/wp\/v2\/product_cat?post=3144"},{"taxonomy":"product_tag","embeddable":true,"href":"https:\/\/oud.alplift.com\/fr\/wp-json\/wp\/v2\/product_tag?post=3144"}],"curies":[{"name":"wp","href":"https:\/\/api.w.org\/{rel}","templated":true}]}}