
{"id":3142,"date":"2016-09-10T10:09:55","date_gmt":"2016-09-10T08:09:55","guid":{"rendered":"https:\/\/oud.alplift.com\/?post_type=product&#038;p=3142"},"modified":"2021-01-21T09:49:34","modified_gmt":"2021-01-21T08:49:34","slug":"lelevateur-a-ciseaux-4wd-jcpt1523rt","status":"publish","type":"product","link":"https:\/\/oud.alplift.com\/fr\/produit\/lelevateur-a-ciseaux-4wd-jcpt1523rt\/","title":{"rendered":"L&rsquo;\u00e9l\u00e9vateur \u00e0 ciseaux 4WD JCPT1523RT"},"content":{"rendered":"<p>[table id=24 \/]<\/p>\n","protected":false},"excerpt":{"rendered":"<p>L&rsquo;\u00e9l\u00e9vateur \u00e0 ciseaux 4 roues motrices JCPT1523RT de Dingli a une hauteur de travail allant jusqu&rsquo;\u00e0 18 m\u00e8tres et convient aux travaux plus lourds gr\u00e2ce \u00e0 sa capacit\u00e9 de levage de 680 kg et \u00e0 sa grande plateforme de travail qui peut m\u00eame \u00eatre \u00e9tendue. La grande plateforme de travail garantit une plus grande efficacit\u00e9 de travail. Les stabilisateurs hydrauliques sont auto-nivelants. Ce type d&rsquo;\u00e9l\u00e9vateur peut \u00eatre utilis\u00e9 sur des terrains accident\u00e9s.<\/p>\n<p><strong>Caract\u00e9ristiques techniques :<\/strong><\/p>\n<p>Hauteur de travail : 18,00 m\u00e8tres<br \/>\nCapacit\u00e9 de levage : 680 kg<br \/>\nHauteur de la plateforme : 16,00 m\u00e8tres<br \/>\nPlateforme pliante : 2,59 m\u00e8tres<br \/>\nDimensions de la plateforme : 3,98 \u00d7 1,83 m\u00e8tre<br \/>\nLongueur : 3,98 m\u00e8tre<br \/>\nLargeur : 2,27 m\u00e8tre<br \/>\nHauteur : 3,19\/2,49* m\u00e8tre<br \/>\nGradabilit\u00e9 : 40%<br \/>\nPoids : 8670 kg<\/p>\n<p>* Main courante pli\u00e9e \/ repli\u00e9e<\/p>\n","protected":false},"featured_media":2418,"comment_status":"closed","ping_status":"closed","template":"","meta":[],"product_cat":[170,154],"product_tag":[],"class_list":{"0":"post-3142","1":"product","2":"type-product","3":"status-publish","4":"has-post-thumbnail","6":"product_cat-nacelles-ciseaux","7":"product_cat-nacelles-elevatrice","8":"pa_merk-dingli-fr","10":"first","11":"instock","12":"shipping-taxable","13":"product-type-simple"},"yoast_head":"<!-- This site is optimized with the Yoast SEO plugin v24.0 - https:\/\/yoast.com\/wordpress\/plugins\/seo\/ -->\n<title>L&#039;\u00e9l\u00e9vateur \u00e0 ciseaux 4 roues motrices JCPT1523RT<\/title>\n<meta name=\"description\" content=\"\u00c9l\u00e9vateur \u00e0 ciseaux 4WD JCPT1823RT de Dingli de grande capacit\u00e9. Id\u00e9al pour les travaux en ext\u00e9rieur sur terrain accident\u00e9. En vente \u00e0 Alp Lift. Demander une qoute en ligne.\" \/>\n<meta name=\"robots\" content=\"noindex, follow, max-snippet:-1, max-image-preview:large, max-video-preview:-1\" \/>\n<meta property=\"og:locale\" content=\"fr_FR\" \/>\n<meta property=\"og:type\" content=\"article\" \/>\n<meta property=\"og:title\" content=\"L&#039;\u00e9l\u00e9vateur \u00e0 ciseaux 4 roues motrices JCPT1523RT\" \/>\n<meta property=\"og:description\" content=\"\u00c9l\u00e9vateur \u00e0 ciseaux 4WD JCPT1823RT de Dingli de grande capacit\u00e9. Id\u00e9al pour les travaux en ext\u00e9rieur sur terrain accident\u00e9. En vente \u00e0 Alp Lift. Demander une qoute en ligne.\" \/>\n<meta property=\"og:url\" content=\"https:\/\/oud.alplift.com\/fr\/produit\/lelevateur-a-ciseaux-4wd-jcpt1523rt\/\" \/>\n<meta property=\"og:site_name\" content=\"Alp Lift\" \/>\n<meta property=\"article:modified_time\" content=\"2021-01-21T08:49:34+00:00\" \/>\n<meta property=\"og:image\" content=\"https:\/\/oud.alplift.com\/wp-content\/uploads\/2021\/01\/20150604_102959_659.png\" \/>\n\t<meta property=\"og:image:width\" content=\"500\" \/>\n\t<meta property=\"og:image:height\" content=\"500\" \/>\n\t<meta property=\"og:image:type\" content=\"image\/png\" \/>\n<meta name=\"twitter:card\" content=\"summary_large_image\" \/>\n<script type=\"application\/ld+json\" class=\"yoast-schema-graph\">{\"@context\":\"https:\/\/schema.org\",\"@graph\":[{\"@type\":\"WebPage\",\"@id\":\"https:\/\/oud.alplift.com\/fr\/produit\/lelevateur-a-ciseaux-4wd-jcpt1523rt\/\",\"url\":\"https:\/\/oud.alplift.com\/fr\/produit\/lelevateur-a-ciseaux-4wd-jcpt1523rt\/\",\"name\":\"L'\u00e9l\u00e9vateur \u00e0 ciseaux 4 roues motrices JCPT1523RT\",\"isPartOf\":{\"@id\":\"https:\/\/oud.alplift.com\/fr\/#website\"},\"primaryImageOfPage\":{\"@id\":\"https:\/\/oud.alplift.com\/fr\/produit\/lelevateur-a-ciseaux-4wd-jcpt1523rt\/#primaryimage\"},\"image\":{\"@id\":\"https:\/\/oud.alplift.com\/fr\/produit\/lelevateur-a-ciseaux-4wd-jcpt1523rt\/#primaryimage\"},\"thumbnailUrl\":\"https:\/\/oud.alplift.com\/wp-content\/uploads\/2021\/01\/20150604_102959_659.png\",\"datePublished\":\"2016-09-10T08:09:55+00:00\",\"dateModified\":\"2021-01-21T08:49:34+00:00\",\"description\":\"\u00c9l\u00e9vateur \u00e0 ciseaux 4WD JCPT1823RT de Dingli de grande capacit\u00e9. Id\u00e9al pour les travaux en ext\u00e9rieur sur terrain accident\u00e9. En vente \u00e0 Alp Lift. Demander une qoute en ligne.\",\"breadcrumb\":{\"@id\":\"https:\/\/oud.alplift.com\/fr\/produit\/lelevateur-a-ciseaux-4wd-jcpt1523rt\/#breadcrumb\"},\"inLanguage\":\"fr-FR\",\"potentialAction\":[{\"@type\":\"ReadAction\",\"target\":[\"https:\/\/oud.alplift.com\/fr\/produit\/lelevateur-a-ciseaux-4wd-jcpt1523rt\/\"]}]},{\"@type\":\"ImageObject\",\"inLanguage\":\"fr-FR\",\"@id\":\"https:\/\/oud.alplift.com\/fr\/produit\/lelevateur-a-ciseaux-4wd-jcpt1523rt\/#primaryimage\",\"url\":\"https:\/\/oud.alplift.com\/wp-content\/uploads\/2021\/01\/20150604_102959_659.png\",\"contentUrl\":\"https:\/\/oud.alplift.com\/wp-content\/uploads\/2021\/01\/20150604_102959_659.png\",\"width\":500,\"height\":500},{\"@type\":\"BreadcrumbList\",\"@id\":\"https:\/\/oud.alplift.com\/fr\/produit\/lelevateur-a-ciseaux-4wd-jcpt1523rt\/#breadcrumb\",\"itemListElement\":[{\"@type\":\"ListItem\",\"position\":1,\"name\":\"Home\",\"item\":\"https:\/\/oud.alplift.com\/fr\/\"},{\"@type\":\"ListItem\",\"position\":2,\"name\":\"Winkel\",\"item\":\"https:\/\/oud.alplift.com\/winkel\/\"},{\"@type\":\"ListItem\",\"position\":3,\"name\":\"L&rsquo;\u00e9l\u00e9vateur \u00e0 ciseaux 4WD JCPT1523RT\"}]},{\"@type\":\"WebSite\",\"@id\":\"https:\/\/oud.alplift.com\/fr\/#website\",\"url\":\"https:\/\/oud.alplift.com\/fr\/\",\"name\":\"Alp Lift\",\"description\":\"Lifting Equipment\",\"potentialAction\":[{\"@type\":\"SearchAction\",\"target\":{\"@type\":\"EntryPoint\",\"urlTemplate\":\"https:\/\/oud.alplift.com\/fr\/?s={search_term_string}\"},\"query-input\":{\"@type\":\"PropertyValueSpecification\",\"valueRequired\":true,\"valueName\":\"search_term_string\"}}],\"inLanguage\":\"fr-FR\"}]}<\/script>\n<!-- \/ Yoast SEO plugin. -->","yoast_head_json":{"title":"L'\u00e9l\u00e9vateur \u00e0 ciseaux 4 roues motrices JCPT1523RT","description":"\u00c9l\u00e9vateur \u00e0 ciseaux 4WD JCPT1823RT de Dingli de grande capacit\u00e9. Id\u00e9al pour les travaux en ext\u00e9rieur sur terrain accident\u00e9. En vente \u00e0 Alp Lift. Demander une qoute en ligne.","robots":{"index":"noindex","follow":"follow","max-snippet":"max-snippet:-1","max-image-preview":"max-image-preview:large","max-video-preview":"max-video-preview:-1"},"og_locale":"fr_FR","og_type":"article","og_title":"L'\u00e9l\u00e9vateur \u00e0 ciseaux 4 roues motrices JCPT1523RT","og_description":"\u00c9l\u00e9vateur \u00e0 ciseaux 4WD JCPT1823RT de Dingli de grande capacit\u00e9. Id\u00e9al pour les travaux en ext\u00e9rieur sur terrain accident\u00e9. En vente \u00e0 Alp Lift. Demander une qoute en ligne.","og_url":"https:\/\/oud.alplift.com\/fr\/produit\/lelevateur-a-ciseaux-4wd-jcpt1523rt\/","og_site_name":"Alp Lift","article_modified_time":"2021-01-21T08:49:34+00:00","og_image":[{"width":500,"height":500,"url":"https:\/\/oud.alplift.com\/wp-content\/uploads\/2021\/01\/20150604_102959_659.png","type":"image\/png"}],"twitter_card":"summary_large_image","schema":{"@context":"https:\/\/schema.org","@graph":[{"@type":"WebPage","@id":"https:\/\/oud.alplift.com\/fr\/produit\/lelevateur-a-ciseaux-4wd-jcpt1523rt\/","url":"https:\/\/oud.alplift.com\/fr\/produit\/lelevateur-a-ciseaux-4wd-jcpt1523rt\/","name":"L'\u00e9l\u00e9vateur \u00e0 ciseaux 4 roues motrices JCPT1523RT","isPartOf":{"@id":"https:\/\/oud.alplift.com\/fr\/#website"},"primaryImageOfPage":{"@id":"https:\/\/oud.alplift.com\/fr\/produit\/lelevateur-a-ciseaux-4wd-jcpt1523rt\/#primaryimage"},"image":{"@id":"https:\/\/oud.alplift.com\/fr\/produit\/lelevateur-a-ciseaux-4wd-jcpt1523rt\/#primaryimage"},"thumbnailUrl":"https:\/\/oud.alplift.com\/wp-content\/uploads\/2021\/01\/20150604_102959_659.png","datePublished":"2016-09-10T08:09:55+00:00","dateModified":"2021-01-21T08:49:34+00:00","description":"\u00c9l\u00e9vateur \u00e0 ciseaux 4WD JCPT1823RT de Dingli de grande capacit\u00e9. Id\u00e9al pour les travaux en ext\u00e9rieur sur terrain accident\u00e9. En vente \u00e0 Alp Lift. Demander une qoute en ligne.","breadcrumb":{"@id":"https:\/\/oud.alplift.com\/fr\/produit\/lelevateur-a-ciseaux-4wd-jcpt1523rt\/#breadcrumb"},"inLanguage":"fr-FR","potentialAction":[{"@type":"ReadAction","target":["https:\/\/oud.alplift.com\/fr\/produit\/lelevateur-a-ciseaux-4wd-jcpt1523rt\/"]}]},{"@type":"ImageObject","inLanguage":"fr-FR","@id":"https:\/\/oud.alplift.com\/fr\/produit\/lelevateur-a-ciseaux-4wd-jcpt1523rt\/#primaryimage","url":"https:\/\/oud.alplift.com\/wp-content\/uploads\/2021\/01\/20150604_102959_659.png","contentUrl":"https:\/\/oud.alplift.com\/wp-content\/uploads\/2021\/01\/20150604_102959_659.png","width":500,"height":500},{"@type":"BreadcrumbList","@id":"https:\/\/oud.alplift.com\/fr\/produit\/lelevateur-a-ciseaux-4wd-jcpt1523rt\/#breadcrumb","itemListElement":[{"@type":"ListItem","position":1,"name":"Home","item":"https:\/\/oud.alplift.com\/fr\/"},{"@type":"ListItem","position":2,"name":"Winkel","item":"https:\/\/oud.alplift.com\/winkel\/"},{"@type":"ListItem","position":3,"name":"L&rsquo;\u00e9l\u00e9vateur \u00e0 ciseaux 4WD JCPT1523RT"}]},{"@type":"WebSite","@id":"https:\/\/oud.alplift.com\/fr\/#website","url":"https:\/\/oud.alplift.com\/fr\/","name":"Alp Lift","description":"Lifting Equipment","potentialAction":[{"@type":"SearchAction","target":{"@type":"EntryPoint","urlTemplate":"https:\/\/oud.alplift.com\/fr\/?s={search_term_string}"},"query-input":{"@type":"PropertyValueSpecification","valueRequired":true,"valueName":"search_term_string"}}],"inLanguage":"fr-FR"}]}},"_links":{"self":[{"href":"https:\/\/oud.alplift.com\/fr\/wp-json\/wp\/v2\/product\/3142","targetHints":{"allow":["GET"]}}],"collection":[{"href":"https:\/\/oud.alplift.com\/fr\/wp-json\/wp\/v2\/product"}],"about":[{"href":"https:\/\/oud.alplift.com\/fr\/wp-json\/wp\/v2\/types\/product"}],"replies":[{"embeddable":true,"href":"https:\/\/oud.alplift.com\/fr\/wp-json\/wp\/v2\/comments?post=3142"}],"wp:featuredmedia":[{"embeddable":true,"href":"https:\/\/oud.alplift.com\/fr\/wp-json\/wp\/v2\/media\/2418"}],"wp:attachment":[{"href":"https:\/\/oud.alplift.com\/fr\/wp-json\/wp\/v2\/media?parent=3142"}],"wp:term":[{"taxonomy":"product_cat","embeddable":true,"href":"https:\/\/oud.alplift.com\/fr\/wp-json\/wp\/v2\/product_cat?post=3142"},{"taxonomy":"product_tag","embeddable":true,"href":"https:\/\/oud.alplift.com\/fr\/wp-json\/wp\/v2\/product_tag?post=3142"}],"curies":[{"name":"wp","href":"https:\/\/api.w.org\/{rel}","templated":true}]}}