
{"id":3140,"date":"2016-09-10T10:22:24","date_gmt":"2016-09-10T08:22:24","guid":{"rendered":"https:\/\/oud.alplift.com\/?post_type=product&#038;p=3140"},"modified":"2021-01-21T09:49:32","modified_gmt":"2021-01-21T08:49:32","slug":"lelevateur-a-ciseaux-jcpt1412","status":"publish","type":"product","link":"https:\/\/oud.alplift.com\/fr\/produit\/lelevateur-a-ciseaux-jcpt1412\/","title":{"rendered":"L&rsquo;\u00e9l\u00e9vateur \u00e0 ciseaux JCPT1412"},"content":{"rendered":"<p>[table id=24 \/]<\/p>\n","protected":false},"excerpt":{"rendered":"<p>L&rsquo;\u00e9l\u00e9vateur \u00e0 ciseaux JCPT1412 avec entra\u00eenement hydraulique (JCPT1412HD) ou \u00e9lectrique (JCPT1412DC) avec une hauteur de travail de 14,00 m\u00e8tres est robuste et ergonomique. Cette machine est peu bruyante et non polluante. Convient \u00e0 tous les types d&rsquo;environnements de travail. Les rampes peuvent \u00eatre repli\u00e9es, ce qui est pratique pour le rangement, le transport et la traction \u00e0 travers les portes et les \u00e9l\u00e9vateurs standard.<\/p>\n<p>Gr\u00e2ce \u00e0 l&rsquo;entra\u00eenement \u00e9lectrique, cette plateforme peut travailler de longues heures, ce qui la rend tr\u00e8s populaire aupr\u00e8s des soci\u00e9t\u00e9s de location.<\/p>\n<p><strong>Caract\u00e9ristiques techniques :<\/strong><\/p>\n<p>Hauteur de travail : 13,80 m\u00e8tres<br \/>\nCapacit\u00e9 de levage : 250 kg<br \/>\nHauteur de la plateforme : 11,80 m\u00e8tres<br \/>\nPlateforme pliante : 0,90 m\u00e8tres<br \/>\nDimensions de la plateforme : 2,27 \u00d7 1,12 m\u00e8tre<\/p>\n<p>Longueur : 2,48 m\u00e8tre<br \/>\nLargeur : 1,15 m\u00e8tre<br \/>\nHauteur : 2,59\/2,17* m\u00e8tre<br \/>\nGradabilit\u00e9 : 25%<br \/>\nPoids : 2760 kg<\/p>\n<p>* Main courante pli\u00e9e \/ repli\u00e9e<\/p>\n","protected":false},"featured_media":2433,"comment_status":"closed","ping_status":"closed","template":"","meta":[],"product_cat":[170,154],"product_tag":[],"class_list":{"0":"post-3140","1":"product","2":"type-product","3":"status-publish","4":"has-post-thumbnail","6":"product_cat-nacelles-ciseaux","7":"product_cat-nacelles-elevatrice","8":"pa_merk-dingli-fr","10":"first","11":"instock","12":"shipping-taxable","13":"product-type-simple"},"yoast_head":"<!-- This site is optimized with the Yoast SEO plugin v24.0 - https:\/\/yoast.com\/wordpress\/plugins\/seo\/ -->\n<title>L&#039;\u00e9l\u00e9vateur \u00e0 ciseaux JCPT1412 Alp Lift mat\u00e9riel de levage<\/title>\n<meta name=\"description\" content=\"L&#039;\u00e9l\u00e9vateur \u00e0 ciseaux JCPT1412 de Dingli est disponible avec entra\u00eenement hydraulique ou \u00e9lectrique. En vente \u00e0 Alp Lift. Demandez une qoute en ligne sans engagement.\" \/>\n<meta name=\"robots\" content=\"noindex, follow, max-snippet:-1, max-image-preview:large, max-video-preview:-1\" \/>\n<meta property=\"og:locale\" content=\"fr_FR\" \/>\n<meta property=\"og:type\" content=\"article\" \/>\n<meta property=\"og:title\" content=\"L&#039;\u00e9l\u00e9vateur \u00e0 ciseaux JCPT1412 Alp Lift mat\u00e9riel de levage\" \/>\n<meta property=\"og:description\" content=\"L&#039;\u00e9l\u00e9vateur \u00e0 ciseaux JCPT1412 de Dingli est disponible avec entra\u00eenement hydraulique ou \u00e9lectrique. En vente \u00e0 Alp Lift. Demandez une qoute en ligne sans engagement.\" \/>\n<meta property=\"og:url\" content=\"https:\/\/oud.alplift.com\/fr\/produit\/lelevateur-a-ciseaux-jcpt1412\/\" \/>\n<meta property=\"og:site_name\" content=\"Alp Lift\" \/>\n<meta property=\"article:modified_time\" content=\"2021-01-21T08:49:32+00:00\" \/>\n<meta property=\"og:image\" content=\"https:\/\/oud.alplift.com\/wp-content\/uploads\/2021\/01\/Schaarhoogwerker-JCPT1412DC-Dingli.png\" \/>\n\t<meta property=\"og:image:width\" content=\"500\" \/>\n\t<meta property=\"og:image:height\" content=\"500\" \/>\n\t<meta property=\"og:image:type\" content=\"image\/png\" \/>\n<meta name=\"twitter:card\" content=\"summary_large_image\" \/>\n<script type=\"application\/ld+json\" class=\"yoast-schema-graph\">{\"@context\":\"https:\/\/schema.org\",\"@graph\":[{\"@type\":\"WebPage\",\"@id\":\"https:\/\/oud.alplift.com\/fr\/produit\/lelevateur-a-ciseaux-jcpt1412\/\",\"url\":\"https:\/\/oud.alplift.com\/fr\/produit\/lelevateur-a-ciseaux-jcpt1412\/\",\"name\":\"L'\u00e9l\u00e9vateur \u00e0 ciseaux JCPT1412 Alp Lift mat\u00e9riel de levage\",\"isPartOf\":{\"@id\":\"https:\/\/oud.alplift.com\/fr\/#website\"},\"primaryImageOfPage\":{\"@id\":\"https:\/\/oud.alplift.com\/fr\/produit\/lelevateur-a-ciseaux-jcpt1412\/#primaryimage\"},\"image\":{\"@id\":\"https:\/\/oud.alplift.com\/fr\/produit\/lelevateur-a-ciseaux-jcpt1412\/#primaryimage\"},\"thumbnailUrl\":\"https:\/\/oud.alplift.com\/wp-content\/uploads\/2021\/01\/Schaarhoogwerker-JCPT1412DC-Dingli.png\",\"datePublished\":\"2016-09-10T08:22:24+00:00\",\"dateModified\":\"2021-01-21T08:49:32+00:00\",\"description\":\"L'\u00e9l\u00e9vateur \u00e0 ciseaux JCPT1412 de Dingli est disponible avec entra\u00eenement hydraulique ou \u00e9lectrique. En vente \u00e0 Alp Lift. Demandez une qoute en ligne sans engagement.\",\"breadcrumb\":{\"@id\":\"https:\/\/oud.alplift.com\/fr\/produit\/lelevateur-a-ciseaux-jcpt1412\/#breadcrumb\"},\"inLanguage\":\"fr-FR\",\"potentialAction\":[{\"@type\":\"ReadAction\",\"target\":[\"https:\/\/oud.alplift.com\/fr\/produit\/lelevateur-a-ciseaux-jcpt1412\/\"]}]},{\"@type\":\"ImageObject\",\"inLanguage\":\"fr-FR\",\"@id\":\"https:\/\/oud.alplift.com\/fr\/produit\/lelevateur-a-ciseaux-jcpt1412\/#primaryimage\",\"url\":\"https:\/\/oud.alplift.com\/wp-content\/uploads\/2021\/01\/Schaarhoogwerker-JCPT1412DC-Dingli.png\",\"contentUrl\":\"https:\/\/oud.alplift.com\/wp-content\/uploads\/2021\/01\/Schaarhoogwerker-JCPT1412DC-Dingli.png\",\"width\":500,\"height\":500},{\"@type\":\"BreadcrumbList\",\"@id\":\"https:\/\/oud.alplift.com\/fr\/produit\/lelevateur-a-ciseaux-jcpt1412\/#breadcrumb\",\"itemListElement\":[{\"@type\":\"ListItem\",\"position\":1,\"name\":\"Home\",\"item\":\"https:\/\/oud.alplift.com\/fr\/\"},{\"@type\":\"ListItem\",\"position\":2,\"name\":\"Winkel\",\"item\":\"https:\/\/oud.alplift.com\/winkel\/\"},{\"@type\":\"ListItem\",\"position\":3,\"name\":\"L&rsquo;\u00e9l\u00e9vateur \u00e0 ciseaux JCPT1412\"}]},{\"@type\":\"WebSite\",\"@id\":\"https:\/\/oud.alplift.com\/fr\/#website\",\"url\":\"https:\/\/oud.alplift.com\/fr\/\",\"name\":\"Alp Lift\",\"description\":\"Lifting Equipment\",\"potentialAction\":[{\"@type\":\"SearchAction\",\"target\":{\"@type\":\"EntryPoint\",\"urlTemplate\":\"https:\/\/oud.alplift.com\/fr\/?s={search_term_string}\"},\"query-input\":{\"@type\":\"PropertyValueSpecification\",\"valueRequired\":true,\"valueName\":\"search_term_string\"}}],\"inLanguage\":\"fr-FR\"}]}<\/script>\n<!-- \/ Yoast SEO plugin. -->","yoast_head_json":{"title":"L'\u00e9l\u00e9vateur \u00e0 ciseaux JCPT1412 Alp Lift mat\u00e9riel de levage","description":"L'\u00e9l\u00e9vateur \u00e0 ciseaux JCPT1412 de Dingli est disponible avec entra\u00eenement hydraulique ou \u00e9lectrique. En vente \u00e0 Alp Lift. Demandez une qoute en ligne sans engagement.","robots":{"index":"noindex","follow":"follow","max-snippet":"max-snippet:-1","max-image-preview":"max-image-preview:large","max-video-preview":"max-video-preview:-1"},"og_locale":"fr_FR","og_type":"article","og_title":"L'\u00e9l\u00e9vateur \u00e0 ciseaux JCPT1412 Alp Lift mat\u00e9riel de levage","og_description":"L'\u00e9l\u00e9vateur \u00e0 ciseaux JCPT1412 de Dingli est disponible avec entra\u00eenement hydraulique ou \u00e9lectrique. En vente \u00e0 Alp Lift. Demandez une qoute en ligne sans engagement.","og_url":"https:\/\/oud.alplift.com\/fr\/produit\/lelevateur-a-ciseaux-jcpt1412\/","og_site_name":"Alp Lift","article_modified_time":"2021-01-21T08:49:32+00:00","og_image":[{"width":500,"height":500,"url":"https:\/\/oud.alplift.com\/wp-content\/uploads\/2021\/01\/Schaarhoogwerker-JCPT1412DC-Dingli.png","type":"image\/png"}],"twitter_card":"summary_large_image","schema":{"@context":"https:\/\/schema.org","@graph":[{"@type":"WebPage","@id":"https:\/\/oud.alplift.com\/fr\/produit\/lelevateur-a-ciseaux-jcpt1412\/","url":"https:\/\/oud.alplift.com\/fr\/produit\/lelevateur-a-ciseaux-jcpt1412\/","name":"L'\u00e9l\u00e9vateur \u00e0 ciseaux JCPT1412 Alp Lift mat\u00e9riel de levage","isPartOf":{"@id":"https:\/\/oud.alplift.com\/fr\/#website"},"primaryImageOfPage":{"@id":"https:\/\/oud.alplift.com\/fr\/produit\/lelevateur-a-ciseaux-jcpt1412\/#primaryimage"},"image":{"@id":"https:\/\/oud.alplift.com\/fr\/produit\/lelevateur-a-ciseaux-jcpt1412\/#primaryimage"},"thumbnailUrl":"https:\/\/oud.alplift.com\/wp-content\/uploads\/2021\/01\/Schaarhoogwerker-JCPT1412DC-Dingli.png","datePublished":"2016-09-10T08:22:24+00:00","dateModified":"2021-01-21T08:49:32+00:00","description":"L'\u00e9l\u00e9vateur \u00e0 ciseaux JCPT1412 de Dingli est disponible avec entra\u00eenement hydraulique ou \u00e9lectrique. En vente \u00e0 Alp Lift. Demandez une qoute en ligne sans engagement.","breadcrumb":{"@id":"https:\/\/oud.alplift.com\/fr\/produit\/lelevateur-a-ciseaux-jcpt1412\/#breadcrumb"},"inLanguage":"fr-FR","potentialAction":[{"@type":"ReadAction","target":["https:\/\/oud.alplift.com\/fr\/produit\/lelevateur-a-ciseaux-jcpt1412\/"]}]},{"@type":"ImageObject","inLanguage":"fr-FR","@id":"https:\/\/oud.alplift.com\/fr\/produit\/lelevateur-a-ciseaux-jcpt1412\/#primaryimage","url":"https:\/\/oud.alplift.com\/wp-content\/uploads\/2021\/01\/Schaarhoogwerker-JCPT1412DC-Dingli.png","contentUrl":"https:\/\/oud.alplift.com\/wp-content\/uploads\/2021\/01\/Schaarhoogwerker-JCPT1412DC-Dingli.png","width":500,"height":500},{"@type":"BreadcrumbList","@id":"https:\/\/oud.alplift.com\/fr\/produit\/lelevateur-a-ciseaux-jcpt1412\/#breadcrumb","itemListElement":[{"@type":"ListItem","position":1,"name":"Home","item":"https:\/\/oud.alplift.com\/fr\/"},{"@type":"ListItem","position":2,"name":"Winkel","item":"https:\/\/oud.alplift.com\/winkel\/"},{"@type":"ListItem","position":3,"name":"L&rsquo;\u00e9l\u00e9vateur \u00e0 ciseaux JCPT1412"}]},{"@type":"WebSite","@id":"https:\/\/oud.alplift.com\/fr\/#website","url":"https:\/\/oud.alplift.com\/fr\/","name":"Alp Lift","description":"Lifting Equipment","potentialAction":[{"@type":"SearchAction","target":{"@type":"EntryPoint","urlTemplate":"https:\/\/oud.alplift.com\/fr\/?s={search_term_string}"},"query-input":{"@type":"PropertyValueSpecification","valueRequired":true,"valueName":"search_term_string"}}],"inLanguage":"fr-FR"}]}},"_links":{"self":[{"href":"https:\/\/oud.alplift.com\/fr\/wp-json\/wp\/v2\/product\/3140","targetHints":{"allow":["GET"]}}],"collection":[{"href":"https:\/\/oud.alplift.com\/fr\/wp-json\/wp\/v2\/product"}],"about":[{"href":"https:\/\/oud.alplift.com\/fr\/wp-json\/wp\/v2\/types\/product"}],"replies":[{"embeddable":true,"href":"https:\/\/oud.alplift.com\/fr\/wp-json\/wp\/v2\/comments?post=3140"}],"wp:featuredmedia":[{"embeddable":true,"href":"https:\/\/oud.alplift.com\/fr\/wp-json\/wp\/v2\/media\/2433"}],"wp:attachment":[{"href":"https:\/\/oud.alplift.com\/fr\/wp-json\/wp\/v2\/media?parent=3140"}],"wp:term":[{"taxonomy":"product_cat","embeddable":true,"href":"https:\/\/oud.alplift.com\/fr\/wp-json\/wp\/v2\/product_cat?post=3140"},{"taxonomy":"product_tag","embeddable":true,"href":"https:\/\/oud.alplift.com\/fr\/wp-json\/wp\/v2\/product_tag?post=3140"}],"curies":[{"name":"wp","href":"https:\/\/api.w.org\/{rel}","templated":true}]}}