
{"id":3134,"date":"2016-09-10T10:26:13","date_gmt":"2016-09-10T08:26:13","guid":{"rendered":"https:\/\/oud.alplift.com\/?post_type=product&#038;p=3134"},"modified":"2021-01-21T09:49:29","modified_gmt":"2021-01-21T08:49:29","slug":"elevateur-a-ciseaux-jcpt0607dcs","status":"publish","type":"product","link":"https:\/\/oud.alplift.com\/fr\/produit\/elevateur-a-ciseaux-jcpt0607dcs\/","title":{"rendered":"\u00c9l\u00e9vateur \u00e0 ciseaux \u2013 JCPT0607DCS"},"content":{"rendered":"","protected":false},"excerpt":{"rendered":"<p>\u00c9l\u00e9vateur \u00e9lectrique \u00e0 ciseaux JCPT0607DCS avec une hauteur de travail de 5,90 m\u00e8tres. Cette machine compacte et mobile est facile \u00e0 d\u00e9placer vous-m\u00eame ou avec un chariot \u00e9l\u00e9vateur. Les rampes peuvent \u00eatre repli\u00e9es, ce qui est pratique pour le rangement, le transport et la traction \u00e0 travers les portes et les \u00e9l\u00e9vateurs standard. Gr\u00e2ce \u00e0 l&rsquo;entra\u00eenement \u00e9lectrique, cette plateforme est silencieuse et non polluante. Le faible rayon de braquage am\u00e9liore les performances d&rsquo;entra\u00eenement dans les espaces \u00e9troits. La plateforme peut \u00eatre \u00e9tendue, ce qui vous donne un espace de travail suppl\u00e9mentaire.<\/p>\n<p><strong>Caract\u00e9ristiques techniques :<\/strong><\/p>\n<ul>\n<li>Hauteur de travail : 5,60 m\u00e8tres<\/li>\n<li>Capacit\u00e9 de levage : 240 kg<\/li>\n<li>Hauteur de la plateforme : 3,90 m\u00e8tres<\/li>\n<li>Dimensions de la plateforme : 1,29 \u00d7 0,70 m\u00e8tre<\/li>\n<li>Longueur : 1,29 m\u00e8tre<\/li>\n<li>Largeur : 0,76 m\u00e8tre<\/li>\n<li>Hauteur : 2,03\/1,67 m\u00e8tre*<\/li>\n<li>Poids : 880 kg<\/li>\n<li>Gradabilit\u00e9 : 25% kg<\/li>\n<\/ul>\n<p>* Mains courantes pli\u00e9es \/ pli\u00e9es<\/p>\n","protected":false},"featured_media":2453,"comment_status":"closed","ping_status":"closed","template":"","meta":[],"product_cat":[170,154],"product_tag":[],"class_list":{"0":"post-3134","1":"product","2":"type-product","3":"status-publish","4":"has-post-thumbnail","6":"product_cat-nacelles-ciseaux","7":"product_cat-nacelles-elevatrice","8":"pa_merk-dingli-fr","10":"first","11":"instock","12":"shipping-taxable","13":"product-type-simple"},"yoast_head":"<!-- This site is optimized with the Yoast SEO plugin v24.0 - https:\/\/yoast.com\/wordpress\/plugins\/seo\/ -->\n<title>\u00c9l\u00e9vateur \u00e0 ciseaux \u2013 JCPT0607DCS<\/title>\n<meta name=\"description\" content=\"L&#039;\u00e9l\u00e9vateur \u00e0 ciseaux JCPT0607DCS de Dingli est robuste, compact et convivial. En vente \u00e0 Alp Lift. Demandez une qoute en ligne sans engagement.\" \/>\n<meta name=\"robots\" content=\"noindex, follow, max-snippet:-1, max-image-preview:large, max-video-preview:-1\" \/>\n<meta property=\"og:locale\" content=\"fr_FR\" \/>\n<meta property=\"og:type\" content=\"article\" \/>\n<meta property=\"og:title\" content=\"\u00c9l\u00e9vateur \u00e0 ciseaux \u2013 JCPT0607DCS\" \/>\n<meta property=\"og:description\" content=\"L&#039;\u00e9l\u00e9vateur \u00e0 ciseaux JCPT0607DCS de Dingli est robuste, compact et convivial. En vente \u00e0 Alp Lift. Demandez une qoute en ligne sans engagement.\" \/>\n<meta property=\"og:url\" content=\"https:\/\/oud.alplift.com\/fr\/produit\/elevateur-a-ciseaux-jcpt0607dcs\/\" \/>\n<meta property=\"og:site_name\" content=\"Alp Lift\" \/>\n<meta property=\"article:modified_time\" content=\"2021-01-21T08:49:29+00:00\" \/>\n<meta property=\"og:image\" content=\"https:\/\/oud.alplift.com\/wp-content\/uploads\/2021\/01\/Schaarhoogwerker-JCPT0607DCS.jpg\" \/>\n\t<meta property=\"og:image:width\" content=\"500\" \/>\n\t<meta property=\"og:image:height\" content=\"500\" \/>\n\t<meta property=\"og:image:type\" content=\"image\/jpeg\" \/>\n<meta name=\"twitter:card\" content=\"summary_large_image\" \/>\n<script type=\"application\/ld+json\" class=\"yoast-schema-graph\">{\"@context\":\"https:\/\/schema.org\",\"@graph\":[{\"@type\":\"WebPage\",\"@id\":\"https:\/\/oud.alplift.com\/fr\/produit\/elevateur-a-ciseaux-jcpt0607dcs\/\",\"url\":\"https:\/\/oud.alplift.com\/fr\/produit\/elevateur-a-ciseaux-jcpt0607dcs\/\",\"name\":\"\u00c9l\u00e9vateur \u00e0 ciseaux \u2013 JCPT0607DCS\",\"isPartOf\":{\"@id\":\"https:\/\/oud.alplift.com\/fr\/#website\"},\"primaryImageOfPage\":{\"@id\":\"https:\/\/oud.alplift.com\/fr\/produit\/elevateur-a-ciseaux-jcpt0607dcs\/#primaryimage\"},\"image\":{\"@id\":\"https:\/\/oud.alplift.com\/fr\/produit\/elevateur-a-ciseaux-jcpt0607dcs\/#primaryimage\"},\"thumbnailUrl\":\"https:\/\/oud.alplift.com\/wp-content\/uploads\/2021\/01\/Schaarhoogwerker-JCPT0607DCS.jpg\",\"datePublished\":\"2016-09-10T08:26:13+00:00\",\"dateModified\":\"2021-01-21T08:49:29+00:00\",\"description\":\"L'\u00e9l\u00e9vateur \u00e0 ciseaux JCPT0607DCS de Dingli est robuste, compact et convivial. En vente \u00e0 Alp Lift. Demandez une qoute en ligne sans engagement.\",\"breadcrumb\":{\"@id\":\"https:\/\/oud.alplift.com\/fr\/produit\/elevateur-a-ciseaux-jcpt0607dcs\/#breadcrumb\"},\"inLanguage\":\"fr-FR\",\"potentialAction\":[{\"@type\":\"ReadAction\",\"target\":[\"https:\/\/oud.alplift.com\/fr\/produit\/elevateur-a-ciseaux-jcpt0607dcs\/\"]}]},{\"@type\":\"ImageObject\",\"inLanguage\":\"fr-FR\",\"@id\":\"https:\/\/oud.alplift.com\/fr\/produit\/elevateur-a-ciseaux-jcpt0607dcs\/#primaryimage\",\"url\":\"https:\/\/oud.alplift.com\/wp-content\/uploads\/2021\/01\/Schaarhoogwerker-JCPT0607DCS.jpg\",\"contentUrl\":\"https:\/\/oud.alplift.com\/wp-content\/uploads\/2021\/01\/Schaarhoogwerker-JCPT0607DCS.jpg\",\"width\":500,\"height\":500},{\"@type\":\"BreadcrumbList\",\"@id\":\"https:\/\/oud.alplift.com\/fr\/produit\/elevateur-a-ciseaux-jcpt0607dcs\/#breadcrumb\",\"itemListElement\":[{\"@type\":\"ListItem\",\"position\":1,\"name\":\"Home\",\"item\":\"https:\/\/oud.alplift.com\/fr\/\"},{\"@type\":\"ListItem\",\"position\":2,\"name\":\"Winkel\",\"item\":\"https:\/\/oud.alplift.com\/winkel\/\"},{\"@type\":\"ListItem\",\"position\":3,\"name\":\"\u00c9l\u00e9vateur \u00e0 ciseaux \u2013 JCPT0607DCS\"}]},{\"@type\":\"WebSite\",\"@id\":\"https:\/\/oud.alplift.com\/fr\/#website\",\"url\":\"https:\/\/oud.alplift.com\/fr\/\",\"name\":\"Alp Lift\",\"description\":\"Lifting Equipment\",\"potentialAction\":[{\"@type\":\"SearchAction\",\"target\":{\"@type\":\"EntryPoint\",\"urlTemplate\":\"https:\/\/oud.alplift.com\/fr\/?s={search_term_string}\"},\"query-input\":{\"@type\":\"PropertyValueSpecification\",\"valueRequired\":true,\"valueName\":\"search_term_string\"}}],\"inLanguage\":\"fr-FR\"}]}<\/script>\n<!-- \/ Yoast SEO plugin. -->","yoast_head_json":{"title":"\u00c9l\u00e9vateur \u00e0 ciseaux \u2013 JCPT0607DCS","description":"L'\u00e9l\u00e9vateur \u00e0 ciseaux JCPT0607DCS de Dingli est robuste, compact et convivial. En vente \u00e0 Alp Lift. Demandez une qoute en ligne sans engagement.","robots":{"index":"noindex","follow":"follow","max-snippet":"max-snippet:-1","max-image-preview":"max-image-preview:large","max-video-preview":"max-video-preview:-1"},"og_locale":"fr_FR","og_type":"article","og_title":"\u00c9l\u00e9vateur \u00e0 ciseaux \u2013 JCPT0607DCS","og_description":"L'\u00e9l\u00e9vateur \u00e0 ciseaux JCPT0607DCS de Dingli est robuste, compact et convivial. En vente \u00e0 Alp Lift. Demandez une qoute en ligne sans engagement.","og_url":"https:\/\/oud.alplift.com\/fr\/produit\/elevateur-a-ciseaux-jcpt0607dcs\/","og_site_name":"Alp Lift","article_modified_time":"2021-01-21T08:49:29+00:00","og_image":[{"width":500,"height":500,"url":"https:\/\/oud.alplift.com\/wp-content\/uploads\/2021\/01\/Schaarhoogwerker-JCPT0607DCS.jpg","type":"image\/jpeg"}],"twitter_card":"summary_large_image","schema":{"@context":"https:\/\/schema.org","@graph":[{"@type":"WebPage","@id":"https:\/\/oud.alplift.com\/fr\/produit\/elevateur-a-ciseaux-jcpt0607dcs\/","url":"https:\/\/oud.alplift.com\/fr\/produit\/elevateur-a-ciseaux-jcpt0607dcs\/","name":"\u00c9l\u00e9vateur \u00e0 ciseaux \u2013 JCPT0607DCS","isPartOf":{"@id":"https:\/\/oud.alplift.com\/fr\/#website"},"primaryImageOfPage":{"@id":"https:\/\/oud.alplift.com\/fr\/produit\/elevateur-a-ciseaux-jcpt0607dcs\/#primaryimage"},"image":{"@id":"https:\/\/oud.alplift.com\/fr\/produit\/elevateur-a-ciseaux-jcpt0607dcs\/#primaryimage"},"thumbnailUrl":"https:\/\/oud.alplift.com\/wp-content\/uploads\/2021\/01\/Schaarhoogwerker-JCPT0607DCS.jpg","datePublished":"2016-09-10T08:26:13+00:00","dateModified":"2021-01-21T08:49:29+00:00","description":"L'\u00e9l\u00e9vateur \u00e0 ciseaux JCPT0607DCS de Dingli est robuste, compact et convivial. En vente \u00e0 Alp Lift. Demandez une qoute en ligne sans engagement.","breadcrumb":{"@id":"https:\/\/oud.alplift.com\/fr\/produit\/elevateur-a-ciseaux-jcpt0607dcs\/#breadcrumb"},"inLanguage":"fr-FR","potentialAction":[{"@type":"ReadAction","target":["https:\/\/oud.alplift.com\/fr\/produit\/elevateur-a-ciseaux-jcpt0607dcs\/"]}]},{"@type":"ImageObject","inLanguage":"fr-FR","@id":"https:\/\/oud.alplift.com\/fr\/produit\/elevateur-a-ciseaux-jcpt0607dcs\/#primaryimage","url":"https:\/\/oud.alplift.com\/wp-content\/uploads\/2021\/01\/Schaarhoogwerker-JCPT0607DCS.jpg","contentUrl":"https:\/\/oud.alplift.com\/wp-content\/uploads\/2021\/01\/Schaarhoogwerker-JCPT0607DCS.jpg","width":500,"height":500},{"@type":"BreadcrumbList","@id":"https:\/\/oud.alplift.com\/fr\/produit\/elevateur-a-ciseaux-jcpt0607dcs\/#breadcrumb","itemListElement":[{"@type":"ListItem","position":1,"name":"Home","item":"https:\/\/oud.alplift.com\/fr\/"},{"@type":"ListItem","position":2,"name":"Winkel","item":"https:\/\/oud.alplift.com\/winkel\/"},{"@type":"ListItem","position":3,"name":"\u00c9l\u00e9vateur \u00e0 ciseaux \u2013 JCPT0607DCS"}]},{"@type":"WebSite","@id":"https:\/\/oud.alplift.com\/fr\/#website","url":"https:\/\/oud.alplift.com\/fr\/","name":"Alp Lift","description":"Lifting Equipment","potentialAction":[{"@type":"SearchAction","target":{"@type":"EntryPoint","urlTemplate":"https:\/\/oud.alplift.com\/fr\/?s={search_term_string}"},"query-input":{"@type":"PropertyValueSpecification","valueRequired":true,"valueName":"search_term_string"}}],"inLanguage":"fr-FR"}]}},"_links":{"self":[{"href":"https:\/\/oud.alplift.com\/fr\/wp-json\/wp\/v2\/product\/3134","targetHints":{"allow":["GET"]}}],"collection":[{"href":"https:\/\/oud.alplift.com\/fr\/wp-json\/wp\/v2\/product"}],"about":[{"href":"https:\/\/oud.alplift.com\/fr\/wp-json\/wp\/v2\/types\/product"}],"replies":[{"embeddable":true,"href":"https:\/\/oud.alplift.com\/fr\/wp-json\/wp\/v2\/comments?post=3134"}],"wp:featuredmedia":[{"embeddable":true,"href":"https:\/\/oud.alplift.com\/fr\/wp-json\/wp\/v2\/media\/2453"}],"wp:attachment":[{"href":"https:\/\/oud.alplift.com\/fr\/wp-json\/wp\/v2\/media?parent=3134"}],"wp:term":[{"taxonomy":"product_cat","embeddable":true,"href":"https:\/\/oud.alplift.com\/fr\/wp-json\/wp\/v2\/product_cat?post=3134"},{"taxonomy":"product_tag","embeddable":true,"href":"https:\/\/oud.alplift.com\/fr\/wp-json\/wp\/v2\/product_tag?post=3134"}],"curies":[{"name":"wp","href":"https:\/\/api.w.org\/{rel}","templated":true}]}}