
{"id":3132,"date":"2016-09-10T11:15:24","date_gmt":"2016-09-10T09:15:24","guid":{"rendered":"https:\/\/oud.alplift.com\/?post_type=product&#038;p=3132"},"modified":"2021-01-21T09:49:21","modified_gmt":"2021-01-21T08:49:21","slug":"de-materiaux-electrique-le752","status":"publish","type":"product","link":"https:\/\/oud.alplift.com\/fr\/produit\/de-materiaux-electrique-le752\/","title":{"rendered":"\u00c9l\u00e9vateur de mat\u00e9riaux \u00e9lectrique \u2013 LE752"},"content":{"rendered":"<p>[table id=27 \/]<\/p>\n","protected":false},"excerpt":{"rendered":"<p>L&rsquo;\u00e9l\u00e9vateur de mat\u00e9riaux LE752 est la version \u00e9lectrique du L752. Avec une capacit\u00e9 de levage maximale de 300 kg et une hauteur de levage de 7,52 m\u00e8tres, il est le plus performant de tous les \u00e9l\u00e9vateurs de mat\u00e9riaux. Les \u00e9l\u00e9vateurs de mat\u00e9riaux Alp Lift sont tr\u00e8s faciles \u00e0 utiliser, durables et faciles \u00e0 transporter gr\u00e2ce \u00e0 leurs dimensions de transport compactes. Les \u00e9l\u00e9vateurs de mat\u00e9riaux sont tr\u00e8s appropri\u00e9s pour le levage de charges lourdes dans un environnement industriel, pour la construction, les \u00e9v\u00e9nements et la construction de stands. Par exemple pour le levage de poutres en acier ou en bois, de constructions ou de conduits d&rsquo;a\u00e9ration.<\/p>\n<p>La s\u00e9rie Large est disponible en version manuelle et \u00e9lectrique.<\/p>\n<p><strong>Caract\u00e9ristiques :<\/strong><\/p>\n<ul>\n<li>Hauteur de levage : 7,52 m\u00e8tres<\/li>\n<li>Capacit\u00e9 de levage : 300 kg<\/li>\n<li>Hauteur r\u00e9tract\u00e9e : 2,20 m\u00e8tre<\/li>\n<li>Poids : 188 kg.<\/li>\n<\/ul>\n<p><strong>Informations sur le produit :<\/strong><br \/>\nProduit de qualit\u00e9 n\u00e9erlandaise<br \/>\nMontage complet sans outils<br \/>\nTreuil silencieux standard \u00e0 double levier<br \/>\nLes grandes roulettes verrouillables \u00e0 l&rsquo;arri\u00e8re facilitent les d\u00e9placements en cas de charges lourdes<br \/>\nSyst\u00e8me de verrouillage brevet\u00e9 emp\u00eachant l&rsquo;extension incontr\u00f4l\u00e9e ou pr\u00e9matur\u00e9e des sections du m\u00e2t<br \/>\nSyst\u00e8me unique de gestion des c\u00e2bles dans la section du m\u00e2t r\u00e9duisant l&rsquo;usure des \u00e9l\u00e9ments du m\u00e2t et du c\u00e2ble en acier.<br \/>\nBase en acier galvanis\u00e9<br \/>\nProfil de m\u00e2t en aluminium brevet\u00e9<br \/>\nDimensions de transport pratiques, m\u00eame pour les portes standard<br \/>\nMarquage CE<\/p>\n","protected":false},"featured_media":2578,"comment_status":"closed","ping_status":"closed","template":"","meta":[],"product_cat":[206,221,194,186],"product_tag":[],"class_list":{"0":"post-3132","1":"product","2":"type-product","3":"status-publish","4":"has-post-thumbnail","6":"product_cat-elevateurs-de-charges","7":"product_cat-elevateurs-de-charges-350-kg","8":"product_cat-elevateurs-de-charges-electriques","9":"product_cat-leve-materiaux","10":"pa_bediening-electrique","11":"pa_hefcapaciteit-350-kg-fr","12":"pa_hefhoogte-6-8-metres","13":"pa_merk-alp-lift-fr","15":"first","16":"instock","17":"shipping-taxable","18":"product-type-simple"},"yoast_head":"<!-- This site is optimized with the Yoast SEO plugin v24.0 - https:\/\/yoast.com\/wordpress\/plugins\/seo\/ -->\n<title>\u00c9l\u00e9vateur de mat\u00e9riaux \u00e9lectrique \u2013 LE752 - capacit\u00e9 de levage max 350 kg<\/title>\n<meta name=\"description\" content=\"\u00c9l\u00e9vateur de mat\u00e9riaux \u00e9lectrique LE752 d&#039;Alp Lift - capacit\u00e9 de levage de 350 kg. Rend vos travaux de montage et de montage en hauteur plus s\u00fbrs et plus efficaces.\" \/>\n<meta name=\"robots\" content=\"noindex, follow, max-snippet:-1, max-image-preview:large, max-video-preview:-1\" \/>\n<meta property=\"og:locale\" content=\"fr_FR\" \/>\n<meta property=\"og:type\" content=\"article\" \/>\n<meta property=\"og:title\" content=\"\u00c9l\u00e9vateur de mat\u00e9riaux \u00e9lectrique \u2013 LE752 - capacit\u00e9 de levage max 350 kg\" \/>\n<meta property=\"og:description\" content=\"\u00c9l\u00e9vateur de mat\u00e9riaux \u00e9lectrique LE752 d&#039;Alp Lift - capacit\u00e9 de levage de 350 kg. Rend vos travaux de montage et de montage en hauteur plus s\u00fbrs et plus efficaces.\" \/>\n<meta property=\"og:url\" content=\"https:\/\/oud.alplift.com\/fr\/produit\/de-materiaux-electrique-le752\/\" \/>\n<meta property=\"og:site_name\" content=\"Alp Lift\" \/>\n<meta property=\"article:modified_time\" content=\"2021-01-21T08:49:21+00:00\" \/>\n<meta property=\"og:image\" content=\"https:\/\/oud.alplift.com\/wp-content\/uploads\/2021\/01\/LE-395-klein-e1480498666115.jpg\" \/>\n\t<meta property=\"og:image:width\" content=\"1153\" \/>\n\t<meta property=\"og:image:height\" content=\"1244\" \/>\n\t<meta property=\"og:image:type\" content=\"image\/jpeg\" \/>\n<meta name=\"twitter:card\" content=\"summary_large_image\" \/>\n<script type=\"application\/ld+json\" class=\"yoast-schema-graph\">{\"@context\":\"https:\/\/schema.org\",\"@graph\":[{\"@type\":\"WebPage\",\"@id\":\"https:\/\/oud.alplift.com\/fr\/produit\/de-materiaux-electrique-le752\/\",\"url\":\"https:\/\/oud.alplift.com\/fr\/produit\/de-materiaux-electrique-le752\/\",\"name\":\"\u00c9l\u00e9vateur de mat\u00e9riaux \u00e9lectrique \u2013 LE752 - capacit\u00e9 de levage max 350 kg\",\"isPartOf\":{\"@id\":\"https:\/\/oud.alplift.com\/fr\/#website\"},\"primaryImageOfPage\":{\"@id\":\"https:\/\/oud.alplift.com\/fr\/produit\/de-materiaux-electrique-le752\/#primaryimage\"},\"image\":{\"@id\":\"https:\/\/oud.alplift.com\/fr\/produit\/de-materiaux-electrique-le752\/#primaryimage\"},\"thumbnailUrl\":\"https:\/\/oud.alplift.com\/wp-content\/uploads\/2021\/01\/LE-395-klein-e1480498666115.jpg\",\"datePublished\":\"2016-09-10T09:15:24+00:00\",\"dateModified\":\"2021-01-21T08:49:21+00:00\",\"description\":\"\u00c9l\u00e9vateur de mat\u00e9riaux \u00e9lectrique LE752 d'Alp Lift - capacit\u00e9 de levage de 350 kg. Rend vos travaux de montage et de montage en hauteur plus s\u00fbrs et plus efficaces.\",\"breadcrumb\":{\"@id\":\"https:\/\/oud.alplift.com\/fr\/produit\/de-materiaux-electrique-le752\/#breadcrumb\"},\"inLanguage\":\"fr-FR\",\"potentialAction\":[{\"@type\":\"ReadAction\",\"target\":[\"https:\/\/oud.alplift.com\/fr\/produit\/de-materiaux-electrique-le752\/\"]}]},{\"@type\":\"ImageObject\",\"inLanguage\":\"fr-FR\",\"@id\":\"https:\/\/oud.alplift.com\/fr\/produit\/de-materiaux-electrique-le752\/#primaryimage\",\"url\":\"https:\/\/oud.alplift.com\/wp-content\/uploads\/2021\/01\/LE-395-klein-e1480498666115.jpg\",\"contentUrl\":\"https:\/\/oud.alplift.com\/wp-content\/uploads\/2021\/01\/LE-395-klein-e1480498666115.jpg\",\"width\":1153,\"height\":1244,\"caption\":\"\u00c9l\u00e9vateur de charges L512 - Alp Lift\"},{\"@type\":\"BreadcrumbList\",\"@id\":\"https:\/\/oud.alplift.com\/fr\/produit\/de-materiaux-electrique-le752\/#breadcrumb\",\"itemListElement\":[{\"@type\":\"ListItem\",\"position\":1,\"name\":\"Home\",\"item\":\"https:\/\/oud.alplift.com\/fr\/\"},{\"@type\":\"ListItem\",\"position\":2,\"name\":\"Winkel\",\"item\":\"https:\/\/oud.alplift.com\/winkel\/\"},{\"@type\":\"ListItem\",\"position\":3,\"name\":\"\u00c9l\u00e9vateur de mat\u00e9riaux \u00e9lectrique \u2013 LE752\"}]},{\"@type\":\"WebSite\",\"@id\":\"https:\/\/oud.alplift.com\/fr\/#website\",\"url\":\"https:\/\/oud.alplift.com\/fr\/\",\"name\":\"Alp Lift\",\"description\":\"Lifting Equipment\",\"potentialAction\":[{\"@type\":\"SearchAction\",\"target\":{\"@type\":\"EntryPoint\",\"urlTemplate\":\"https:\/\/oud.alplift.com\/fr\/?s={search_term_string}\"},\"query-input\":{\"@type\":\"PropertyValueSpecification\",\"valueRequired\":true,\"valueName\":\"search_term_string\"}}],\"inLanguage\":\"fr-FR\"}]}<\/script>\n<!-- \/ Yoast SEO plugin. -->","yoast_head_json":{"title":"\u00c9l\u00e9vateur de mat\u00e9riaux \u00e9lectrique \u2013 LE752 - capacit\u00e9 de levage max 350 kg","description":"\u00c9l\u00e9vateur de mat\u00e9riaux \u00e9lectrique LE752 d'Alp Lift - capacit\u00e9 de levage de 350 kg. Rend vos travaux de montage et de montage en hauteur plus s\u00fbrs et plus efficaces.","robots":{"index":"noindex","follow":"follow","max-snippet":"max-snippet:-1","max-image-preview":"max-image-preview:large","max-video-preview":"max-video-preview:-1"},"og_locale":"fr_FR","og_type":"article","og_title":"\u00c9l\u00e9vateur de mat\u00e9riaux \u00e9lectrique \u2013 LE752 - capacit\u00e9 de levage max 350 kg","og_description":"\u00c9l\u00e9vateur de mat\u00e9riaux \u00e9lectrique LE752 d'Alp Lift - capacit\u00e9 de levage de 350 kg. Rend vos travaux de montage et de montage en hauteur plus s\u00fbrs et plus efficaces.","og_url":"https:\/\/oud.alplift.com\/fr\/produit\/de-materiaux-electrique-le752\/","og_site_name":"Alp Lift","article_modified_time":"2021-01-21T08:49:21+00:00","og_image":[{"width":1153,"height":1244,"url":"https:\/\/oud.alplift.com\/wp-content\/uploads\/2021\/01\/LE-395-klein-e1480498666115.jpg","type":"image\/jpeg"}],"twitter_card":"summary_large_image","schema":{"@context":"https:\/\/schema.org","@graph":[{"@type":"WebPage","@id":"https:\/\/oud.alplift.com\/fr\/produit\/de-materiaux-electrique-le752\/","url":"https:\/\/oud.alplift.com\/fr\/produit\/de-materiaux-electrique-le752\/","name":"\u00c9l\u00e9vateur de mat\u00e9riaux \u00e9lectrique \u2013 LE752 - capacit\u00e9 de levage max 350 kg","isPartOf":{"@id":"https:\/\/oud.alplift.com\/fr\/#website"},"primaryImageOfPage":{"@id":"https:\/\/oud.alplift.com\/fr\/produit\/de-materiaux-electrique-le752\/#primaryimage"},"image":{"@id":"https:\/\/oud.alplift.com\/fr\/produit\/de-materiaux-electrique-le752\/#primaryimage"},"thumbnailUrl":"https:\/\/oud.alplift.com\/wp-content\/uploads\/2021\/01\/LE-395-klein-e1480498666115.jpg","datePublished":"2016-09-10T09:15:24+00:00","dateModified":"2021-01-21T08:49:21+00:00","description":"\u00c9l\u00e9vateur de mat\u00e9riaux \u00e9lectrique LE752 d'Alp Lift - capacit\u00e9 de levage de 350 kg. Rend vos travaux de montage et de montage en hauteur plus s\u00fbrs et plus efficaces.","breadcrumb":{"@id":"https:\/\/oud.alplift.com\/fr\/produit\/de-materiaux-electrique-le752\/#breadcrumb"},"inLanguage":"fr-FR","potentialAction":[{"@type":"ReadAction","target":["https:\/\/oud.alplift.com\/fr\/produit\/de-materiaux-electrique-le752\/"]}]},{"@type":"ImageObject","inLanguage":"fr-FR","@id":"https:\/\/oud.alplift.com\/fr\/produit\/de-materiaux-electrique-le752\/#primaryimage","url":"https:\/\/oud.alplift.com\/wp-content\/uploads\/2021\/01\/LE-395-klein-e1480498666115.jpg","contentUrl":"https:\/\/oud.alplift.com\/wp-content\/uploads\/2021\/01\/LE-395-klein-e1480498666115.jpg","width":1153,"height":1244,"caption":"\u00c9l\u00e9vateur de charges L512 - Alp Lift"},{"@type":"BreadcrumbList","@id":"https:\/\/oud.alplift.com\/fr\/produit\/de-materiaux-electrique-le752\/#breadcrumb","itemListElement":[{"@type":"ListItem","position":1,"name":"Home","item":"https:\/\/oud.alplift.com\/fr\/"},{"@type":"ListItem","position":2,"name":"Winkel","item":"https:\/\/oud.alplift.com\/winkel\/"},{"@type":"ListItem","position":3,"name":"\u00c9l\u00e9vateur de mat\u00e9riaux \u00e9lectrique \u2013 LE752"}]},{"@type":"WebSite","@id":"https:\/\/oud.alplift.com\/fr\/#website","url":"https:\/\/oud.alplift.com\/fr\/","name":"Alp Lift","description":"Lifting Equipment","potentialAction":[{"@type":"SearchAction","target":{"@type":"EntryPoint","urlTemplate":"https:\/\/oud.alplift.com\/fr\/?s={search_term_string}"},"query-input":{"@type":"PropertyValueSpecification","valueRequired":true,"valueName":"search_term_string"}}],"inLanguage":"fr-FR"}]}},"_links":{"self":[{"href":"https:\/\/oud.alplift.com\/fr\/wp-json\/wp\/v2\/product\/3132","targetHints":{"allow":["GET"]}}],"collection":[{"href":"https:\/\/oud.alplift.com\/fr\/wp-json\/wp\/v2\/product"}],"about":[{"href":"https:\/\/oud.alplift.com\/fr\/wp-json\/wp\/v2\/types\/product"}],"replies":[{"embeddable":true,"href":"https:\/\/oud.alplift.com\/fr\/wp-json\/wp\/v2\/comments?post=3132"}],"wp:featuredmedia":[{"embeddable":true,"href":"https:\/\/oud.alplift.com\/fr\/wp-json\/wp\/v2\/media\/2578"}],"wp:attachment":[{"href":"https:\/\/oud.alplift.com\/fr\/wp-json\/wp\/v2\/media?parent=3132"}],"wp:term":[{"taxonomy":"product_cat","embeddable":true,"href":"https:\/\/oud.alplift.com\/fr\/wp-json\/wp\/v2\/product_cat?post=3132"},{"taxonomy":"product_tag","embeddable":true,"href":"https:\/\/oud.alplift.com\/fr\/wp-json\/wp\/v2\/product_tag?post=3132"}],"curies":[{"name":"wp","href":"https:\/\/api.w.org\/{rel}","templated":true}]}}