
{"id":3124,"date":"2016-12-01T09:31:37","date_gmt":"2016-12-01T08:31:37","guid":{"rendered":"https:\/\/oud.alplift.com\/?post_type=product&#038;p=3124"},"modified":"2024-04-09T13:43:12","modified_gmt":"2024-04-09T11:43:12","slug":"elevateur-de-materiaux-l575","status":"publish","type":"product","link":"https:\/\/oud.alplift.com\/fr\/produit\/elevateur-de-materiaux-l575\/","title":{"rendered":"\u00c9l\u00e9vateur de mat\u00e9riaux L575"},"content":{"rendered":"","protected":false},"excerpt":{"rendered":"<p>L&rsquo;\u00e9l\u00e9vateur de mat\u00e9riaux L575 est de notre s\u00e9rie Large et a une capacit\u00e9 de levage de 350 kg et une hauteur de levage de 5,75 m\u00e8tres. La s\u00e9rie Large est une toute nouvelle g\u00e9n\u00e9ration d&rsquo;\u00e9l\u00e9vateurs de mat\u00e9riaux. Il se distingue nettement des autres concepts d&rsquo;\u00e9l\u00e9vateurs. La facilit\u00e9 d&rsquo;utilisation, la r\u00e9duction \u00e9prouv\u00e9e de l&rsquo;usure, la capacit\u00e9 de levage de 350 kg et le treuil silencieux appliqu\u00e9 font de cet \u00e9l\u00e9vateur de mat\u00e9riaux le plus performant des \u00e9l\u00e9vateurs de mat\u00e9riaux. Les \u00e9l\u00e9vateurs de mat\u00e9riaux conviennent parfaitement au levage de charges lourdes dans un environnement industriel, pour les travaux de construction, les \u00e9v\u00e9nements et les grands b\u00e2timents. Par exemple, pour le levage de poutres en acier ou en bois, de conduits d&rsquo;a\u00e9ration ou pour la construction de stands.<\/p>\n<p>La s\u00e9rie Large est \u00e9galement disponible en version \u00e9lectrique.<\/p>\n<p><strong>Caract\u00e9ristiques :<\/strong><\/p>\n<ul>\n<li>Hauteur de levage : 5,75 m\u00e8tres<\/li>\n<li>Capacit\u00e9 de levage : 350 kg<\/li>\n<li>Hauteur r\u00e9tract\u00e9e : 2,20 m\u00e8tre<\/li>\n<li>Poids : 164 kg.<\/li>\n<\/ul>\n<p><strong>Informations sur le produit :<\/strong><br \/>\nProduit de qualit\u00e9 n\u00e9erlandaise<br \/>\nMontage complet sans outils<br \/>\nTreuil silencieux standard \u00e0 double levier<br \/>\nLes grandes roulettes verrouillables \u00e0 l&rsquo;arri\u00e8re facilitent les d\u00e9placements en cas de charges lourdes<br \/>\nSyst\u00e8me de verrouillage brevet\u00e9 emp\u00eachant l&rsquo;extension incontr\u00f4l\u00e9e ou pr\u00e9matur\u00e9e des sections du m\u00e2t<br \/>\nSyst\u00e8me unique de gestion des c\u00e2bles dans la section du m\u00e2t r\u00e9duisant l&rsquo;usure des \u00e9l\u00e9ments du m\u00e2t et du c\u00e2ble en acier.<br \/>\nBase en acier galvanis\u00e9<br \/>\nProfil de m\u00e2t en aluminium brevet\u00e9<br \/>\nDimensions de transport pratiques, m\u00eame pour les portes standard<br \/>\nMarquage CE<\/p>\n","protected":false},"featured_media":8583,"comment_status":"closed","ping_status":"closed","template":"","meta":[],"product_cat":[206,221,186],"product_tag":[],"class_list":{"0":"post-3124","1":"product","2":"type-product","3":"status-publish","4":"has-post-thumbnail","6":"product_cat-elevateurs-de-charges","7":"product_cat-elevateurs-de-charges-350-kg","8":"product_cat-leve-materiaux","9":"pa_bediening-manuell","10":"pa_hefcapaciteit-350-kg-fr","11":"pa_hefhoogte-4-6-metres","12":"pa_merk-alp-lift-fr","14":"first","15":"instock","16":"shipping-taxable","17":"product-type-simple"},"yoast_head":"<!-- This site is optimized with the Yoast SEO plugin v24.0 - https:\/\/yoast.com\/wordpress\/plugins\/seo\/ -->\n<title>\u00c9l\u00e9vateur de mat\u00e9riaux L575 | Alp Lift<\/title>\n<meta name=\"description\" content=\"L&#039;\u00e9l\u00e9vateur de mat\u00e9riaux L575 d&#039;Alp Lift est solide, convivial et durable. Capacit\u00e9 de levage de 350 kg. Consultez notre gamme compl\u00e8te | Alp Lift\" \/>\n<meta name=\"robots\" content=\"noindex, follow, max-snippet:-1, max-image-preview:large, max-video-preview:-1\" \/>\n<meta property=\"og:locale\" content=\"fr_FR\" \/>\n<meta property=\"og:type\" content=\"article\" \/>\n<meta property=\"og:title\" content=\"\u00c9l\u00e9vateur de mat\u00e9riaux L575 | Alp Lift\" \/>\n<meta property=\"og:description\" content=\"L&#039;\u00e9l\u00e9vateur de mat\u00e9riaux L575 d&#039;Alp Lift est solide, convivial et durable. Capacit\u00e9 de levage de 350 kg. Consultez notre gamme compl\u00e8te | Alp Lift\" \/>\n<meta property=\"og:url\" content=\"https:\/\/oud.alplift.com\/fr\/produit\/elevateur-de-materiaux-l575\/\" \/>\n<meta property=\"og:site_name\" content=\"Alp Lift\" \/>\n<meta property=\"article:modified_time\" content=\"2024-04-09T11:43:12+00:00\" \/>\n<meta property=\"og:image\" content=\"https:\/\/oud.alplift.com\/wp-content\/uploads\/Materiaallift-L-low_res.jpg\" \/>\n\t<meta property=\"og:image:width\" content=\"1024\" \/>\n\t<meta property=\"og:image:height\" content=\"768\" \/>\n\t<meta property=\"og:image:type\" content=\"image\/jpeg\" \/>\n<meta name=\"twitter:card\" content=\"summary_large_image\" \/>\n<script type=\"application\/ld+json\" class=\"yoast-schema-graph\">{\"@context\":\"https:\/\/schema.org\",\"@graph\":[{\"@type\":\"WebPage\",\"@id\":\"https:\/\/oud.alplift.com\/fr\/produit\/elevateur-de-materiaux-l575\/\",\"url\":\"https:\/\/oud.alplift.com\/fr\/produit\/elevateur-de-materiaux-l575\/\",\"name\":\"\u00c9l\u00e9vateur de mat\u00e9riaux L575 | Alp Lift\",\"isPartOf\":{\"@id\":\"https:\/\/oud.alplift.com\/fr\/#website\"},\"primaryImageOfPage\":{\"@id\":\"https:\/\/oud.alplift.com\/fr\/produit\/elevateur-de-materiaux-l575\/#primaryimage\"},\"image\":{\"@id\":\"https:\/\/oud.alplift.com\/fr\/produit\/elevateur-de-materiaux-l575\/#primaryimage\"},\"thumbnailUrl\":\"https:\/\/oud.alplift.com\/wp-content\/uploads\/Materiaallift-L-low_res.jpg\",\"datePublished\":\"2016-12-01T08:31:37+00:00\",\"dateModified\":\"2024-04-09T11:43:12+00:00\",\"description\":\"L'\u00e9l\u00e9vateur de mat\u00e9riaux L575 d'Alp Lift est solide, convivial et durable. Capacit\u00e9 de levage de 350 kg. Consultez notre gamme compl\u00e8te | Alp Lift\",\"breadcrumb\":{\"@id\":\"https:\/\/oud.alplift.com\/fr\/produit\/elevateur-de-materiaux-l575\/#breadcrumb\"},\"inLanguage\":\"fr-FR\",\"potentialAction\":[{\"@type\":\"ReadAction\",\"target\":[\"https:\/\/oud.alplift.com\/fr\/produit\/elevateur-de-materiaux-l575\/\"]}]},{\"@type\":\"ImageObject\",\"inLanguage\":\"fr-FR\",\"@id\":\"https:\/\/oud.alplift.com\/fr\/produit\/elevateur-de-materiaux-l575\/#primaryimage\",\"url\":\"https:\/\/oud.alplift.com\/wp-content\/uploads\/Materiaallift-L-low_res.jpg\",\"contentUrl\":\"https:\/\/oud.alplift.com\/wp-content\/uploads\/Materiaallift-L-low_res.jpg\",\"width\":1024,\"height\":768,\"caption\":\"Montagelift L\"},{\"@type\":\"BreadcrumbList\",\"@id\":\"https:\/\/oud.alplift.com\/fr\/produit\/elevateur-de-materiaux-l575\/#breadcrumb\",\"itemListElement\":[{\"@type\":\"ListItem\",\"position\":1,\"name\":\"Home\",\"item\":\"https:\/\/oud.alplift.com\/fr\/\"},{\"@type\":\"ListItem\",\"position\":2,\"name\":\"Winkel\",\"item\":\"https:\/\/oud.alplift.com\/winkel\/\"},{\"@type\":\"ListItem\",\"position\":3,\"name\":\"\u00c9l\u00e9vateur de mat\u00e9riaux L575\"}]},{\"@type\":\"WebSite\",\"@id\":\"https:\/\/oud.alplift.com\/fr\/#website\",\"url\":\"https:\/\/oud.alplift.com\/fr\/\",\"name\":\"Alp Lift\",\"description\":\"Lifting Equipment\",\"potentialAction\":[{\"@type\":\"SearchAction\",\"target\":{\"@type\":\"EntryPoint\",\"urlTemplate\":\"https:\/\/oud.alplift.com\/fr\/?s={search_term_string}\"},\"query-input\":{\"@type\":\"PropertyValueSpecification\",\"valueRequired\":true,\"valueName\":\"search_term_string\"}}],\"inLanguage\":\"fr-FR\"}]}<\/script>\n<!-- \/ Yoast SEO plugin. -->","yoast_head_json":{"title":"\u00c9l\u00e9vateur de mat\u00e9riaux L575 | Alp Lift","description":"L'\u00e9l\u00e9vateur de mat\u00e9riaux L575 d'Alp Lift est solide, convivial et durable. Capacit\u00e9 de levage de 350 kg. Consultez notre gamme compl\u00e8te | Alp Lift","robots":{"index":"noindex","follow":"follow","max-snippet":"max-snippet:-1","max-image-preview":"max-image-preview:large","max-video-preview":"max-video-preview:-1"},"og_locale":"fr_FR","og_type":"article","og_title":"\u00c9l\u00e9vateur de mat\u00e9riaux L575 | Alp Lift","og_description":"L'\u00e9l\u00e9vateur de mat\u00e9riaux L575 d'Alp Lift est solide, convivial et durable. Capacit\u00e9 de levage de 350 kg. Consultez notre gamme compl\u00e8te | Alp Lift","og_url":"https:\/\/oud.alplift.com\/fr\/produit\/elevateur-de-materiaux-l575\/","og_site_name":"Alp Lift","article_modified_time":"2024-04-09T11:43:12+00:00","og_image":[{"width":1024,"height":768,"url":"https:\/\/oud.alplift.com\/wp-content\/uploads\/Materiaallift-L-low_res.jpg","type":"image\/jpeg"}],"twitter_card":"summary_large_image","schema":{"@context":"https:\/\/schema.org","@graph":[{"@type":"WebPage","@id":"https:\/\/oud.alplift.com\/fr\/produit\/elevateur-de-materiaux-l575\/","url":"https:\/\/oud.alplift.com\/fr\/produit\/elevateur-de-materiaux-l575\/","name":"\u00c9l\u00e9vateur de mat\u00e9riaux L575 | Alp Lift","isPartOf":{"@id":"https:\/\/oud.alplift.com\/fr\/#website"},"primaryImageOfPage":{"@id":"https:\/\/oud.alplift.com\/fr\/produit\/elevateur-de-materiaux-l575\/#primaryimage"},"image":{"@id":"https:\/\/oud.alplift.com\/fr\/produit\/elevateur-de-materiaux-l575\/#primaryimage"},"thumbnailUrl":"https:\/\/oud.alplift.com\/wp-content\/uploads\/Materiaallift-L-low_res.jpg","datePublished":"2016-12-01T08:31:37+00:00","dateModified":"2024-04-09T11:43:12+00:00","description":"L'\u00e9l\u00e9vateur de mat\u00e9riaux L575 d'Alp Lift est solide, convivial et durable. Capacit\u00e9 de levage de 350 kg. Consultez notre gamme compl\u00e8te | Alp Lift","breadcrumb":{"@id":"https:\/\/oud.alplift.com\/fr\/produit\/elevateur-de-materiaux-l575\/#breadcrumb"},"inLanguage":"fr-FR","potentialAction":[{"@type":"ReadAction","target":["https:\/\/oud.alplift.com\/fr\/produit\/elevateur-de-materiaux-l575\/"]}]},{"@type":"ImageObject","inLanguage":"fr-FR","@id":"https:\/\/oud.alplift.com\/fr\/produit\/elevateur-de-materiaux-l575\/#primaryimage","url":"https:\/\/oud.alplift.com\/wp-content\/uploads\/Materiaallift-L-low_res.jpg","contentUrl":"https:\/\/oud.alplift.com\/wp-content\/uploads\/Materiaallift-L-low_res.jpg","width":1024,"height":768,"caption":"Montagelift L"},{"@type":"BreadcrumbList","@id":"https:\/\/oud.alplift.com\/fr\/produit\/elevateur-de-materiaux-l575\/#breadcrumb","itemListElement":[{"@type":"ListItem","position":1,"name":"Home","item":"https:\/\/oud.alplift.com\/fr\/"},{"@type":"ListItem","position":2,"name":"Winkel","item":"https:\/\/oud.alplift.com\/winkel\/"},{"@type":"ListItem","position":3,"name":"\u00c9l\u00e9vateur de mat\u00e9riaux L575"}]},{"@type":"WebSite","@id":"https:\/\/oud.alplift.com\/fr\/#website","url":"https:\/\/oud.alplift.com\/fr\/","name":"Alp Lift","description":"Lifting Equipment","potentialAction":[{"@type":"SearchAction","target":{"@type":"EntryPoint","urlTemplate":"https:\/\/oud.alplift.com\/fr\/?s={search_term_string}"},"query-input":{"@type":"PropertyValueSpecification","valueRequired":true,"valueName":"search_term_string"}}],"inLanguage":"fr-FR"}]}},"_links":{"self":[{"href":"https:\/\/oud.alplift.com\/fr\/wp-json\/wp\/v2\/product\/3124","targetHints":{"allow":["GET"]}}],"collection":[{"href":"https:\/\/oud.alplift.com\/fr\/wp-json\/wp\/v2\/product"}],"about":[{"href":"https:\/\/oud.alplift.com\/fr\/wp-json\/wp\/v2\/types\/product"}],"replies":[{"embeddable":true,"href":"https:\/\/oud.alplift.com\/fr\/wp-json\/wp\/v2\/comments?post=3124"}],"wp:featuredmedia":[{"embeddable":true,"href":"https:\/\/oud.alplift.com\/fr\/wp-json\/wp\/v2\/media\/8583"}],"wp:attachment":[{"href":"https:\/\/oud.alplift.com\/fr\/wp-json\/wp\/v2\/media?parent=3124"}],"wp:term":[{"taxonomy":"product_cat","embeddable":true,"href":"https:\/\/oud.alplift.com\/fr\/wp-json\/wp\/v2\/product_cat?post=3124"},{"taxonomy":"product_tag","embeddable":true,"href":"https:\/\/oud.alplift.com\/fr\/wp-json\/wp\/v2\/product_tag?post=3124"}],"curies":[{"name":"wp","href":"https:\/\/api.w.org\/{rel}","templated":true}]}}