
{"id":3120,"date":"2016-09-10T11:19:56","date_gmt":"2016-09-10T09:19:56","guid":{"rendered":"https:\/\/oud.alplift.com\/?post_type=product&#038;p=3120"},"modified":"2024-03-25T16:36:47","modified_gmt":"2024-03-25T15:36:47","slug":"elevateur-de-materiaux-m395","status":"publish","type":"product","link":"https:\/\/oud.alplift.com\/fr\/produit\/elevateur-de-materiaux-m395\/","title":{"rendered":"\u00c9l\u00e9vateur de mat\u00e9riaux M395"},"content":{"rendered":"","protected":false},"excerpt":{"rendered":"<p>\u00c9l\u00e9vateur de mat\u00e9riaux M395 de notre s\u00e9rie Medium avec une capacit\u00e9 de levage de 250 kg et une hauteur de levage de 3,95 m\u00e8tres. Le confort maximal, la r\u00e9duction de l&rsquo;usure \u00e9prouv\u00e9e et le treuil silencieux appliqu\u00e9 font de cet \u00e9l\u00e9vateur de mat\u00e9riaux le meilleur de sa cat\u00e9gorie. La s\u00e9rie Medium est assembl\u00e9e avec soin, avec un m\u00e2t r\u00e9tract\u00e9 de 1,61 m\u00e8tre ou 1,81 m\u00e8tre de longueur. Les dimensions compactes garantissent un confort optimal dans les petites surfaces et une utilisation optimale de votre \u00e9quipement de transport. La s\u00e9rie Medium peut \u00eatre utilis\u00e9e dans presque tous les domaines d&rsquo;application.<\/p>\n<p><strong>Caract\u00e9ristiques :<\/strong><\/p>\n<ul>\n<li>Hauteur de levage : 2,80 m\u00e8tres<\/li>\n<li>Capacit\u00e9 de levage : 150 kg<\/li>\n<li>Hauteur r\u00e9tract\u00e9e : 1,67 m\u00e8tre<\/li>\n<li>Poids : 58 kg.<\/li>\n<\/ul>\n<p><strong>Informations sur le produit :<\/strong><br \/>\nProduit de qualit\u00e9 n\u00e9erlandaise<br \/>\nMontage complet sans outils<br \/>\nTreuil silencieux standard \u00e0 double levier<br \/>\nLes grandes roulettes verrouillables \u00e0 l&rsquo;arri\u00e8re facilitent les d\u00e9placements en cas de charges lourdes<br \/>\nSyst\u00e8me de verrouillage brevet\u00e9 emp\u00eachant l&rsquo;extension incontr\u00f4l\u00e9e ou pr\u00e9matur\u00e9e des sections du m\u00e2t<br \/>\nSyst\u00e8me unique de gestion des c\u00e2bles dans la section du m\u00e2t r\u00e9duisant l&rsquo;usure des \u00e9l\u00e9ments du m\u00e2t et du c\u00e2ble en acier.<br \/>\nBase en acier galvanis\u00e9<br \/>\nProfil de m\u00e2t en aluminium brevet\u00e9<br \/>\nDimensions de transport pratiques, m\u00eame pour les portes standard<br \/>\nMarquage CE<\/p>\n","protected":false},"featured_media":8575,"comment_status":"closed","ping_status":"closed","template":"","meta":[],"product_cat":[206,215,186],"product_tag":[],"class_list":{"0":"post-3120","1":"product","2":"type-product","3":"status-publish","4":"has-post-thumbnail","6":"product_cat-elevateurs-de-charges","7":"product_cat-elevateurs-de-charges-250-kg","8":"product_cat-leve-materiaux","9":"pa_bediening-manuell","10":"pa_hefhoogte-2-4-metres","11":"pa_merk-alp-lift-fr","13":"first","14":"instock","15":"shipping-taxable","16":"product-type-simple"},"yoast_head":"<!-- This site is optimized with the Yoast SEO plugin v24.0 - https:\/\/yoast.com\/wordpress\/plugins\/seo\/ -->\n<title>\u00c9l\u00e9vateur de mat\u00e9riaux M395 - capacit\u00e9 de levage max 250 kg.<\/title>\n<meta name=\"description\" content=\"\u00c9l\u00e9vateur de mat\u00e9riaux M395 d&#039;Alp Lift est solide, convivial et durable. Capacit\u00e9 de levage de 250 kg. Consultez notre gamme compl\u00e8te\" \/>\n<meta name=\"robots\" content=\"noindex, follow, max-snippet:-1, max-image-preview:large, max-video-preview:-1\" \/>\n<meta property=\"og:locale\" content=\"fr_FR\" \/>\n<meta property=\"og:type\" content=\"article\" \/>\n<meta property=\"og:title\" content=\"\u00c9l\u00e9vateur de mat\u00e9riaux M395 - capacit\u00e9 de levage max 250 kg.\" \/>\n<meta property=\"og:description\" content=\"\u00c9l\u00e9vateur de mat\u00e9riaux M395 d&#039;Alp Lift est solide, convivial et durable. Capacit\u00e9 de levage de 250 kg. Consultez notre gamme compl\u00e8te\" \/>\n<meta property=\"og:url\" content=\"https:\/\/oud.alplift.com\/fr\/produit\/elevateur-de-materiaux-m395\/\" \/>\n<meta property=\"og:site_name\" content=\"Alp Lift\" \/>\n<meta property=\"article:modified_time\" content=\"2024-03-25T15:36:47+00:00\" \/>\n<meta property=\"og:image\" content=\"https:\/\/oud.alplift.com\/wp-content\/uploads\/Materiaallift-M-low_res.jpg\" \/>\n\t<meta property=\"og:image:width\" content=\"1024\" \/>\n\t<meta property=\"og:image:height\" content=\"768\" \/>\n\t<meta property=\"og:image:type\" content=\"image\/jpeg\" \/>\n<meta name=\"twitter:card\" content=\"summary_large_image\" \/>\n<script type=\"application\/ld+json\" class=\"yoast-schema-graph\">{\"@context\":\"https:\/\/schema.org\",\"@graph\":[{\"@type\":\"WebPage\",\"@id\":\"https:\/\/oud.alplift.com\/fr\/produit\/elevateur-de-materiaux-m395\/\",\"url\":\"https:\/\/oud.alplift.com\/fr\/produit\/elevateur-de-materiaux-m395\/\",\"name\":\"\u00c9l\u00e9vateur de mat\u00e9riaux M395 - capacit\u00e9 de levage max 250 kg.\",\"isPartOf\":{\"@id\":\"https:\/\/oud.alplift.com\/fr\/#website\"},\"primaryImageOfPage\":{\"@id\":\"https:\/\/oud.alplift.com\/fr\/produit\/elevateur-de-materiaux-m395\/#primaryimage\"},\"image\":{\"@id\":\"https:\/\/oud.alplift.com\/fr\/produit\/elevateur-de-materiaux-m395\/#primaryimage\"},\"thumbnailUrl\":\"https:\/\/oud.alplift.com\/wp-content\/uploads\/Materiaallift-M-low_res.jpg\",\"datePublished\":\"2016-09-10T09:19:56+00:00\",\"dateModified\":\"2024-03-25T15:36:47+00:00\",\"description\":\"\u00c9l\u00e9vateur de mat\u00e9riaux M395 d'Alp Lift est solide, convivial et durable. Capacit\u00e9 de levage de 250 kg. Consultez notre gamme compl\u00e8te\",\"breadcrumb\":{\"@id\":\"https:\/\/oud.alplift.com\/fr\/produit\/elevateur-de-materiaux-m395\/#breadcrumb\"},\"inLanguage\":\"fr-FR\",\"potentialAction\":[{\"@type\":\"ReadAction\",\"target\":[\"https:\/\/oud.alplift.com\/fr\/produit\/elevateur-de-materiaux-m395\/\"]}]},{\"@type\":\"ImageObject\",\"inLanguage\":\"fr-FR\",\"@id\":\"https:\/\/oud.alplift.com\/fr\/produit\/elevateur-de-materiaux-m395\/#primaryimage\",\"url\":\"https:\/\/oud.alplift.com\/wp-content\/uploads\/Materiaallift-M-low_res.jpg\",\"contentUrl\":\"https:\/\/oud.alplift.com\/wp-content\/uploads\/Materiaallift-M-low_res.jpg\",\"width\":1024,\"height\":768,\"caption\":\"Montagelift M\"},{\"@type\":\"BreadcrumbList\",\"@id\":\"https:\/\/oud.alplift.com\/fr\/produit\/elevateur-de-materiaux-m395\/#breadcrumb\",\"itemListElement\":[{\"@type\":\"ListItem\",\"position\":1,\"name\":\"Home\",\"item\":\"https:\/\/oud.alplift.com\/fr\/\"},{\"@type\":\"ListItem\",\"position\":2,\"name\":\"Winkel\",\"item\":\"https:\/\/oud.alplift.com\/winkel\/\"},{\"@type\":\"ListItem\",\"position\":3,\"name\":\"\u00c9l\u00e9vateur de mat\u00e9riaux M395\"}]},{\"@type\":\"WebSite\",\"@id\":\"https:\/\/oud.alplift.com\/fr\/#website\",\"url\":\"https:\/\/oud.alplift.com\/fr\/\",\"name\":\"Alp Lift\",\"description\":\"Lifting Equipment\",\"potentialAction\":[{\"@type\":\"SearchAction\",\"target\":{\"@type\":\"EntryPoint\",\"urlTemplate\":\"https:\/\/oud.alplift.com\/fr\/?s={search_term_string}\"},\"query-input\":{\"@type\":\"PropertyValueSpecification\",\"valueRequired\":true,\"valueName\":\"search_term_string\"}}],\"inLanguage\":\"fr-FR\"}]}<\/script>\n<!-- \/ Yoast SEO plugin. -->","yoast_head_json":{"title":"\u00c9l\u00e9vateur de mat\u00e9riaux M395 - capacit\u00e9 de levage max 250 kg.","description":"\u00c9l\u00e9vateur de mat\u00e9riaux M395 d'Alp Lift est solide, convivial et durable. Capacit\u00e9 de levage de 250 kg. Consultez notre gamme compl\u00e8te","robots":{"index":"noindex","follow":"follow","max-snippet":"max-snippet:-1","max-image-preview":"max-image-preview:large","max-video-preview":"max-video-preview:-1"},"og_locale":"fr_FR","og_type":"article","og_title":"\u00c9l\u00e9vateur de mat\u00e9riaux M395 - capacit\u00e9 de levage max 250 kg.","og_description":"\u00c9l\u00e9vateur de mat\u00e9riaux M395 d'Alp Lift est solide, convivial et durable. Capacit\u00e9 de levage de 250 kg. Consultez notre gamme compl\u00e8te","og_url":"https:\/\/oud.alplift.com\/fr\/produit\/elevateur-de-materiaux-m395\/","og_site_name":"Alp Lift","article_modified_time":"2024-03-25T15:36:47+00:00","og_image":[{"width":1024,"height":768,"url":"https:\/\/oud.alplift.com\/wp-content\/uploads\/Materiaallift-M-low_res.jpg","type":"image\/jpeg"}],"twitter_card":"summary_large_image","schema":{"@context":"https:\/\/schema.org","@graph":[{"@type":"WebPage","@id":"https:\/\/oud.alplift.com\/fr\/produit\/elevateur-de-materiaux-m395\/","url":"https:\/\/oud.alplift.com\/fr\/produit\/elevateur-de-materiaux-m395\/","name":"\u00c9l\u00e9vateur de mat\u00e9riaux M395 - capacit\u00e9 de levage max 250 kg.","isPartOf":{"@id":"https:\/\/oud.alplift.com\/fr\/#website"},"primaryImageOfPage":{"@id":"https:\/\/oud.alplift.com\/fr\/produit\/elevateur-de-materiaux-m395\/#primaryimage"},"image":{"@id":"https:\/\/oud.alplift.com\/fr\/produit\/elevateur-de-materiaux-m395\/#primaryimage"},"thumbnailUrl":"https:\/\/oud.alplift.com\/wp-content\/uploads\/Materiaallift-M-low_res.jpg","datePublished":"2016-09-10T09:19:56+00:00","dateModified":"2024-03-25T15:36:47+00:00","description":"\u00c9l\u00e9vateur de mat\u00e9riaux M395 d'Alp Lift est solide, convivial et durable. Capacit\u00e9 de levage de 250 kg. Consultez notre gamme compl\u00e8te","breadcrumb":{"@id":"https:\/\/oud.alplift.com\/fr\/produit\/elevateur-de-materiaux-m395\/#breadcrumb"},"inLanguage":"fr-FR","potentialAction":[{"@type":"ReadAction","target":["https:\/\/oud.alplift.com\/fr\/produit\/elevateur-de-materiaux-m395\/"]}]},{"@type":"ImageObject","inLanguage":"fr-FR","@id":"https:\/\/oud.alplift.com\/fr\/produit\/elevateur-de-materiaux-m395\/#primaryimage","url":"https:\/\/oud.alplift.com\/wp-content\/uploads\/Materiaallift-M-low_res.jpg","contentUrl":"https:\/\/oud.alplift.com\/wp-content\/uploads\/Materiaallift-M-low_res.jpg","width":1024,"height":768,"caption":"Montagelift M"},{"@type":"BreadcrumbList","@id":"https:\/\/oud.alplift.com\/fr\/produit\/elevateur-de-materiaux-m395\/#breadcrumb","itemListElement":[{"@type":"ListItem","position":1,"name":"Home","item":"https:\/\/oud.alplift.com\/fr\/"},{"@type":"ListItem","position":2,"name":"Winkel","item":"https:\/\/oud.alplift.com\/winkel\/"},{"@type":"ListItem","position":3,"name":"\u00c9l\u00e9vateur de mat\u00e9riaux M395"}]},{"@type":"WebSite","@id":"https:\/\/oud.alplift.com\/fr\/#website","url":"https:\/\/oud.alplift.com\/fr\/","name":"Alp Lift","description":"Lifting Equipment","potentialAction":[{"@type":"SearchAction","target":{"@type":"EntryPoint","urlTemplate":"https:\/\/oud.alplift.com\/fr\/?s={search_term_string}"},"query-input":{"@type":"PropertyValueSpecification","valueRequired":true,"valueName":"search_term_string"}}],"inLanguage":"fr-FR"}]}},"_links":{"self":[{"href":"https:\/\/oud.alplift.com\/fr\/wp-json\/wp\/v2\/product\/3120","targetHints":{"allow":["GET"]}}],"collection":[{"href":"https:\/\/oud.alplift.com\/fr\/wp-json\/wp\/v2\/product"}],"about":[{"href":"https:\/\/oud.alplift.com\/fr\/wp-json\/wp\/v2\/types\/product"}],"replies":[{"embeddable":true,"href":"https:\/\/oud.alplift.com\/fr\/wp-json\/wp\/v2\/comments?post=3120"}],"wp:featuredmedia":[{"embeddable":true,"href":"https:\/\/oud.alplift.com\/fr\/wp-json\/wp\/v2\/media\/8575"}],"wp:attachment":[{"href":"https:\/\/oud.alplift.com\/fr\/wp-json\/wp\/v2\/media?parent=3120"}],"wp:term":[{"taxonomy":"product_cat","embeddable":true,"href":"https:\/\/oud.alplift.com\/fr\/wp-json\/wp\/v2\/product_cat?post=3120"},{"taxonomy":"product_tag","embeddable":true,"href":"https:\/\/oud.alplift.com\/fr\/wp-json\/wp\/v2\/product_tag?post=3120"}],"curies":[{"name":"wp","href":"https:\/\/api.w.org\/{rel}","templated":true}]}}