
{"id":3119,"date":"2016-09-10T11:21:17","date_gmt":"2016-09-10T09:21:17","guid":{"rendered":"https:\/\/oud.alplift.com\/?post_type=product&#038;p=3119"},"modified":"2024-04-09T13:44:34","modified_gmt":"2024-04-09T11:44:34","slug":"elevateur-de-materiaux-s400","status":"publish","type":"product","link":"https:\/\/oud.alplift.com\/fr\/produit\/elevateur-de-materiaux-s400\/","title":{"rendered":"\u00c9l\u00e9vateur de mat\u00e9riaux S400"},"content":{"rendered":"","protected":false},"excerpt":{"rendered":"<p>L&rsquo;\u00e9l\u00e9vateur de mat\u00e9riaux S400 de notre s\u00e9rie Small a une capacit\u00e9 de levage maximale de 150 kg et une hauteur de levage de 4 m\u00e8tres. En raison de son faible poids et de ses dimensions r\u00e9duites, cet \u00e9l\u00e9vateur de mat\u00e9riaux est id\u00e9al pour les travaux d&rsquo;assemblage o\u00f9 l&#8217;employabilit\u00e9 est d\u00e9termin\u00e9e par sa maniabilit\u00e9.<\/p>\n<p>Un \u00e9l\u00e9vateur de mat\u00e9riaux Alp Lift est solide, facile \u00e0 utiliser et durable et garantit une dur\u00e9e de vie maximale \u00e0 un co\u00fbt minimum.<\/p>\n<p><strong>Caract\u00e9ristiques:<\/strong><\/p>\n<ul>\n<li>Hauteur de levage : 4 m\u00e8tres<\/li>\n<li>Capacit\u00e9 de levage : 150 kg<\/li>\n<li>Hauteur r\u00e9tract\u00e9e : 1,67 m\u00e8tre<\/li>\n<li>Poids : 63 kg.<\/li>\n<\/ul>\n<p>&nbsp;<\/p>\n<p><strong>Informations sur le produit :<\/strong><br \/>\nProduit de qualit\u00e9 n\u00e9erlandaise<br \/>\nBase en acier galvanis\u00e9<br \/>\nProfil de m\u00e2t en aluminium brevet\u00e9<br \/>\nL\u00e9ger<br \/>\nDimensions de transport compactes<br \/>\nMarquage CE<\/p>\n","protected":false},"featured_media":8568,"comment_status":"closed","ping_status":"closed","template":"","meta":[],"product_cat":[206,210,186],"product_tag":[],"class_list":{"0":"post-3119","1":"product","2":"type-product","3":"status-publish","4":"has-post-thumbnail","6":"product_cat-elevateurs-de-charges","7":"product_cat-elevateurs-de-charges-150-kg","8":"product_cat-leve-materiaux","9":"pa_bediening-manuell","10":"pa_hefcapaciteit-150-kg-fr","11":"pa_hefhoogte-2-4-metres","12":"pa_hefhoogte-4-6-metres","13":"pa_merk-alp-lift-fr","15":"first","16":"instock","17":"shipping-taxable","18":"product-type-simple"},"yoast_head":"<!-- This site is optimized with the Yoast SEO plugin v24.0 - https:\/\/yoast.com\/wordpress\/plugins\/seo\/ -->\n<title>\u00c9l\u00e9vateur de mat\u00e9riaux S400 | Alp Lift<\/title>\n<meta name=\"description\" content=\"L&#039;\u00e9l\u00e9vateur de mat\u00e9riaux S400 est solide, convivial et durable. Capacit\u00e9 de levage de 150 kg. Demande un devis en ligne | Alp Lift\" \/>\n<meta name=\"robots\" content=\"noindex, follow, max-snippet:-1, max-image-preview:large, max-video-preview:-1\" \/>\n<meta property=\"og:locale\" content=\"fr_FR\" \/>\n<meta property=\"og:type\" content=\"article\" \/>\n<meta property=\"og:title\" content=\"\u00c9l\u00e9vateur de mat\u00e9riaux S400 | Alp Lift\" \/>\n<meta property=\"og:description\" content=\"L&#039;\u00e9l\u00e9vateur de mat\u00e9riaux S400 est solide, convivial et durable. Capacit\u00e9 de levage de 150 kg. Demande un devis en ligne | Alp Lift\" \/>\n<meta property=\"og:url\" content=\"https:\/\/oud.alplift.com\/fr\/produit\/elevateur-de-materiaux-s400\/\" \/>\n<meta property=\"og:site_name\" content=\"Alp Lift\" \/>\n<meta property=\"article:modified_time\" content=\"2024-04-09T11:44:34+00:00\" \/>\n<meta property=\"og:image\" content=\"https:\/\/oud.alplift.com\/wp-content\/uploads\/Materiaallift-S-low_res.jpg\" \/>\n\t<meta property=\"og:image:width\" content=\"1024\" \/>\n\t<meta property=\"og:image:height\" content=\"768\" \/>\n\t<meta property=\"og:image:type\" content=\"image\/jpeg\" \/>\n<meta name=\"twitter:card\" content=\"summary_large_image\" \/>\n<script type=\"application\/ld+json\" class=\"yoast-schema-graph\">{\"@context\":\"https:\/\/schema.org\",\"@graph\":[{\"@type\":\"WebPage\",\"@id\":\"https:\/\/oud.alplift.com\/fr\/produit\/elevateur-de-materiaux-s400\/\",\"url\":\"https:\/\/oud.alplift.com\/fr\/produit\/elevateur-de-materiaux-s400\/\",\"name\":\"\u00c9l\u00e9vateur de mat\u00e9riaux S400 | Alp Lift\",\"isPartOf\":{\"@id\":\"https:\/\/oud.alplift.com\/fr\/#website\"},\"primaryImageOfPage\":{\"@id\":\"https:\/\/oud.alplift.com\/fr\/produit\/elevateur-de-materiaux-s400\/#primaryimage\"},\"image\":{\"@id\":\"https:\/\/oud.alplift.com\/fr\/produit\/elevateur-de-materiaux-s400\/#primaryimage\"},\"thumbnailUrl\":\"https:\/\/oud.alplift.com\/wp-content\/uploads\/Materiaallift-S-low_res.jpg\",\"datePublished\":\"2016-09-10T09:21:17+00:00\",\"dateModified\":\"2024-04-09T11:44:34+00:00\",\"description\":\"L'\u00e9l\u00e9vateur de mat\u00e9riaux S400 est solide, convivial et durable. Capacit\u00e9 de levage de 150 kg. Demande un devis en ligne | Alp Lift\",\"breadcrumb\":{\"@id\":\"https:\/\/oud.alplift.com\/fr\/produit\/elevateur-de-materiaux-s400\/#breadcrumb\"},\"inLanguage\":\"fr-FR\",\"potentialAction\":[{\"@type\":\"ReadAction\",\"target\":[\"https:\/\/oud.alplift.com\/fr\/produit\/elevateur-de-materiaux-s400\/\"]}]},{\"@type\":\"ImageObject\",\"inLanguage\":\"fr-FR\",\"@id\":\"https:\/\/oud.alplift.com\/fr\/produit\/elevateur-de-materiaux-s400\/#primaryimage\",\"url\":\"https:\/\/oud.alplift.com\/wp-content\/uploads\/Materiaallift-S-low_res.jpg\",\"contentUrl\":\"https:\/\/oud.alplift.com\/wp-content\/uploads\/Materiaallift-S-low_res.jpg\",\"width\":1024,\"height\":768,\"caption\":\"Montagelift S\"},{\"@type\":\"BreadcrumbList\",\"@id\":\"https:\/\/oud.alplift.com\/fr\/produit\/elevateur-de-materiaux-s400\/#breadcrumb\",\"itemListElement\":[{\"@type\":\"ListItem\",\"position\":1,\"name\":\"Home\",\"item\":\"https:\/\/oud.alplift.com\/fr\/\"},{\"@type\":\"ListItem\",\"position\":2,\"name\":\"Winkel\",\"item\":\"https:\/\/oud.alplift.com\/winkel\/\"},{\"@type\":\"ListItem\",\"position\":3,\"name\":\"\u00c9l\u00e9vateur de mat\u00e9riaux S400\"}]},{\"@type\":\"WebSite\",\"@id\":\"https:\/\/oud.alplift.com\/fr\/#website\",\"url\":\"https:\/\/oud.alplift.com\/fr\/\",\"name\":\"Alp Lift\",\"description\":\"Lifting Equipment\",\"potentialAction\":[{\"@type\":\"SearchAction\",\"target\":{\"@type\":\"EntryPoint\",\"urlTemplate\":\"https:\/\/oud.alplift.com\/fr\/?s={search_term_string}\"},\"query-input\":{\"@type\":\"PropertyValueSpecification\",\"valueRequired\":true,\"valueName\":\"search_term_string\"}}],\"inLanguage\":\"fr-FR\"}]}<\/script>\n<!-- \/ Yoast SEO plugin. -->","yoast_head_json":{"title":"\u00c9l\u00e9vateur de mat\u00e9riaux S400 | Alp Lift","description":"L'\u00e9l\u00e9vateur de mat\u00e9riaux S400 est solide, convivial et durable. Capacit\u00e9 de levage de 150 kg. Demande un devis en ligne | Alp Lift","robots":{"index":"noindex","follow":"follow","max-snippet":"max-snippet:-1","max-image-preview":"max-image-preview:large","max-video-preview":"max-video-preview:-1"},"og_locale":"fr_FR","og_type":"article","og_title":"\u00c9l\u00e9vateur de mat\u00e9riaux S400 | Alp Lift","og_description":"L'\u00e9l\u00e9vateur de mat\u00e9riaux S400 est solide, convivial et durable. Capacit\u00e9 de levage de 150 kg. Demande un devis en ligne | Alp Lift","og_url":"https:\/\/oud.alplift.com\/fr\/produit\/elevateur-de-materiaux-s400\/","og_site_name":"Alp Lift","article_modified_time":"2024-04-09T11:44:34+00:00","og_image":[{"width":1024,"height":768,"url":"https:\/\/oud.alplift.com\/wp-content\/uploads\/Materiaallift-S-low_res.jpg","type":"image\/jpeg"}],"twitter_card":"summary_large_image","schema":{"@context":"https:\/\/schema.org","@graph":[{"@type":"WebPage","@id":"https:\/\/oud.alplift.com\/fr\/produit\/elevateur-de-materiaux-s400\/","url":"https:\/\/oud.alplift.com\/fr\/produit\/elevateur-de-materiaux-s400\/","name":"\u00c9l\u00e9vateur de mat\u00e9riaux S400 | Alp Lift","isPartOf":{"@id":"https:\/\/oud.alplift.com\/fr\/#website"},"primaryImageOfPage":{"@id":"https:\/\/oud.alplift.com\/fr\/produit\/elevateur-de-materiaux-s400\/#primaryimage"},"image":{"@id":"https:\/\/oud.alplift.com\/fr\/produit\/elevateur-de-materiaux-s400\/#primaryimage"},"thumbnailUrl":"https:\/\/oud.alplift.com\/wp-content\/uploads\/Materiaallift-S-low_res.jpg","datePublished":"2016-09-10T09:21:17+00:00","dateModified":"2024-04-09T11:44:34+00:00","description":"L'\u00e9l\u00e9vateur de mat\u00e9riaux S400 est solide, convivial et durable. Capacit\u00e9 de levage de 150 kg. Demande un devis en ligne | Alp Lift","breadcrumb":{"@id":"https:\/\/oud.alplift.com\/fr\/produit\/elevateur-de-materiaux-s400\/#breadcrumb"},"inLanguage":"fr-FR","potentialAction":[{"@type":"ReadAction","target":["https:\/\/oud.alplift.com\/fr\/produit\/elevateur-de-materiaux-s400\/"]}]},{"@type":"ImageObject","inLanguage":"fr-FR","@id":"https:\/\/oud.alplift.com\/fr\/produit\/elevateur-de-materiaux-s400\/#primaryimage","url":"https:\/\/oud.alplift.com\/wp-content\/uploads\/Materiaallift-S-low_res.jpg","contentUrl":"https:\/\/oud.alplift.com\/wp-content\/uploads\/Materiaallift-S-low_res.jpg","width":1024,"height":768,"caption":"Montagelift S"},{"@type":"BreadcrumbList","@id":"https:\/\/oud.alplift.com\/fr\/produit\/elevateur-de-materiaux-s400\/#breadcrumb","itemListElement":[{"@type":"ListItem","position":1,"name":"Home","item":"https:\/\/oud.alplift.com\/fr\/"},{"@type":"ListItem","position":2,"name":"Winkel","item":"https:\/\/oud.alplift.com\/winkel\/"},{"@type":"ListItem","position":3,"name":"\u00c9l\u00e9vateur de mat\u00e9riaux S400"}]},{"@type":"WebSite","@id":"https:\/\/oud.alplift.com\/fr\/#website","url":"https:\/\/oud.alplift.com\/fr\/","name":"Alp Lift","description":"Lifting Equipment","potentialAction":[{"@type":"SearchAction","target":{"@type":"EntryPoint","urlTemplate":"https:\/\/oud.alplift.com\/fr\/?s={search_term_string}"},"query-input":{"@type":"PropertyValueSpecification","valueRequired":true,"valueName":"search_term_string"}}],"inLanguage":"fr-FR"}]}},"_links":{"self":[{"href":"https:\/\/oud.alplift.com\/fr\/wp-json\/wp\/v2\/product\/3119","targetHints":{"allow":["GET"]}}],"collection":[{"href":"https:\/\/oud.alplift.com\/fr\/wp-json\/wp\/v2\/product"}],"about":[{"href":"https:\/\/oud.alplift.com\/fr\/wp-json\/wp\/v2\/types\/product"}],"replies":[{"embeddable":true,"href":"https:\/\/oud.alplift.com\/fr\/wp-json\/wp\/v2\/comments?post=3119"}],"wp:featuredmedia":[{"embeddable":true,"href":"https:\/\/oud.alplift.com\/fr\/wp-json\/wp\/v2\/media\/8568"}],"wp:attachment":[{"href":"https:\/\/oud.alplift.com\/fr\/wp-json\/wp\/v2\/media?parent=3119"}],"wp:term":[{"taxonomy":"product_cat","embeddable":true,"href":"https:\/\/oud.alplift.com\/fr\/wp-json\/wp\/v2\/product_cat?post=3119"},{"taxonomy":"product_tag","embeddable":true,"href":"https:\/\/oud.alplift.com\/fr\/wp-json\/wp\/v2\/product_tag?post=3119"}],"curies":[{"name":"wp","href":"https:\/\/api.w.org\/{rel}","templated":true}]}}