
{"id":3116,"date":"2016-09-10T11:25:11","date_gmt":"2016-09-10T09:25:11","guid":{"rendered":"https:\/\/oud.alplift.com\/?post_type=product&#038;p=3116"},"modified":"2021-01-21T09:49:13","modified_gmt":"2021-01-21T08:49:13","slug":"elevateur-pour-evenements-e620sb","status":"publish","type":"product","link":"https:\/\/oud.alplift.com\/fr\/produit\/elevateur-pour-evenements-e620sb\/","title":{"rendered":"\u00c9l\u00e9vateur pour \u00e9v\u00e9nements &#8211; E620SB"},"content":{"rendered":"<p>[table id=30 \/]<\/p>\n","protected":false},"excerpt":{"rendered":"<p>L&rsquo;\u00e9l\u00e9vateur pour \u00e9v\u00e9nements E620SB, avec une capacit\u00e9 de levage de 300 kg et une hauteur de levage de plus de 6 m\u00e8tres, peut \u00eatre construit sans outils. Gr\u00e2ce \u00e0 des mesures compactes, nos \u00e9quipements de th\u00e9\u00e2tre sont efficaces \u00e0 transporter. Utilisez-les dans les th\u00e9\u00e2tres, les festivals ou les salles d&rsquo;\u00e9v\u00e9nements pour une commodit\u00e9 et une s\u00e9curit\u00e9 optimales. Nos \u00e9l\u00e9vateurs de th\u00e9\u00e2tre sont disponibles en stock et en couleur aluminium ou noir.<\/p>\n<p><strong>Caract\u00e9ristiques :<\/strong><\/p>\n<ul>\n<li>Hauteur de levage : 6,21 m\u00e8tres<\/li>\n<li>Capacit\u00e9 de levage : 300 kg<\/li>\n<li>Hauteur r\u00e9tract\u00e9e : 1,99 m\u00e8tre<\/li>\n<li>Poids : 195 kg.<\/li>\n<\/ul>\n<p><strong>Informations sur le produit :<\/strong><\/p>\n<ul>\n<li>Grandes roues \u00e0 l&rsquo;arri\u00e8re pour faciliter le transport<\/li>\n<li>Treuil silencieux \u00e0 double poign\u00e9e<\/li>\n<li>Syst\u00e8me de verrouillage brevet\u00e9 qui emp\u00eache l&rsquo;extension incontr\u00f4l\u00e9e ou pr\u00e9matur\u00e9e des sections du m\u00e2t<\/li>\n<li>Roulements renforc\u00e9s dans les poulies<\/li>\n<li>Syst\u00e8me unique de gestion des c\u00e2bles dans la section du m\u00e2t qui r\u00e9duit l&rsquo;usure des \u00e9l\u00e9ments du m\u00e2t et du c\u00e2ble en acier<\/li>\n<li>Base et fourche en acier galvanis\u00e9<\/li>\n<li>Quatre stabilisateurs galvanis\u00e9s avec broche \u00e0 vis<\/li>\n<li>Profil de m\u00e2t en aluminium brevet\u00e9<\/li>\n<li>Dimensions de transport pratiques, m\u00eame pour les portes standard<\/li>\n<li>Marquage CE<\/li>\n<\/ul>\n<p>&nbsp;<\/p>\n","protected":false},"featured_media":2608,"comment_status":"closed","ping_status":"open","template":"","meta":[],"product_cat":[198,186],"product_tag":[],"class_list":{"0":"post-3116","1":"product","2":"type-product","3":"status-publish","4":"has-post-thumbnail","6":"product_cat-elevateurs-pour-evenements","7":"product_cat-leve-materiaux","9":"first","10":"instock","11":"shipping-taxable","12":"product-type-simple"},"yoast_head":"<!-- This site is optimized with the Yoast SEO plugin v24.0 - https:\/\/yoast.com\/wordpress\/plugins\/seo\/ -->\n<title>\u00c9l\u00e9vateur pour \u00e9v\u00e9nements - E620SB<\/title>\n<meta name=\"description\" content=\"\u00e9l\u00e9vateurs pour \u00e9v\u00e9nements de Alp Lift sont une aide fiable en hauteur dans les th\u00e9\u00e2tres, les festivals et les salles d&#039;\u00e9v\u00e9nements.\" \/>\n<meta name=\"robots\" content=\"noindex, follow, max-snippet:-1, max-image-preview:large, max-video-preview:-1\" \/>\n<meta property=\"og:locale\" content=\"fr_FR\" \/>\n<meta property=\"og:type\" content=\"article\" \/>\n<meta property=\"og:title\" content=\"\u00c9l\u00e9vateur pour \u00e9v\u00e9nements - E620SB\" \/>\n<meta property=\"og:description\" content=\"\u00e9l\u00e9vateurs pour \u00e9v\u00e9nements de Alp Lift sont une aide fiable en hauteur dans les th\u00e9\u00e2tres, les festivals et les salles d&#039;\u00e9v\u00e9nements.\" \/>\n<meta property=\"og:url\" content=\"https:\/\/oud.alplift.com\/fr\/produit\/elevateur-pour-evenements-e620sb\/\" \/>\n<meta property=\"og:site_name\" content=\"Alp Lift\" \/>\n<meta property=\"article:modified_time\" content=\"2021-01-21T08:49:13+00:00\" \/>\n<meta property=\"og:image\" content=\"https:\/\/oud.alplift.com\/wp-content\/uploads\/2021\/01\/Theaterlift-low_res.jpg\" \/>\n\t<meta property=\"og:image:width\" content=\"1024\" \/>\n\t<meta property=\"og:image:height\" content=\"768\" \/>\n\t<meta property=\"og:image:type\" content=\"image\/jpeg\" \/>\n<meta name=\"twitter:card\" content=\"summary_large_image\" \/>\n<script type=\"application\/ld+json\" class=\"yoast-schema-graph\">{\"@context\":\"https:\/\/schema.org\",\"@graph\":[{\"@type\":\"WebPage\",\"@id\":\"https:\/\/oud.alplift.com\/fr\/produit\/elevateur-pour-evenements-e620sb\/\",\"url\":\"https:\/\/oud.alplift.com\/fr\/produit\/elevateur-pour-evenements-e620sb\/\",\"name\":\"\u00c9l\u00e9vateur pour \u00e9v\u00e9nements - E620SB\",\"isPartOf\":{\"@id\":\"https:\/\/oud.alplift.com\/fr\/#website\"},\"primaryImageOfPage\":{\"@id\":\"https:\/\/oud.alplift.com\/fr\/produit\/elevateur-pour-evenements-e620sb\/#primaryimage\"},\"image\":{\"@id\":\"https:\/\/oud.alplift.com\/fr\/produit\/elevateur-pour-evenements-e620sb\/#primaryimage\"},\"thumbnailUrl\":\"https:\/\/oud.alplift.com\/wp-content\/uploads\/2021\/01\/Theaterlift-low_res.jpg\",\"datePublished\":\"2016-09-10T09:25:11+00:00\",\"dateModified\":\"2021-01-21T08:49:13+00:00\",\"description\":\"\u00e9l\u00e9vateurs pour \u00e9v\u00e9nements de Alp Lift sont une aide fiable en hauteur dans les th\u00e9\u00e2tres, les festivals et les salles d'\u00e9v\u00e9nements.\",\"breadcrumb\":{\"@id\":\"https:\/\/oud.alplift.com\/fr\/produit\/elevateur-pour-evenements-e620sb\/#breadcrumb\"},\"inLanguage\":\"fr-FR\",\"potentialAction\":[{\"@type\":\"ReadAction\",\"target\":[\"https:\/\/oud.alplift.com\/fr\/produit\/elevateur-pour-evenements-e620sb\/\"]}]},{\"@type\":\"ImageObject\",\"inLanguage\":\"fr-FR\",\"@id\":\"https:\/\/oud.alplift.com\/fr\/produit\/elevateur-pour-evenements-e620sb\/#primaryimage\",\"url\":\"https:\/\/oud.alplift.com\/wp-content\/uploads\/2021\/01\/Theaterlift-low_res.jpg\",\"contentUrl\":\"https:\/\/oud.alplift.com\/wp-content\/uploads\/2021\/01\/Theaterlift-low_res.jpg\",\"width\":1024,\"height\":768},{\"@type\":\"BreadcrumbList\",\"@id\":\"https:\/\/oud.alplift.com\/fr\/produit\/elevateur-pour-evenements-e620sb\/#breadcrumb\",\"itemListElement\":[{\"@type\":\"ListItem\",\"position\":1,\"name\":\"Home\",\"item\":\"https:\/\/oud.alplift.com\/fr\/\"},{\"@type\":\"ListItem\",\"position\":2,\"name\":\"Winkel\",\"item\":\"https:\/\/oud.alplift.com\/winkel\/\"},{\"@type\":\"ListItem\",\"position\":3,\"name\":\"\u00c9l\u00e9vateur pour \u00e9v\u00e9nements &#8211; E620SB\"}]},{\"@type\":\"WebSite\",\"@id\":\"https:\/\/oud.alplift.com\/fr\/#website\",\"url\":\"https:\/\/oud.alplift.com\/fr\/\",\"name\":\"Alp Lift\",\"description\":\"Lifting Equipment\",\"potentialAction\":[{\"@type\":\"SearchAction\",\"target\":{\"@type\":\"EntryPoint\",\"urlTemplate\":\"https:\/\/oud.alplift.com\/fr\/?s={search_term_string}\"},\"query-input\":{\"@type\":\"PropertyValueSpecification\",\"valueRequired\":true,\"valueName\":\"search_term_string\"}}],\"inLanguage\":\"fr-FR\"}]}<\/script>\n<!-- \/ Yoast SEO plugin. -->","yoast_head_json":{"title":"\u00c9l\u00e9vateur pour \u00e9v\u00e9nements - E620SB","description":"\u00e9l\u00e9vateurs pour \u00e9v\u00e9nements de Alp Lift sont une aide fiable en hauteur dans les th\u00e9\u00e2tres, les festivals et les salles d'\u00e9v\u00e9nements.","robots":{"index":"noindex","follow":"follow","max-snippet":"max-snippet:-1","max-image-preview":"max-image-preview:large","max-video-preview":"max-video-preview:-1"},"og_locale":"fr_FR","og_type":"article","og_title":"\u00c9l\u00e9vateur pour \u00e9v\u00e9nements - E620SB","og_description":"\u00e9l\u00e9vateurs pour \u00e9v\u00e9nements de Alp Lift sont une aide fiable en hauteur dans les th\u00e9\u00e2tres, les festivals et les salles d'\u00e9v\u00e9nements.","og_url":"https:\/\/oud.alplift.com\/fr\/produit\/elevateur-pour-evenements-e620sb\/","og_site_name":"Alp Lift","article_modified_time":"2021-01-21T08:49:13+00:00","og_image":[{"width":1024,"height":768,"url":"https:\/\/oud.alplift.com\/wp-content\/uploads\/2021\/01\/Theaterlift-low_res.jpg","type":"image\/jpeg"}],"twitter_card":"summary_large_image","schema":{"@context":"https:\/\/schema.org","@graph":[{"@type":"WebPage","@id":"https:\/\/oud.alplift.com\/fr\/produit\/elevateur-pour-evenements-e620sb\/","url":"https:\/\/oud.alplift.com\/fr\/produit\/elevateur-pour-evenements-e620sb\/","name":"\u00c9l\u00e9vateur pour \u00e9v\u00e9nements - E620SB","isPartOf":{"@id":"https:\/\/oud.alplift.com\/fr\/#website"},"primaryImageOfPage":{"@id":"https:\/\/oud.alplift.com\/fr\/produit\/elevateur-pour-evenements-e620sb\/#primaryimage"},"image":{"@id":"https:\/\/oud.alplift.com\/fr\/produit\/elevateur-pour-evenements-e620sb\/#primaryimage"},"thumbnailUrl":"https:\/\/oud.alplift.com\/wp-content\/uploads\/2021\/01\/Theaterlift-low_res.jpg","datePublished":"2016-09-10T09:25:11+00:00","dateModified":"2021-01-21T08:49:13+00:00","description":"\u00e9l\u00e9vateurs pour \u00e9v\u00e9nements de Alp Lift sont une aide fiable en hauteur dans les th\u00e9\u00e2tres, les festivals et les salles d'\u00e9v\u00e9nements.","breadcrumb":{"@id":"https:\/\/oud.alplift.com\/fr\/produit\/elevateur-pour-evenements-e620sb\/#breadcrumb"},"inLanguage":"fr-FR","potentialAction":[{"@type":"ReadAction","target":["https:\/\/oud.alplift.com\/fr\/produit\/elevateur-pour-evenements-e620sb\/"]}]},{"@type":"ImageObject","inLanguage":"fr-FR","@id":"https:\/\/oud.alplift.com\/fr\/produit\/elevateur-pour-evenements-e620sb\/#primaryimage","url":"https:\/\/oud.alplift.com\/wp-content\/uploads\/2021\/01\/Theaterlift-low_res.jpg","contentUrl":"https:\/\/oud.alplift.com\/wp-content\/uploads\/2021\/01\/Theaterlift-low_res.jpg","width":1024,"height":768},{"@type":"BreadcrumbList","@id":"https:\/\/oud.alplift.com\/fr\/produit\/elevateur-pour-evenements-e620sb\/#breadcrumb","itemListElement":[{"@type":"ListItem","position":1,"name":"Home","item":"https:\/\/oud.alplift.com\/fr\/"},{"@type":"ListItem","position":2,"name":"Winkel","item":"https:\/\/oud.alplift.com\/winkel\/"},{"@type":"ListItem","position":3,"name":"\u00c9l\u00e9vateur pour \u00e9v\u00e9nements &#8211; E620SB"}]},{"@type":"WebSite","@id":"https:\/\/oud.alplift.com\/fr\/#website","url":"https:\/\/oud.alplift.com\/fr\/","name":"Alp Lift","description":"Lifting Equipment","potentialAction":[{"@type":"SearchAction","target":{"@type":"EntryPoint","urlTemplate":"https:\/\/oud.alplift.com\/fr\/?s={search_term_string}"},"query-input":{"@type":"PropertyValueSpecification","valueRequired":true,"valueName":"search_term_string"}}],"inLanguage":"fr-FR"}]}},"_links":{"self":[{"href":"https:\/\/oud.alplift.com\/fr\/wp-json\/wp\/v2\/product\/3116","targetHints":{"allow":["GET"]}}],"collection":[{"href":"https:\/\/oud.alplift.com\/fr\/wp-json\/wp\/v2\/product"}],"about":[{"href":"https:\/\/oud.alplift.com\/fr\/wp-json\/wp\/v2\/types\/product"}],"replies":[{"embeddable":true,"href":"https:\/\/oud.alplift.com\/fr\/wp-json\/wp\/v2\/comments?post=3116"}],"wp:featuredmedia":[{"embeddable":true,"href":"https:\/\/oud.alplift.com\/fr\/wp-json\/wp\/v2\/media\/2608"}],"wp:attachment":[{"href":"https:\/\/oud.alplift.com\/fr\/wp-json\/wp\/v2\/media?parent=3116"}],"wp:term":[{"taxonomy":"product_cat","embeddable":true,"href":"https:\/\/oud.alplift.com\/fr\/wp-json\/wp\/v2\/product_cat?post=3116"},{"taxonomy":"product_tag","embeddable":true,"href":"https:\/\/oud.alplift.com\/fr\/wp-json\/wp\/v2\/product_tag?post=3116"}],"curies":[{"name":"wp","href":"https:\/\/api.w.org\/{rel}","templated":true}]}}