
{"id":3112,"date":"2017-05-31T07:48:24","date_gmt":"2017-05-31T05:48:24","guid":{"rendered":"https:\/\/oud.alplift.com\/?post_type=product&#038;p=3112"},"modified":"2021-01-21T09:49:10","modified_gmt":"2021-01-21T08:49:10","slug":"elevateur-a-nacelle-sur-remorque-tm10g","status":"publish","type":"product","link":"https:\/\/oud.alplift.com\/fr\/produit\/elevateur-a-nacelle-sur-remorque-tm10g\/","title":{"rendered":"\u00c9l\u00e9vateur \u00e0 nacelle sur remorque TM10G"},"content":{"rendered":"<p>[table id=34 \/]<\/p>\n","protected":false},"excerpt":{"rendered":"<p>L&rsquo;\u00e9l\u00e9vateur \u00e0 nacelle sur remorque TM10G de EuropeLift est une plateforme compacte et une excellente alternative aux \u00e9chafaudages et \u00e9chelles. Gr\u00e2ce \u00e0 son poids inf\u00e9rieur \u00e0 750 kg, il peut \u00eatre transport\u00e9 avec n&rsquo;importe quelle voiture et permis de conduire B. Gr\u00e2ce \u00e0 ses dimensions limit\u00e9es et ses deux petites roues, la plateforme peut passer par une ouverture de porte normale de 80 cm et elle est facile \u00e0 man\u0153uvrer sur votre lieu de travail. Le panier est amovible, de sorte que la machine peut \u00e9galement \u00eatre utilis\u00e9e sur un lieu de travail \u00e9troit ou difficile. En bref : le TM10G est votre \u00e9quipement polyvalent.<\/p>\n<p><strong>Sp\u00e9cifications:<\/strong><\/p>\n<ul>\n<li>Hauteur de travail: 9,8 meter<\/li>\n<li>Capacit\u00e9 de levage : 120 kg<\/li>\n<li>Hauteur de la plateform : 7,8 meter<\/li>\n<li>Dimensions de la plateforme : 0,8 x 0,7 x 0,7m<\/li>\n<li>Largeur de transport: 1,57 m<\/li>\n<li>Poids: 750 kg<\/li>\n<li>Gamme horizontal: 4,5 meter<\/li>\n<\/ul>\n<p><strong>Standard \u00e9quip\u00e9 de:<\/strong><\/p>\n<ul>\n<li>Panier amovible \u00e9quip\u00e9 d&rsquo;un garde-corps en aluminium, d&rsquo;une bo\u00eete \u00e0 outils et de points de connexion \u00e0 double sangle pour le confort et la s\u00e9curit\u00e9<\/li>\n<li>Prise 230V dans la plateforme de travail<\/li>\n<li>Mode de contr\u00f4le bas avec lequel toutes les fonctions peuvent \u00eatre contr\u00f4l\u00e9es \u00e0 vitesse moyenne<\/li>\n<\/ul>\n<p><strong>Power:<\/strong> 230V, battery, Honda, dual power<\/p>\n<ul>\n","protected":false},"featured_media":516,"comment_status":"closed","ping_status":"open","template":"","meta":[],"product_cat":[15],"product_tag":[],"class_list":{"0":"post-3112","1":"product","2":"type-product","3":"status-publish","4":"has-post-thumbnail","6":"product_cat-overig","8":"first","9":"instock","10":"shipping-taxable","11":"product-type-simple"},"yoast_head":"<!-- This site is optimized with the Yoast SEO plugin v24.0 - https:\/\/yoast.com\/wordpress\/plugins\/seo\/ -->\n<title>\u00c9l\u00e9vateur \u00e0 nacelle sur remorque TM10G de EuropeLift<\/title>\n<meta name=\"description\" content=\"La nacelle \u00e9l\u00e9vatrice mont\u00e9e sur remorque TM10G de EuropeLift est tr\u00e8s compact et facile \u00e0 utiliser. Bonne alternative pour les \u00e9chelles et les \u00e9chafaudages. Permis de conduire B requis.\" \/>\n<meta name=\"robots\" content=\"noindex, follow, max-snippet:-1, max-image-preview:large, max-video-preview:-1\" \/>\n<meta property=\"og:locale\" content=\"fr_FR\" \/>\n<meta property=\"og:type\" content=\"article\" \/>\n<meta property=\"og:title\" content=\"\u00c9l\u00e9vateur \u00e0 nacelle sur remorque TM10G de EuropeLift\" \/>\n<meta property=\"og:description\" content=\"La nacelle \u00e9l\u00e9vatrice mont\u00e9e sur remorque TM10G de EuropeLift est tr\u00e8s compact et facile \u00e0 utiliser. Bonne alternative pour les \u00e9chelles et les \u00e9chafaudages. Permis de conduire B requis.\" \/>\n<meta property=\"og:url\" content=\"https:\/\/oud.alplift.com\/fr\/produit\/elevateur-a-nacelle-sur-remorque-tm10g\/\" \/>\n<meta property=\"og:site_name\" content=\"Alp Lift\" \/>\n<meta property=\"article:modified_time\" content=\"2021-01-21T08:49:10+00:00\" \/>\n<meta property=\"og:image\" content=\"https:\/\/oud.alplift.com\/wp-content\/uploads\/2020\/11\/aanhanger-hoogwerker-TM10G-achter-Mini.jpg\" \/>\n\t<meta property=\"og:image:width\" content=\"800\" \/>\n\t<meta property=\"og:image:height\" content=\"600\" \/>\n\t<meta property=\"og:image:type\" content=\"image\/jpeg\" \/>\n<meta name=\"twitter:card\" content=\"summary_large_image\" \/>\n<script type=\"application\/ld+json\" class=\"yoast-schema-graph\">{\"@context\":\"https:\/\/schema.org\",\"@graph\":[{\"@type\":\"WebPage\",\"@id\":\"https:\/\/oud.alplift.com\/fr\/produit\/elevateur-a-nacelle-sur-remorque-tm10g\/\",\"url\":\"https:\/\/oud.alplift.com\/fr\/produit\/elevateur-a-nacelle-sur-remorque-tm10g\/\",\"name\":\"\u00c9l\u00e9vateur \u00e0 nacelle sur remorque TM10G de EuropeLift\",\"isPartOf\":{\"@id\":\"https:\/\/oud.alplift.com\/fr\/#website\"},\"primaryImageOfPage\":{\"@id\":\"https:\/\/oud.alplift.com\/fr\/produit\/elevateur-a-nacelle-sur-remorque-tm10g\/#primaryimage\"},\"image\":{\"@id\":\"https:\/\/oud.alplift.com\/fr\/produit\/elevateur-a-nacelle-sur-remorque-tm10g\/#primaryimage\"},\"thumbnailUrl\":\"https:\/\/oud.alplift.com\/wp-content\/uploads\/2020\/11\/aanhanger-hoogwerker-TM10G-achter-Mini.jpg\",\"datePublished\":\"2017-05-31T05:48:24+00:00\",\"dateModified\":\"2021-01-21T08:49:10+00:00\",\"description\":\"La nacelle \u00e9l\u00e9vatrice mont\u00e9e sur remorque TM10G de EuropeLift est tr\u00e8s compact et facile \u00e0 utiliser. Bonne alternative pour les \u00e9chelles et les \u00e9chafaudages. Permis de conduire B requis.\",\"breadcrumb\":{\"@id\":\"https:\/\/oud.alplift.com\/fr\/produit\/elevateur-a-nacelle-sur-remorque-tm10g\/#breadcrumb\"},\"inLanguage\":\"fr-FR\",\"potentialAction\":[{\"@type\":\"ReadAction\",\"target\":[\"https:\/\/oud.alplift.com\/fr\/produit\/elevateur-a-nacelle-sur-remorque-tm10g\/\"]}]},{\"@type\":\"ImageObject\",\"inLanguage\":\"fr-FR\",\"@id\":\"https:\/\/oud.alplift.com\/fr\/produit\/elevateur-a-nacelle-sur-remorque-tm10g\/#primaryimage\",\"url\":\"https:\/\/oud.alplift.com\/wp-content\/uploads\/2020\/11\/aanhanger-hoogwerker-TM10G-achter-Mini.jpg\",\"contentUrl\":\"https:\/\/oud.alplift.com\/wp-content\/uploads\/2020\/11\/aanhanger-hoogwerker-TM10G-achter-Mini.jpg\",\"width\":800,\"height\":600,\"caption\":\"Podno\u015bnik zamontowany na naczepie TM10G\"},{\"@type\":\"BreadcrumbList\",\"@id\":\"https:\/\/oud.alplift.com\/fr\/produit\/elevateur-a-nacelle-sur-remorque-tm10g\/#breadcrumb\",\"itemListElement\":[{\"@type\":\"ListItem\",\"position\":1,\"name\":\"Home\",\"item\":\"https:\/\/oud.alplift.com\/fr\/\"},{\"@type\":\"ListItem\",\"position\":2,\"name\":\"Winkel\",\"item\":\"https:\/\/oud.alplift.com\/winkel\/\"},{\"@type\":\"ListItem\",\"position\":3,\"name\":\"\u00c9l\u00e9vateur \u00e0 nacelle sur remorque TM10G\"}]},{\"@type\":\"WebSite\",\"@id\":\"https:\/\/oud.alplift.com\/fr\/#website\",\"url\":\"https:\/\/oud.alplift.com\/fr\/\",\"name\":\"Alp Lift\",\"description\":\"Lifting Equipment\",\"potentialAction\":[{\"@type\":\"SearchAction\",\"target\":{\"@type\":\"EntryPoint\",\"urlTemplate\":\"https:\/\/oud.alplift.com\/fr\/?s={search_term_string}\"},\"query-input\":{\"@type\":\"PropertyValueSpecification\",\"valueRequired\":true,\"valueName\":\"search_term_string\"}}],\"inLanguage\":\"fr-FR\"}]}<\/script>\n<!-- \/ Yoast SEO plugin. -->","yoast_head_json":{"title":"\u00c9l\u00e9vateur \u00e0 nacelle sur remorque TM10G de EuropeLift","description":"La nacelle \u00e9l\u00e9vatrice mont\u00e9e sur remorque TM10G de EuropeLift est tr\u00e8s compact et facile \u00e0 utiliser. Bonne alternative pour les \u00e9chelles et les \u00e9chafaudages. Permis de conduire B requis.","robots":{"index":"noindex","follow":"follow","max-snippet":"max-snippet:-1","max-image-preview":"max-image-preview:large","max-video-preview":"max-video-preview:-1"},"og_locale":"fr_FR","og_type":"article","og_title":"\u00c9l\u00e9vateur \u00e0 nacelle sur remorque TM10G de EuropeLift","og_description":"La nacelle \u00e9l\u00e9vatrice mont\u00e9e sur remorque TM10G de EuropeLift est tr\u00e8s compact et facile \u00e0 utiliser. Bonne alternative pour les \u00e9chelles et les \u00e9chafaudages. Permis de conduire B requis.","og_url":"https:\/\/oud.alplift.com\/fr\/produit\/elevateur-a-nacelle-sur-remorque-tm10g\/","og_site_name":"Alp Lift","article_modified_time":"2021-01-21T08:49:10+00:00","og_image":[{"width":800,"height":600,"url":"https:\/\/oud.alplift.com\/wp-content\/uploads\/2020\/11\/aanhanger-hoogwerker-TM10G-achter-Mini.jpg","type":"image\/jpeg"}],"twitter_card":"summary_large_image","schema":{"@context":"https:\/\/schema.org","@graph":[{"@type":"WebPage","@id":"https:\/\/oud.alplift.com\/fr\/produit\/elevateur-a-nacelle-sur-remorque-tm10g\/","url":"https:\/\/oud.alplift.com\/fr\/produit\/elevateur-a-nacelle-sur-remorque-tm10g\/","name":"\u00c9l\u00e9vateur \u00e0 nacelle sur remorque TM10G de EuropeLift","isPartOf":{"@id":"https:\/\/oud.alplift.com\/fr\/#website"},"primaryImageOfPage":{"@id":"https:\/\/oud.alplift.com\/fr\/produit\/elevateur-a-nacelle-sur-remorque-tm10g\/#primaryimage"},"image":{"@id":"https:\/\/oud.alplift.com\/fr\/produit\/elevateur-a-nacelle-sur-remorque-tm10g\/#primaryimage"},"thumbnailUrl":"https:\/\/oud.alplift.com\/wp-content\/uploads\/2020\/11\/aanhanger-hoogwerker-TM10G-achter-Mini.jpg","datePublished":"2017-05-31T05:48:24+00:00","dateModified":"2021-01-21T08:49:10+00:00","description":"La nacelle \u00e9l\u00e9vatrice mont\u00e9e sur remorque TM10G de EuropeLift est tr\u00e8s compact et facile \u00e0 utiliser. Bonne alternative pour les \u00e9chelles et les \u00e9chafaudages. Permis de conduire B requis.","breadcrumb":{"@id":"https:\/\/oud.alplift.com\/fr\/produit\/elevateur-a-nacelle-sur-remorque-tm10g\/#breadcrumb"},"inLanguage":"fr-FR","potentialAction":[{"@type":"ReadAction","target":["https:\/\/oud.alplift.com\/fr\/produit\/elevateur-a-nacelle-sur-remorque-tm10g\/"]}]},{"@type":"ImageObject","inLanguage":"fr-FR","@id":"https:\/\/oud.alplift.com\/fr\/produit\/elevateur-a-nacelle-sur-remorque-tm10g\/#primaryimage","url":"https:\/\/oud.alplift.com\/wp-content\/uploads\/2020\/11\/aanhanger-hoogwerker-TM10G-achter-Mini.jpg","contentUrl":"https:\/\/oud.alplift.com\/wp-content\/uploads\/2020\/11\/aanhanger-hoogwerker-TM10G-achter-Mini.jpg","width":800,"height":600,"caption":"Podno\u015bnik zamontowany na naczepie TM10G"},{"@type":"BreadcrumbList","@id":"https:\/\/oud.alplift.com\/fr\/produit\/elevateur-a-nacelle-sur-remorque-tm10g\/#breadcrumb","itemListElement":[{"@type":"ListItem","position":1,"name":"Home","item":"https:\/\/oud.alplift.com\/fr\/"},{"@type":"ListItem","position":2,"name":"Winkel","item":"https:\/\/oud.alplift.com\/winkel\/"},{"@type":"ListItem","position":3,"name":"\u00c9l\u00e9vateur \u00e0 nacelle sur remorque TM10G"}]},{"@type":"WebSite","@id":"https:\/\/oud.alplift.com\/fr\/#website","url":"https:\/\/oud.alplift.com\/fr\/","name":"Alp Lift","description":"Lifting Equipment","potentialAction":[{"@type":"SearchAction","target":{"@type":"EntryPoint","urlTemplate":"https:\/\/oud.alplift.com\/fr\/?s={search_term_string}"},"query-input":{"@type":"PropertyValueSpecification","valueRequired":true,"valueName":"search_term_string"}}],"inLanguage":"fr-FR"}]}},"_links":{"self":[{"href":"https:\/\/oud.alplift.com\/fr\/wp-json\/wp\/v2\/product\/3112","targetHints":{"allow":["GET"]}}],"collection":[{"href":"https:\/\/oud.alplift.com\/fr\/wp-json\/wp\/v2\/product"}],"about":[{"href":"https:\/\/oud.alplift.com\/fr\/wp-json\/wp\/v2\/types\/product"}],"replies":[{"embeddable":true,"href":"https:\/\/oud.alplift.com\/fr\/wp-json\/wp\/v2\/comments?post=3112"}],"wp:featuredmedia":[{"embeddable":true,"href":"https:\/\/oud.alplift.com\/fr\/wp-json\/wp\/v2\/media\/516"}],"wp:attachment":[{"href":"https:\/\/oud.alplift.com\/fr\/wp-json\/wp\/v2\/media?parent=3112"}],"wp:term":[{"taxonomy":"product_cat","embeddable":true,"href":"https:\/\/oud.alplift.com\/fr\/wp-json\/wp\/v2\/product_cat?post=3112"},{"taxonomy":"product_tag","embeddable":true,"href":"https:\/\/oud.alplift.com\/fr\/wp-json\/wp\/v2\/product_tag?post=3112"}],"curies":[{"name":"wp","href":"https:\/\/api.w.org\/{rel}","templated":true}]}}