
{"id":3111,"date":"2017-05-31T08:22:27","date_gmt":"2017-05-31T06:22:27","guid":{"rendered":"https:\/\/oud.alplift.com\/?post_type=product&#038;p=3111"},"modified":"2021-01-21T09:49:09","modified_gmt":"2021-01-21T08:49:09","slug":"elevateur-a-nacelle-sur-remorque-tm13g","status":"publish","type":"product","link":"https:\/\/oud.alplift.com\/fr\/produit\/elevateur-a-nacelle-sur-remorque-tm13g\/","title":{"rendered":"\u00c9l\u00e9vateur \u00e0 nacelle sur remorque TM13G"},"content":{"rendered":"<p>[table id=34 \/]<\/p>\n","protected":false},"excerpt":{"rendered":"<p>L&rsquo;\u00e9l\u00e9vateur \u00e0 nacelle sur remorque TM13G de EuropeLift est le membre le plus populaire de la s\u00e9rie de remorques d&rsquo;EuropeLift. Cette machine permet des conditions de travail optimales gr\u00e2ce \u00e0 sa structure arborescente simple et \u00e0 son levier mobile \u00e0 145 degr\u00e9s. Disponible avec plusieurs types d&rsquo;entra\u00eenements, tels que 220V, batterie, moteur Honda ou hybride, m\u00eame une combinaison de deux est possible. Toutes les fonctions peuvent \u00eatre command\u00e9es ind\u00e9pendamment par commande \u00e9lectrohydraulique \u00e0 l&rsquo;aide de petites manettes avec \u00ab\u00a0Fingertip\u00a0\u00bb, ce qui est pratique pour une utilisation dans des endroits difficiles. Pour faciliter l&rsquo;acc\u00e8s \u00e0 la zone de travail, la machine peut \u00e9galement \u00eatre command\u00e9e avec un \u00e9quipement de friction, afin qu&rsquo;une seule personne puisse effectuer le travail avec la machine confortablement, m\u00eame sur un sol de mauvaise qualit\u00e9.<\/p>\n<p><strong>Sp\u00e9cifications:<\/strong><\/p>\n<ul>\n<li>Hauteur de travail: 13 meter<\/li>\n<li>Capacit\u00e9 de levage : 220 kg<\/li>\n<li>Hauteur de la plateform : 11 meter<\/li>\n<li>Dimensions de la plateforme : 1,4 x 0,7 x 1,1m<\/li>\n<li>Largeur de transport: 1,58 m<\/li>\n<li>Poids: 1460 kg<\/li>\n<li>Gamme horizontal: 9 meter<\/li>\n<\/ul>\n<p><strong>Standard \u00e9quip\u00e9 de:<\/strong><\/p>\n<ul>\n<li>Panier amovible \u00e9quip\u00e9 d&rsquo;un garde-corps en aluminium, d&rsquo;une bo\u00eete \u00e0 outils et de points de connexion \u00e0 double sangle pour le confort et la s\u00e9curit\u00e9<\/li>\n<li>Prise 230V dans la plateforme de travail<\/li>\n<li>Mode de contr\u00f4le bas avec lequel toutes les fonctions peuvent \u00eatre contr\u00f4l\u00e9es \u00e0 vitesse moyenne<\/li>\n<\/ul>\n<p><strong>Power:<\/strong> 230V, battery, Honda, dual power<\/p>\n<ul>\n","protected":false},"featured_media":2808,"comment_status":"closed","ping_status":"closed","template":"","meta":[],"product_cat":[154,158],"product_tag":[],"class_list":{"0":"post-3111","1":"product","2":"type-product","3":"status-publish","4":"has-post-thumbnail","6":"product_cat-nacelles-elevatrice","7":"product_cat-nacelles-sur-remorques","8":"pa_hefcapaciteit-200-300-kg-fr","10":"first","11":"instock","12":"shipping-taxable","13":"product-type-simple"},"yoast_head":"<!-- This site is optimized with the Yoast SEO plugin v24.0 - https:\/\/yoast.com\/wordpress\/plugins\/seo\/ -->\n<title>\u00c9l\u00e9vateur \u00e0 nacelle sur remorque TM13G<\/title>\n<meta name=\"description\" content=\"La nacelle \u00e9l\u00e9vatrice mont\u00e9e sur remorque TM13G de EuropeLift est tr\u00e8s compact et facile \u00e0 utiliser. Bonne alternative pour les \u00e9chelles et les \u00e9chafaudages. Permis de conduire B requis.\" \/>\n<meta name=\"robots\" content=\"noindex, follow, max-snippet:-1, max-image-preview:large, max-video-preview:-1\" \/>\n<meta property=\"og:locale\" content=\"fr_FR\" \/>\n<meta property=\"og:type\" content=\"article\" \/>\n<meta property=\"og:title\" content=\"\u00c9l\u00e9vateur \u00e0 nacelle sur remorque TM13G\" \/>\n<meta property=\"og:description\" content=\"La nacelle \u00e9l\u00e9vatrice mont\u00e9e sur remorque TM13G de EuropeLift est tr\u00e8s compact et facile \u00e0 utiliser. Bonne alternative pour les \u00e9chelles et les \u00e9chafaudages. Permis de conduire B requis.\" \/>\n<meta property=\"og:url\" content=\"https:\/\/oud.alplift.com\/fr\/produit\/elevateur-a-nacelle-sur-remorque-tm13g\/\" \/>\n<meta property=\"og:site_name\" content=\"Alp Lift\" \/>\n<meta property=\"article:modified_time\" content=\"2021-01-21T08:49:09+00:00\" \/>\n<meta property=\"og:image\" content=\"https:\/\/oud.alplift.com\/wp-content\/uploads\/2021\/01\/TM13G.jpg\" \/>\n\t<meta property=\"og:image:width\" content=\"466\" \/>\n\t<meta property=\"og:image:height\" content=\"600\" \/>\n\t<meta property=\"og:image:type\" content=\"image\/jpeg\" \/>\n<meta name=\"twitter:card\" content=\"summary_large_image\" \/>\n<script type=\"application\/ld+json\" class=\"yoast-schema-graph\">{\"@context\":\"https:\/\/schema.org\",\"@graph\":[{\"@type\":\"WebPage\",\"@id\":\"https:\/\/oud.alplift.com\/fr\/produit\/elevateur-a-nacelle-sur-remorque-tm13g\/\",\"url\":\"https:\/\/oud.alplift.com\/fr\/produit\/elevateur-a-nacelle-sur-remorque-tm13g\/\",\"name\":\"\u00c9l\u00e9vateur \u00e0 nacelle sur remorque TM13G\",\"isPartOf\":{\"@id\":\"https:\/\/oud.alplift.com\/fr\/#website\"},\"primaryImageOfPage\":{\"@id\":\"https:\/\/oud.alplift.com\/fr\/produit\/elevateur-a-nacelle-sur-remorque-tm13g\/#primaryimage\"},\"image\":{\"@id\":\"https:\/\/oud.alplift.com\/fr\/produit\/elevateur-a-nacelle-sur-remorque-tm13g\/#primaryimage\"},\"thumbnailUrl\":\"https:\/\/oud.alplift.com\/wp-content\/uploads\/2021\/01\/TM13G.jpg\",\"datePublished\":\"2017-05-31T06:22:27+00:00\",\"dateModified\":\"2021-01-21T08:49:09+00:00\",\"description\":\"La nacelle \u00e9l\u00e9vatrice mont\u00e9e sur remorque TM13G de EuropeLift est tr\u00e8s compact et facile \u00e0 utiliser. Bonne alternative pour les \u00e9chelles et les \u00e9chafaudages. Permis de conduire B requis.\",\"breadcrumb\":{\"@id\":\"https:\/\/oud.alplift.com\/fr\/produit\/elevateur-a-nacelle-sur-remorque-tm13g\/#breadcrumb\"},\"inLanguage\":\"fr-FR\",\"potentialAction\":[{\"@type\":\"ReadAction\",\"target\":[\"https:\/\/oud.alplift.com\/fr\/produit\/elevateur-a-nacelle-sur-remorque-tm13g\/\"]}]},{\"@type\":\"ImageObject\",\"inLanguage\":\"fr-FR\",\"@id\":\"https:\/\/oud.alplift.com\/fr\/produit\/elevateur-a-nacelle-sur-remorque-tm13g\/#primaryimage\",\"url\":\"https:\/\/oud.alplift.com\/wp-content\/uploads\/2021\/01\/TM13G.jpg\",\"contentUrl\":\"https:\/\/oud.alplift.com\/wp-content\/uploads\/2021\/01\/TM13G.jpg\",\"width\":466,\"height\":600},{\"@type\":\"BreadcrumbList\",\"@id\":\"https:\/\/oud.alplift.com\/fr\/produit\/elevateur-a-nacelle-sur-remorque-tm13g\/#breadcrumb\",\"itemListElement\":[{\"@type\":\"ListItem\",\"position\":1,\"name\":\"Home\",\"item\":\"https:\/\/oud.alplift.com\/fr\/\"},{\"@type\":\"ListItem\",\"position\":2,\"name\":\"Winkel\",\"item\":\"https:\/\/oud.alplift.com\/winkel\/\"},{\"@type\":\"ListItem\",\"position\":3,\"name\":\"\u00c9l\u00e9vateur \u00e0 nacelle sur remorque TM13G\"}]},{\"@type\":\"WebSite\",\"@id\":\"https:\/\/oud.alplift.com\/fr\/#website\",\"url\":\"https:\/\/oud.alplift.com\/fr\/\",\"name\":\"Alp Lift\",\"description\":\"Lifting Equipment\",\"potentialAction\":[{\"@type\":\"SearchAction\",\"target\":{\"@type\":\"EntryPoint\",\"urlTemplate\":\"https:\/\/oud.alplift.com\/fr\/?s={search_term_string}\"},\"query-input\":{\"@type\":\"PropertyValueSpecification\",\"valueRequired\":true,\"valueName\":\"search_term_string\"}}],\"inLanguage\":\"fr-FR\"}]}<\/script>\n<!-- \/ Yoast SEO plugin. -->","yoast_head_json":{"title":"\u00c9l\u00e9vateur \u00e0 nacelle sur remorque TM13G","description":"La nacelle \u00e9l\u00e9vatrice mont\u00e9e sur remorque TM13G de EuropeLift est tr\u00e8s compact et facile \u00e0 utiliser. Bonne alternative pour les \u00e9chelles et les \u00e9chafaudages. Permis de conduire B requis.","robots":{"index":"noindex","follow":"follow","max-snippet":"max-snippet:-1","max-image-preview":"max-image-preview:large","max-video-preview":"max-video-preview:-1"},"og_locale":"fr_FR","og_type":"article","og_title":"\u00c9l\u00e9vateur \u00e0 nacelle sur remorque TM13G","og_description":"La nacelle \u00e9l\u00e9vatrice mont\u00e9e sur remorque TM13G de EuropeLift est tr\u00e8s compact et facile \u00e0 utiliser. Bonne alternative pour les \u00e9chelles et les \u00e9chafaudages. Permis de conduire B requis.","og_url":"https:\/\/oud.alplift.com\/fr\/produit\/elevateur-a-nacelle-sur-remorque-tm13g\/","og_site_name":"Alp Lift","article_modified_time":"2021-01-21T08:49:09+00:00","og_image":[{"width":466,"height":600,"url":"https:\/\/oud.alplift.com\/wp-content\/uploads\/2021\/01\/TM13G.jpg","type":"image\/jpeg"}],"twitter_card":"summary_large_image","schema":{"@context":"https:\/\/schema.org","@graph":[{"@type":"WebPage","@id":"https:\/\/oud.alplift.com\/fr\/produit\/elevateur-a-nacelle-sur-remorque-tm13g\/","url":"https:\/\/oud.alplift.com\/fr\/produit\/elevateur-a-nacelle-sur-remorque-tm13g\/","name":"\u00c9l\u00e9vateur \u00e0 nacelle sur remorque TM13G","isPartOf":{"@id":"https:\/\/oud.alplift.com\/fr\/#website"},"primaryImageOfPage":{"@id":"https:\/\/oud.alplift.com\/fr\/produit\/elevateur-a-nacelle-sur-remorque-tm13g\/#primaryimage"},"image":{"@id":"https:\/\/oud.alplift.com\/fr\/produit\/elevateur-a-nacelle-sur-remorque-tm13g\/#primaryimage"},"thumbnailUrl":"https:\/\/oud.alplift.com\/wp-content\/uploads\/2021\/01\/TM13G.jpg","datePublished":"2017-05-31T06:22:27+00:00","dateModified":"2021-01-21T08:49:09+00:00","description":"La nacelle \u00e9l\u00e9vatrice mont\u00e9e sur remorque TM13G de EuropeLift est tr\u00e8s compact et facile \u00e0 utiliser. Bonne alternative pour les \u00e9chelles et les \u00e9chafaudages. Permis de conduire B requis.","breadcrumb":{"@id":"https:\/\/oud.alplift.com\/fr\/produit\/elevateur-a-nacelle-sur-remorque-tm13g\/#breadcrumb"},"inLanguage":"fr-FR","potentialAction":[{"@type":"ReadAction","target":["https:\/\/oud.alplift.com\/fr\/produit\/elevateur-a-nacelle-sur-remorque-tm13g\/"]}]},{"@type":"ImageObject","inLanguage":"fr-FR","@id":"https:\/\/oud.alplift.com\/fr\/produit\/elevateur-a-nacelle-sur-remorque-tm13g\/#primaryimage","url":"https:\/\/oud.alplift.com\/wp-content\/uploads\/2021\/01\/TM13G.jpg","contentUrl":"https:\/\/oud.alplift.com\/wp-content\/uploads\/2021\/01\/TM13G.jpg","width":466,"height":600},{"@type":"BreadcrumbList","@id":"https:\/\/oud.alplift.com\/fr\/produit\/elevateur-a-nacelle-sur-remorque-tm13g\/#breadcrumb","itemListElement":[{"@type":"ListItem","position":1,"name":"Home","item":"https:\/\/oud.alplift.com\/fr\/"},{"@type":"ListItem","position":2,"name":"Winkel","item":"https:\/\/oud.alplift.com\/winkel\/"},{"@type":"ListItem","position":3,"name":"\u00c9l\u00e9vateur \u00e0 nacelle sur remorque TM13G"}]},{"@type":"WebSite","@id":"https:\/\/oud.alplift.com\/fr\/#website","url":"https:\/\/oud.alplift.com\/fr\/","name":"Alp Lift","description":"Lifting Equipment","potentialAction":[{"@type":"SearchAction","target":{"@type":"EntryPoint","urlTemplate":"https:\/\/oud.alplift.com\/fr\/?s={search_term_string}"},"query-input":{"@type":"PropertyValueSpecification","valueRequired":true,"valueName":"search_term_string"}}],"inLanguage":"fr-FR"}]}},"_links":{"self":[{"href":"https:\/\/oud.alplift.com\/fr\/wp-json\/wp\/v2\/product\/3111","targetHints":{"allow":["GET"]}}],"collection":[{"href":"https:\/\/oud.alplift.com\/fr\/wp-json\/wp\/v2\/product"}],"about":[{"href":"https:\/\/oud.alplift.com\/fr\/wp-json\/wp\/v2\/types\/product"}],"replies":[{"embeddable":true,"href":"https:\/\/oud.alplift.com\/fr\/wp-json\/wp\/v2\/comments?post=3111"}],"wp:featuredmedia":[{"embeddable":true,"href":"https:\/\/oud.alplift.com\/fr\/wp-json\/wp\/v2\/media\/2808"}],"wp:attachment":[{"href":"https:\/\/oud.alplift.com\/fr\/wp-json\/wp\/v2\/media?parent=3111"}],"wp:term":[{"taxonomy":"product_cat","embeddable":true,"href":"https:\/\/oud.alplift.com\/fr\/wp-json\/wp\/v2\/product_cat?post=3111"},{"taxonomy":"product_tag","embeddable":true,"href":"https:\/\/oud.alplift.com\/fr\/wp-json\/wp\/v2\/product_tag?post=3111"}],"curies":[{"name":"wp","href":"https:\/\/api.w.org\/{rel}","templated":true}]}}