
{"id":3110,"date":"2017-05-31T08:31:09","date_gmt":"2017-05-31T06:31:09","guid":{"rendered":"https:\/\/oud.alplift.com\/?post_type=product&#038;p=3110"},"modified":"2021-01-21T09:49:09","modified_gmt":"2021-01-21T08:49:09","slug":"elevateur-a-nacelle-sur-remorque-tm15gt","status":"publish","type":"product","link":"https:\/\/oud.alplift.com\/fr\/produit\/elevateur-a-nacelle-sur-remorque-tm15gt\/","title":{"rendered":"\u00e9l\u00e9vateur \u00e0 nacelle sur remorque TM15GT"},"content":{"rendered":"<p>[table id=34 \/]<\/p>\n","protected":false},"excerpt":{"rendered":"<p>L&rsquo;\u00e9l\u00e9vateur \u00e0 nacelle sur remorque TM15GT d&rsquo;Europe Lift est un \u00e9l\u00e9vateur professionnel avec une plateforme de travail sur\u00e9lev\u00e9e. Gr\u00e2ce \u00e0 sa construction compacte et \u00e0 l&rsquo;excellente r\u00e9partition du poids, la remorque peut \u00eatre transport\u00e9e en toute s\u00e9curit\u00e9. Cette machine peut \u00eatre command\u00e9e avec plusieurs entra\u00eenements, tels que 220V &#8211; qui est standard &#8211; ou avec batterie, moteur Honda ou entra\u00eenement hybride ou une combinaison des deux. La stabilisation hydraulique assure un positionnement rapide sur la zone de travail. Toutes les fonctions peuvent \u00eatre command\u00e9es individuellement par les manettes \u00ab\u00a0Fingertip\u00a0\u00bb, ce qui est tr\u00e8s utile dans les zones de travail difficiles. Pour faciliter l&rsquo;utilisation dans une zone de travail difficile, la machine peut \u00e9galement \u00eatre command\u00e9e avec entra\u00eenement par roues motrices. La machine est ainsi facile \u00e0 utiliser par une seule personne. Le panier en aluminium, \u00e9quip\u00e9 d&rsquo;un rail de protection des mains, d&rsquo;une bo\u00eete \u00e0 outils et de points de connexion \u00e0 double sangle, est confortable et offre une s\u00e9curit\u00e9 totale \u00e0 l&rsquo;utilisateur.<\/p>\n<p><strong>Sp\u00e9cifications:<\/strong><\/p>\n<ul>\n<li>Hauteur de travail: 13,1 meter<\/li>\n<li>Capacit\u00e9 de levage : 220 kg<\/li>\n<li>Hauteur de la plateform : 11 meter<\/li>\n<li>Dimensions de la plateforme : 1.2&#215;0.8&#215;1.1m<\/li>\n<li>Largeur de transport: 1,55 m<\/li>\n<li>Poids: 1450 kg<\/li>\n<li>Gamme horizontal: 6,1 meter<\/li>\n<\/ul>\n<p><strong>Standard \u00e9quip\u00e9 de:<\/strong><\/p>\n<ul>\n<li>Panier amovible \u00e9quip\u00e9 d&rsquo;un garde-corps en aluminium, d&rsquo;une bo\u00eete \u00e0 outils et de points de connexion \u00e0 double sangle pour le confort et la s\u00e9curit\u00e9<\/li>\n<li>Prise 230V dans la plateforme de travail<\/li>\n<li>Mode de contr\u00f4le bas avec lequel toutes les fonctions peuvent \u00eatre contr\u00f4l\u00e9es \u00e0 vitesse moyenne<\/li>\n<\/ul>\n<p><strong>Power:<\/strong> 230V, battery, Honda, dual power<\/p>\n<ul>\n","protected":false},"featured_media":522,"comment_status":"closed","ping_status":"open","template":"","meta":[],"product_cat":[15],"product_tag":[],"class_list":{"0":"post-3110","1":"product","2":"type-product","3":"status-publish","4":"has-post-thumbnail","6":"product_cat-overig","8":"first","9":"instock","10":"shipping-taxable","11":"product-type-simple"},"yoast_head":"<!-- This site is optimized with the Yoast SEO plugin v24.0 - https:\/\/yoast.com\/wordpress\/plugins\/seo\/ -->\n<title>\u00e9l\u00e9vateur \u00e0 nacelle sur remorque TM15GT<\/title>\n<meta name=\"description\" content=\"La nacelle \u00e9l\u00e9vatrice mont\u00e9e sur remorque TM15GT de EuropeLift est tr\u00e8s compacte et facile \u00e0 utiliser. Bonne alternative pour les \u00e9chelles et les \u00e9chafaudages. Permis de conduire B requis.\" \/>\n<meta name=\"robots\" content=\"noindex, follow, max-snippet:-1, max-image-preview:large, max-video-preview:-1\" \/>\n<meta property=\"og:locale\" content=\"fr_FR\" \/>\n<meta property=\"og:type\" content=\"article\" \/>\n<meta property=\"og:title\" content=\"\u00e9l\u00e9vateur \u00e0 nacelle sur remorque TM15GT\" \/>\n<meta property=\"og:description\" content=\"La nacelle \u00e9l\u00e9vatrice mont\u00e9e sur remorque TM15GT de EuropeLift est tr\u00e8s compacte et facile \u00e0 utiliser. Bonne alternative pour les \u00e9chelles et les \u00e9chafaudages. Permis de conduire B requis.\" \/>\n<meta property=\"og:url\" content=\"https:\/\/oud.alplift.com\/fr\/produit\/elevateur-a-nacelle-sur-remorque-tm15gt\/\" \/>\n<meta property=\"og:site_name\" content=\"Alp Lift\" \/>\n<meta property=\"article:modified_time\" content=\"2021-01-21T08:49:09+00:00\" \/>\n<meta property=\"og:image\" content=\"https:\/\/oud.alplift.com\/wp-content\/uploads\/2020\/11\/Aanhanger-hoogwerker-TM15GT-1.jpg\" \/>\n\t<meta property=\"og:image:width\" content=\"353\" \/>\n\t<meta property=\"og:image:height\" content=\"477\" \/>\n\t<meta property=\"og:image:type\" content=\"image\/jpeg\" \/>\n<meta name=\"twitter:card\" content=\"summary_large_image\" \/>\n<script type=\"application\/ld+json\" class=\"yoast-schema-graph\">{\"@context\":\"https:\/\/schema.org\",\"@graph\":[{\"@type\":\"WebPage\",\"@id\":\"https:\/\/oud.alplift.com\/fr\/produit\/elevateur-a-nacelle-sur-remorque-tm15gt\/\",\"url\":\"https:\/\/oud.alplift.com\/fr\/produit\/elevateur-a-nacelle-sur-remorque-tm15gt\/\",\"name\":\"\u00e9l\u00e9vateur \u00e0 nacelle sur remorque TM15GT\",\"isPartOf\":{\"@id\":\"https:\/\/oud.alplift.com\/fr\/#website\"},\"primaryImageOfPage\":{\"@id\":\"https:\/\/oud.alplift.com\/fr\/produit\/elevateur-a-nacelle-sur-remorque-tm15gt\/#primaryimage\"},\"image\":{\"@id\":\"https:\/\/oud.alplift.com\/fr\/produit\/elevateur-a-nacelle-sur-remorque-tm15gt\/#primaryimage\"},\"thumbnailUrl\":\"https:\/\/oud.alplift.com\/wp-content\/uploads\/2020\/11\/Aanhanger-hoogwerker-TM15GT-1.jpg\",\"datePublished\":\"2017-05-31T06:31:09+00:00\",\"dateModified\":\"2021-01-21T08:49:09+00:00\",\"description\":\"La nacelle \u00e9l\u00e9vatrice mont\u00e9e sur remorque TM15GT de EuropeLift est tr\u00e8s compacte et facile \u00e0 utiliser. Bonne alternative pour les \u00e9chelles et les \u00e9chafaudages. Permis de conduire B requis.\",\"breadcrumb\":{\"@id\":\"https:\/\/oud.alplift.com\/fr\/produit\/elevateur-a-nacelle-sur-remorque-tm15gt\/#breadcrumb\"},\"inLanguage\":\"fr-FR\",\"potentialAction\":[{\"@type\":\"ReadAction\",\"target\":[\"https:\/\/oud.alplift.com\/fr\/produit\/elevateur-a-nacelle-sur-remorque-tm15gt\/\"]}]},{\"@type\":\"ImageObject\",\"inLanguage\":\"fr-FR\",\"@id\":\"https:\/\/oud.alplift.com\/fr\/produit\/elevateur-a-nacelle-sur-remorque-tm15gt\/#primaryimage\",\"url\":\"https:\/\/oud.alplift.com\/wp-content\/uploads\/2020\/11\/Aanhanger-hoogwerker-TM15GT-1.jpg\",\"contentUrl\":\"https:\/\/oud.alplift.com\/wp-content\/uploads\/2020\/11\/Aanhanger-hoogwerker-TM15GT-1.jpg\",\"width\":353,\"height\":477,\"caption\":\"Podno\u015bnik zamontowany na naczepie TM15GT\"},{\"@type\":\"BreadcrumbList\",\"@id\":\"https:\/\/oud.alplift.com\/fr\/produit\/elevateur-a-nacelle-sur-remorque-tm15gt\/#breadcrumb\",\"itemListElement\":[{\"@type\":\"ListItem\",\"position\":1,\"name\":\"Home\",\"item\":\"https:\/\/oud.alplift.com\/fr\/\"},{\"@type\":\"ListItem\",\"position\":2,\"name\":\"Winkel\",\"item\":\"https:\/\/oud.alplift.com\/winkel\/\"},{\"@type\":\"ListItem\",\"position\":3,\"name\":\"\u00e9l\u00e9vateur \u00e0 nacelle sur remorque TM15GT\"}]},{\"@type\":\"WebSite\",\"@id\":\"https:\/\/oud.alplift.com\/fr\/#website\",\"url\":\"https:\/\/oud.alplift.com\/fr\/\",\"name\":\"Alp Lift\",\"description\":\"Lifting Equipment\",\"potentialAction\":[{\"@type\":\"SearchAction\",\"target\":{\"@type\":\"EntryPoint\",\"urlTemplate\":\"https:\/\/oud.alplift.com\/fr\/?s={search_term_string}\"},\"query-input\":{\"@type\":\"PropertyValueSpecification\",\"valueRequired\":true,\"valueName\":\"search_term_string\"}}],\"inLanguage\":\"fr-FR\"}]}<\/script>\n<!-- \/ Yoast SEO plugin. -->","yoast_head_json":{"title":"\u00e9l\u00e9vateur \u00e0 nacelle sur remorque TM15GT","description":"La nacelle \u00e9l\u00e9vatrice mont\u00e9e sur remorque TM15GT de EuropeLift est tr\u00e8s compacte et facile \u00e0 utiliser. Bonne alternative pour les \u00e9chelles et les \u00e9chafaudages. Permis de conduire B requis.","robots":{"index":"noindex","follow":"follow","max-snippet":"max-snippet:-1","max-image-preview":"max-image-preview:large","max-video-preview":"max-video-preview:-1"},"og_locale":"fr_FR","og_type":"article","og_title":"\u00e9l\u00e9vateur \u00e0 nacelle sur remorque TM15GT","og_description":"La nacelle \u00e9l\u00e9vatrice mont\u00e9e sur remorque TM15GT de EuropeLift est tr\u00e8s compacte et facile \u00e0 utiliser. Bonne alternative pour les \u00e9chelles et les \u00e9chafaudages. Permis de conduire B requis.","og_url":"https:\/\/oud.alplift.com\/fr\/produit\/elevateur-a-nacelle-sur-remorque-tm15gt\/","og_site_name":"Alp Lift","article_modified_time":"2021-01-21T08:49:09+00:00","og_image":[{"width":353,"height":477,"url":"https:\/\/oud.alplift.com\/wp-content\/uploads\/2020\/11\/Aanhanger-hoogwerker-TM15GT-1.jpg","type":"image\/jpeg"}],"twitter_card":"summary_large_image","schema":{"@context":"https:\/\/schema.org","@graph":[{"@type":"WebPage","@id":"https:\/\/oud.alplift.com\/fr\/produit\/elevateur-a-nacelle-sur-remorque-tm15gt\/","url":"https:\/\/oud.alplift.com\/fr\/produit\/elevateur-a-nacelle-sur-remorque-tm15gt\/","name":"\u00e9l\u00e9vateur \u00e0 nacelle sur remorque TM15GT","isPartOf":{"@id":"https:\/\/oud.alplift.com\/fr\/#website"},"primaryImageOfPage":{"@id":"https:\/\/oud.alplift.com\/fr\/produit\/elevateur-a-nacelle-sur-remorque-tm15gt\/#primaryimage"},"image":{"@id":"https:\/\/oud.alplift.com\/fr\/produit\/elevateur-a-nacelle-sur-remorque-tm15gt\/#primaryimage"},"thumbnailUrl":"https:\/\/oud.alplift.com\/wp-content\/uploads\/2020\/11\/Aanhanger-hoogwerker-TM15GT-1.jpg","datePublished":"2017-05-31T06:31:09+00:00","dateModified":"2021-01-21T08:49:09+00:00","description":"La nacelle \u00e9l\u00e9vatrice mont\u00e9e sur remorque TM15GT de EuropeLift est tr\u00e8s compacte et facile \u00e0 utiliser. Bonne alternative pour les \u00e9chelles et les \u00e9chafaudages. Permis de conduire B requis.","breadcrumb":{"@id":"https:\/\/oud.alplift.com\/fr\/produit\/elevateur-a-nacelle-sur-remorque-tm15gt\/#breadcrumb"},"inLanguage":"fr-FR","potentialAction":[{"@type":"ReadAction","target":["https:\/\/oud.alplift.com\/fr\/produit\/elevateur-a-nacelle-sur-remorque-tm15gt\/"]}]},{"@type":"ImageObject","inLanguage":"fr-FR","@id":"https:\/\/oud.alplift.com\/fr\/produit\/elevateur-a-nacelle-sur-remorque-tm15gt\/#primaryimage","url":"https:\/\/oud.alplift.com\/wp-content\/uploads\/2020\/11\/Aanhanger-hoogwerker-TM15GT-1.jpg","contentUrl":"https:\/\/oud.alplift.com\/wp-content\/uploads\/2020\/11\/Aanhanger-hoogwerker-TM15GT-1.jpg","width":353,"height":477,"caption":"Podno\u015bnik zamontowany na naczepie TM15GT"},{"@type":"BreadcrumbList","@id":"https:\/\/oud.alplift.com\/fr\/produit\/elevateur-a-nacelle-sur-remorque-tm15gt\/#breadcrumb","itemListElement":[{"@type":"ListItem","position":1,"name":"Home","item":"https:\/\/oud.alplift.com\/fr\/"},{"@type":"ListItem","position":2,"name":"Winkel","item":"https:\/\/oud.alplift.com\/winkel\/"},{"@type":"ListItem","position":3,"name":"\u00e9l\u00e9vateur \u00e0 nacelle sur remorque TM15GT"}]},{"@type":"WebSite","@id":"https:\/\/oud.alplift.com\/fr\/#website","url":"https:\/\/oud.alplift.com\/fr\/","name":"Alp Lift","description":"Lifting Equipment","potentialAction":[{"@type":"SearchAction","target":{"@type":"EntryPoint","urlTemplate":"https:\/\/oud.alplift.com\/fr\/?s={search_term_string}"},"query-input":{"@type":"PropertyValueSpecification","valueRequired":true,"valueName":"search_term_string"}}],"inLanguage":"fr-FR"}]}},"_links":{"self":[{"href":"https:\/\/oud.alplift.com\/fr\/wp-json\/wp\/v2\/product\/3110","targetHints":{"allow":["GET"]}}],"collection":[{"href":"https:\/\/oud.alplift.com\/fr\/wp-json\/wp\/v2\/product"}],"about":[{"href":"https:\/\/oud.alplift.com\/fr\/wp-json\/wp\/v2\/types\/product"}],"replies":[{"embeddable":true,"href":"https:\/\/oud.alplift.com\/fr\/wp-json\/wp\/v2\/comments?post=3110"}],"wp:featuredmedia":[{"embeddable":true,"href":"https:\/\/oud.alplift.com\/fr\/wp-json\/wp\/v2\/media\/522"}],"wp:attachment":[{"href":"https:\/\/oud.alplift.com\/fr\/wp-json\/wp\/v2\/media?parent=3110"}],"wp:term":[{"taxonomy":"product_cat","embeddable":true,"href":"https:\/\/oud.alplift.com\/fr\/wp-json\/wp\/v2\/product_cat?post=3110"},{"taxonomy":"product_tag","embeddable":true,"href":"https:\/\/oud.alplift.com\/fr\/wp-json\/wp\/v2\/product_tag?post=3110"}],"curies":[{"name":"wp","href":"https:\/\/api.w.org\/{rel}","templated":true}]}}