
{"id":3109,"date":"2017-05-31T09:14:16","date_gmt":"2017-05-31T07:14:16","guid":{"rendered":"https:\/\/oud.alplift.com\/?post_type=product&#038;p=3109"},"modified":"2021-01-21T09:49:09","modified_gmt":"2021-01-21T08:49:09","slug":"elevateur-a-nacelle-sur-remorque-tm18gt","status":"publish","type":"product","link":"https:\/\/oud.alplift.com\/fr\/produit\/elevateur-a-nacelle-sur-remorque-tm18gt\/","title":{"rendered":"\u00c9l\u00e9vateur \u00e0 nacelle sur remorque TM18GT"},"content":{"rendered":"<p>[table id=34 \/]<\/p>\n","protected":false},"excerpt":{"rendered":"<p>L&rsquo;\u00e9l\u00e9vateur \u00e0 nacelle sur remorque TM18GT est le produit phare d&rsquo;Europe Lift. De nombreux travaux peuvent \u00eatre effectu\u00e9s avec cette remorque. La hauteur de travail de 18 m et la port\u00e9e horizontale d&rsquo;environ 10 m cr\u00e9ent un grand espace de travail en l&rsquo;air. Gr\u00e2ce \u00e0 sa construction compacte et \u00e0 l&rsquo;excellente r\u00e9partition du poids, la machine est facile \u00e0 transporter. La nacelle t\u00e9lescopique avec limitation de couple assure une extension optimale du t\u00e9lescope en fonction de la charge. Il peut \u00eatre command\u00e9 avec plusieurs entra\u00eenements, comme le 220V &#8211; qui est standard &#8211; ou avec un chargeur de batterie, un moteur Honda ou un entra\u00eenement hybride &#8211; ou une combinaison des deux. La stabilisation hydraulique assure un positionnement rapide sur la zone de travail. La commande \u00e9lectrohydraulique du relais peut \u00eatre facilement actionn\u00e9e. Toutes les fonctions peuvent \u00eatre command\u00e9es individuellement par les petites manettes \u00ab\u00a0Fingertip\u00a0\u00bb. L&rsquo;\u00e9quipement de friction des roues est de s\u00e9rie, ce qui permet \u00e0 l&rsquo;op\u00e9rateur de travailler m\u00eame sur les surfaces les plus difficiles, par exemple sur des terrains en pente herbeuse ou accident\u00e9e.<\/p>\n<p><strong>Sp\u00e9cifications:<\/strong><\/p>\n<ul>\n<li>Hauteur de travail: 18,1 meter<\/li>\n<li>Capacit\u00e9 de levage : 200 kg<\/li>\n<li>Hauteur de la plateform : 16 meter<\/li>\n<li>Dimensions de la plateforme : 1.2&#215;0.8&#215;1.1m<\/li>\n<li>Largeur de transport: 1,64 m<\/li>\n<li>Poids: 2070 kg<\/li>\n<li>Gamme horizontal: 10,5 meter<\/li>\n<\/ul>\n<p><strong>Standard \u00e9quip\u00e9 de:<\/strong><\/p>\n<ul>\n<li>Panier amovible \u00e9quip\u00e9 d&rsquo;un garde-corps en aluminium, d&rsquo;une bo\u00eete \u00e0 outils et de points de connexion \u00e0 double sangle pour le confort et la s\u00e9curit\u00e9<\/li>\n<li>Prise 230V dans la plateforme de travail<\/li>\n<li>Mode de contr\u00f4le bas avec lequel toutes les fonctions peuvent \u00eatre contr\u00f4l\u00e9es \u00e0 vitesse moyenne<\/li>\n<\/ul>\n<p><strong>Power:<\/strong> 230V, battery, Honda, dual power<\/p>\n<ul>\n","protected":false},"featured_media":2818,"comment_status":"closed","ping_status":"closed","template":"","meta":[],"product_cat":[154,158],"product_tag":[],"class_list":{"0":"post-3109","1":"product","2":"type-product","3":"status-publish","4":"has-post-thumbnail","6":"product_cat-nacelles-elevatrice","7":"product_cat-nacelles-sur-remorques","8":"pa_hefcapaciteit-200-300-kg-fr","10":"first","11":"instock","12":"shipping-taxable","13":"product-type-simple"},"yoast_head":"<!-- This site is optimized with the Yoast SEO plugin v24.0 - https:\/\/yoast.com\/wordpress\/plugins\/seo\/ -->\n<title>\u00c9l\u00e9vateur \u00e0 nacelle sur remorque TM18GT - Alp Lift<\/title>\n<meta name=\"robots\" content=\"noindex, follow, max-snippet:-1, max-image-preview:large, max-video-preview:-1\" \/>\n<meta property=\"og:locale\" content=\"fr_FR\" \/>\n<meta property=\"og:type\" content=\"article\" \/>\n<meta property=\"og:title\" content=\"\u00c9l\u00e9vateur \u00e0 nacelle sur remorque TM18GT - Alp Lift\" \/>\n<meta property=\"og:description\" content=\"L&#039;\u00e9l\u00e9vateur \u00e0 nacelle sur remorque TM18GT est le produit phare d&#039;Europe Lift. De nombreux travaux peuvent \u00eatre effectu\u00e9s avec cette remorque. La hauteur de travail de 18 m et la port\u00e9e horizontale d&#039;environ 10 m cr\u00e9ent un grand espace de travail en l&#039;air. Gr\u00e2ce \u00e0 sa construction compacte et \u00e0 l&#039;excellente r\u00e9partition du poids, la machine est facile \u00e0 transporter. La nacelle t\u00e9lescopique avec limitation de couple assure une extension optimale du t\u00e9lescope en fonction de la charge. Il peut \u00eatre command\u00e9 avec plusieurs entra\u00eenements, comme le 220V - qui est standard - ou avec un chargeur de batterie, un moteur Honda ou un entra\u00eenement hybride - ou une combinaison des deux. La stabilisation hydraulique assure un positionnement rapide sur la zone de travail. La commande \u00e9lectrohydraulique du relais peut \u00eatre facilement actionn\u00e9e. Toutes les fonctions peuvent \u00eatre command\u00e9es individuellement par les petites manettes &quot;Fingertip&quot;. L&#039;\u00e9quipement de friction des roues est de s\u00e9rie, ce qui permet \u00e0 l&#039;op\u00e9rateur de travailler m\u00eame sur les surfaces les plus difficiles, par exemple sur des terrains en pente herbeuse ou accident\u00e9e. Sp\u00e9cifications:  Hauteur de travail: 18,1 meter  Capacit\u00e9 de levage : 200 kg  Hauteur de la plateform : 16 meter  Dimensions de la plateforme : 1.2x0.8x1.1m  Largeur de transport: 1,64 m  Poids: 2070 kg  Gamme horizontal: 10,5 meter Standard \u00e9quip\u00e9 de:  Panier amovible \u00e9quip\u00e9 d&#039;un garde-corps en aluminium, d&#039;une bo\u00eete \u00e0 outils et de points de connexion \u00e0 double sangle pour le confort et la s\u00e9curit\u00e9  Prise 230V dans la plateforme de travail  Mode de contr\u00f4le bas avec lequel toutes les fonctions peuvent \u00eatre contr\u00f4l\u00e9es \u00e0 vitesse moyenne Power: 230V, battery, Honda, dual power\" \/>\n<meta property=\"og:url\" content=\"https:\/\/oud.alplift.com\/fr\/produit\/elevateur-a-nacelle-sur-remorque-tm18gt\/\" \/>\n<meta property=\"og:site_name\" content=\"Alp Lift\" \/>\n<meta property=\"article:modified_time\" content=\"2021-01-21T08:49:09+00:00\" \/>\n<meta property=\"og:image\" content=\"https:\/\/oud.alplift.com\/wp-content\/uploads\/2021\/01\/TM13G-aanhanger-hoogwerker.jpg\" \/>\n\t<meta property=\"og:image:width\" content=\"466\" \/>\n\t<meta property=\"og:image:height\" content=\"600\" \/>\n\t<meta property=\"og:image:type\" content=\"image\/jpeg\" \/>\n<meta name=\"twitter:card\" content=\"summary_large_image\" \/>\n<script type=\"application\/ld+json\" class=\"yoast-schema-graph\">{\"@context\":\"https:\/\/schema.org\",\"@graph\":[{\"@type\":\"WebPage\",\"@id\":\"https:\/\/oud.alplift.com\/fr\/produit\/elevateur-a-nacelle-sur-remorque-tm18gt\/\",\"url\":\"https:\/\/oud.alplift.com\/fr\/produit\/elevateur-a-nacelle-sur-remorque-tm18gt\/\",\"name\":\"\u00c9l\u00e9vateur \u00e0 nacelle sur remorque TM18GT - Alp Lift\",\"isPartOf\":{\"@id\":\"https:\/\/oud.alplift.com\/fr\/#website\"},\"primaryImageOfPage\":{\"@id\":\"https:\/\/oud.alplift.com\/fr\/produit\/elevateur-a-nacelle-sur-remorque-tm18gt\/#primaryimage\"},\"image\":{\"@id\":\"https:\/\/oud.alplift.com\/fr\/produit\/elevateur-a-nacelle-sur-remorque-tm18gt\/#primaryimage\"},\"thumbnailUrl\":\"https:\/\/oud.alplift.com\/wp-content\/uploads\/2021\/01\/TM13G-aanhanger-hoogwerker.jpg\",\"datePublished\":\"2017-05-31T07:14:16+00:00\",\"dateModified\":\"2021-01-21T08:49:09+00:00\",\"breadcrumb\":{\"@id\":\"https:\/\/oud.alplift.com\/fr\/produit\/elevateur-a-nacelle-sur-remorque-tm18gt\/#breadcrumb\"},\"inLanguage\":\"fr-FR\",\"potentialAction\":[{\"@type\":\"ReadAction\",\"target\":[\"https:\/\/oud.alplift.com\/fr\/produit\/elevateur-a-nacelle-sur-remorque-tm18gt\/\"]}]},{\"@type\":\"ImageObject\",\"inLanguage\":\"fr-FR\",\"@id\":\"https:\/\/oud.alplift.com\/fr\/produit\/elevateur-a-nacelle-sur-remorque-tm18gt\/#primaryimage\",\"url\":\"https:\/\/oud.alplift.com\/wp-content\/uploads\/2021\/01\/TM13G-aanhanger-hoogwerker.jpg\",\"contentUrl\":\"https:\/\/oud.alplift.com\/wp-content\/uploads\/2021\/01\/TM13G-aanhanger-hoogwerker.jpg\",\"width\":466,\"height\":600},{\"@type\":\"BreadcrumbList\",\"@id\":\"https:\/\/oud.alplift.com\/fr\/produit\/elevateur-a-nacelle-sur-remorque-tm18gt\/#breadcrumb\",\"itemListElement\":[{\"@type\":\"ListItem\",\"position\":1,\"name\":\"Home\",\"item\":\"https:\/\/oud.alplift.com\/fr\/\"},{\"@type\":\"ListItem\",\"position\":2,\"name\":\"Winkel\",\"item\":\"https:\/\/oud.alplift.com\/winkel\/\"},{\"@type\":\"ListItem\",\"position\":3,\"name\":\"\u00c9l\u00e9vateur \u00e0 nacelle sur remorque TM18GT\"}]},{\"@type\":\"WebSite\",\"@id\":\"https:\/\/oud.alplift.com\/fr\/#website\",\"url\":\"https:\/\/oud.alplift.com\/fr\/\",\"name\":\"Alp Lift\",\"description\":\"Lifting Equipment\",\"potentialAction\":[{\"@type\":\"SearchAction\",\"target\":{\"@type\":\"EntryPoint\",\"urlTemplate\":\"https:\/\/oud.alplift.com\/fr\/?s={search_term_string}\"},\"query-input\":{\"@type\":\"PropertyValueSpecification\",\"valueRequired\":true,\"valueName\":\"search_term_string\"}}],\"inLanguage\":\"fr-FR\"}]}<\/script>\n<!-- \/ Yoast SEO plugin. -->","yoast_head_json":{"title":"\u00c9l\u00e9vateur \u00e0 nacelle sur remorque TM18GT - Alp Lift","robots":{"index":"noindex","follow":"follow","max-snippet":"max-snippet:-1","max-image-preview":"max-image-preview:large","max-video-preview":"max-video-preview:-1"},"og_locale":"fr_FR","og_type":"article","og_title":"\u00c9l\u00e9vateur \u00e0 nacelle sur remorque TM18GT - Alp Lift","og_description":"L'\u00e9l\u00e9vateur \u00e0 nacelle sur remorque TM18GT est le produit phare d'Europe Lift. De nombreux travaux peuvent \u00eatre effectu\u00e9s avec cette remorque. La hauteur de travail de 18 m et la port\u00e9e horizontale d'environ 10 m cr\u00e9ent un grand espace de travail en l'air. Gr\u00e2ce \u00e0 sa construction compacte et \u00e0 l'excellente r\u00e9partition du poids, la machine est facile \u00e0 transporter. La nacelle t\u00e9lescopique avec limitation de couple assure une extension optimale du t\u00e9lescope en fonction de la charge. Il peut \u00eatre command\u00e9 avec plusieurs entra\u00eenements, comme le 220V - qui est standard - ou avec un chargeur de batterie, un moteur Honda ou un entra\u00eenement hybride - ou une combinaison des deux. La stabilisation hydraulique assure un positionnement rapide sur la zone de travail. La commande \u00e9lectrohydraulique du relais peut \u00eatre facilement actionn\u00e9e. Toutes les fonctions peuvent \u00eatre command\u00e9es individuellement par les petites manettes \"Fingertip\". L'\u00e9quipement de friction des roues est de s\u00e9rie, ce qui permet \u00e0 l'op\u00e9rateur de travailler m\u00eame sur les surfaces les plus difficiles, par exemple sur des terrains en pente herbeuse ou accident\u00e9e. Sp\u00e9cifications:  Hauteur de travail: 18,1 meter  Capacit\u00e9 de levage : 200 kg  Hauteur de la plateform : 16 meter  Dimensions de la plateforme : 1.2x0.8x1.1m  Largeur de transport: 1,64 m  Poids: 2070 kg  Gamme horizontal: 10,5 meter Standard \u00e9quip\u00e9 de:  Panier amovible \u00e9quip\u00e9 d'un garde-corps en aluminium, d'une bo\u00eete \u00e0 outils et de points de connexion \u00e0 double sangle pour le confort et la s\u00e9curit\u00e9  Prise 230V dans la plateforme de travail  Mode de contr\u00f4le bas avec lequel toutes les fonctions peuvent \u00eatre contr\u00f4l\u00e9es \u00e0 vitesse moyenne Power: 230V, battery, Honda, dual power","og_url":"https:\/\/oud.alplift.com\/fr\/produit\/elevateur-a-nacelle-sur-remorque-tm18gt\/","og_site_name":"Alp Lift","article_modified_time":"2021-01-21T08:49:09+00:00","og_image":[{"width":466,"height":600,"url":"https:\/\/oud.alplift.com\/wp-content\/uploads\/2021\/01\/TM13G-aanhanger-hoogwerker.jpg","type":"image\/jpeg"}],"twitter_card":"summary_large_image","schema":{"@context":"https:\/\/schema.org","@graph":[{"@type":"WebPage","@id":"https:\/\/oud.alplift.com\/fr\/produit\/elevateur-a-nacelle-sur-remorque-tm18gt\/","url":"https:\/\/oud.alplift.com\/fr\/produit\/elevateur-a-nacelle-sur-remorque-tm18gt\/","name":"\u00c9l\u00e9vateur \u00e0 nacelle sur remorque TM18GT - Alp Lift","isPartOf":{"@id":"https:\/\/oud.alplift.com\/fr\/#website"},"primaryImageOfPage":{"@id":"https:\/\/oud.alplift.com\/fr\/produit\/elevateur-a-nacelle-sur-remorque-tm18gt\/#primaryimage"},"image":{"@id":"https:\/\/oud.alplift.com\/fr\/produit\/elevateur-a-nacelle-sur-remorque-tm18gt\/#primaryimage"},"thumbnailUrl":"https:\/\/oud.alplift.com\/wp-content\/uploads\/2021\/01\/TM13G-aanhanger-hoogwerker.jpg","datePublished":"2017-05-31T07:14:16+00:00","dateModified":"2021-01-21T08:49:09+00:00","breadcrumb":{"@id":"https:\/\/oud.alplift.com\/fr\/produit\/elevateur-a-nacelle-sur-remorque-tm18gt\/#breadcrumb"},"inLanguage":"fr-FR","potentialAction":[{"@type":"ReadAction","target":["https:\/\/oud.alplift.com\/fr\/produit\/elevateur-a-nacelle-sur-remorque-tm18gt\/"]}]},{"@type":"ImageObject","inLanguage":"fr-FR","@id":"https:\/\/oud.alplift.com\/fr\/produit\/elevateur-a-nacelle-sur-remorque-tm18gt\/#primaryimage","url":"https:\/\/oud.alplift.com\/wp-content\/uploads\/2021\/01\/TM13G-aanhanger-hoogwerker.jpg","contentUrl":"https:\/\/oud.alplift.com\/wp-content\/uploads\/2021\/01\/TM13G-aanhanger-hoogwerker.jpg","width":466,"height":600},{"@type":"BreadcrumbList","@id":"https:\/\/oud.alplift.com\/fr\/produit\/elevateur-a-nacelle-sur-remorque-tm18gt\/#breadcrumb","itemListElement":[{"@type":"ListItem","position":1,"name":"Home","item":"https:\/\/oud.alplift.com\/fr\/"},{"@type":"ListItem","position":2,"name":"Winkel","item":"https:\/\/oud.alplift.com\/winkel\/"},{"@type":"ListItem","position":3,"name":"\u00c9l\u00e9vateur \u00e0 nacelle sur remorque TM18GT"}]},{"@type":"WebSite","@id":"https:\/\/oud.alplift.com\/fr\/#website","url":"https:\/\/oud.alplift.com\/fr\/","name":"Alp Lift","description":"Lifting Equipment","potentialAction":[{"@type":"SearchAction","target":{"@type":"EntryPoint","urlTemplate":"https:\/\/oud.alplift.com\/fr\/?s={search_term_string}"},"query-input":{"@type":"PropertyValueSpecification","valueRequired":true,"valueName":"search_term_string"}}],"inLanguage":"fr-FR"}]}},"_links":{"self":[{"href":"https:\/\/oud.alplift.com\/fr\/wp-json\/wp\/v2\/product\/3109","targetHints":{"allow":["GET"]}}],"collection":[{"href":"https:\/\/oud.alplift.com\/fr\/wp-json\/wp\/v2\/product"}],"about":[{"href":"https:\/\/oud.alplift.com\/fr\/wp-json\/wp\/v2\/types\/product"}],"replies":[{"embeddable":true,"href":"https:\/\/oud.alplift.com\/fr\/wp-json\/wp\/v2\/comments?post=3109"}],"wp:featuredmedia":[{"embeddable":true,"href":"https:\/\/oud.alplift.com\/fr\/wp-json\/wp\/v2\/media\/2818"}],"wp:attachment":[{"href":"https:\/\/oud.alplift.com\/fr\/wp-json\/wp\/v2\/media?parent=3109"}],"wp:term":[{"taxonomy":"product_cat","embeddable":true,"href":"https:\/\/oud.alplift.com\/fr\/wp-json\/wp\/v2\/product_cat?post=3109"},{"taxonomy":"product_tag","embeddable":true,"href":"https:\/\/oud.alplift.com\/fr\/wp-json\/wp\/v2\/product_tag?post=3109"}],"curies":[{"name":"wp","href":"https:\/\/api.w.org\/{rel}","templated":true}]}}