
{"id":3108,"date":"2018-02-16T09:11:05","date_gmt":"2018-02-16T08:11:05","guid":{"rendered":"https:\/\/oud.alplift.com\/?post_type=product&#038;p=3108"},"modified":"2021-01-21T09:49:08","modified_gmt":"2021-01-21T08:49:08","slug":"elevateurs-araignees-tr15g","status":"publish","type":"product","link":"https:\/\/oud.alplift.com\/fr\/produit\/elevateurs-araignees-tr15g\/","title":{"rendered":"\u00c9l\u00e9vateurs araign\u00e9es &#8211; TR15G"},"content":{"rendered":"","protected":false},"excerpt":{"rendered":"<p>L&rsquo;\u00e9l\u00e9vateur araign\u00e9e TR15G d&rsquo;EuropeLift a une hauteur de travail de 15,6 m\u00e8tres et une port\u00e9e de 7,50 m\u00e8tres avec une charge en cage de 220 kg. Cela rend cette plateforme \u00e9l\u00e9vatrice agile et polyvalente. Gr\u00e2ce \u00e0 son ch\u00e2ssis r\u00e9glable, cette plateforme d&rsquo;une largeur minimale de 0,78 m s&rsquo;adapte \u00e0 presque toutes les portes et portails. L&rsquo;\u00e9quipement standard comprend un panier pivotant et mobile, ce qui facilite l&rsquo;acc\u00e8s aux endroits difficiles.<\/p>\n<p><strong>Sp\u00e9cifications:<\/strong><\/p>\n<ul>\n<li>Hauteur de travail: 15.6 m<\/li>\n<li>Hauteur de la plateforme: 13.6 m<\/li>\n<li>Gamme horizontal: 7.5 m<\/li>\n<li>Capacit\u00e9 de levage: 220 kg.<\/li>\n<li>Pivotement: 355 \u00b0<\/li>\n<li>Dimensions de la plateforme: 1.2 x 0.8 x 1.1<\/li>\n","protected":false},"featured_media":527,"comment_status":"closed","ping_status":"open","template":"","meta":[],"product_cat":[15],"product_tag":[],"class_list":{"0":"post-3108","1":"product","2":"type-product","3":"status-publish","4":"has-post-thumbnail","6":"product_cat-overig","8":"first","9":"instock","10":"shipping-taxable","11":"product-type-simple"},"yoast_head":"<!-- This site is optimized with the Yoast SEO plugin v24.0 - https:\/\/yoast.com\/wordpress\/plugins\/seo\/ -->\n<title>\u00c9l\u00e9vateurs araign\u00e9es - TR15G - Alp Lift<\/title>\n<meta name=\"robots\" content=\"noindex, follow, max-snippet:-1, max-image-preview:large, max-video-preview:-1\" \/>\n<meta property=\"og:locale\" content=\"fr_FR\" \/>\n<meta property=\"og:type\" content=\"article\" \/>\n<meta property=\"og:title\" content=\"\u00c9l\u00e9vateurs araign\u00e9es - TR15G - Alp Lift\" \/>\n<meta property=\"og:description\" content=\"L&#039;\u00e9l\u00e9vateur araign\u00e9e TR15G d&#039;EuropeLift a une hauteur de travail de 15,6 m\u00e8tres et une port\u00e9e de 7,50 m\u00e8tres avec une charge en cage de 220 kg. Cela rend cette plateforme \u00e9l\u00e9vatrice agile et polyvalente. Gr\u00e2ce \u00e0 son ch\u00e2ssis r\u00e9glable, cette plateforme d&#039;une largeur minimale de 0,78 m s&#039;adapte \u00e0 presque toutes les portes et portails. L&#039;\u00e9quipement standard comprend un panier pivotant et mobile, ce qui facilite l&#039;acc\u00e8s aux endroits difficiles. Sp\u00e9cifications: Hauteur de travail: 15.6 m Hauteur de la plateforme: 13.6 m Gamme horizontal: 7.5 m Capacit\u00e9 de levage: 220 kg. Pivotement: 355 \u00b0 Dimensions de la plateforme: 1.2 x 0.8 x 1.1\" \/>\n<meta property=\"og:url\" content=\"https:\/\/oud.alplift.com\/fr\/produit\/elevateurs-araignees-tr15g\/\" \/>\n<meta property=\"og:site_name\" content=\"Alp Lift\" \/>\n<meta property=\"article:modified_time\" content=\"2021-01-21T08:49:08+00:00\" \/>\n<meta property=\"og:image\" content=\"https:\/\/oud.alplift.com\/wp-content\/uploads\/2020\/11\/Europelift-TR15G.jpg\" \/>\n\t<meta property=\"og:image:width\" content=\"397\" \/>\n\t<meta property=\"og:image:height\" content=\"600\" \/>\n\t<meta property=\"og:image:type\" content=\"image\/jpeg\" \/>\n<meta name=\"twitter:card\" content=\"summary_large_image\" \/>\n<script type=\"application\/ld+json\" class=\"yoast-schema-graph\">{\"@context\":\"https:\/\/schema.org\",\"@graph\":[{\"@type\":\"WebPage\",\"@id\":\"https:\/\/oud.alplift.com\/fr\/produit\/elevateurs-araignees-tr15g\/\",\"url\":\"https:\/\/oud.alplift.com\/fr\/produit\/elevateurs-araignees-tr15g\/\",\"name\":\"\u00c9l\u00e9vateurs araign\u00e9es - TR15G - Alp Lift\",\"isPartOf\":{\"@id\":\"https:\/\/oud.alplift.com\/fr\/#website\"},\"primaryImageOfPage\":{\"@id\":\"https:\/\/oud.alplift.com\/fr\/produit\/elevateurs-araignees-tr15g\/#primaryimage\"},\"image\":{\"@id\":\"https:\/\/oud.alplift.com\/fr\/produit\/elevateurs-araignees-tr15g\/#primaryimage\"},\"thumbnailUrl\":\"https:\/\/oud.alplift.com\/wp-content\/uploads\/2020\/11\/Europelift-TR15G.jpg\",\"datePublished\":\"2018-02-16T08:11:05+00:00\",\"dateModified\":\"2021-01-21T08:49:08+00:00\",\"breadcrumb\":{\"@id\":\"https:\/\/oud.alplift.com\/fr\/produit\/elevateurs-araignees-tr15g\/#breadcrumb\"},\"inLanguage\":\"fr-FR\",\"potentialAction\":[{\"@type\":\"ReadAction\",\"target\":[\"https:\/\/oud.alplift.com\/fr\/produit\/elevateurs-araignees-tr15g\/\"]}]},{\"@type\":\"ImageObject\",\"inLanguage\":\"fr-FR\",\"@id\":\"https:\/\/oud.alplift.com\/fr\/produit\/elevateurs-araignees-tr15g\/#primaryimage\",\"url\":\"https:\/\/oud.alplift.com\/wp-content\/uploads\/2020\/11\/Europelift-TR15G.jpg\",\"contentUrl\":\"https:\/\/oud.alplift.com\/wp-content\/uploads\/2020\/11\/Europelift-TR15G.jpg\",\"width\":397,\"height\":600,\"caption\":\"Podno\u015bniki typu paj\u0105k - TR15GT\"},{\"@type\":\"BreadcrumbList\",\"@id\":\"https:\/\/oud.alplift.com\/fr\/produit\/elevateurs-araignees-tr15g\/#breadcrumb\",\"itemListElement\":[{\"@type\":\"ListItem\",\"position\":1,\"name\":\"Home\",\"item\":\"https:\/\/oud.alplift.com\/fr\/\"},{\"@type\":\"ListItem\",\"position\":2,\"name\":\"Winkel\",\"item\":\"https:\/\/oud.alplift.com\/winkel\/\"},{\"@type\":\"ListItem\",\"position\":3,\"name\":\"\u00c9l\u00e9vateurs araign\u00e9es &#8211; TR15G\"}]},{\"@type\":\"WebSite\",\"@id\":\"https:\/\/oud.alplift.com\/fr\/#website\",\"url\":\"https:\/\/oud.alplift.com\/fr\/\",\"name\":\"Alp Lift\",\"description\":\"Lifting Equipment\",\"potentialAction\":[{\"@type\":\"SearchAction\",\"target\":{\"@type\":\"EntryPoint\",\"urlTemplate\":\"https:\/\/oud.alplift.com\/fr\/?s={search_term_string}\"},\"query-input\":{\"@type\":\"PropertyValueSpecification\",\"valueRequired\":true,\"valueName\":\"search_term_string\"}}],\"inLanguage\":\"fr-FR\"}]}<\/script>\n<!-- \/ Yoast SEO plugin. -->","yoast_head_json":{"title":"\u00c9l\u00e9vateurs araign\u00e9es - TR15G - Alp Lift","robots":{"index":"noindex","follow":"follow","max-snippet":"max-snippet:-1","max-image-preview":"max-image-preview:large","max-video-preview":"max-video-preview:-1"},"og_locale":"fr_FR","og_type":"article","og_title":"\u00c9l\u00e9vateurs araign\u00e9es - TR15G - Alp Lift","og_description":"L'\u00e9l\u00e9vateur araign\u00e9e TR15G d'EuropeLift a une hauteur de travail de 15,6 m\u00e8tres et une port\u00e9e de 7,50 m\u00e8tres avec une charge en cage de 220 kg. Cela rend cette plateforme \u00e9l\u00e9vatrice agile et polyvalente. Gr\u00e2ce \u00e0 son ch\u00e2ssis r\u00e9glable, cette plateforme d'une largeur minimale de 0,78 m s'adapte \u00e0 presque toutes les portes et portails. L'\u00e9quipement standard comprend un panier pivotant et mobile, ce qui facilite l'acc\u00e8s aux endroits difficiles. Sp\u00e9cifications: Hauteur de travail: 15.6 m Hauteur de la plateforme: 13.6 m Gamme horizontal: 7.5 m Capacit\u00e9 de levage: 220 kg. Pivotement: 355 \u00b0 Dimensions de la plateforme: 1.2 x 0.8 x 1.1","og_url":"https:\/\/oud.alplift.com\/fr\/produit\/elevateurs-araignees-tr15g\/","og_site_name":"Alp Lift","article_modified_time":"2021-01-21T08:49:08+00:00","og_image":[{"width":397,"height":600,"url":"https:\/\/oud.alplift.com\/wp-content\/uploads\/2020\/11\/Europelift-TR15G.jpg","type":"image\/jpeg"}],"twitter_card":"summary_large_image","schema":{"@context":"https:\/\/schema.org","@graph":[{"@type":"WebPage","@id":"https:\/\/oud.alplift.com\/fr\/produit\/elevateurs-araignees-tr15g\/","url":"https:\/\/oud.alplift.com\/fr\/produit\/elevateurs-araignees-tr15g\/","name":"\u00c9l\u00e9vateurs araign\u00e9es - TR15G - Alp Lift","isPartOf":{"@id":"https:\/\/oud.alplift.com\/fr\/#website"},"primaryImageOfPage":{"@id":"https:\/\/oud.alplift.com\/fr\/produit\/elevateurs-araignees-tr15g\/#primaryimage"},"image":{"@id":"https:\/\/oud.alplift.com\/fr\/produit\/elevateurs-araignees-tr15g\/#primaryimage"},"thumbnailUrl":"https:\/\/oud.alplift.com\/wp-content\/uploads\/2020\/11\/Europelift-TR15G.jpg","datePublished":"2018-02-16T08:11:05+00:00","dateModified":"2021-01-21T08:49:08+00:00","breadcrumb":{"@id":"https:\/\/oud.alplift.com\/fr\/produit\/elevateurs-araignees-tr15g\/#breadcrumb"},"inLanguage":"fr-FR","potentialAction":[{"@type":"ReadAction","target":["https:\/\/oud.alplift.com\/fr\/produit\/elevateurs-araignees-tr15g\/"]}]},{"@type":"ImageObject","inLanguage":"fr-FR","@id":"https:\/\/oud.alplift.com\/fr\/produit\/elevateurs-araignees-tr15g\/#primaryimage","url":"https:\/\/oud.alplift.com\/wp-content\/uploads\/2020\/11\/Europelift-TR15G.jpg","contentUrl":"https:\/\/oud.alplift.com\/wp-content\/uploads\/2020\/11\/Europelift-TR15G.jpg","width":397,"height":600,"caption":"Podno\u015bniki typu paj\u0105k - TR15GT"},{"@type":"BreadcrumbList","@id":"https:\/\/oud.alplift.com\/fr\/produit\/elevateurs-araignees-tr15g\/#breadcrumb","itemListElement":[{"@type":"ListItem","position":1,"name":"Home","item":"https:\/\/oud.alplift.com\/fr\/"},{"@type":"ListItem","position":2,"name":"Winkel","item":"https:\/\/oud.alplift.com\/winkel\/"},{"@type":"ListItem","position":3,"name":"\u00c9l\u00e9vateurs araign\u00e9es &#8211; TR15G"}]},{"@type":"WebSite","@id":"https:\/\/oud.alplift.com\/fr\/#website","url":"https:\/\/oud.alplift.com\/fr\/","name":"Alp Lift","description":"Lifting Equipment","potentialAction":[{"@type":"SearchAction","target":{"@type":"EntryPoint","urlTemplate":"https:\/\/oud.alplift.com\/fr\/?s={search_term_string}"},"query-input":{"@type":"PropertyValueSpecification","valueRequired":true,"valueName":"search_term_string"}}],"inLanguage":"fr-FR"}]}},"_links":{"self":[{"href":"https:\/\/oud.alplift.com\/fr\/wp-json\/wp\/v2\/product\/3108","targetHints":{"allow":["GET"]}}],"collection":[{"href":"https:\/\/oud.alplift.com\/fr\/wp-json\/wp\/v2\/product"}],"about":[{"href":"https:\/\/oud.alplift.com\/fr\/wp-json\/wp\/v2\/types\/product"}],"replies":[{"embeddable":true,"href":"https:\/\/oud.alplift.com\/fr\/wp-json\/wp\/v2\/comments?post=3108"}],"wp:featuredmedia":[{"embeddable":true,"href":"https:\/\/oud.alplift.com\/fr\/wp-json\/wp\/v2\/media\/527"}],"wp:attachment":[{"href":"https:\/\/oud.alplift.com\/fr\/wp-json\/wp\/v2\/media?parent=3108"}],"wp:term":[{"taxonomy":"product_cat","embeddable":true,"href":"https:\/\/oud.alplift.com\/fr\/wp-json\/wp\/v2\/product_cat?post=3108"},{"taxonomy":"product_tag","embeddable":true,"href":"https:\/\/oud.alplift.com\/fr\/wp-json\/wp\/v2\/product_tag?post=3108"}],"curies":[{"name":"wp","href":"https:\/\/api.w.org\/{rel}","templated":true}]}}