
{"id":8132,"date":"2023-09-13T11:21:37","date_gmt":"2023-09-13T09:21:37","guid":{"rendered":"https:\/\/oud.alplift.com\/zoomlion-nacelles-elevatrices\/"},"modified":"2024-05-16T12:55:44","modified_gmt":"2024-05-16T10:55:44","slug":"zoomlion-nacelles-elevatrices","status":"publish","type":"page","link":"https:\/\/oud.alplift.com\/fr\/zoomlion-nacelles-elevatrices\/","title":{"rendered":"Zoomlion nacelles \u00e9l\u00e9vatrices"},"content":{"rendered":"<div id='full_slider_1'  class='avia-fullwidth-slider main_color avia-shadow av-desktop-hide av-medium-hide  avia-builder-el-0  el_before_av_slideshow_full  avia-builder-el-first   container_wrap sidebar_right'  ><div  class='avia-slideshow av-km11tq8r-81f604efe736b02b4fd647df5761c385 avia-slideshow-featured av_slideshow_full avia-slide-slider av-desktop-hide av-medium-hide av-slideshow-ui av-control-default av-slideshow-manual av-loop-once av-loop-manual-endless av-default-height-applied   avia-slideshow-1' data-slideshow-options=\"{&quot;animation&quot;:&quot;slide&quot;,&quot;autoplay&quot;:false,&quot;loop_autoplay&quot;:&quot;once&quot;,&quot;interval&quot;:5,&quot;loop_manual&quot;:&quot;manual-endless&quot;,&quot;autoplay_stopper&quot;:false,&quot;noNavigation&quot;:false,&quot;bg_slider&quot;:false,&quot;keep_padding&quot;:false,&quot;hoverpause&quot;:false,&quot;show_slide_delay&quot;:0}\"  itemprop=\"image\" itemscope=\"itemscope\" itemtype=\"https:\/\/schema.org\/ImageObject\" ><ul class='avia-slideshow-inner ' style='padding-bottom: 28.666666666667%;'><li  class='avia-slideshow-slide av-km11tq8r-81f604efe736b02b4fd647df5761c385__0  av-single-slide slide-1 slide-odd'><div data-rel='slideshow-1' class='avia-slide-wrap '   ><img decoding=\"async\" fetchpriority=\"high\" class=\"wp-image-5998 avia-img-lazy-loading-not-5998\"  src=\"https:\/\/oud.alplift.com\/wp-content\/uploads\/2022\/02\/Alp-Lift-slider-Zoomlion-machines-1-1500x430.jpg\" width=\"1500\" height=\"430\" title='Alp Lift slider Zoomlion machines' alt=''  itemprop=\"thumbnailUrl\"   \/><\/div><\/li><\/ul><\/div><\/div>\n<div id='full_slider_2'  class='avia-fullwidth-slider main_color avia-shadow av-small-hide av-mini-hide  avia-builder-el-1  el_after_av_slideshow_full  el_before_av_textblock   slider-not-first container_wrap sidebar_right'  ><div  class='avia-slideshow av-km11v3mg-faeb6d9f24346b05e386e17a6395c067 avia-slideshow-featured av_slideshow_full avia-slide-slider av-small-hide av-mini-hide av-slideshow-ui av-control-default av-slideshow-manual av-loop-once av-loop-manual-endless av-default-height-applied   avia-slideshow-2' data-slideshow-options=\"{&quot;animation&quot;:&quot;slide&quot;,&quot;autoplay&quot;:false,&quot;loop_autoplay&quot;:&quot;once&quot;,&quot;interval&quot;:5,&quot;loop_manual&quot;:&quot;manual-endless&quot;,&quot;autoplay_stopper&quot;:false,&quot;noNavigation&quot;:false,&quot;bg_slider&quot;:false,&quot;keep_padding&quot;:false,&quot;hoverpause&quot;:false,&quot;show_slide_delay&quot;:0}\"  itemprop=\"image\" itemscope=\"itemscope\" itemtype=\"https:\/\/schema.org\/ImageObject\" ><ul class='avia-slideshow-inner ' style='padding-bottom: 28.666666666667%;'><li  class='avia-slideshow-slide av-km11v3mg-faeb6d9f24346b05e386e17a6395c067__0  av-single-slide slide-1 slide-odd'><div data-rel='slideshow-2' class='avia-slide-wrap '   ><img decoding=\"async\" fetchpriority=\"high\" class=\"wp-image-5998 avia-img-lazy-loading-not-5998\"  src=\"https:\/\/oud.alplift.com\/wp-content\/uploads\/2022\/02\/Alp-Lift-slider-Zoomlion-machines-1-1500x430.jpg\" width=\"1500\" height=\"430\" title='Alp Lift slider Zoomlion machines' alt=''  itemprop=\"thumbnailUrl\"   \/><\/div><\/li><\/ul><\/div><\/div><div id='after_full_slider_2'  class='main_color av_default_container_wrap container_wrap sidebar_right'  ><div class='container av-section-cont-open' ><div class='template-page content  av-content-small alpha units'><div class='post-entry post-entry-type-page post-entry-8132'><div class='entry-content-wrapper clearfix'>\n<section  class='av_textblock_section av-km12750o-4f2ce1ea8ec365f246eef6ee0ff5aca9 '   itemscope=\"itemscope\" itemtype=\"https:\/\/schema.org\/CreativeWork\" ><div class='avia_textblock'  itemprop=\"text\" ><h2>Nacelles \u00e9l\u00e9vatrices Zoomlion &#8211; le choix durable<\/h2>\n<p>Vous recherchez une nacelle \u00e9l\u00e9vatrice durable, s\u00fbre et fiable ? Alors consultez notre gamme de nacelles \u00e9l\u00e9vatrices Zoomlion. Zoomlion est l&rsquo;une des marques \u00e0 la croissance la plus rapide au monde dans le domaine des machines de haute technologie. pour l&rsquo;industrie technique et agricole. Pionnier dans le domaine des nacelles \u00e9l\u00e9vatrices hybrides et 100 % \u00e9lectriques, Alp Lift a vu le potentiel de cette marque pour le march\u00e9 europ\u00e9en et est devenu le premier revendeur Zoomlion en Europe.<\/p>\n<p>Alp Lift vous propose une large gamme de nacelles \u00e9lectriques \u00e0 ciseaux et de nacelles articul\u00e9es. Les nacelles \u00e0 ciseaux sont \u00e9galement disponibles avec un moteur diesel. Mais si vous souhaitez faire un choix durable, choisissez une nacelle \u00e9l\u00e9vatrice \u00e9lectrique de Zoomlion. Disponible avec une batterie au lithium sans entretien ou une batterie au plomb. L\u2019avantage d\u2019une batterie Lithium est qu\u2019elle dure plus longtemps sans charge, ce qui augmente consid\u00e9rablement le temps de travail.<\/p>\n<p>D\u00e9couvrez les plates-formes a\u00e9riennes fiables et durables de Zoomlion avec des hauteurs de travail de 6 \u00e0 25 m\u00e8tres. Nous pouvons fournir diff\u00e9rents mod\u00e8les en stock. Vous souhaitez un devis sans engagement ? Vous pouvez demander un devis sur chaque page produit. Nous serions \u00e9galement heureux de vous rendre visite pour une d\u00e9monstration.<\/p>\n<\/div><\/section>\n\n<style type=\"text\/css\" data-created_by=\"avia_inline_auto\" id=\"style-css-av-2f9svv-e4720057999cea2e11dc0d3959e2b242\">\n.flex_column.av-2f9svv-e4720057999cea2e11dc0d3959e2b242{\nborder-radius:0px 0px 0px 0px;\npadding:0px 0px 0px 0px;\n}\n<\/style>\n<div  class='flex_column av-2f9svv-e4720057999cea2e11dc0d3959e2b242 av_one_full  avia-builder-el-3  el_after_av_textblock  el_before_av_one_fifth  first flex_column_div av-zero-column-padding  column-top-margin'     ><section  class='av_textblock_section av-kod9r7ej-4401bfdaeea3f0f04ae10ea55dad4bdd '   itemscope=\"itemscope\" itemtype=\"https:\/\/schema.org\/CreativeWork\" ><div class='avia_textblock'  itemprop=\"text\" ><h4 style=\"text-align: center;\">Voir les nacelles \u00e9l\u00e9vatrices Zoomlion<\/h4>\n<\/div><\/section><\/div>\n\n<style type=\"text\/css\" data-created_by=\"avia_inline_auto\" id=\"style-css-av-nsmxd-ffa28ad655675b42511068b24206fcaf\">\n.flex_column.av-nsmxd-ffa28ad655675b42511068b24206fcaf{\nborder-radius:0px 0px 0px 0px;\npadding:0px 0px 0px 0px;\n}\n<\/style>\n<div  class='flex_column av-nsmxd-ffa28ad655675b42511068b24206fcaf av_one_fifth  avia-builder-el-5  el_after_av_one_full  el_before_av_one_third  first flex_column_div av-zero-column-padding  column-top-margin'     ><\/div>\n\n<style type=\"text\/css\" data-created_by=\"avia_inline_auto\" id=\"style-css-av-60pv8b-046a404f8d16f5bcb795c61e545d6e89\">\n.flex_column.av-60pv8b-046a404f8d16f5bcb795c61e545d6e89{\nborder-radius:0px 0px 0px 0px;\npadding:0px 0px 0px 0px;\n}\n<\/style>\n<div  class='flex_column av-60pv8b-046a404f8d16f5bcb795c61e545d6e89 av_one_third  avia-builder-el-6  el_after_av_one_fifth  el_before_av_one_third  flex_column_div av-zero-column-padding  column-top-margin'     ><style type=\"text\/css\" data-created_by=\"avia_inline_auto\" id=\"style-css-av-4qmpaj-3269cced6cd3d6228f3b7ce72b8c3efa\">\n.avia-image-container.av-4qmpaj-3269cced6cd3d6228f3b7ce72b8c3efa img.avia_image{\nbox-shadow:none;\n}\n.avia-image-container.av-4qmpaj-3269cced6cd3d6228f3b7ce72b8c3efa .av-caption-image-overlay-bg{\nopacity:0.3;\nbackground-color:#000000;\n}\n.avia-image-container.av-4qmpaj-3269cced6cd3d6228f3b7ce72b8c3efa .av-image-caption-overlay-center{\ncolor:#ffffff;\n}\n<\/style>\n<div  class='avia-image-container av-4qmpaj-3269cced6cd3d6228f3b7ce72b8c3efa av-styling- av-img-linked avia-align-center  avia-builder-el-7  avia-builder-el-no-sibling  noHover av-overlay-hover-deactivate'   itemprop=\"image\" itemscope=\"itemscope\" itemtype=\"https:\/\/schema.org\/ImageObject\" ><div class=\"avia-image-container-inner\"><div class=\"avia-image-overlay-wrap\"><a href=\"https:\/\/oud.alplift.com\/fr\/categorie-produit\/nacelles-elevatrice\/nacelles-ciseaux\" class='avia_image '  aria-label='Zoomlion-ZS0407DCLi'><div class=\"av-image-caption-overlay\"><div class=\"av-caption-image-overlay-bg\"><\/div><div class=\"av-image-caption-overlay-position\"><div class=\"av-image-caption-overlay-center\"><p>ZOOMLION<br \/>\nNACELLES \u00c0 CISEAUX<\/p>\n<\/div><\/div><\/div><img decoding=\"async\" fetchpriority=\"high\" class='wp-image-3033 avia-img-lazy-loading-not-3033 avia_image ' src=\"https:\/\/oud.alplift.com\/wp-content\/uploads\/2021\/01\/Zoomlion-ZS0407DCLi-495x400.jpg\" alt='' title='Zoomlion-ZS0407DCLi'  height=\"400\" width=\"495\"  itemprop=\"thumbnailUrl\" srcset=\"https:\/\/oud.alplift.com\/wp-content\/uploads\/2021\/01\/Zoomlion-ZS0407DCLi-495x400.jpg 495w, https:\/\/oud.alplift.com\/wp-content\/uploads\/2021\/01\/Zoomlion-ZS0407DCLi-845x684.jpg 845w\" sizes=\"(max-width: 495px) 100vw, 495px\" \/><\/a><\/div><\/div><\/div><\/div>\n\n<style type=\"text\/css\" data-created_by=\"avia_inline_auto\" id=\"style-css-av-fp53l-94a4aad334995b6e88fc817e92ef8354\">\n.flex_column.av-fp53l-94a4aad334995b6e88fc817e92ef8354{\nborder-radius:0px 0px 0px 0px;\npadding:0px 0px 0px 0px;\n}\n<\/style>\n<div  class='flex_column av-fp53l-94a4aad334995b6e88fc817e92ef8354 av_one_third  avia-builder-el-8  el_after_av_one_third  avia-builder-el-last  flex_column_div av-zero-column-padding  column-top-margin'     ><style type=\"text\/css\" data-created_by=\"avia_inline_auto\" id=\"style-css-av-khaif21g-01ed82142cc968b8be03f8005cfe32d4\">\n.avia-image-container.av-khaif21g-01ed82142cc968b8be03f8005cfe32d4 img.avia_image{\nbox-shadow:none;\n}\n.avia-image-container.av-khaif21g-01ed82142cc968b8be03f8005cfe32d4 .av-caption-image-overlay-bg{\nopacity:0.3;\nbackground-color:#000000;\n}\n.avia-image-container.av-khaif21g-01ed82142cc968b8be03f8005cfe32d4 .av-image-caption-overlay-center{\ncolor:#ffffff;\n}\n<\/style>\n<div  class='avia-image-container av-khaif21g-01ed82142cc968b8be03f8005cfe32d4 av-styling- av-img-linked avia-align-center  avia-builder-el-9  avia-builder-el-no-sibling  noHover av-overlay-hover-deactivate'   itemprop=\"image\" itemscope=\"itemscope\" itemtype=\"https:\/\/schema.org\/ImageObject\" ><div class=\"avia-image-container-inner\"><div class=\"avia-image-overlay-wrap\"><a href=\"https:\/\/oud.alplift.com\/fr\/categorie-produit\/nacelles-elevatrice\/nacelles-articulees\" class='avia_image '  aria-label='Zoomlion-ZA14JE'><div class=\"av-image-caption-overlay\"><div class=\"av-caption-image-overlay-bg\"><\/div><div class=\"av-image-caption-overlay-position\"><div class=\"av-image-caption-overlay-center\"><p>ZOOMLION<br \/>\nNACELLES ARTICUL\u00c9E<\/p>\n<\/div><\/div><\/div><img decoding=\"async\" fetchpriority=\"high\" class='wp-image-3084 avia-img-lazy-loading-not-3084 avia_image ' src=\"https:\/\/oud.alplift.com\/wp-content\/uploads\/2021\/01\/Zoomlion-ZA14JE-495x400.png\" alt='' title='Zoomlion-ZA14JE'  height=\"400\" width=\"495\"  itemprop=\"thumbnailUrl\" srcset=\"https:\/\/oud.alplift.com\/wp-content\/uploads\/2021\/01\/Zoomlion-ZA14JE-495x400.png 495w, https:\/\/oud.alplift.com\/wp-content\/uploads\/2021\/01\/Zoomlion-ZA14JE-845x684.png 845w\" sizes=\"(max-width: 495px) 100vw, 495px\" \/><\/a><\/div><\/div><\/div><\/div>\n","protected":false},"excerpt":{"rendered":"","protected":false},"author":3,"featured_media":3105,"parent":0,"menu_order":0,"comment_status":"closed","ping_status":"closed","template":"","meta":{"footnotes":""},"class_list":["post-8132","page","type-page","status-publish","has-post-thumbnail","hentry"],"yoast_head":"<!-- This site is optimized with the Yoast SEO plugin v24.0 - https:\/\/yoast.com\/wordpress\/plugins\/seo\/ -->\n<title>Zoomlion nacelles \u00e9l\u00e9vatrices | Alp Lift<\/title>\n<meta name=\"description\" content=\"Nacelles \u00e9l\u00e9vatrices Zoomlion | le choix durable | \u00e0 vendre chez Alp Lift | large gamme de nacelles \u00e9lectriques \u00e0 ciseaux et de nacelles articul\u00e9es.\" \/>\n<meta name=\"robots\" content=\"noindex, follow, max-snippet:-1, max-image-preview:large, max-video-preview:-1\" \/>\n<meta property=\"og:locale\" content=\"fr_FR\" \/>\n<meta property=\"og:type\" content=\"article\" \/>\n<meta property=\"og:title\" content=\"Zoomlion nacelles \u00e9l\u00e9vatrices | Alp Lift\" \/>\n<meta property=\"og:description\" content=\"Nacelles \u00e9l\u00e9vatrices Zoomlion | le choix durable | \u00e0 vendre chez Alp Lift | large gamme de nacelles \u00e9lectriques \u00e0 ciseaux et de nacelles articul\u00e9es.\" \/>\n<meta property=\"og:url\" content=\"https:\/\/oud.alplift.com\/fr\/zoomlion-nacelles-elevatrices\/\" \/>\n<meta property=\"og:site_name\" content=\"Alp Lift\" \/>\n<meta property=\"article:modified_time\" content=\"2024-05-16T10:55:44+00:00\" \/>\n<meta property=\"og:image\" content=\"https:\/\/oud.alplift.com\/wp-content\/uploads\/2021\/01\/Zoomlion-ZA14J.jpg\" \/>\n\t<meta property=\"og:image:width\" content=\"2159\" \/>\n\t<meta property=\"og:image:height\" content=\"1617\" \/>\n\t<meta property=\"og:image:type\" content=\"image\/jpeg\" \/>\n<meta name=\"twitter:card\" content=\"summary_large_image\" \/>\n<meta name=\"twitter:label1\" content=\"Dur\u00e9e de lecture estim\u00e9e\" \/>\n\t<meta name=\"twitter:data1\" content=\"8 minutes\" \/>\n<script type=\"application\/ld+json\" class=\"yoast-schema-graph\">{\"@context\":\"https:\/\/schema.org\",\"@graph\":[{\"@type\":\"WebPage\",\"@id\":\"https:\/\/oud.alplift.com\/fr\/zoomlion-nacelles-elevatrices\/\",\"url\":\"https:\/\/oud.alplift.com\/fr\/zoomlion-nacelles-elevatrices\/\",\"name\":\"Zoomlion nacelles \u00e9l\u00e9vatrices | Alp Lift\",\"isPartOf\":{\"@id\":\"https:\/\/oud.alplift.com\/fr\/#website\"},\"primaryImageOfPage\":{\"@id\":\"https:\/\/oud.alplift.com\/fr\/zoomlion-nacelles-elevatrices\/#primaryimage\"},\"image\":{\"@id\":\"https:\/\/oud.alplift.com\/fr\/zoomlion-nacelles-elevatrices\/#primaryimage\"},\"thumbnailUrl\":\"https:\/\/oud.alplift.com\/wp-content\/uploads\/2021\/01\/Zoomlion-ZA14J.jpg\",\"datePublished\":\"2023-09-13T09:21:37+00:00\",\"dateModified\":\"2024-05-16T10:55:44+00:00\",\"description\":\"Nacelles \u00e9l\u00e9vatrices Zoomlion | le choix durable | \u00e0 vendre chez Alp Lift | large gamme de nacelles \u00e9lectriques \u00e0 ciseaux et de nacelles articul\u00e9es.\",\"breadcrumb\":{\"@id\":\"https:\/\/oud.alplift.com\/fr\/zoomlion-nacelles-elevatrices\/#breadcrumb\"},\"inLanguage\":\"fr-FR\",\"potentialAction\":[{\"@type\":\"ReadAction\",\"target\":[\"https:\/\/oud.alplift.com\/fr\/zoomlion-nacelles-elevatrices\/\"]}]},{\"@type\":\"ImageObject\",\"inLanguage\":\"fr-FR\",\"@id\":\"https:\/\/oud.alplift.com\/fr\/zoomlion-nacelles-elevatrices\/#primaryimage\",\"url\":\"https:\/\/oud.alplift.com\/wp-content\/uploads\/2021\/01\/Zoomlion-ZA14J.jpg\",\"contentUrl\":\"https:\/\/oud.alplift.com\/wp-content\/uploads\/2021\/01\/Zoomlion-ZA14J.jpg\",\"width\":2159,\"height\":1617,\"caption\":\"Zoomlion knikarmhoogwerker\"},{\"@type\":\"BreadcrumbList\",\"@id\":\"https:\/\/oud.alplift.com\/fr\/zoomlion-nacelles-elevatrices\/#breadcrumb\",\"itemListElement\":[{\"@type\":\"ListItem\",\"position\":1,\"name\":\"Home\",\"item\":\"https:\/\/oud.alplift.com\/fr\/\"},{\"@type\":\"ListItem\",\"position\":2,\"name\":\"Zoomlion nacelles \u00e9l\u00e9vatrices\"}]},{\"@type\":\"WebSite\",\"@id\":\"https:\/\/oud.alplift.com\/fr\/#website\",\"url\":\"https:\/\/oud.alplift.com\/fr\/\",\"name\":\"Alp Lift\",\"description\":\"Lifting Equipment\",\"potentialAction\":[{\"@type\":\"SearchAction\",\"target\":{\"@type\":\"EntryPoint\",\"urlTemplate\":\"https:\/\/oud.alplift.com\/fr\/?s={search_term_string}\"},\"query-input\":{\"@type\":\"PropertyValueSpecification\",\"valueRequired\":true,\"valueName\":\"search_term_string\"}}],\"inLanguage\":\"fr-FR\"}]}<\/script>\n<!-- \/ Yoast SEO plugin. -->","yoast_head_json":{"title":"Zoomlion nacelles \u00e9l\u00e9vatrices | Alp Lift","description":"Nacelles \u00e9l\u00e9vatrices Zoomlion | le choix durable | \u00e0 vendre chez Alp Lift | large gamme de nacelles \u00e9lectriques \u00e0 ciseaux et de nacelles articul\u00e9es.","robots":{"index":"noindex","follow":"follow","max-snippet":"max-snippet:-1","max-image-preview":"max-image-preview:large","max-video-preview":"max-video-preview:-1"},"og_locale":"fr_FR","og_type":"article","og_title":"Zoomlion nacelles \u00e9l\u00e9vatrices | Alp Lift","og_description":"Nacelles \u00e9l\u00e9vatrices Zoomlion | le choix durable | \u00e0 vendre chez Alp Lift | large gamme de nacelles \u00e9lectriques \u00e0 ciseaux et de nacelles articul\u00e9es.","og_url":"https:\/\/oud.alplift.com\/fr\/zoomlion-nacelles-elevatrices\/","og_site_name":"Alp Lift","article_modified_time":"2024-05-16T10:55:44+00:00","og_image":[{"width":2159,"height":1617,"url":"https:\/\/oud.alplift.com\/wp-content\/uploads\/2021\/01\/Zoomlion-ZA14J.jpg","type":"image\/jpeg"}],"twitter_card":"summary_large_image","twitter_misc":{"Dur\u00e9e de lecture estim\u00e9e":"8 minutes"},"schema":{"@context":"https:\/\/schema.org","@graph":[{"@type":"WebPage","@id":"https:\/\/oud.alplift.com\/fr\/zoomlion-nacelles-elevatrices\/","url":"https:\/\/oud.alplift.com\/fr\/zoomlion-nacelles-elevatrices\/","name":"Zoomlion nacelles \u00e9l\u00e9vatrices | Alp Lift","isPartOf":{"@id":"https:\/\/oud.alplift.com\/fr\/#website"},"primaryImageOfPage":{"@id":"https:\/\/oud.alplift.com\/fr\/zoomlion-nacelles-elevatrices\/#primaryimage"},"image":{"@id":"https:\/\/oud.alplift.com\/fr\/zoomlion-nacelles-elevatrices\/#primaryimage"},"thumbnailUrl":"https:\/\/oud.alplift.com\/wp-content\/uploads\/2021\/01\/Zoomlion-ZA14J.jpg","datePublished":"2023-09-13T09:21:37+00:00","dateModified":"2024-05-16T10:55:44+00:00","description":"Nacelles \u00e9l\u00e9vatrices Zoomlion | le choix durable | \u00e0 vendre chez Alp Lift | large gamme de nacelles \u00e9lectriques \u00e0 ciseaux et de nacelles articul\u00e9es.","breadcrumb":{"@id":"https:\/\/oud.alplift.com\/fr\/zoomlion-nacelles-elevatrices\/#breadcrumb"},"inLanguage":"fr-FR","potentialAction":[{"@type":"ReadAction","target":["https:\/\/oud.alplift.com\/fr\/zoomlion-nacelles-elevatrices\/"]}]},{"@type":"ImageObject","inLanguage":"fr-FR","@id":"https:\/\/oud.alplift.com\/fr\/zoomlion-nacelles-elevatrices\/#primaryimage","url":"https:\/\/oud.alplift.com\/wp-content\/uploads\/2021\/01\/Zoomlion-ZA14J.jpg","contentUrl":"https:\/\/oud.alplift.com\/wp-content\/uploads\/2021\/01\/Zoomlion-ZA14J.jpg","width":2159,"height":1617,"caption":"Zoomlion knikarmhoogwerker"},{"@type":"BreadcrumbList","@id":"https:\/\/oud.alplift.com\/fr\/zoomlion-nacelles-elevatrices\/#breadcrumb","itemListElement":[{"@type":"ListItem","position":1,"name":"Home","item":"https:\/\/oud.alplift.com\/fr\/"},{"@type":"ListItem","position":2,"name":"Zoomlion nacelles \u00e9l\u00e9vatrices"}]},{"@type":"WebSite","@id":"https:\/\/oud.alplift.com\/fr\/#website","url":"https:\/\/oud.alplift.com\/fr\/","name":"Alp Lift","description":"Lifting Equipment","potentialAction":[{"@type":"SearchAction","target":{"@type":"EntryPoint","urlTemplate":"https:\/\/oud.alplift.com\/fr\/?s={search_term_string}"},"query-input":{"@type":"PropertyValueSpecification","valueRequired":true,"valueName":"search_term_string"}}],"inLanguage":"fr-FR"}]}},"_links":{"self":[{"href":"https:\/\/oud.alplift.com\/fr\/wp-json\/wp\/v2\/pages\/8132","targetHints":{"allow":["GET"]}}],"collection":[{"href":"https:\/\/oud.alplift.com\/fr\/wp-json\/wp\/v2\/pages"}],"about":[{"href":"https:\/\/oud.alplift.com\/fr\/wp-json\/wp\/v2\/types\/page"}],"author":[{"embeddable":true,"href":"https:\/\/oud.alplift.com\/fr\/wp-json\/wp\/v2\/users\/3"}],"replies":[{"embeddable":true,"href":"https:\/\/oud.alplift.com\/fr\/wp-json\/wp\/v2\/comments?post=8132"}],"version-history":[{"count":3,"href":"https:\/\/oud.alplift.com\/fr\/wp-json\/wp\/v2\/pages\/8132\/revisions"}],"predecessor-version":[{"id":8949,"href":"https:\/\/oud.alplift.com\/fr\/wp-json\/wp\/v2\/pages\/8132\/revisions\/8949"}],"wp:featuredmedia":[{"embeddable":true,"href":"https:\/\/oud.alplift.com\/fr\/wp-json\/wp\/v2\/media\/3105"}],"wp:attachment":[{"href":"https:\/\/oud.alplift.com\/fr\/wp-json\/wp\/v2\/media?parent=8132"}],"curies":[{"name":"wp","href":"https:\/\/api.w.org\/{rel}","templated":true}]}}