
{"id":5235,"date":"2021-11-19T09:47:32","date_gmt":"2021-11-19T08:47:32","guid":{"rendered":"https:\/\/oud.alplift.com\/demander-un-devis-2\/"},"modified":"2021-11-19T09:47:32","modified_gmt":"2021-11-19T08:47:32","slug":"demander-un-devis-2","status":"publish","type":"page","link":"https:\/\/oud.alplift.com\/fr\/demander-un-devis-2\/","title":{"rendered":"Demander un devis"},"content":{"rendered":"<section  class='av_textblock_section av-kvm62rzf-75e7e82db24274cbe0e87889f75da7c7 '   itemscope=\"itemscope\" itemtype=\"https:\/\/schema.org\/CreativeWork\" ><div class='avia_textblock'  itemprop=\"text\" ><p>Avec notre vaste gamme de plates-formes \u00e9l\u00e9vatrices et de l\u00e8ve mat\u00e9riaux, nous avons une solution pour chaque travail. Curieux de savoir ce que nous pouvons faire pour vous? Demandez un devis gratuit et nous vous contacterons dans les 24 heures.<\/p>\n<p>Vous souhaitez demander un devis pour un produit sp\u00e9cifique ? Cela peut \u00e9galement \u00eatre fait sur n\u2019importe quelle page de produit.<\/p>\n<\/div><\/section>\n<div  class='flex_column av-44xwkj-e0aada3b8fb98db1545d4578b28de529 av_two_third  avia-builder-el-1  el_after_av_textblock  el_before_av_one_third  first flex_column_div  column-top-margin'     ><\/div><div  class='flex_column av-354oj7-d833efc11efbf5b8234d352be5bd7ebf av_one_third  avia-builder-el-3  el_after_av_two_third  avia-builder-el-last  flex_column_div  column-top-margin'     ><section  class='av_textblock_section av-kvm4ytnw-5560ff62a4adc5833ea6e4be976d8c3b '   itemscope=\"itemscope\" itemtype=\"https:\/\/schema.org\/CreativeWork\" ><div class='avia_textblock'  itemprop=\"text\" ><h3>Contact?<\/h3>\n<p>Souhaitez-vous des conseils? S\u2019il vous pla\u00eet contactez-nous.<\/p>\n<p>T: +31 (0)30 6621166<br \/>\nE: info@alplift.com<\/p>\n<\/div><\/section><\/div><\/p>\n","protected":false},"excerpt":{"rendered":"","protected":false},"author":3,"featured_media":0,"parent":0,"menu_order":0,"comment_status":"closed","ping_status":"closed","template":"","meta":{"footnotes":""},"class_list":["post-5235","page","type-page","status-publish","hentry"],"yoast_head":"<!-- This site is optimized with the Yoast SEO plugin v24.0 - https:\/\/yoast.com\/wordpress\/plugins\/seo\/ -->\n<title>Demander un devis | Alp Lift France - nacelles \u00e9l\u00e9vatrices<\/title>\n<meta name=\"robots\" content=\"noindex, follow\" \/>\n<meta property=\"og:locale\" content=\"fr_FR\" \/>\n<meta property=\"og:type\" content=\"article\" \/>\n<meta property=\"og:title\" content=\"Demander un devis | Alp Lift France - nacelles \u00e9l\u00e9vatrices\" \/>\n<meta property=\"og:url\" content=\"https:\/\/oud.alplift.com\/fr\/demander-un-devis-2\/\" \/>\n<meta property=\"og:site_name\" content=\"Alp Lift\" \/>\n<meta name=\"twitter:card\" content=\"summary_large_image\" \/>\n<meta name=\"twitter:label1\" content=\"Dur\u00e9e de lecture estim\u00e9e\" \/>\n\t<meta name=\"twitter:data1\" content=\"3 minutes\" \/>\n<script type=\"application\/ld+json\" class=\"yoast-schema-graph\">{\"@context\":\"https:\/\/schema.org\",\"@graph\":[{\"@type\":\"WebPage\",\"@id\":\"https:\/\/oud.alplift.com\/fr\/demander-un-devis-2\/\",\"url\":\"https:\/\/oud.alplift.com\/fr\/demander-un-devis-2\/\",\"name\":\"Demander un devis | Alp Lift France - nacelles \u00e9l\u00e9vatrices\",\"isPartOf\":{\"@id\":\"https:\/\/oud.alplift.com\/fr\/#website\"},\"datePublished\":\"2021-11-19T08:47:32+00:00\",\"dateModified\":\"2021-11-19T08:47:32+00:00\",\"breadcrumb\":{\"@id\":\"https:\/\/oud.alplift.com\/fr\/demander-un-devis-2\/#breadcrumb\"},\"inLanguage\":\"fr-FR\",\"potentialAction\":[{\"@type\":\"ReadAction\",\"target\":[\"https:\/\/oud.alplift.com\/fr\/demander-un-devis-2\/\"]}]},{\"@type\":\"BreadcrumbList\",\"@id\":\"https:\/\/oud.alplift.com\/fr\/demander-un-devis-2\/#breadcrumb\",\"itemListElement\":[{\"@type\":\"ListItem\",\"position\":1,\"name\":\"Home\",\"item\":\"https:\/\/oud.alplift.com\/fr\/\"},{\"@type\":\"ListItem\",\"position\":2,\"name\":\"Demander un devis\"}]},{\"@type\":\"WebSite\",\"@id\":\"https:\/\/oud.alplift.com\/fr\/#website\",\"url\":\"https:\/\/oud.alplift.com\/fr\/\",\"name\":\"Alp Lift\",\"description\":\"Lifting Equipment\",\"potentialAction\":[{\"@type\":\"SearchAction\",\"target\":{\"@type\":\"EntryPoint\",\"urlTemplate\":\"https:\/\/oud.alplift.com\/fr\/?s={search_term_string}\"},\"query-input\":{\"@type\":\"PropertyValueSpecification\",\"valueRequired\":true,\"valueName\":\"search_term_string\"}}],\"inLanguage\":\"fr-FR\"}]}<\/script>\n<!-- \/ Yoast SEO plugin. -->","yoast_head_json":{"title":"Demander un devis | Alp Lift France - nacelles \u00e9l\u00e9vatrices","robots":{"index":"noindex","follow":"follow"},"og_locale":"fr_FR","og_type":"article","og_title":"Demander un devis | Alp Lift France - nacelles \u00e9l\u00e9vatrices","og_url":"https:\/\/oud.alplift.com\/fr\/demander-un-devis-2\/","og_site_name":"Alp Lift","twitter_card":"summary_large_image","twitter_misc":{"Dur\u00e9e de lecture estim\u00e9e":"3 minutes"},"schema":{"@context":"https:\/\/schema.org","@graph":[{"@type":"WebPage","@id":"https:\/\/oud.alplift.com\/fr\/demander-un-devis-2\/","url":"https:\/\/oud.alplift.com\/fr\/demander-un-devis-2\/","name":"Demander un devis | Alp Lift France - nacelles \u00e9l\u00e9vatrices","isPartOf":{"@id":"https:\/\/oud.alplift.com\/fr\/#website"},"datePublished":"2021-11-19T08:47:32+00:00","dateModified":"2021-11-19T08:47:32+00:00","breadcrumb":{"@id":"https:\/\/oud.alplift.com\/fr\/demander-un-devis-2\/#breadcrumb"},"inLanguage":"fr-FR","potentialAction":[{"@type":"ReadAction","target":["https:\/\/oud.alplift.com\/fr\/demander-un-devis-2\/"]}]},{"@type":"BreadcrumbList","@id":"https:\/\/oud.alplift.com\/fr\/demander-un-devis-2\/#breadcrumb","itemListElement":[{"@type":"ListItem","position":1,"name":"Home","item":"https:\/\/oud.alplift.com\/fr\/"},{"@type":"ListItem","position":2,"name":"Demander un devis"}]},{"@type":"WebSite","@id":"https:\/\/oud.alplift.com\/fr\/#website","url":"https:\/\/oud.alplift.com\/fr\/","name":"Alp Lift","description":"Lifting Equipment","potentialAction":[{"@type":"SearchAction","target":{"@type":"EntryPoint","urlTemplate":"https:\/\/oud.alplift.com\/fr\/?s={search_term_string}"},"query-input":{"@type":"PropertyValueSpecification","valueRequired":true,"valueName":"search_term_string"}}],"inLanguage":"fr-FR"}]}},"_links":{"self":[{"href":"https:\/\/oud.alplift.com\/fr\/wp-json\/wp\/v2\/pages\/5235","targetHints":{"allow":["GET"]}}],"collection":[{"href":"https:\/\/oud.alplift.com\/fr\/wp-json\/wp\/v2\/pages"}],"about":[{"href":"https:\/\/oud.alplift.com\/fr\/wp-json\/wp\/v2\/types\/page"}],"author":[{"embeddable":true,"href":"https:\/\/oud.alplift.com\/fr\/wp-json\/wp\/v2\/users\/3"}],"replies":[{"embeddable":true,"href":"https:\/\/oud.alplift.com\/fr\/wp-json\/wp\/v2\/comments?post=5235"}],"version-history":[{"count":0,"href":"https:\/\/oud.alplift.com\/fr\/wp-json\/wp\/v2\/pages\/5235\/revisions"}],"wp:attachment":[{"href":"https:\/\/oud.alplift.com\/fr\/wp-json\/wp\/v2\/media?parent=5235"}],"curies":[{"name":"wp","href":"https:\/\/api.w.org\/{rel}","templated":true}]}}