
{"id":2243,"date":"2021-01-12T21:33:40","date_gmt":"2021-01-12T20:33:40","guid":{"rendered":"https:\/\/oud.alplift.com\/sur-alp-lift\/"},"modified":"2021-02-07T11:27:37","modified_gmt":"2021-02-07T10:27:37","slug":"sur-alp-lift","status":"publish","type":"page","link":"https:\/\/oud.alplift.com\/fr\/sur-alp-lift\/","title":{"rendered":"Sur Alp Lift"},"content":{"rendered":"<div id='full_slider_1'  class='avia-fullwidth-slider main_color avia-shadow   avia-builder-el-0  el_before_av_textblock  avia-builder-el-first   container_wrap sidebar_right'  ><div  class='avia-slideshow av-kikceymf-7daa079beeda58d75eab30511d6cdc30 avia-slideshow-featured av_slideshow_full avia-slide-slider av-slideshow-ui av-control-default av-slideshow-manual av-loop-once av-loop-manual-endless av-default-height-applied   avia-slideshow-1' data-slideshow-options=\"{&quot;animation&quot;:&quot;slide&quot;,&quot;autoplay&quot;:false,&quot;loop_autoplay&quot;:&quot;once&quot;,&quot;interval&quot;:5,&quot;loop_manual&quot;:&quot;manual-endless&quot;,&quot;autoplay_stopper&quot;:false,&quot;noNavigation&quot;:false,&quot;bg_slider&quot;:false,&quot;keep_padding&quot;:false,&quot;hoverpause&quot;:false,&quot;show_slide_delay&quot;:0}\"  itemprop=\"image\" itemscope=\"itemscope\" itemtype=\"https:\/\/schema.org\/ImageObject\" ><ul class='avia-slideshow-inner ' style='padding-bottom: 28.666666666667%;'><li  class='avia-slideshow-slide av-kikceymf-7daa079beeda58d75eab30511d6cdc30__0  av-single-slide slide-1 slide-odd'><div data-rel='slideshow-1' class='avia-slide-wrap '   ><img decoding=\"async\" fetchpriority=\"high\" class=\"wp-image-4091 avia-img-lazy-loading-not-4091\"  src=\"https:\/\/oud.alplift.com\/wp-content\/uploads\/2020\/12\/ALPLIFT_slider_homepage-1500x430.jpg\" width=\"1500\" height=\"430\" title='ALPLIFT_slider_homepage' alt=''  itemprop=\"thumbnailUrl\"   \/><\/div><\/li><\/ul><\/div><\/div><div id='after_full_slider_1'  class='main_color av_default_container_wrap container_wrap sidebar_right'  ><div class='container av-section-cont-open' ><div class='template-page content  av-content-small alpha units'><div class='post-entry post-entry-type-page post-entry-2243'><div class='entry-content-wrapper clearfix'>\n<section  class='av_textblock_section av-mmjtjv-d16a9161207da0e6db4522ae13509476 '   itemscope=\"itemscope\" itemtype=\"https:\/\/schema.org\/CreativeWork\" ><div class='avia_textblock'  itemprop=\"text\" ><h4 style=\"text-align: center;\">Qualit\u00e9 de haut niveau depuis 30 ans<\/h4>\n<p style=\"text-align: left;\">Alp Lift est actif dans la vente, la location et le service de nacelles \u00e9l\u00e9vatrices et l\u00e8ve-mat\u00e9riaux depuis plus de 30 ans. Nous produisons nous-m\u00eames les l\u00e8ve materiaux, nous importons les nacelles \u00e9l\u00e9vatrices. Avec notre gamme de produits, nous aidons nos clients \u00e0 effectuer leurs travaux en hauteur de mani\u00e8re s\u00fbre et efficace. Nous livrons \u00e0 une client\u00e8le nationale et internationale tr\u00e8s diversifi\u00e9e; des installateurs aux constructeurs de stands et des th\u00e9\u00e2tres aux mus\u00e9es.<\/p>\n<h5>Alp Lift &#8211; notre propre marque de l\u00e8ve-mat\u00e9riaux<\/h5>\n<p style=\"text-align: left;\">Alp Lift produit depuis plus de 30 ans sa propre gamme de l\u00e8ve-mat\u00e9riaux. Nos \u00e9l\u00e9vateurs de charges, palans \u00e0 air et \u00e9l\u00e9vateurs pour \u00e9v\u00e9nements sont reconnus pour leur qualit\u00e9 exceptionnelle, leur convivialit\u00e9 et leur caract\u00e8re innovant. Nous investissons continuellement dans l\u2019optimisation de ces produits. Nous le faisons sur la base des exigences des utilisateurs, des demandes sur mesure et des r\u00e8gles de s\u00e9curit\u00e9 (internationales). Cela fait de nous le premier choix de nombreux clients, tant au niveau national qu\u2019international. Et nous en sommes fiers.<\/p>\n<h5>Concessionnaire de marques de haute qualit\u00e9 de nacelles \u00e9l\u00e9vatrices<\/h5>\n<p>En plus de notre propre marque de l\u00e8ve-mat\u00e9riaux, nous repr\u00e9sentons un certain nombre de marques leaders de nacelles \u00e9l\u00e9vatrices sur le march\u00e9 europ\u00e9en. Alp Lift a d\u00e9but\u00e9 au d\u00e9but des ann\u00e9es 1990 chez un concessionnaire Dingli, depuis plusieurs ann\u00e9es, nous sommes \u00e9galement concessionnaire de Bestmax, EuropeLift, Zoomlion et EP Equipment.<\/p>\n<p>Outre les ventes, Alp Lift est \u00e9galement actif dans la location de nacelles \u00e9l\u00e9vatrices et de l\u00e8ve-mat\u00e9riaux aux Pays-Bas et en Belgique.<\/p>\n<\/div><\/section>\n<section  class='av_textblock_section av-mmjtjv-d16a9161207da0e6db4522ae13509476 '   itemscope=\"itemscope\" itemtype=\"https:\/\/schema.org\/CreativeWork\" ><div class='avia_textblock'  itemprop=\"text\" ><h5>L&rsquo;\u00e9quipe Alp Lift<\/h5>\n<p>Depuis notre nouveau b\u00e2timent \u00e0 Utrecht, le long de l&rsquo;A2 d&rsquo;Utrecht \u00e0 Amsterdam, notre \u00e9quipe enthousiaste et experte de 20 employ\u00e9s travaille dur chaque jour pour offrir \u00e0 nos clients l&rsquo;attention et le service personnalis\u00e9s qu&rsquo;ils attendent de nous. Dans un certain nombre de pays europ\u00e9ens, Alp Lift travaille en \u00e9troite collaboration avec un certain nombre de partenaires et de concessionnaires d\u00e9di\u00e9s pour servir les march\u00e9s locaux. A travers ces partenariats, Alp Lift vise \u00e0 construire une relation forte et personnelle avec ses clients dans toute l&rsquo;Europe. Parce que c&rsquo;est ce que nous repr\u00e9sentons: une attention personnalis\u00e9e, un service et une qualit\u00e9,<\/p>\n<p>L&rsquo;\u00e9quipe est dirig\u00e9e par le CEO Jacob Goeman Borgesius, qui a repris l&rsquo;entreprise en 2016.<\/p>\n<\/div><\/section>\n","protected":false},"excerpt":{"rendered":"","protected":false},"author":2,"featured_media":2095,"parent":0,"menu_order":0,"comment_status":"open","ping_status":"open","template":"","meta":{"footnotes":""},"class_list":["post-2243","page","type-page","status-publish","has-post-thumbnail","hentry"],"yoast_head":"<!-- This site is optimized with the Yoast SEO plugin v24.0 - https:\/\/yoast.com\/wordpress\/plugins\/seo\/ -->\n<title>\u00c0 propos d&#039;Alp Lift - profil de l&#039;entreprise<\/title>\n<meta name=\"description\" content=\"Alp Lift est actif dans la vente et la location de l\u00e8ve-mat\u00e9riaux et de nacelles \u00e9l\u00e9vatrices depuis 30 ans. En savoir plus sur Alp Lift et voir notre gamme de produits.\" \/>\n<meta name=\"robots\" content=\"noindex, follow, max-snippet:-1, max-image-preview:large, max-video-preview:-1\" \/>\n<meta property=\"og:locale\" content=\"fr_FR\" \/>\n<meta property=\"og:type\" content=\"article\" \/>\n<meta property=\"og:title\" content=\"\u00c0 propos d&#039;Alp Lift - profil de l&#039;entreprise\" \/>\n<meta property=\"og:description\" content=\"Alp Lift est actif dans la vente et la location de l\u00e8ve-mat\u00e9riaux et de nacelles \u00e9l\u00e9vatrices depuis 30 ans. En savoir plus sur Alp Lift et voir notre gamme de produits.\" \/>\n<meta property=\"og:url\" content=\"https:\/\/oud.alplift.com\/fr\/sur-alp-lift\/\" \/>\n<meta property=\"og:site_name\" content=\"Alp Lift\" \/>\n<meta property=\"article:modified_time\" content=\"2021-02-07T10:27:37+00:00\" \/>\n<meta property=\"og:image\" content=\"https:\/\/oud.alplift.com\/wp-content\/uploads\/2021\/01\/logo-ALP-e1621964891215.png\" \/>\n\t<meta property=\"og:image:width\" content=\"299\" \/>\n\t<meta property=\"og:image:height\" content=\"156\" \/>\n\t<meta property=\"og:image:type\" content=\"image\/png\" \/>\n<meta name=\"twitter:card\" content=\"summary_large_image\" \/>\n<meta name=\"twitter:label1\" content=\"Dur\u00e9e de lecture estim\u00e9e\" \/>\n\t<meta name=\"twitter:data1\" content=\"3 minutes\" \/>\n<script type=\"application\/ld+json\" class=\"yoast-schema-graph\">{\"@context\":\"https:\/\/schema.org\",\"@graph\":[{\"@type\":\"WebPage\",\"@id\":\"https:\/\/oud.alplift.com\/fr\/sur-alp-lift\/\",\"url\":\"https:\/\/oud.alplift.com\/fr\/sur-alp-lift\/\",\"name\":\"\u00c0 propos d'Alp Lift - profil de l'entreprise\",\"isPartOf\":{\"@id\":\"https:\/\/oud.alplift.com\/fr\/#website\"},\"primaryImageOfPage\":{\"@id\":\"https:\/\/oud.alplift.com\/fr\/sur-alp-lift\/#primaryimage\"},\"image\":{\"@id\":\"https:\/\/oud.alplift.com\/fr\/sur-alp-lift\/#primaryimage\"},\"thumbnailUrl\":\"https:\/\/oud.alplift.com\/wp-content\/uploads\/2021\/01\/logo-ALP-e1621964891215.png\",\"datePublished\":\"2021-01-12T20:33:40+00:00\",\"dateModified\":\"2021-02-07T10:27:37+00:00\",\"description\":\"Alp Lift est actif dans la vente et la location de l\u00e8ve-mat\u00e9riaux et de nacelles \u00e9l\u00e9vatrices depuis 30 ans. En savoir plus sur Alp Lift et voir notre gamme de produits.\",\"breadcrumb\":{\"@id\":\"https:\/\/oud.alplift.com\/fr\/sur-alp-lift\/#breadcrumb\"},\"inLanguage\":\"fr-FR\",\"potentialAction\":[{\"@type\":\"ReadAction\",\"target\":[\"https:\/\/oud.alplift.com\/fr\/sur-alp-lift\/\"]}]},{\"@type\":\"ImageObject\",\"inLanguage\":\"fr-FR\",\"@id\":\"https:\/\/oud.alplift.com\/fr\/sur-alp-lift\/#primaryimage\",\"url\":\"https:\/\/oud.alplift.com\/wp-content\/uploads\/2021\/01\/logo-ALP-e1621964891215.png\",\"contentUrl\":\"https:\/\/oud.alplift.com\/wp-content\/uploads\/2021\/01\/logo-ALP-e1621964891215.png\",\"width\":299,\"height\":156},{\"@type\":\"BreadcrumbList\",\"@id\":\"https:\/\/oud.alplift.com\/fr\/sur-alp-lift\/#breadcrumb\",\"itemListElement\":[{\"@type\":\"ListItem\",\"position\":1,\"name\":\"Home\",\"item\":\"https:\/\/oud.alplift.com\/fr\/\"},{\"@type\":\"ListItem\",\"position\":2,\"name\":\"Sur Alp Lift\"}]},{\"@type\":\"WebSite\",\"@id\":\"https:\/\/oud.alplift.com\/fr\/#website\",\"url\":\"https:\/\/oud.alplift.com\/fr\/\",\"name\":\"Alp Lift\",\"description\":\"Lifting Equipment\",\"potentialAction\":[{\"@type\":\"SearchAction\",\"target\":{\"@type\":\"EntryPoint\",\"urlTemplate\":\"https:\/\/oud.alplift.com\/fr\/?s={search_term_string}\"},\"query-input\":{\"@type\":\"PropertyValueSpecification\",\"valueRequired\":true,\"valueName\":\"search_term_string\"}}],\"inLanguage\":\"fr-FR\"}]}<\/script>\n<!-- \/ Yoast SEO plugin. -->","yoast_head_json":{"title":"\u00c0 propos d'Alp Lift - profil de l'entreprise","description":"Alp Lift est actif dans la vente et la location de l\u00e8ve-mat\u00e9riaux et de nacelles \u00e9l\u00e9vatrices depuis 30 ans. En savoir plus sur Alp Lift et voir notre gamme de produits.","robots":{"index":"noindex","follow":"follow","max-snippet":"max-snippet:-1","max-image-preview":"max-image-preview:large","max-video-preview":"max-video-preview:-1"},"og_locale":"fr_FR","og_type":"article","og_title":"\u00c0 propos d'Alp Lift - profil de l'entreprise","og_description":"Alp Lift est actif dans la vente et la location de l\u00e8ve-mat\u00e9riaux et de nacelles \u00e9l\u00e9vatrices depuis 30 ans. En savoir plus sur Alp Lift et voir notre gamme de produits.","og_url":"https:\/\/oud.alplift.com\/fr\/sur-alp-lift\/","og_site_name":"Alp Lift","article_modified_time":"2021-02-07T10:27:37+00:00","og_image":[{"width":299,"height":156,"url":"https:\/\/oud.alplift.com\/wp-content\/uploads\/2021\/01\/logo-ALP-e1621964891215.png","type":"image\/png"}],"twitter_card":"summary_large_image","twitter_misc":{"Dur\u00e9e de lecture estim\u00e9e":"3 minutes"},"schema":{"@context":"https:\/\/schema.org","@graph":[{"@type":"WebPage","@id":"https:\/\/oud.alplift.com\/fr\/sur-alp-lift\/","url":"https:\/\/oud.alplift.com\/fr\/sur-alp-lift\/","name":"\u00c0 propos d'Alp Lift - profil de l'entreprise","isPartOf":{"@id":"https:\/\/oud.alplift.com\/fr\/#website"},"primaryImageOfPage":{"@id":"https:\/\/oud.alplift.com\/fr\/sur-alp-lift\/#primaryimage"},"image":{"@id":"https:\/\/oud.alplift.com\/fr\/sur-alp-lift\/#primaryimage"},"thumbnailUrl":"https:\/\/oud.alplift.com\/wp-content\/uploads\/2021\/01\/logo-ALP-e1621964891215.png","datePublished":"2021-01-12T20:33:40+00:00","dateModified":"2021-02-07T10:27:37+00:00","description":"Alp Lift est actif dans la vente et la location de l\u00e8ve-mat\u00e9riaux et de nacelles \u00e9l\u00e9vatrices depuis 30 ans. En savoir plus sur Alp Lift et voir notre gamme de produits.","breadcrumb":{"@id":"https:\/\/oud.alplift.com\/fr\/sur-alp-lift\/#breadcrumb"},"inLanguage":"fr-FR","potentialAction":[{"@type":"ReadAction","target":["https:\/\/oud.alplift.com\/fr\/sur-alp-lift\/"]}]},{"@type":"ImageObject","inLanguage":"fr-FR","@id":"https:\/\/oud.alplift.com\/fr\/sur-alp-lift\/#primaryimage","url":"https:\/\/oud.alplift.com\/wp-content\/uploads\/2021\/01\/logo-ALP-e1621964891215.png","contentUrl":"https:\/\/oud.alplift.com\/wp-content\/uploads\/2021\/01\/logo-ALP-e1621964891215.png","width":299,"height":156},{"@type":"BreadcrumbList","@id":"https:\/\/oud.alplift.com\/fr\/sur-alp-lift\/#breadcrumb","itemListElement":[{"@type":"ListItem","position":1,"name":"Home","item":"https:\/\/oud.alplift.com\/fr\/"},{"@type":"ListItem","position":2,"name":"Sur Alp Lift"}]},{"@type":"WebSite","@id":"https:\/\/oud.alplift.com\/fr\/#website","url":"https:\/\/oud.alplift.com\/fr\/","name":"Alp Lift","description":"Lifting Equipment","potentialAction":[{"@type":"SearchAction","target":{"@type":"EntryPoint","urlTemplate":"https:\/\/oud.alplift.com\/fr\/?s={search_term_string}"},"query-input":{"@type":"PropertyValueSpecification","valueRequired":true,"valueName":"search_term_string"}}],"inLanguage":"fr-FR"}]}},"_links":{"self":[{"href":"https:\/\/oud.alplift.com\/fr\/wp-json\/wp\/v2\/pages\/2243","targetHints":{"allow":["GET"]}}],"collection":[{"href":"https:\/\/oud.alplift.com\/fr\/wp-json\/wp\/v2\/pages"}],"about":[{"href":"https:\/\/oud.alplift.com\/fr\/wp-json\/wp\/v2\/types\/page"}],"author":[{"embeddable":true,"href":"https:\/\/oud.alplift.com\/fr\/wp-json\/wp\/v2\/users\/2"}],"replies":[{"embeddable":true,"href":"https:\/\/oud.alplift.com\/fr\/wp-json\/wp\/v2\/comments?post=2243"}],"version-history":[{"count":0,"href":"https:\/\/oud.alplift.com\/fr\/wp-json\/wp\/v2\/pages\/2243\/revisions"}],"wp:featuredmedia":[{"embeddable":true,"href":"https:\/\/oud.alplift.com\/fr\/wp-json\/wp\/v2\/media\/2095"}],"wp:attachment":[{"href":"https:\/\/oud.alplift.com\/fr\/wp-json\/wp\/v2\/media?parent=2243"}],"curies":[{"name":"wp","href":"https:\/\/api.w.org\/{rel}","templated":true}]}}