
{"id":2038,"date":"2021-01-08T11:04:23","date_gmt":"2021-01-08T10:04:23","guid":{"rendered":"https:\/\/oud.alplift.com\/nacelles-sur-remorques\/"},"modified":"2024-05-16T10:29:23","modified_gmt":"2024-05-16T08:29:23","slug":"nacelles-sur-remorques","status":"publish","type":"page","link":"https:\/\/oud.alplift.com\/fr\/nacelles-elevatrice\/nacelles-sur-remorques\/","title":{"rendered":"Nacelles sur remorques"},"content":{"rendered":"\n<style type=\"text\/css\" data-created_by=\"avia_inline_auto\" id=\"style-css-av-awrup-fbdf344dfaf4a886838da66ad812acd7\">\n.flex_column.av-awrup-fbdf344dfaf4a886838da66ad812acd7{\nborder-radius:0px 0px 0px 0px;\npadding:0px 0px 0px 0px;\n}\n<\/style>\n<div  class='flex_column av-awrup-fbdf344dfaf4a886838da66ad812acd7 av_one_full  avia-builder-el-0  avia-builder-el-no-sibling  first flex_column_div av-zero-column-padding  '     ><section  class='av_textblock_section av-khahp5q8-cc8c4d3af81f8e71682fcfe9478f8835 '   itemscope=\"itemscope\" itemtype=\"https:\/\/schema.org\/CreativeWork\" ><div class='avia_textblock'  itemprop=\"text\" ><h2>Nacelles sur remorques<\/h2>\n<p>Un nacelle sur remorque est facile \u00e0 connecter \u00e0 la barre d&rsquo;attelage d&rsquo;une voiture et offre une bonne alternative aux \u00e9chafaudages et aux \u00e9chelles. Cette plate-forme \u00e9l\u00e9vatrice est principalement utilis\u00e9e pour des travaux plus l\u00e9gers, par exemple pour les travaux \u00e0 domicile et dans les b\u00e2timents bas. Envisagez-vous d&rsquo;acheter un nacelle sur remorque? Alp Lift propose diff\u00e9rents mod\u00e8les d&rsquo;EuropeLift dans sa gamme. Les nacelles sur remorque d&rsquo;Europe Lift sont compactes et polyvalentes. Tous les mod\u00e8les peuvent \u00eatre transport\u00e9s avec n&rsquo;importe quel v\u00e9hicule et permis de conduire BE. Ils sont disponibles en diff\u00e9rentes hauteurs et avec diff\u00e9rentes port\u00e9es horizontales. Ce type de nacelle \u00e9l\u00e9vatrice est id\u00e9ale pour les travaux ext\u00e9rieurs tels que la peinture de maisons ou de b\u00e2timents bas, ou l&rsquo;entretien de lampadaires ou d&rsquo;arbres.<\/p>\n<p>Ci-dessous vous pouvez voir les diff\u00e9rents mod\u00e8les et versions.<\/p>\n<div class=\"flex_column av_one_full flex_column_div av-zero-column-padding first avia-builder-el-2 el_after_av_slideshow_full el_before_av_textblock avia-builder-el-first \">\n<section class=\"av_textblock_section \">\n<div class=\"avia_textblock \">\n<p>Demandez un devis gratuit. De nombreuses machines sont disponibles sur stock.<\/p>\n<\/div>\n<\/section>\n<\/div>\n<section class=\"av_textblock_section \">\n<div class=\"avia_textblock \">\n<div class=\"woocommerce columns-4 \"><\/div>\n<\/div>\n<\/section>\n<\/div><\/section><br \/>\n<section  class='av_textblock_section av-khlsbs60-719ecfb7c943022eee0e8088bc8d644f '   itemscope=\"itemscope\" itemtype=\"https:\/\/schema.org\/CreativeWork\" ><div class='avia_textblock'  itemprop=\"text\" ><div class=\"woocommerce columns-4 \"><div class=\"facetwp-template\"><ul class=\"products columns-4\">\n<li class=\"product type-product post-3109 status-publish first instock product_cat-nacelles-elevatrice product_cat-nacelles-sur-remorques has-post-thumbnail shipping-taxable product-type-simple\">\n\t<div class='inner_product main_color wrapped_style noLightbox  av-product-class-'><a href=\"https:\/\/oud.alplift.com\/fr\/produit\/elevateur-a-nacelle-sur-remorque-tm18gt\/\" class=\"woocommerce-LoopProduct-link woocommerce-loop-product__link\"><div class=\"thumbnail_container\"><img decoding=\"async\" loading=\"lazy\" width=\"300\" height=\"300\" src=\"https:\/\/oud.alplift.com\/wp-content\/uploads\/2021\/01\/TM13G-aanhanger-hoogwerker-300x300.jpg\" class=\"wp-image-2818 avia-img-lazy-loading-2818 attachment-shop_catalog size-shop_catalog wp-post-image\" alt=\"\" srcset=\"https:\/\/oud.alplift.com\/wp-content\/uploads\/2021\/01\/TM13G-aanhanger-hoogwerker-300x300.jpg 300w, https:\/\/oud.alplift.com\/wp-content\/uploads\/2021\/01\/TM13G-aanhanger-hoogwerker-80x80.jpg 80w, https:\/\/oud.alplift.com\/wp-content\/uploads\/2021\/01\/TM13G-aanhanger-hoogwerker-36x36.jpg 36w, https:\/\/oud.alplift.com\/wp-content\/uploads\/2021\/01\/TM13G-aanhanger-hoogwerker-180x180.jpg 180w, https:\/\/oud.alplift.com\/wp-content\/uploads\/2021\/01\/TM13G-aanhanger-hoogwerker-100x100.jpg 100w\" sizes=\"auto, (max-width: 300px) 100vw, 300px\" \/><span class=\"cart-loading\"><\/span><\/div><div class='inner_product_header'><div class='avia-arrow'><\/div><div class='inner_product_header_table'><div class='inner_product_header_cell'><h2 class=\"woocommerce-loop-product__title\">\u00c9l\u00e9vateur \u00e0 nacelle sur remorque TM18GT<\/h2>\n<\/div><\/div><\/div><\/a><div class='avia_cart_buttons '>\t<span id=\"woocommerce_loop_add_to_cart_link_describedby_3109\" class=\"screen-reader-text\"><span aria-hidden='true' data-av_icon='\ue859' data-av_iconfont='entypo-fontello'><\/span> \n\t\t\t<\/span>\n<a class=\"button show_details_button\" href=\"https:\/\/oud.alplift.com\/fr\/produit\/elevateur-a-nacelle-sur-remorque-tm18gt\/\"><span aria-hidden='true' data-av_icon='\ue84b' data-av_iconfont='entypo-fontello'><\/span>  Voir les d\u00e9tails<\/a> <span class=\"button-mini-delimiter\"><\/span><\/div><\/div><\/li>\n<li class=\"product type-product post-3111 status-publish instock product_cat-nacelles-elevatrice product_cat-nacelles-sur-remorques has-post-thumbnail shipping-taxable product-type-simple\">\n\t<div class='inner_product main_color wrapped_style noLightbox  av-product-class-'><a href=\"https:\/\/oud.alplift.com\/fr\/produit\/elevateur-a-nacelle-sur-remorque-tm13g\/\" class=\"woocommerce-LoopProduct-link woocommerce-loop-product__link\"><div class=\"thumbnail_container\"><img decoding=\"async\" loading=\"lazy\" width=\"300\" height=\"300\" src=\"https:\/\/oud.alplift.com\/wp-content\/uploads\/2021\/01\/TM13G-300x300.jpg\" class=\"wp-image-2808 avia-img-lazy-loading-2808 attachment-shop_catalog size-shop_catalog wp-post-image\" alt=\"\" srcset=\"https:\/\/oud.alplift.com\/wp-content\/uploads\/2021\/01\/TM13G-300x300.jpg 300w, https:\/\/oud.alplift.com\/wp-content\/uploads\/2021\/01\/TM13G-80x80.jpg 80w, https:\/\/oud.alplift.com\/wp-content\/uploads\/2021\/01\/TM13G-36x36.jpg 36w, https:\/\/oud.alplift.com\/wp-content\/uploads\/2021\/01\/TM13G-180x180.jpg 180w, https:\/\/oud.alplift.com\/wp-content\/uploads\/2021\/01\/TM13G-100x100.jpg 100w\" sizes=\"auto, (max-width: 300px) 100vw, 300px\" \/><span class=\"cart-loading\"><\/span><\/div><div class='inner_product_header'><div class='avia-arrow'><\/div><div class='inner_product_header_table'><div class='inner_product_header_cell'><h2 class=\"woocommerce-loop-product__title\">\u00c9l\u00e9vateur \u00e0 nacelle sur remorque TM13G<\/h2>\n<\/div><\/div><\/div><\/a><div class='avia_cart_buttons '>\t<span id=\"woocommerce_loop_add_to_cart_link_describedby_3111\" class=\"screen-reader-text\"><span aria-hidden='true' data-av_icon='\ue859' data-av_iconfont='entypo-fontello'><\/span> \n\t\t\t<\/span>\n<a class=\"button show_details_button\" href=\"https:\/\/oud.alplift.com\/fr\/produit\/elevateur-a-nacelle-sur-remorque-tm13g\/\"><span aria-hidden='true' data-av_icon='\ue84b' data-av_iconfont='entypo-fontello'><\/span>  Voir les d\u00e9tails<\/a> <span class=\"button-mini-delimiter\"><\/span><\/div><\/div><\/li>\n<\/ul>\n<\/div><!-- end facetwp-template --><\/div>\n<\/div><\/section><\/p><\/div>\n","protected":false},"excerpt":{"rendered":"","protected":false},"author":3,"featured_media":0,"parent":3531,"menu_order":0,"comment_status":"closed","ping_status":"closed","template":"","meta":{"footnotes":""},"class_list":["post-2038","page","type-page","status-publish","hentry"],"yoast_head":"<!-- This site is optimized with the Yoast SEO plugin v24.0 - https:\/\/yoast.com\/wordpress\/plugins\/seo\/ -->\n<title>Nacelles sur remorques | Alp Lift<\/title>\n<meta name=\"description\" content=\"Acheter ou louer une nacelle \u00e9l\u00e9vatrice sur remorque ? Disponible chez EuropeLift \u2714 Peut \u00eatre transport\u00e9 avec un permis de conduire B \u2714 Bonne alternative aux \u00e9chafaudages ou aux \u00e9chelles \u2714\" \/>\n<meta name=\"robots\" content=\"noindex, follow, max-snippet:-1, max-image-preview:large, max-video-preview:-1\" \/>\n<meta property=\"og:locale\" content=\"fr_FR\" \/>\n<meta property=\"og:type\" content=\"article\" \/>\n<meta property=\"og:title\" content=\"Nacelles sur remorques | Alp Lift\" \/>\n<meta property=\"og:description\" content=\"Acheter ou louer une nacelle \u00e9l\u00e9vatrice sur remorque ? Disponible chez EuropeLift \u2714 Peut \u00eatre transport\u00e9 avec un permis de conduire B \u2714 Bonne alternative aux \u00e9chafaudages ou aux \u00e9chelles \u2714\" \/>\n<meta property=\"og:url\" content=\"https:\/\/oud.alplift.com\/fr\/nacelles-elevatrice\/nacelles-sur-remorques\/\" \/>\n<meta property=\"og:site_name\" content=\"Alp Lift\" \/>\n<meta property=\"article:modified_time\" content=\"2024-05-16T08:29:23+00:00\" \/>\n<meta name=\"twitter:card\" content=\"summary_large_image\" \/>\n<meta name=\"twitter:label1\" content=\"Dur\u00e9e de lecture estim\u00e9e\" \/>\n\t<meta name=\"twitter:data1\" content=\"2 minutes\" \/>\n<script type=\"application\/ld+json\" class=\"yoast-schema-graph\">{\"@context\":\"https:\/\/schema.org\",\"@graph\":[{\"@type\":\"WebPage\",\"@id\":\"https:\/\/oud.alplift.com\/fr\/nacelles-elevatrice\/nacelles-sur-remorques\/\",\"url\":\"https:\/\/oud.alplift.com\/fr\/nacelles-elevatrice\/nacelles-sur-remorques\/\",\"name\":\"Nacelles sur remorques | Alp Lift\",\"isPartOf\":{\"@id\":\"https:\/\/oud.alplift.com\/fr\/#website\"},\"datePublished\":\"2021-01-08T10:04:23+00:00\",\"dateModified\":\"2024-05-16T08:29:23+00:00\",\"description\":\"Acheter ou louer une nacelle \u00e9l\u00e9vatrice sur remorque ? Disponible chez EuropeLift \u2714 Peut \u00eatre transport\u00e9 avec un permis de conduire B \u2714 Bonne alternative aux \u00e9chafaudages ou aux \u00e9chelles \u2714\",\"breadcrumb\":{\"@id\":\"https:\/\/oud.alplift.com\/fr\/nacelles-elevatrice\/nacelles-sur-remorques\/#breadcrumb\"},\"inLanguage\":\"fr-FR\",\"potentialAction\":[{\"@type\":\"ReadAction\",\"target\":[\"https:\/\/oud.alplift.com\/fr\/nacelles-elevatrice\/nacelles-sur-remorques\/\"]}]},{\"@type\":\"BreadcrumbList\",\"@id\":\"https:\/\/oud.alplift.com\/fr\/nacelles-elevatrice\/nacelles-sur-remorques\/#breadcrumb\",\"itemListElement\":[{\"@type\":\"ListItem\",\"position\":1,\"name\":\"Home\",\"item\":\"https:\/\/oud.alplift.com\/fr\/\"},{\"@type\":\"ListItem\",\"position\":2,\"name\":\"Nacelles \u00e9l\u00e9vatrice\",\"item\":\"https:\/\/oud.alplift.com\/fr\/nacelles-elevatrice\/\"},{\"@type\":\"ListItem\",\"position\":3,\"name\":\"Nacelles sur remorques\"}]},{\"@type\":\"WebSite\",\"@id\":\"https:\/\/oud.alplift.com\/fr\/#website\",\"url\":\"https:\/\/oud.alplift.com\/fr\/\",\"name\":\"Alp Lift\",\"description\":\"Lifting Equipment\",\"potentialAction\":[{\"@type\":\"SearchAction\",\"target\":{\"@type\":\"EntryPoint\",\"urlTemplate\":\"https:\/\/oud.alplift.com\/fr\/?s={search_term_string}\"},\"query-input\":{\"@type\":\"PropertyValueSpecification\",\"valueRequired\":true,\"valueName\":\"search_term_string\"}}],\"inLanguage\":\"fr-FR\"}]}<\/script>\n<!-- \/ Yoast SEO plugin. -->","yoast_head_json":{"title":"Nacelles sur remorques | Alp Lift","description":"Acheter ou louer une nacelle \u00e9l\u00e9vatrice sur remorque ? Disponible chez EuropeLift \u2714 Peut \u00eatre transport\u00e9 avec un permis de conduire B \u2714 Bonne alternative aux \u00e9chafaudages ou aux \u00e9chelles \u2714","robots":{"index":"noindex","follow":"follow","max-snippet":"max-snippet:-1","max-image-preview":"max-image-preview:large","max-video-preview":"max-video-preview:-1"},"og_locale":"fr_FR","og_type":"article","og_title":"Nacelles sur remorques | Alp Lift","og_description":"Acheter ou louer une nacelle \u00e9l\u00e9vatrice sur remorque ? Disponible chez EuropeLift \u2714 Peut \u00eatre transport\u00e9 avec un permis de conduire B \u2714 Bonne alternative aux \u00e9chafaudages ou aux \u00e9chelles \u2714","og_url":"https:\/\/oud.alplift.com\/fr\/nacelles-elevatrice\/nacelles-sur-remorques\/","og_site_name":"Alp Lift","article_modified_time":"2024-05-16T08:29:23+00:00","twitter_card":"summary_large_image","twitter_misc":{"Dur\u00e9e de lecture estim\u00e9e":"2 minutes"},"schema":{"@context":"https:\/\/schema.org","@graph":[{"@type":"WebPage","@id":"https:\/\/oud.alplift.com\/fr\/nacelles-elevatrice\/nacelles-sur-remorques\/","url":"https:\/\/oud.alplift.com\/fr\/nacelles-elevatrice\/nacelles-sur-remorques\/","name":"Nacelles sur remorques | Alp Lift","isPartOf":{"@id":"https:\/\/oud.alplift.com\/fr\/#website"},"datePublished":"2021-01-08T10:04:23+00:00","dateModified":"2024-05-16T08:29:23+00:00","description":"Acheter ou louer une nacelle \u00e9l\u00e9vatrice sur remorque ? Disponible chez EuropeLift \u2714 Peut \u00eatre transport\u00e9 avec un permis de conduire B \u2714 Bonne alternative aux \u00e9chafaudages ou aux \u00e9chelles \u2714","breadcrumb":{"@id":"https:\/\/oud.alplift.com\/fr\/nacelles-elevatrice\/nacelles-sur-remorques\/#breadcrumb"},"inLanguage":"fr-FR","potentialAction":[{"@type":"ReadAction","target":["https:\/\/oud.alplift.com\/fr\/nacelles-elevatrice\/nacelles-sur-remorques\/"]}]},{"@type":"BreadcrumbList","@id":"https:\/\/oud.alplift.com\/fr\/nacelles-elevatrice\/nacelles-sur-remorques\/#breadcrumb","itemListElement":[{"@type":"ListItem","position":1,"name":"Home","item":"https:\/\/oud.alplift.com\/fr\/"},{"@type":"ListItem","position":2,"name":"Nacelles \u00e9l\u00e9vatrice","item":"https:\/\/oud.alplift.com\/fr\/nacelles-elevatrice\/"},{"@type":"ListItem","position":3,"name":"Nacelles sur remorques"}]},{"@type":"WebSite","@id":"https:\/\/oud.alplift.com\/fr\/#website","url":"https:\/\/oud.alplift.com\/fr\/","name":"Alp Lift","description":"Lifting Equipment","potentialAction":[{"@type":"SearchAction","target":{"@type":"EntryPoint","urlTemplate":"https:\/\/oud.alplift.com\/fr\/?s={search_term_string}"},"query-input":{"@type":"PropertyValueSpecification","valueRequired":true,"valueName":"search_term_string"}}],"inLanguage":"fr-FR"}]}},"_links":{"self":[{"href":"https:\/\/oud.alplift.com\/fr\/wp-json\/wp\/v2\/pages\/2038","targetHints":{"allow":["GET"]}}],"collection":[{"href":"https:\/\/oud.alplift.com\/fr\/wp-json\/wp\/v2\/pages"}],"about":[{"href":"https:\/\/oud.alplift.com\/fr\/wp-json\/wp\/v2\/types\/page"}],"author":[{"embeddable":true,"href":"https:\/\/oud.alplift.com\/fr\/wp-json\/wp\/v2\/users\/3"}],"replies":[{"embeddable":true,"href":"https:\/\/oud.alplift.com\/fr\/wp-json\/wp\/v2\/comments?post=2038"}],"version-history":[{"count":3,"href":"https:\/\/oud.alplift.com\/fr\/wp-json\/wp\/v2\/pages\/2038\/revisions"}],"predecessor-version":[{"id":8919,"href":"https:\/\/oud.alplift.com\/fr\/wp-json\/wp\/v2\/pages\/2038\/revisions\/8919"}],"up":[{"embeddable":true,"href":"https:\/\/oud.alplift.com\/fr\/wp-json\/wp\/v2\/pages\/3531"}],"wp:attachment":[{"href":"https:\/\/oud.alplift.com\/fr\/wp-json\/wp\/v2\/media?parent=2038"}],"curies":[{"name":"wp","href":"https:\/\/api.w.org\/{rel}","templated":true}]}}