
{"id":2005,"date":"2021-01-07T20:29:00","date_gmt":"2021-01-07T19:29:00","guid":{"rendered":"https:\/\/oud.alplift.com\/preparateurs-de-commandes-vertical\/"},"modified":"2021-02-04T20:02:48","modified_gmt":"2021-02-04T19:02:48","slug":"preparateurs-de-commandes-vertical","status":"publish","type":"page","link":"https:\/\/oud.alplift.com\/fr\/nacelles-elevatrice\/preparateurs-de-commandes-vertical\/","title":{"rendered":"Pr\u00e9parateurs de commandes vertical"},"content":{"rendered":"<div id='full_slider_1'  class='avia-fullwidth-slider main_color avia-shadow av-small-hide av-mini-hide  avia-builder-el-0  el_before_av_slideshow_full  avia-builder-el-first   container_wrap sidebar_right'  ><div  class='avia-slideshow av-khahiydf-5254652e4fc64c63458df2d30f9ea292 avia-slideshow-no scaling av_slideshow_full avia-slide-slider av-small-hide av-mini-hide av-slideshow-ui av-control-default av-slideshow-manual av-loop-once av-loop-manual-endless av-default-height-applied   avia-slideshow-1' data-slideshow-options=\"{&quot;animation&quot;:&quot;slide&quot;,&quot;autoplay&quot;:false,&quot;loop_autoplay&quot;:&quot;once&quot;,&quot;interval&quot;:5,&quot;loop_manual&quot;:&quot;manual-endless&quot;,&quot;autoplay_stopper&quot;:false,&quot;noNavigation&quot;:false,&quot;bg_slider&quot;:false,&quot;keep_padding&quot;:false,&quot;hoverpause&quot;:false,&quot;show_slide_delay&quot;:0}\"  itemprop=\"image\" itemscope=\"itemscope\" itemtype=\"https:\/\/schema.org\/ImageObject\" ><ul class='avia-slideshow-inner ' style='padding-bottom: 20.333333333333%;'><li  class='avia-slideshow-slide av-khahiydf-5254652e4fc64c63458df2d30f9ea292__0  av-single-slide slide-1 slide-odd'><div data-rel='slideshow-1' class='avia-slide-wrap '   ><img decoding=\"async\" fetchpriority=\"high\" class=\"wp-image-4067 avia-img-lazy-loading-not-4067\"  src=\"https:\/\/oud.alplift.com\/wp-content\/uploads\/2020\/11\/Alp-Lift_Low-access-hoogwerker_serie-kleur-e1561542714975.jpg\" width=\"1200\" height=\"244\" title='Alp-Lift_Low-access-hoogwerker_serie-kleur' alt=''  itemprop=\"thumbnailUrl\" srcset=\"https:\/\/oud.alplift.com\/wp-content\/uploads\/2020\/11\/Alp-Lift_Low-access-hoogwerker_serie-kleur-e1561542714975.jpg 1200w, https:\/\/oud.alplift.com\/wp-content\/uploads\/2020\/11\/Alp-Lift_Low-access-hoogwerker_serie-kleur-e1561542714975-300x61.jpg 300w, https:\/\/oud.alplift.com\/wp-content\/uploads\/2020\/11\/Alp-Lift_Low-access-hoogwerker_serie-kleur-e1561542714975-1030x209.jpg 1030w, https:\/\/oud.alplift.com\/wp-content\/uploads\/2020\/11\/Alp-Lift_Low-access-hoogwerker_serie-kleur-e1561542714975-768x156.jpg 768w, https:\/\/oud.alplift.com\/wp-content\/uploads\/2020\/11\/Alp-Lift_Low-access-hoogwerker_serie-kleur-e1561542714975-705x143.jpg 705w, https:\/\/oud.alplift.com\/wp-content\/uploads\/2020\/11\/Alp-Lift_Low-access-hoogwerker_serie-kleur-e1561542714975-600x122.jpg 600w\" sizes=\"(max-width: 1200px) 100vw, 1200px\" \/><\/div><\/li><\/ul><\/div><\/div>\n<div id='full_slider_2'  class='avia-fullwidth-slider main_color avia-shadow av-desktop-hide av-medium-hide  avia-builder-el-1  el_after_av_slideshow_full  el_before_av_one_full   slider-not-first container_wrap sidebar_right'  ><div  class='avia-slideshow av-khahiydf-3e98aa49beff7477f0fe1e918b6db474 avia-slideshow-no scaling av_slideshow_full avia-slide-slider av-desktop-hide av-medium-hide av-slideshow-ui av-control-default av-slideshow-manual av-loop-once av-loop-manual-endless av-default-height-applied   avia-slideshow-2' data-slideshow-options=\"{&quot;animation&quot;:&quot;slide&quot;,&quot;autoplay&quot;:false,&quot;loop_autoplay&quot;:&quot;once&quot;,&quot;interval&quot;:5,&quot;loop_manual&quot;:&quot;manual-endless&quot;,&quot;autoplay_stopper&quot;:false,&quot;noNavigation&quot;:false,&quot;bg_slider&quot;:false,&quot;keep_padding&quot;:false,&quot;hoverpause&quot;:false,&quot;show_slide_delay&quot;:0}\"  itemprop=\"image\" itemscope=\"itemscope\" itemtype=\"https:\/\/schema.org\/ImageObject\" ><ul class='avia-slideshow-inner ' style='padding-bottom: 20.333333333333%;'><li  class='avia-slideshow-slide av-khahiydf-3e98aa49beff7477f0fe1e918b6db474__0  av-single-slide slide-1 slide-odd'><div data-rel='slideshow-2' class='avia-slide-wrap '   ><img decoding=\"async\" fetchpriority=\"high\" class=\"wp-image-4067 avia-img-lazy-loading-not-4067\"  src=\"https:\/\/oud.alplift.com\/wp-content\/uploads\/2020\/11\/Alp-Lift_Low-access-hoogwerker_serie-kleur-e1561542714975.jpg\" width=\"1200\" height=\"244\" title='Alp-Lift_Low-access-hoogwerker_serie-kleur' alt=''  itemprop=\"thumbnailUrl\" srcset=\"https:\/\/oud.alplift.com\/wp-content\/uploads\/2020\/11\/Alp-Lift_Low-access-hoogwerker_serie-kleur-e1561542714975.jpg 1200w, https:\/\/oud.alplift.com\/wp-content\/uploads\/2020\/11\/Alp-Lift_Low-access-hoogwerker_serie-kleur-e1561542714975-300x61.jpg 300w, https:\/\/oud.alplift.com\/wp-content\/uploads\/2020\/11\/Alp-Lift_Low-access-hoogwerker_serie-kleur-e1561542714975-1030x209.jpg 1030w, https:\/\/oud.alplift.com\/wp-content\/uploads\/2020\/11\/Alp-Lift_Low-access-hoogwerker_serie-kleur-e1561542714975-768x156.jpg 768w, https:\/\/oud.alplift.com\/wp-content\/uploads\/2020\/11\/Alp-Lift_Low-access-hoogwerker_serie-kleur-e1561542714975-705x143.jpg 705w, https:\/\/oud.alplift.com\/wp-content\/uploads\/2020\/11\/Alp-Lift_Low-access-hoogwerker_serie-kleur-e1561542714975-600x122.jpg 600w\" sizes=\"(max-width: 1200px) 100vw, 1200px\" \/><\/div><\/li><\/ul><\/div><\/div><div id='after_full_slider_2'  class='main_color av_default_container_wrap container_wrap sidebar_right'  ><div class='container av-section-cont-open' ><div class='template-page content  av-content-small alpha units'><div class='post-entry post-entry-type-page post-entry-2005'><div class='entry-content-wrapper clearfix'>\n\n<style type=\"text\/css\" data-created_by=\"avia_inline_auto\" id=\"style-css-av-awrup-fbdf344dfaf4a886838da66ad812acd7\">\n.flex_column.av-awrup-fbdf344dfaf4a886838da66ad812acd7{\nborder-radius:0px 0px 0px 0px;\npadding:0px 0px 0px 0px;\n}\n<\/style>\n<div  class='flex_column av-awrup-fbdf344dfaf4a886838da66ad812acd7 av_one_full  avia-builder-el-2  el_after_av_slideshow_full  avia-builder-el-no-sibling  first flex_column_div av-zero-column-padding  '     ><section  class='av_textblock_section av-khahp5q8-056e40107138f9a97775560fdbdf7a79 '   itemscope=\"itemscope\" itemtype=\"https:\/\/schema.org\/CreativeWork\" ><div class='avia_textblock'  itemprop=\"text\" ><h2>Pr\u00e9parateurs de commandes vertical<\/h2>\n<p>Cette pr\u00e9parateurs de commandes vertical \u00e0 usage unique peut \u00eatre utilis\u00e9e pour des travaux jusqu&rsquo;\u00e0 une hauteur de travail de cinq m\u00e8tres maximum. Ils sont \u00e9galement appel\u00e9s pr\u00e9parateurs de commandes. Utiliser ce plate-forme \u00e0 acc\u00e8s bas est simple, efficace et s\u00fbr et c&rsquo;est l&rsquo;alternative parfaite aux \u00e9chelles, marches ou \u00e9chafaudages. Le travail peut \u00eatre effectu\u00e9 de mani\u00e8re plus s\u00fbre et plus efficace, car les mat\u00e9riaux sont \u00e0 port\u00e9e de main et les deux mains sont libres. Ce type de machine a un petit ch\u00e2ssis qui passe par la plupart des portes et ascenseurs standard. En raison de leur faible poids, ils conviennent \u00e0 tous les types de sols. Cela rend cette plate-forme a\u00e9rienne largement applicable dans de nombreux secteurs tels que la vente au d\u00e9tail, l&rsquo;industrie, les b\u00e2timents gouvernementaux, les h\u00f4pitaux, les \u00e9coles, etc.      <\/p>\n<p>Alp Lift propose dans sa gamme les nacelles \u00e9l\u00e9vatrices \u00e0 acc\u00e8s bas d&rsquo;EP Equipment. Vous vous demandez comment cette machine peut rendre votre travail plus efficace et plus s\u00fbr? Consultez ce produit et demandez un devis en ligne. Ces machines sont disponibles sur stock.    <\/p>\n<p> Les panneaux lat\u00e9raux peuvent \u00eatre peints dans n&rsquo;importe quelle couleur d\u00e9sir\u00e9e, gratuitement.<\/p>\n<\/div><\/section><br \/>\n<section  class='av_textblock_section av-khlsbs60-f680bbf91feb6121bc632a8b9f634a5b '   itemscope=\"itemscope\" itemtype=\"https:\/\/schema.org\/CreativeWork\" ><div class='avia_textblock'  itemprop=\"text\" ><p><div class=\"woocommerce columns-4 \"><div class=\"facetwp-template\"><ul class=\"products columns-4\">\n<li class=\"product type-product post-3152 status-publish first instock product_cat-nacelles-elevatrice product_cat-preparateurs-de-commandes-vertical has-post-thumbnail shipping-taxable product-type-simple\">\n\t<div class='inner_product main_color wrapped_style noLightbox  av-product-class-'><a href=\"https:\/\/oud.alplift.com\/fr\/produit\/plateforme-aerienne-1-personne\/\" class=\"woocommerce-LoopProduct-link woocommerce-loop-product__link\"><div class=\"thumbnail_container\"><img decoding=\"async\" loading=\"lazy\" width=\"300\" height=\"300\" src=\"https:\/\/oud.alplift.com\/wp-content\/uploads\/2021\/01\/Schermafbeelding-2019-06-19-om-21.15.46-e1560974490251-300x300.png\" class=\"wp-image-2828 avia-img-lazy-loading-2828 attachment-shop_catalog size-shop_catalog wp-post-image\" alt=\"\" srcset=\"https:\/\/oud.alplift.com\/wp-content\/uploads\/2021\/01\/Schermafbeelding-2019-06-19-om-21.15.46-e1560974490251-300x300.png 300w, https:\/\/oud.alplift.com\/wp-content\/uploads\/2021\/01\/Schermafbeelding-2019-06-19-om-21.15.46-e1560974490251-80x80.png 80w, https:\/\/oud.alplift.com\/wp-content\/uploads\/2021\/01\/Schermafbeelding-2019-06-19-om-21.15.46-e1560974490251-36x36.png 36w, https:\/\/oud.alplift.com\/wp-content\/uploads\/2021\/01\/Schermafbeelding-2019-06-19-om-21.15.46-e1560974490251-180x180.png 180w, https:\/\/oud.alplift.com\/wp-content\/uploads\/2021\/01\/Schermafbeelding-2019-06-19-om-21.15.46-e1560974490251-100x100.png 100w\" sizes=\"auto, (max-width: 300px) 100vw, 300px\" \/><span class=\"cart-loading\"><\/span><\/div><div class='inner_product_header'><div class='avia-arrow'><\/div><div class='inner_product_header_table'><div class='inner_product_header_cell'><h2 class=\"woocommerce-loop-product__title\">Plateforme a\u00e9rienne 1 personne<\/h2>\n<\/div><\/div><\/div><\/a><div class='avia_cart_buttons '>\t<span id=\"woocommerce_loop_add_to_cart_link_describedby_3152\" class=\"screen-reader-text\"><span aria-hidden='true' data-av_icon='\ue859' data-av_iconfont='entypo-fontello'><\/span> \n\t\t\t<\/span>\n<a class=\"button show_details_button\" href=\"https:\/\/oud.alplift.com\/fr\/produit\/plateforme-aerienne-1-personne\/\"><span aria-hidden='true' data-av_icon='\ue84b' data-av_iconfont='entypo-fontello'><\/span>  Voir les d\u00e9tails<\/a> <span class=\"button-mini-delimiter\"><\/span><\/div><\/div><\/li>\n<\/ul>\n<\/div><!-- end facetwp-template --><\/div>.<\/p>\n<\/div><\/section><\/p><\/div>\n","protected":false},"excerpt":{"rendered":"","protected":false},"author":3,"featured_media":0,"parent":3531,"menu_order":0,"comment_status":"closed","ping_status":"closed","template":"","meta":{"footnotes":""},"class_list":["post-2005","page","type-page","status-publish","hentry"],"yoast_head":"<!-- This site is optimized with the Yoast SEO plugin v24.0 - https:\/\/yoast.com\/wordpress\/plugins\/seo\/ -->\n<title>Pr\u00e9parateurs de commandes vertical | Alp Lift France<\/title>\n<meta name=\"description\" content=\"Une pr\u00e9parateur de commandes verticals rend votre travail jusqu&#039;\u00e0 5 m\u00e8tres beaucoup plus efficace et plus s\u00fbr. D\u00e9couvrez cette machine chez Alp Lift et demandez un devis.\" \/>\n<meta name=\"robots\" content=\"noindex, follow, max-snippet:-1, max-image-preview:large, max-video-preview:-1\" \/>\n<meta property=\"og:locale\" content=\"fr_FR\" \/>\n<meta property=\"og:type\" content=\"article\" \/>\n<meta property=\"og:title\" content=\"Pr\u00e9parateurs de commandes vertical | Alp Lift France\" \/>\n<meta property=\"og:description\" content=\"Une pr\u00e9parateur de commandes verticals rend votre travail jusqu&#039;\u00e0 5 m\u00e8tres beaucoup plus efficace et plus s\u00fbr. D\u00e9couvrez cette machine chez Alp Lift et demandez un devis.\" \/>\n<meta property=\"og:url\" content=\"https:\/\/oud.alplift.com\/fr\/nacelles-elevatrice\/preparateurs-de-commandes-vertical\/\" \/>\n<meta property=\"og:site_name\" content=\"Alp Lift\" \/>\n<meta property=\"article:modified_time\" content=\"2021-02-04T19:02:48+00:00\" \/>\n<meta name=\"twitter:card\" content=\"summary_large_image\" \/>\n<meta name=\"twitter:label1\" content=\"Dur\u00e9e de lecture estim\u00e9e\" \/>\n\t<meta name=\"twitter:data1\" content=\"3 minutes\" \/>\n<script type=\"application\/ld+json\" class=\"yoast-schema-graph\">{\"@context\":\"https:\/\/schema.org\",\"@graph\":[{\"@type\":\"WebPage\",\"@id\":\"https:\/\/oud.alplift.com\/fr\/nacelles-elevatrice\/preparateurs-de-commandes-vertical\/\",\"url\":\"https:\/\/oud.alplift.com\/fr\/nacelles-elevatrice\/preparateurs-de-commandes-vertical\/\",\"name\":\"Pr\u00e9parateurs de commandes vertical | Alp Lift France\",\"isPartOf\":{\"@id\":\"https:\/\/oud.alplift.com\/fr\/#website\"},\"datePublished\":\"2021-01-07T19:29:00+00:00\",\"dateModified\":\"2021-02-04T19:02:48+00:00\",\"description\":\"Une pr\u00e9parateur de commandes verticals rend votre travail jusqu'\u00e0 5 m\u00e8tres beaucoup plus efficace et plus s\u00fbr. D\u00e9couvrez cette machine chez Alp Lift et demandez un devis.\",\"breadcrumb\":{\"@id\":\"https:\/\/oud.alplift.com\/fr\/nacelles-elevatrice\/preparateurs-de-commandes-vertical\/#breadcrumb\"},\"inLanguage\":\"fr-FR\",\"potentialAction\":[{\"@type\":\"ReadAction\",\"target\":[\"https:\/\/oud.alplift.com\/fr\/nacelles-elevatrice\/preparateurs-de-commandes-vertical\/\"]}]},{\"@type\":\"BreadcrumbList\",\"@id\":\"https:\/\/oud.alplift.com\/fr\/nacelles-elevatrice\/preparateurs-de-commandes-vertical\/#breadcrumb\",\"itemListElement\":[{\"@type\":\"ListItem\",\"position\":1,\"name\":\"Home\",\"item\":\"https:\/\/oud.alplift.com\/fr\/\"},{\"@type\":\"ListItem\",\"position\":2,\"name\":\"Nacelles \u00e9l\u00e9vatrice\",\"item\":\"https:\/\/oud.alplift.com\/fr\/nacelles-elevatrice\/\"},{\"@type\":\"ListItem\",\"position\":3,\"name\":\"Pr\u00e9parateurs de commandes vertical\"}]},{\"@type\":\"WebSite\",\"@id\":\"https:\/\/oud.alplift.com\/fr\/#website\",\"url\":\"https:\/\/oud.alplift.com\/fr\/\",\"name\":\"Alp Lift\",\"description\":\"Lifting Equipment\",\"potentialAction\":[{\"@type\":\"SearchAction\",\"target\":{\"@type\":\"EntryPoint\",\"urlTemplate\":\"https:\/\/oud.alplift.com\/fr\/?s={search_term_string}\"},\"query-input\":{\"@type\":\"PropertyValueSpecification\",\"valueRequired\":true,\"valueName\":\"search_term_string\"}}],\"inLanguage\":\"fr-FR\"}]}<\/script>\n<!-- \/ Yoast SEO plugin. -->","yoast_head_json":{"title":"Pr\u00e9parateurs de commandes vertical | Alp Lift France","description":"Une pr\u00e9parateur de commandes verticals rend votre travail jusqu'\u00e0 5 m\u00e8tres beaucoup plus efficace et plus s\u00fbr. D\u00e9couvrez cette machine chez Alp Lift et demandez un devis.","robots":{"index":"noindex","follow":"follow","max-snippet":"max-snippet:-1","max-image-preview":"max-image-preview:large","max-video-preview":"max-video-preview:-1"},"og_locale":"fr_FR","og_type":"article","og_title":"Pr\u00e9parateurs de commandes vertical | Alp Lift France","og_description":"Une pr\u00e9parateur de commandes verticals rend votre travail jusqu'\u00e0 5 m\u00e8tres beaucoup plus efficace et plus s\u00fbr. D\u00e9couvrez cette machine chez Alp Lift et demandez un devis.","og_url":"https:\/\/oud.alplift.com\/fr\/nacelles-elevatrice\/preparateurs-de-commandes-vertical\/","og_site_name":"Alp Lift","article_modified_time":"2021-02-04T19:02:48+00:00","twitter_card":"summary_large_image","twitter_misc":{"Dur\u00e9e de lecture estim\u00e9e":"3 minutes"},"schema":{"@context":"https:\/\/schema.org","@graph":[{"@type":"WebPage","@id":"https:\/\/oud.alplift.com\/fr\/nacelles-elevatrice\/preparateurs-de-commandes-vertical\/","url":"https:\/\/oud.alplift.com\/fr\/nacelles-elevatrice\/preparateurs-de-commandes-vertical\/","name":"Pr\u00e9parateurs de commandes vertical | Alp Lift France","isPartOf":{"@id":"https:\/\/oud.alplift.com\/fr\/#website"},"datePublished":"2021-01-07T19:29:00+00:00","dateModified":"2021-02-04T19:02:48+00:00","description":"Une pr\u00e9parateur de commandes verticals rend votre travail jusqu'\u00e0 5 m\u00e8tres beaucoup plus efficace et plus s\u00fbr. D\u00e9couvrez cette machine chez Alp Lift et demandez un devis.","breadcrumb":{"@id":"https:\/\/oud.alplift.com\/fr\/nacelles-elevatrice\/preparateurs-de-commandes-vertical\/#breadcrumb"},"inLanguage":"fr-FR","potentialAction":[{"@type":"ReadAction","target":["https:\/\/oud.alplift.com\/fr\/nacelles-elevatrice\/preparateurs-de-commandes-vertical\/"]}]},{"@type":"BreadcrumbList","@id":"https:\/\/oud.alplift.com\/fr\/nacelles-elevatrice\/preparateurs-de-commandes-vertical\/#breadcrumb","itemListElement":[{"@type":"ListItem","position":1,"name":"Home","item":"https:\/\/oud.alplift.com\/fr\/"},{"@type":"ListItem","position":2,"name":"Nacelles \u00e9l\u00e9vatrice","item":"https:\/\/oud.alplift.com\/fr\/nacelles-elevatrice\/"},{"@type":"ListItem","position":3,"name":"Pr\u00e9parateurs de commandes vertical"}]},{"@type":"WebSite","@id":"https:\/\/oud.alplift.com\/fr\/#website","url":"https:\/\/oud.alplift.com\/fr\/","name":"Alp Lift","description":"Lifting Equipment","potentialAction":[{"@type":"SearchAction","target":{"@type":"EntryPoint","urlTemplate":"https:\/\/oud.alplift.com\/fr\/?s={search_term_string}"},"query-input":{"@type":"PropertyValueSpecification","valueRequired":true,"valueName":"search_term_string"}}],"inLanguage":"fr-FR"}]}},"_links":{"self":[{"href":"https:\/\/oud.alplift.com\/fr\/wp-json\/wp\/v2\/pages\/2005","targetHints":{"allow":["GET"]}}],"collection":[{"href":"https:\/\/oud.alplift.com\/fr\/wp-json\/wp\/v2\/pages"}],"about":[{"href":"https:\/\/oud.alplift.com\/fr\/wp-json\/wp\/v2\/types\/page"}],"author":[{"embeddable":true,"href":"https:\/\/oud.alplift.com\/fr\/wp-json\/wp\/v2\/users\/3"}],"replies":[{"embeddable":true,"href":"https:\/\/oud.alplift.com\/fr\/wp-json\/wp\/v2\/comments?post=2005"}],"version-history":[{"count":0,"href":"https:\/\/oud.alplift.com\/fr\/wp-json\/wp\/v2\/pages\/2005\/revisions"}],"up":[{"embeddable":true,"href":"https:\/\/oud.alplift.com\/fr\/wp-json\/wp\/v2\/pages\/3531"}],"wp:attachment":[{"href":"https:\/\/oud.alplift.com\/fr\/wp-json\/wp\/v2\/media?parent=2005"}],"curies":[{"name":"wp","href":"https:\/\/api.w.org\/{rel}","templated":true}]}}