
{"id":1981,"date":"2021-01-07T13:10:48","date_gmt":"2021-01-07T12:10:48","guid":{"rendered":"https:\/\/oud.alplift.com\/nacelles-articulee\/"},"modified":"2021-11-15T12:08:32","modified_gmt":"2021-11-15T11:08:32","slug":"nacelles-articulee","status":"publish","type":"page","link":"https:\/\/oud.alplift.com\/fr\/nacelles-elevatrice\/nacelles-articulee\/","title":{"rendered":"Nacelles articul\u00e9e"},"content":{"rendered":"<div id='full_slider_1'  class='avia-fullwidth-slider main_color avia-shadow av-small-hide av-mini-hide  avia-builder-el-0  el_before_av_slideshow_full  avia-builder-el-first   container_wrap sidebar_right'  ><div  class='avia-slideshow av-kw0k2ce3-4fd25d606afda58a2cf8cb411c1651be avia-slideshow-no scaling av_slideshow_full avia-slide-slider av-small-hide av-mini-hide av-slideshow-ui av-control-default av-slideshow-manual av-loop-once av-loop-manual-endless av-default-height-applied   avia-slideshow-1' data-slideshow-options=\"{&quot;animation&quot;:&quot;slide&quot;,&quot;autoplay&quot;:false,&quot;loop_autoplay&quot;:&quot;once&quot;,&quot;interval&quot;:5,&quot;loop_manual&quot;:&quot;manual-endless&quot;,&quot;autoplay_stopper&quot;:false,&quot;noNavigation&quot;:false,&quot;bg_slider&quot;:false,&quot;keep_padding&quot;:false,&quot;hoverpause&quot;:false,&quot;show_slide_delay&quot;:0}\"  itemprop=\"image\" itemscope=\"itemscope\" itemtype=\"https:\/\/schema.org\/ImageObject\" ><ul class='avia-slideshow-inner ' style='padding-bottom: 25%;'><li  class='avia-slideshow-slide av-kw0k2ce3-4fd25d606afda58a2cf8cb411c1651be__0  av-single-slide slide-1 slide-odd'><div data-rel='slideshow-1' class='avia-slide-wrap '   ><img decoding=\"async\" fetchpriority=\"high\" class=\"wp-image-5178 avia-img-lazy-loading-not-5178\"  src=\"https:\/\/oud.alplift.com\/wp-content\/uploads\/2021\/11\/Alp-LIft-slider-knikarmhoogwerkers.jpg\" width=\"1920\" height=\"480\" title='Alp LIft slider knikarmhoogwerkers' alt=''  itemprop=\"thumbnailUrl\" srcset=\"https:\/\/oud.alplift.com\/wp-content\/uploads\/2021\/11\/Alp-LIft-slider-knikarmhoogwerkers.jpg 1920w, https:\/\/oud.alplift.com\/wp-content\/uploads\/2021\/11\/Alp-LIft-slider-knikarmhoogwerkers-300x75.jpg 300w, https:\/\/oud.alplift.com\/wp-content\/uploads\/2021\/11\/Alp-LIft-slider-knikarmhoogwerkers-1030x258.jpg 1030w, https:\/\/oud.alplift.com\/wp-content\/uploads\/2021\/11\/Alp-LIft-slider-knikarmhoogwerkers-768x192.jpg 768w, https:\/\/oud.alplift.com\/wp-content\/uploads\/2021\/11\/Alp-LIft-slider-knikarmhoogwerkers-1536x384.jpg 1536w, https:\/\/oud.alplift.com\/wp-content\/uploads\/2021\/11\/Alp-LIft-slider-knikarmhoogwerkers-1500x375.jpg 1500w, https:\/\/oud.alplift.com\/wp-content\/uploads\/2021\/11\/Alp-LIft-slider-knikarmhoogwerkers-705x176.jpg 705w, https:\/\/oud.alplift.com\/wp-content\/uploads\/2021\/11\/Alp-LIft-slider-knikarmhoogwerkers-600x150.jpg 600w\" sizes=\"(max-width: 1920px) 100vw, 1920px\" \/><\/div><\/li><\/ul><\/div><\/div>\n<div id='full_slider_2'  class='avia-fullwidth-slider main_color avia-shadow av-desktop-hide av-medium-hide  avia-builder-el-1  el_after_av_slideshow_full  el_before_av_one_full   slider-not-first container_wrap sidebar_right'  ><div  class='avia-slideshow av-khahiydf-3e98aa49beff7477f0fe1e918b6db474 avia-slideshow-no scaling av_slideshow_full avia-slide-slider av-desktop-hide av-medium-hide av-slideshow-ui av-control-default av-slideshow-manual av-loop-once av-loop-manual-endless av-default-height-applied   avia-slideshow-2' data-slideshow-options=\"{&quot;animation&quot;:&quot;slide&quot;,&quot;autoplay&quot;:false,&quot;loop_autoplay&quot;:&quot;once&quot;,&quot;interval&quot;:5,&quot;loop_manual&quot;:&quot;manual-endless&quot;,&quot;autoplay_stopper&quot;:false,&quot;noNavigation&quot;:false,&quot;bg_slider&quot;:false,&quot;keep_padding&quot;:false,&quot;hoverpause&quot;:false,&quot;show_slide_delay&quot;:0}\"  itemprop=\"image\" itemscope=\"itemscope\" itemtype=\"https:\/\/schema.org\/ImageObject\" ><ul class='avia-slideshow-inner ' style='padding-bottom: 24.95145631068%;'><li  class='avia-slideshow-slide av-khahiydf-3e98aa49beff7477f0fe1e918b6db474__0  av-single-slide slide-1 slide-odd'><div data-rel='slideshow-2' class='avia-slide-wrap '   ><img decoding=\"async\" fetchpriority=\"high\" class=\"wp-image-6664 avia-img-lazy-loading-not-6664\"  src=\"https:\/\/oud.alplift.com\/wp-content\/uploads\/2020\/11\/ALPLIFT_sliders_montagelift-_alternatief1-1-1030x257-1.jpg\" width=\"1030\" height=\"257\" title='ALPLIFT_sliders_montagelift _alternatief1-1-1030x257' alt=''  itemprop=\"thumbnailUrl\" srcset=\"https:\/\/oud.alplift.com\/wp-content\/uploads\/2020\/11\/ALPLIFT_sliders_montagelift-_alternatief1-1-1030x257-1.jpg 1030w, https:\/\/oud.alplift.com\/wp-content\/uploads\/2020\/11\/ALPLIFT_sliders_montagelift-_alternatief1-1-1030x257-1-300x75.jpg 300w, https:\/\/oud.alplift.com\/wp-content\/uploads\/2020\/11\/ALPLIFT_sliders_montagelift-_alternatief1-1-1030x257-1-768x192.jpg 768w, https:\/\/oud.alplift.com\/wp-content\/uploads\/2020\/11\/ALPLIFT_sliders_montagelift-_alternatief1-1-1030x257-1-705x176.jpg 705w, https:\/\/oud.alplift.com\/wp-content\/uploads\/2020\/11\/ALPLIFT_sliders_montagelift-_alternatief1-1-1030x257-1-600x150.jpg 600w\" sizes=\"(max-width: 1030px) 100vw, 1030px\" \/><\/div><\/li><\/ul><\/div><\/div><div id='after_full_slider_2'  class='main_color av_default_container_wrap container_wrap sidebar_right'  ><div class='container av-section-cont-open' ><div class='template-page content  av-content-small alpha units'><div class='post-entry post-entry-type-page post-entry-1981'><div class='entry-content-wrapper clearfix'>\n\n<style type=\"text\/css\" data-created_by=\"avia_inline_auto\" id=\"style-css-av-awrup-fbdf344dfaf4a886838da66ad812acd7\">\n.flex_column.av-awrup-fbdf344dfaf4a886838da66ad812acd7{\nborder-radius:0px 0px 0px 0px;\npadding:0px 0px 0px 0px;\n}\n<\/style>\n<div  class='flex_column av-awrup-fbdf344dfaf4a886838da66ad812acd7 av_one_full  avia-builder-el-2  el_after_av_slideshow_full  el_before_av_textblock  avia-builder-el-first  first flex_column_div av-zero-column-padding  '     ><section  class='av_textblock_section av-khahp5q8-056e40107138f9a97775560fdbdf7a79 '   itemscope=\"itemscope\" itemtype=\"https:\/\/schema.org\/CreativeWork\" ><div class='avia_textblock'  itemprop=\"text\" ><h2>Nacelles articul\u00e9e<\/h2>\n<p>Voulez-vous combiner hauteur de travail et port\u00e9e horizontale? Alp Lift propose des nacelles articul\u00e9es de Dingli et Zoomlion. Avec un bras pliant, vous pouvez travailler en toute s\u00e9curit\u00e9 et facilement le long et au-dessus des objets et dans des endroits difficiles d&rsquo;acc\u00e8s. Les nacelles articul\u00e9es Dingli sont disponibles en deux versions: diesel et \u00e9lectrique et une hauteur de travail variant entre 16 et 18 m\u00e8tres. La longueur de transport de ces grandes plates-formes a\u00e9riennes est limit\u00e9e \u00e0 6,10 m\u00e8tres maximum. Dingli a intelligemment r\u00e9ussi \u00e0 combiner la hauteur verticale avec une large port\u00e9e horizontale. En continuant \u00e0 innover dans le domaine de la technologie et de la s\u00e9curit\u00e9, Dingli s&rsquo;est forg\u00e9 une r\u00e9putation dans le domaine des nacelles articul\u00e9es t\u00e9lescopiques.<\/p>\n<p>Zoomlion produit \u00e9galement des nacelles articul\u00e9es \u00e9lectriques et diesel de haute qualit\u00e9 (hauteur de travail 16 &#8211; 36 m). Tous les mod\u00e8les ont un JIB avec une plate-forme rotative \u00e0 90 \u00b0 et la plupart des mod\u00e8les peuvent pivoter \u00e0 360 \u00b0. La plage de travail de ces plates-formes a\u00e9riennes (horizontales et verticales) est exceptionnelle avec une charge de cage pleine. Gr\u00e2ce au syst\u00e8me de contr\u00f4le intelligent, la consommation d&rsquo;\u00e9nergie est tr\u00e8s efficace, de sorte que la plate-forme \u00e9l\u00e9vatrice peut \u00eatre utilis\u00e9e efficacement.<\/p>\n<p>Ci-dessous, vous pouvez voir les diff\u00e9rents mod\u00e8les et versions. Nous sommes heureux de vous aider \u00e0 faire le meilleur choix qui correspond \u00e0 vos besoins. Demandez un devis en ligne sans engagement.<\/p>\n<p>De nombreuses machines sont disponibles sur stock.<\/p>\n<\/div><\/section><\/div>\n<section  class='av_textblock_section av-khkjrriy-1d448cc7703f44a04ad3dd4026fb8362 '   itemscope=\"itemscope\" itemtype=\"https:\/\/schema.org\/CreativeWork\" ><div class='avia_textblock'  itemprop=\"text\" ><p><div class=\"woocommerce columns-4 \"><div class=\"facetwp-template\"><ul class=\"products columns-4\">\n<li class=\"product type-product post-4808 status-publish first instock product_cat-nacelles-articulees product_cat-nacelles-elevatrice has-post-thumbnail shipping-taxable product-type-simple\">\n\t<div class='inner_product main_color wrapped_style noLightbox  av-product-class-'><a href=\"https:\/\/oud.alplift.com\/fr\/produit\/nacelle-articulee-za10rje-zoomlion\/\" class=\"woocommerce-LoopProduct-link woocommerce-loop-product__link\"><div class=\"thumbnail_container\"><img decoding=\"async\" loading=\"lazy\" width=\"300\" height=\"300\" src=\"https:\/\/oud.alplift.com\/wp-content\/uploads\/2021\/10\/Zoomlion-ZA10rje-op-hoogte-300x300.png\" class=\"wp-image-4931 avia-img-lazy-loading-4931 attachment-shop_catalog size-shop_catalog wp-post-image\" alt=\"\" srcset=\"https:\/\/oud.alplift.com\/wp-content\/uploads\/2021\/10\/Zoomlion-ZA10rje-op-hoogte-300x300.png 300w, https:\/\/oud.alplift.com\/wp-content\/uploads\/2021\/10\/Zoomlion-ZA10rje-op-hoogte-80x80.png 80w, https:\/\/oud.alplift.com\/wp-content\/uploads\/2021\/10\/Zoomlion-ZA10rje-op-hoogte-36x36.png 36w, https:\/\/oud.alplift.com\/wp-content\/uploads\/2021\/10\/Zoomlion-ZA10rje-op-hoogte-180x180.png 180w, https:\/\/oud.alplift.com\/wp-content\/uploads\/2021\/10\/Zoomlion-ZA10rje-op-hoogte-100x100.png 100w\" sizes=\"auto, (max-width: 300px) 100vw, 300px\" \/><span class=\"cart-loading\"><\/span><\/div><div class='inner_product_header'><div class='avia-arrow'><\/div><div class='inner_product_header_table'><div class='inner_product_header_cell'><h2 class=\"woocommerce-loop-product__title\">Nacelle articul\u00e9e ZA10RJE &#8211; Zoomlion<\/h2>\n<\/div><\/div><\/div><\/a><div class='avia_cart_buttons '>\t<span id=\"woocommerce_loop_add_to_cart_link_describedby_4808\" class=\"screen-reader-text\"><span aria-hidden='true' data-av_icon='\ue859' data-av_iconfont='entypo-fontello'><\/span> \n\t\t\t<\/span>\n<a class=\"button show_details_button\" href=\"https:\/\/oud.alplift.com\/fr\/produit\/nacelle-articulee-za10rje-zoomlion\/\"><span aria-hidden='true' data-av_icon='\ue84b' data-av_iconfont='entypo-fontello'><\/span>  Voir les d\u00e9tails<\/a> <span class=\"button-mini-delimiter\"><\/span><\/div><\/div><\/li>\n<li class=\"product type-product post-3161 status-publish instock product_cat-nacelles-articulees product_cat-nacelles-elevatrice has-post-thumbnail shipping-taxable product-type-simple\">\n\t<div class='inner_product main_color wrapped_style noLightbox  av-product-class-'><a href=\"https:\/\/oud.alplift.com\/fr\/produit\/nacelle-articulee-za14j-zoomlion\/\" class=\"woocommerce-LoopProduct-link woocommerce-loop-product__link\"><div class=\"thumbnail_container\"><img decoding=\"async\" loading=\"lazy\" width=\"300\" height=\"300\" src=\"https:\/\/oud.alplift.com\/wp-content\/uploads\/2021\/01\/Zoomlion-ZA14J-e1610275404765-300x300.jpg\" class=\"wp-image-2658 avia-img-lazy-loading-2658 attachment-shop_catalog size-shop_catalog wp-post-image\" alt=\"\" srcset=\"https:\/\/oud.alplift.com\/wp-content\/uploads\/2021\/01\/Zoomlion-ZA14J-e1610275404765-300x300.jpg 300w, https:\/\/oud.alplift.com\/wp-content\/uploads\/2021\/01\/Zoomlion-ZA14J-e1610275404765-80x80.jpg 80w, https:\/\/oud.alplift.com\/wp-content\/uploads\/2021\/01\/Zoomlion-ZA14J-e1610275404765-36x36.jpg 36w, https:\/\/oud.alplift.com\/wp-content\/uploads\/2021\/01\/Zoomlion-ZA14J-e1610275404765-180x180.jpg 180w, https:\/\/oud.alplift.com\/wp-content\/uploads\/2021\/01\/Zoomlion-ZA14J-e1610275404765-100x100.jpg 100w\" sizes=\"auto, (max-width: 300px) 100vw, 300px\" \/><span class=\"cart-loading\"><\/span><\/div><div class='inner_product_header'><div class='avia-arrow'><\/div><div class='inner_product_header_table'><div class='inner_product_header_cell'><h2 class=\"woocommerce-loop-product__title\">Nacelle articul\u00e9e ZA14J &#8211; Zoomlion<\/h2>\n<\/div><\/div><\/div><\/a><div class='avia_cart_buttons '>\t<span id=\"woocommerce_loop_add_to_cart_link_describedby_3161\" class=\"screen-reader-text\"><span aria-hidden='true' data-av_icon='\ue859' data-av_iconfont='entypo-fontello'><\/span> \n\t\t\t<\/span>\n<a class=\"button show_details_button\" href=\"https:\/\/oud.alplift.com\/fr\/produit\/nacelle-articulee-za14j-zoomlion\/\"><span aria-hidden='true' data-av_icon='\ue84b' data-av_iconfont='entypo-fontello'><\/span>  Voir les d\u00e9tails<\/a> <span class=\"button-mini-delimiter\"><\/span><\/div><\/div><\/li>\n<li class=\"product type-product post-3162 status-publish instock product_cat-nacelles-articulees product_cat-nacelles-elevatrice has-post-thumbnail shipping-taxable product-type-simple\">\n\t<div class='inner_product main_color wrapped_style noLightbox  av-product-class-'><a href=\"https:\/\/oud.alplift.com\/fr\/produit\/nacelle-articulee-za20je-zoomlion\/\" class=\"woocommerce-LoopProduct-link woocommerce-loop-product__link\"><div class=\"thumbnail_container\"><img decoding=\"async\" loading=\"lazy\" width=\"300\" height=\"300\" src=\"https:\/\/oud.alplift.com\/wp-content\/uploads\/2021\/01\/Zoomlion-ZA20JE-300x300.png\" class=\"wp-image-2653 avia-img-lazy-loading-2653 attachment-shop_catalog size-shop_catalog wp-post-image\" alt=\"\" srcset=\"https:\/\/oud.alplift.com\/wp-content\/uploads\/2021\/01\/Zoomlion-ZA20JE-300x300.png 300w, https:\/\/oud.alplift.com\/wp-content\/uploads\/2021\/01\/Zoomlion-ZA20JE-80x80.png 80w, https:\/\/oud.alplift.com\/wp-content\/uploads\/2021\/01\/Zoomlion-ZA20JE-36x36.png 36w, https:\/\/oud.alplift.com\/wp-content\/uploads\/2021\/01\/Zoomlion-ZA20JE-180x180.png 180w, https:\/\/oud.alplift.com\/wp-content\/uploads\/2021\/01\/Zoomlion-ZA20JE-100x100.png 100w\" sizes=\"auto, (max-width: 300px) 100vw, 300px\" \/><span class=\"cart-loading\"><\/span><\/div><div class='inner_product_header'><div class='avia-arrow'><\/div><div class='inner_product_header_table'><div class='inner_product_header_cell'><h2 class=\"woocommerce-loop-product__title\">Nacelle articul\u00e9e ZA20JE &#8211; Zoomlion<\/h2>\n<\/div><\/div><\/div><\/a><div class='avia_cart_buttons '>\t<span id=\"woocommerce_loop_add_to_cart_link_describedby_3162\" class=\"screen-reader-text\"><span aria-hidden='true' data-av_icon='\ue859' data-av_iconfont='entypo-fontello'><\/span> \n\t\t\t<\/span>\n<a class=\"button show_details_button\" href=\"https:\/\/oud.alplift.com\/fr\/produit\/nacelle-articulee-za20je-zoomlion\/\"><span aria-hidden='true' data-av_icon='\ue84b' data-av_iconfont='entypo-fontello'><\/span>  Voir les d\u00e9tails<\/a> <span class=\"button-mini-delimiter\"><\/span><\/div><\/div><\/li>\n<li class=\"product type-product post-3163 status-publish last instock product_cat-nacelles-articulees product_cat-nacelles-elevatrice has-post-thumbnail shipping-taxable product-type-simple\">\n\t<div class='inner_product main_color wrapped_style noLightbox  av-product-class-'><a href=\"https:\/\/oud.alplift.com\/fr\/produit\/nacelle-articulee-electrique-za14j-zoomlion\/\" class=\"woocommerce-LoopProduct-link woocommerce-loop-product__link\"><div class=\"thumbnail_container\"><img decoding=\"async\" loading=\"lazy\" width=\"300\" height=\"300\" src=\"https:\/\/oud.alplift.com\/wp-content\/uploads\/2021\/01\/Zoomlion-ZA14JE-knikarm-300x300.png\" class=\"wp-image-2648 avia-img-lazy-loading-2648 attachment-shop_catalog size-shop_catalog wp-post-image\" alt=\"\" srcset=\"https:\/\/oud.alplift.com\/wp-content\/uploads\/2021\/01\/Zoomlion-ZA14JE-knikarm-300x300.png 300w, https:\/\/oud.alplift.com\/wp-content\/uploads\/2021\/01\/Zoomlion-ZA14JE-knikarm-80x80.png 80w, https:\/\/oud.alplift.com\/wp-content\/uploads\/2021\/01\/Zoomlion-ZA14JE-knikarm-36x36.png 36w, https:\/\/oud.alplift.com\/wp-content\/uploads\/2021\/01\/Zoomlion-ZA14JE-knikarm-180x180.png 180w, https:\/\/oud.alplift.com\/wp-content\/uploads\/2021\/01\/Zoomlion-ZA14JE-knikarm-100x100.png 100w\" sizes=\"auto, (max-width: 300px) 100vw, 300px\" \/><span class=\"cart-loading\"><\/span><\/div><div class='inner_product_header'><div class='avia-arrow'><\/div><div class='inner_product_header_table'><div class='inner_product_header_cell'><h2 class=\"woocommerce-loop-product__title\">Nacelle articul\u00e9e \u00e9lectrique ZA14J &#8211; Zoomlion<\/h2>\n<\/div><\/div><\/div><\/a><div class='avia_cart_buttons '>\t<span id=\"woocommerce_loop_add_to_cart_link_describedby_3163\" class=\"screen-reader-text\"><span aria-hidden='true' data-av_icon='\ue859' data-av_iconfont='entypo-fontello'><\/span> \n\t\t\t<\/span>\n<a class=\"button show_details_button\" href=\"https:\/\/oud.alplift.com\/fr\/produit\/nacelle-articulee-electrique-za14j-zoomlion\/\"><span aria-hidden='true' data-av_icon='\ue84b' data-av_iconfont='entypo-fontello'><\/span>  Voir les d\u00e9tails<\/a> <span class=\"button-mini-delimiter\"><\/span><\/div><\/div><\/li>\n<\/ul>\n<\/div><!-- end facetwp-template --><\/div>.<\/p>\n<\/div><\/section>\n<section  class='av_textblock_section av-73v51-4d2d32e3792f24098faa28f42e515955 '   itemscope=\"itemscope\" itemtype=\"https:\/\/schema.org\/CreativeWork\" ><div class='avia_textblock'  itemprop=\"text\" ><\/div><\/section>\n","protected":false},"excerpt":{"rendered":"","protected":false},"author":3,"featured_media":0,"parent":3531,"menu_order":0,"comment_status":"closed","ping_status":"closed","template":"","meta":{"footnotes":""},"class_list":["post-1981","page","type-page","status-publish","hentry"],"yoast_head":"<!-- This site is optimized with the Yoast SEO plugin v24.0 - https:\/\/yoast.com\/wordpress\/plugins\/seo\/ -->\n<title>Nacelles articul\u00e9es | Alp Lift France<\/title>\n<meta name=\"description\" content=\"Acheter une nacelle articul\u00e9e? D\u00e9couvrez ces plates-formes a\u00e9riennes de Dingli et Zoomlion \u00e0 Alp Lift. La hauteur de travail varie de 16 \u00e0 36 m\u00e8tres.\" \/>\n<meta name=\"robots\" content=\"noindex, follow, max-snippet:-1, max-image-preview:large, max-video-preview:-1\" \/>\n<meta property=\"og:locale\" content=\"fr_FR\" \/>\n<meta property=\"og:type\" content=\"article\" \/>\n<meta property=\"og:title\" content=\"Nacelles articul\u00e9es | Alp Lift France\" \/>\n<meta property=\"og:description\" content=\"Acheter une nacelle articul\u00e9e? D\u00e9couvrez ces plates-formes a\u00e9riennes de Dingli et Zoomlion \u00e0 Alp Lift. La hauteur de travail varie de 16 \u00e0 36 m\u00e8tres.\" \/>\n<meta property=\"og:url\" content=\"https:\/\/oud.alplift.com\/fr\/nacelles-elevatrice\/nacelles-articulee\/\" \/>\n<meta property=\"og:site_name\" content=\"Alp Lift\" \/>\n<meta property=\"article:modified_time\" content=\"2021-11-15T11:08:32+00:00\" \/>\n<meta name=\"twitter:card\" content=\"summary_large_image\" \/>\n<meta name=\"twitter:label1\" content=\"Dur\u00e9e de lecture estim\u00e9e\" \/>\n\t<meta name=\"twitter:data1\" content=\"4 minutes\" \/>\n<script type=\"application\/ld+json\" class=\"yoast-schema-graph\">{\"@context\":\"https:\/\/schema.org\",\"@graph\":[{\"@type\":\"WebPage\",\"@id\":\"https:\/\/oud.alplift.com\/fr\/nacelles-elevatrice\/nacelles-articulee\/\",\"url\":\"https:\/\/oud.alplift.com\/fr\/nacelles-elevatrice\/nacelles-articulee\/\",\"name\":\"Nacelles articul\u00e9es | Alp Lift France\",\"isPartOf\":{\"@id\":\"https:\/\/oud.alplift.com\/fr\/#website\"},\"datePublished\":\"2021-01-07T12:10:48+00:00\",\"dateModified\":\"2021-11-15T11:08:32+00:00\",\"description\":\"Acheter une nacelle articul\u00e9e? D\u00e9couvrez ces plates-formes a\u00e9riennes de Dingli et Zoomlion \u00e0 Alp Lift. La hauteur de travail varie de 16 \u00e0 36 m\u00e8tres.\",\"breadcrumb\":{\"@id\":\"https:\/\/oud.alplift.com\/fr\/nacelles-elevatrice\/nacelles-articulee\/#breadcrumb\"},\"inLanguage\":\"fr-FR\",\"potentialAction\":[{\"@type\":\"ReadAction\",\"target\":[\"https:\/\/oud.alplift.com\/fr\/nacelles-elevatrice\/nacelles-articulee\/\"]}]},{\"@type\":\"BreadcrumbList\",\"@id\":\"https:\/\/oud.alplift.com\/fr\/nacelles-elevatrice\/nacelles-articulee\/#breadcrumb\",\"itemListElement\":[{\"@type\":\"ListItem\",\"position\":1,\"name\":\"Home\",\"item\":\"https:\/\/oud.alplift.com\/fr\/\"},{\"@type\":\"ListItem\",\"position\":2,\"name\":\"Nacelles \u00e9l\u00e9vatrice\",\"item\":\"https:\/\/oud.alplift.com\/fr\/nacelles-elevatrice\/\"},{\"@type\":\"ListItem\",\"position\":3,\"name\":\"Nacelles articul\u00e9e\"}]},{\"@type\":\"WebSite\",\"@id\":\"https:\/\/oud.alplift.com\/fr\/#website\",\"url\":\"https:\/\/oud.alplift.com\/fr\/\",\"name\":\"Alp Lift\",\"description\":\"Lifting Equipment\",\"potentialAction\":[{\"@type\":\"SearchAction\",\"target\":{\"@type\":\"EntryPoint\",\"urlTemplate\":\"https:\/\/oud.alplift.com\/fr\/?s={search_term_string}\"},\"query-input\":{\"@type\":\"PropertyValueSpecification\",\"valueRequired\":true,\"valueName\":\"search_term_string\"}}],\"inLanguage\":\"fr-FR\"}]}<\/script>\n<!-- \/ Yoast SEO plugin. -->","yoast_head_json":{"title":"Nacelles articul\u00e9es | Alp Lift France","description":"Acheter une nacelle articul\u00e9e? D\u00e9couvrez ces plates-formes a\u00e9riennes de Dingli et Zoomlion \u00e0 Alp Lift. La hauteur de travail varie de 16 \u00e0 36 m\u00e8tres.","robots":{"index":"noindex","follow":"follow","max-snippet":"max-snippet:-1","max-image-preview":"max-image-preview:large","max-video-preview":"max-video-preview:-1"},"og_locale":"fr_FR","og_type":"article","og_title":"Nacelles articul\u00e9es | Alp Lift France","og_description":"Acheter une nacelle articul\u00e9e? D\u00e9couvrez ces plates-formes a\u00e9riennes de Dingli et Zoomlion \u00e0 Alp Lift. La hauteur de travail varie de 16 \u00e0 36 m\u00e8tres.","og_url":"https:\/\/oud.alplift.com\/fr\/nacelles-elevatrice\/nacelles-articulee\/","og_site_name":"Alp Lift","article_modified_time":"2021-11-15T11:08:32+00:00","twitter_card":"summary_large_image","twitter_misc":{"Dur\u00e9e de lecture estim\u00e9e":"4 minutes"},"schema":{"@context":"https:\/\/schema.org","@graph":[{"@type":"WebPage","@id":"https:\/\/oud.alplift.com\/fr\/nacelles-elevatrice\/nacelles-articulee\/","url":"https:\/\/oud.alplift.com\/fr\/nacelles-elevatrice\/nacelles-articulee\/","name":"Nacelles articul\u00e9es | Alp Lift France","isPartOf":{"@id":"https:\/\/oud.alplift.com\/fr\/#website"},"datePublished":"2021-01-07T12:10:48+00:00","dateModified":"2021-11-15T11:08:32+00:00","description":"Acheter une nacelle articul\u00e9e? D\u00e9couvrez ces plates-formes a\u00e9riennes de Dingli et Zoomlion \u00e0 Alp Lift. La hauteur de travail varie de 16 \u00e0 36 m\u00e8tres.","breadcrumb":{"@id":"https:\/\/oud.alplift.com\/fr\/nacelles-elevatrice\/nacelles-articulee\/#breadcrumb"},"inLanguage":"fr-FR","potentialAction":[{"@type":"ReadAction","target":["https:\/\/oud.alplift.com\/fr\/nacelles-elevatrice\/nacelles-articulee\/"]}]},{"@type":"BreadcrumbList","@id":"https:\/\/oud.alplift.com\/fr\/nacelles-elevatrice\/nacelles-articulee\/#breadcrumb","itemListElement":[{"@type":"ListItem","position":1,"name":"Home","item":"https:\/\/oud.alplift.com\/fr\/"},{"@type":"ListItem","position":2,"name":"Nacelles \u00e9l\u00e9vatrice","item":"https:\/\/oud.alplift.com\/fr\/nacelles-elevatrice\/"},{"@type":"ListItem","position":3,"name":"Nacelles articul\u00e9e"}]},{"@type":"WebSite","@id":"https:\/\/oud.alplift.com\/fr\/#website","url":"https:\/\/oud.alplift.com\/fr\/","name":"Alp Lift","description":"Lifting Equipment","potentialAction":[{"@type":"SearchAction","target":{"@type":"EntryPoint","urlTemplate":"https:\/\/oud.alplift.com\/fr\/?s={search_term_string}"},"query-input":{"@type":"PropertyValueSpecification","valueRequired":true,"valueName":"search_term_string"}}],"inLanguage":"fr-FR"}]}},"_links":{"self":[{"href":"https:\/\/oud.alplift.com\/fr\/wp-json\/wp\/v2\/pages\/1981","targetHints":{"allow":["GET"]}}],"collection":[{"href":"https:\/\/oud.alplift.com\/fr\/wp-json\/wp\/v2\/pages"}],"about":[{"href":"https:\/\/oud.alplift.com\/fr\/wp-json\/wp\/v2\/types\/page"}],"author":[{"embeddable":true,"href":"https:\/\/oud.alplift.com\/fr\/wp-json\/wp\/v2\/users\/3"}],"replies":[{"embeddable":true,"href":"https:\/\/oud.alplift.com\/fr\/wp-json\/wp\/v2\/comments?post=1981"}],"version-history":[{"count":0,"href":"https:\/\/oud.alplift.com\/fr\/wp-json\/wp\/v2\/pages\/1981\/revisions"}],"up":[{"embeddable":true,"href":"https:\/\/oud.alplift.com\/fr\/wp-json\/wp\/v2\/pages\/3531"}],"wp:attachment":[{"href":"https:\/\/oud.alplift.com\/fr\/wp-json\/wp\/v2\/media?parent=1981"}],"curies":[{"name":"wp","href":"https:\/\/api.w.org\/{rel}","templated":true}]}}