
{"id":1903,"date":"2021-01-07T10:07:35","date_gmt":"2021-01-07T10:07:35","guid":{"rendered":"https:\/\/oud.alplift.com\/nacelles-araignees\/"},"modified":"2021-02-04T20:04:41","modified_gmt":"2021-02-04T19:04:41","slug":"nacelles-araignees","status":"publish","type":"page","link":"https:\/\/oud.alplift.com\/fr\/nacelles-elevatrice\/nacelles-araignees\/","title":{"rendered":"Nacelles araign\u00e9es"},"content":{"rendered":"\n<style type=\"text\/css\" data-created_by=\"avia_inline_auto\" id=\"style-css-av-awrup-fbdf344dfaf4a886838da66ad812acd7\">\n.flex_column.av-awrup-fbdf344dfaf4a886838da66ad812acd7{\nborder-radius:0px 0px 0px 0px;\npadding:0px 0px 0px 0px;\n}\n<\/style>\n<div  class='flex_column av-awrup-fbdf344dfaf4a886838da66ad812acd7 av_one_full  avia-builder-el-0  el_before_av_textblock  avia-builder-el-first  first flex_column_div av-zero-column-padding  '     ><section  class='av_textblock_section av-khahp5q8-056e40107138f9a97775560fdbdf7a79 '   itemscope=\"itemscope\" itemtype=\"https:\/\/schema.org\/CreativeWork\" ><div class='avia_textblock'  itemprop=\"text\" ><h2>Nacelles araign\u00e9es<\/h2>\n<p>Une nacelle araign\u00e9e est une nacelle compacte, ce qui signifie qu&rsquo;elle peut \u00eatre utilis\u00e9e dans de nombreux endroits. Un nacelle araign\u00e9es est une bonne option lorsque vous devez travailler dans des lieux de travail difficiles d&rsquo;acc\u00e8s, tels que des travaux dans des halls, une pelouse ou une terrasse de stationnement. Les pattes de l&rsquo;araign\u00e9e, les pattes de balancier, garantissent que la plate-forme \u00e9l\u00e9vatrice reste stable, m\u00eame sur des surfaces en pente ou molles. Cela fait de ce type de plate-forme \u00e9l\u00e9vatrice une alternative s\u00fbre aux \u00e9chafaudages et aux \u00e9chelles.<\/p>\n<p>Alp Lift a les nacelles araign\u00e9es d&rsquo;EuropeLift dans sa gamme. Cela a une hauteur de travail de 18 m\u00e8tres. Consultez ce produit et demandez un devis sans engagement.<\/p>\n<\/div><\/section><\/div><section  class='av_textblock_section av-khkjrriy-1d448cc7703f44a04ad3dd4026fb8362 '   itemscope=\"itemscope\" itemtype=\"https:\/\/schema.org\/CreativeWork\" ><div class='avia_textblock'  itemprop=\"text\" ><p><div class=\"woocommerce columns-4 \"><div class=\"facetwp-template\"><ul class=\"products columns-4\">\n<li class=\"product type-product post-5622 status-publish first instock product_cat-nacelles-araignees product_cat-nacelles-elevatrice has-post-thumbnail shipping-taxable product-type-simple\">\n\t<div class='inner_product main_color wrapped_style noLightbox  av-product-class-'><a href=\"https:\/\/oud.alplift.com\/fr\/produit\/nacelle-araignee-tr18gt\/\" class=\"woocommerce-LoopProduct-link woocommerce-loop-product__link\"><div class=\"thumbnail_container\"><img decoding=\"async\" loading=\"lazy\" width=\"300\" height=\"300\" src=\"https:\/\/oud.alplift.com\/wp-content\/uploads\/2021\/01\/Europelift-TR15G-300x300.jpg\" class=\"wp-image-2823 avia-img-lazy-loading-2823 attachment-shop_catalog size-shop_catalog wp-post-image\" alt=\"\" srcset=\"https:\/\/oud.alplift.com\/wp-content\/uploads\/2021\/01\/Europelift-TR15G-300x300.jpg 300w, https:\/\/oud.alplift.com\/wp-content\/uploads\/2021\/01\/Europelift-TR15G-80x80.jpg 80w, https:\/\/oud.alplift.com\/wp-content\/uploads\/2021\/01\/Europelift-TR15G-36x36.jpg 36w, https:\/\/oud.alplift.com\/wp-content\/uploads\/2021\/01\/Europelift-TR15G-180x180.jpg 180w, https:\/\/oud.alplift.com\/wp-content\/uploads\/2021\/01\/Europelift-TR15G-100x100.jpg 100w\" sizes=\"auto, (max-width: 300px) 100vw, 300px\" \/><span class=\"cart-loading\"><\/span><\/div><div class='inner_product_header'><div class='avia-arrow'><\/div><div class='inner_product_header_table'><div class='inner_product_header_cell'><h2 class=\"woocommerce-loop-product__title\">Nacelle araign\u00e9e TR18GT<\/h2>\n<\/div><\/div><\/div><\/a><div class='avia_cart_buttons '>\t<span id=\"woocommerce_loop_add_to_cart_link_describedby_5622\" class=\"screen-reader-text\"><span aria-hidden='true' data-av_icon='\ue859' data-av_iconfont='entypo-fontello'><\/span> \n\t\t\t<\/span>\n<a class=\"button show_details_button\" href=\"https:\/\/oud.alplift.com\/fr\/produit\/nacelle-araignee-tr18gt\/\"><span aria-hidden='true' data-av_icon='\ue84b' data-av_iconfont='entypo-fontello'><\/span>  Voir les d\u00e9tails<\/a> <span class=\"button-mini-delimiter\"><\/span><\/div><\/div><\/li>\n<li class=\"product type-product post-5616 status-publish instock product_cat-nacelles-araignees product_cat-nacelles-elevatrice has-post-thumbnail shipping-taxable product-type-simple\">\n\t<div class='inner_product main_color wrapped_style noLightbox  av-product-class-'><a href=\"https:\/\/oud.alplift.com\/fr\/produit\/nacelle-araignee-tr15gt\/\" class=\"woocommerce-LoopProduct-link woocommerce-loop-product__link\"><div class=\"thumbnail_container\"><img decoding=\"async\" loading=\"lazy\" width=\"300\" height=\"300\" src=\"https:\/\/oud.alplift.com\/wp-content\/uploads\/2021\/01\/Europelift-TR15G-300x300.jpg\" class=\"wp-image-2823 avia-img-lazy-loading-2823 attachment-shop_catalog size-shop_catalog wp-post-image\" alt=\"\" srcset=\"https:\/\/oud.alplift.com\/wp-content\/uploads\/2021\/01\/Europelift-TR15G-300x300.jpg 300w, https:\/\/oud.alplift.com\/wp-content\/uploads\/2021\/01\/Europelift-TR15G-80x80.jpg 80w, https:\/\/oud.alplift.com\/wp-content\/uploads\/2021\/01\/Europelift-TR15G-36x36.jpg 36w, https:\/\/oud.alplift.com\/wp-content\/uploads\/2021\/01\/Europelift-TR15G-180x180.jpg 180w, https:\/\/oud.alplift.com\/wp-content\/uploads\/2021\/01\/Europelift-TR15G-100x100.jpg 100w\" sizes=\"auto, (max-width: 300px) 100vw, 300px\" \/><span class=\"cart-loading\"><\/span><\/div><div class='inner_product_header'><div class='avia-arrow'><\/div><div class='inner_product_header_table'><div class='inner_product_header_cell'><h2 class=\"woocommerce-loop-product__title\">Nacelle araign\u00e9e TR15GT<\/h2>\n<\/div><\/div><\/div><\/a><div class='avia_cart_buttons '>\t<span id=\"woocommerce_loop_add_to_cart_link_describedby_5616\" class=\"screen-reader-text\"><span aria-hidden='true' data-av_icon='\ue859' data-av_iconfont='entypo-fontello'><\/span> \n\t\t\t<\/span>\n<a class=\"button show_details_button\" href=\"https:\/\/oud.alplift.com\/fr\/produit\/nacelle-araignee-tr15gt\/\"><span aria-hidden='true' data-av_icon='\ue84b' data-av_iconfont='entypo-fontello'><\/span>  Voir les d\u00e9tails<\/a> <span class=\"button-mini-delimiter\"><\/span><\/div><\/div><\/li>\n<\/ul>\n<\/div><!-- end facetwp-template --><\/div>.<\/p>\n<\/div><\/section><\/p>\n<section  class='av_textblock_section av-9wqbk-9c5f08cfe027e9b7f22e5861179c2a02 '   itemscope=\"itemscope\" itemtype=\"https:\/\/schema.org\/CreativeWork\" ><div class='avia_textblock'  itemprop=\"text\" ><\/div><\/section>\n","protected":false},"excerpt":{"rendered":"","protected":false},"author":3,"featured_media":0,"parent":3531,"menu_order":0,"comment_status":"closed","ping_status":"closed","template":"","meta":{"footnotes":""},"class_list":["post-1903","page","type-page","status-publish","hentry"],"yoast_head":"<!-- This site is optimized with the Yoast SEO plugin v24.0 - https:\/\/yoast.com\/wordpress\/plugins\/seo\/ -->\n<title>Nacelles araign\u00e9es | Alp Lift France<\/title>\n<meta name=\"description\" content=\"Nacelles d&#039;araign\u00e9e d&#039;EuropeLift est extr\u00eamement compact et polyvalent. En vente \u00e0 Alp Lift. Demander un devis en ligne sans engagement.\" \/>\n<meta name=\"robots\" content=\"noindex, follow, max-snippet:-1, max-image-preview:large, max-video-preview:-1\" \/>\n<meta property=\"og:locale\" content=\"fr_FR\" \/>\n<meta property=\"og:type\" content=\"article\" \/>\n<meta property=\"og:title\" content=\"Nacelles araign\u00e9es | Alp Lift France\" \/>\n<meta property=\"og:description\" content=\"Nacelles d&#039;araign\u00e9e d&#039;EuropeLift est extr\u00eamement compact et polyvalent. En vente \u00e0 Alp Lift. Demander un devis en ligne sans engagement.\" \/>\n<meta property=\"og:url\" content=\"https:\/\/oud.alplift.com\/fr\/nacelles-elevatrice\/nacelles-araignees\/\" \/>\n<meta property=\"og:site_name\" content=\"Alp Lift\" \/>\n<meta property=\"article:modified_time\" content=\"2021-02-04T19:04:41+00:00\" \/>\n<meta name=\"twitter:card\" content=\"summary_large_image\" \/>\n<meta name=\"twitter:label1\" content=\"Dur\u00e9e de lecture estim\u00e9e\" \/>\n\t<meta name=\"twitter:data1\" content=\"2 minutes\" \/>\n<script type=\"application\/ld+json\" class=\"yoast-schema-graph\">{\"@context\":\"https:\/\/schema.org\",\"@graph\":[{\"@type\":\"WebPage\",\"@id\":\"https:\/\/oud.alplift.com\/fr\/nacelles-elevatrice\/nacelles-araignees\/\",\"url\":\"https:\/\/oud.alplift.com\/fr\/nacelles-elevatrice\/nacelles-araignees\/\",\"name\":\"Nacelles araign\u00e9es | Alp Lift France\",\"isPartOf\":{\"@id\":\"https:\/\/oud.alplift.com\/fr\/#website\"},\"datePublished\":\"2021-01-07T10:07:35+00:00\",\"dateModified\":\"2021-02-04T19:04:41+00:00\",\"description\":\"Nacelles d'araign\u00e9e d'EuropeLift est extr\u00eamement compact et polyvalent. En vente \u00e0 Alp Lift. Demander un devis en ligne sans engagement.\",\"breadcrumb\":{\"@id\":\"https:\/\/oud.alplift.com\/fr\/nacelles-elevatrice\/nacelles-araignees\/#breadcrumb\"},\"inLanguage\":\"fr-FR\",\"potentialAction\":[{\"@type\":\"ReadAction\",\"target\":[\"https:\/\/oud.alplift.com\/fr\/nacelles-elevatrice\/nacelles-araignees\/\"]}]},{\"@type\":\"BreadcrumbList\",\"@id\":\"https:\/\/oud.alplift.com\/fr\/nacelles-elevatrice\/nacelles-araignees\/#breadcrumb\",\"itemListElement\":[{\"@type\":\"ListItem\",\"position\":1,\"name\":\"Home\",\"item\":\"https:\/\/oud.alplift.com\/fr\/\"},{\"@type\":\"ListItem\",\"position\":2,\"name\":\"Nacelles \u00e9l\u00e9vatrice\",\"item\":\"https:\/\/oud.alplift.com\/fr\/nacelles-elevatrice\/\"},{\"@type\":\"ListItem\",\"position\":3,\"name\":\"Nacelles araign\u00e9es\"}]},{\"@type\":\"WebSite\",\"@id\":\"https:\/\/oud.alplift.com\/fr\/#website\",\"url\":\"https:\/\/oud.alplift.com\/fr\/\",\"name\":\"Alp Lift\",\"description\":\"Lifting Equipment\",\"potentialAction\":[{\"@type\":\"SearchAction\",\"target\":{\"@type\":\"EntryPoint\",\"urlTemplate\":\"https:\/\/oud.alplift.com\/fr\/?s={search_term_string}\"},\"query-input\":{\"@type\":\"PropertyValueSpecification\",\"valueRequired\":true,\"valueName\":\"search_term_string\"}}],\"inLanguage\":\"fr-FR\"}]}<\/script>\n<!-- \/ Yoast SEO plugin. -->","yoast_head_json":{"title":"Nacelles araign\u00e9es | Alp Lift France","description":"Nacelles d'araign\u00e9e d'EuropeLift est extr\u00eamement compact et polyvalent. En vente \u00e0 Alp Lift. Demander un devis en ligne sans engagement.","robots":{"index":"noindex","follow":"follow","max-snippet":"max-snippet:-1","max-image-preview":"max-image-preview:large","max-video-preview":"max-video-preview:-1"},"og_locale":"fr_FR","og_type":"article","og_title":"Nacelles araign\u00e9es | Alp Lift France","og_description":"Nacelles d'araign\u00e9e d'EuropeLift est extr\u00eamement compact et polyvalent. En vente \u00e0 Alp Lift. Demander un devis en ligne sans engagement.","og_url":"https:\/\/oud.alplift.com\/fr\/nacelles-elevatrice\/nacelles-araignees\/","og_site_name":"Alp Lift","article_modified_time":"2021-02-04T19:04:41+00:00","twitter_card":"summary_large_image","twitter_misc":{"Dur\u00e9e de lecture estim\u00e9e":"2 minutes"},"schema":{"@context":"https:\/\/schema.org","@graph":[{"@type":"WebPage","@id":"https:\/\/oud.alplift.com\/fr\/nacelles-elevatrice\/nacelles-araignees\/","url":"https:\/\/oud.alplift.com\/fr\/nacelles-elevatrice\/nacelles-araignees\/","name":"Nacelles araign\u00e9es | Alp Lift France","isPartOf":{"@id":"https:\/\/oud.alplift.com\/fr\/#website"},"datePublished":"2021-01-07T10:07:35+00:00","dateModified":"2021-02-04T19:04:41+00:00","description":"Nacelles d'araign\u00e9e d'EuropeLift est extr\u00eamement compact et polyvalent. En vente \u00e0 Alp Lift. Demander un devis en ligne sans engagement.","breadcrumb":{"@id":"https:\/\/oud.alplift.com\/fr\/nacelles-elevatrice\/nacelles-araignees\/#breadcrumb"},"inLanguage":"fr-FR","potentialAction":[{"@type":"ReadAction","target":["https:\/\/oud.alplift.com\/fr\/nacelles-elevatrice\/nacelles-araignees\/"]}]},{"@type":"BreadcrumbList","@id":"https:\/\/oud.alplift.com\/fr\/nacelles-elevatrice\/nacelles-araignees\/#breadcrumb","itemListElement":[{"@type":"ListItem","position":1,"name":"Home","item":"https:\/\/oud.alplift.com\/fr\/"},{"@type":"ListItem","position":2,"name":"Nacelles \u00e9l\u00e9vatrice","item":"https:\/\/oud.alplift.com\/fr\/nacelles-elevatrice\/"},{"@type":"ListItem","position":3,"name":"Nacelles araign\u00e9es"}]},{"@type":"WebSite","@id":"https:\/\/oud.alplift.com\/fr\/#website","url":"https:\/\/oud.alplift.com\/fr\/","name":"Alp Lift","description":"Lifting Equipment","potentialAction":[{"@type":"SearchAction","target":{"@type":"EntryPoint","urlTemplate":"https:\/\/oud.alplift.com\/fr\/?s={search_term_string}"},"query-input":{"@type":"PropertyValueSpecification","valueRequired":true,"valueName":"search_term_string"}}],"inLanguage":"fr-FR"}]}},"_links":{"self":[{"href":"https:\/\/oud.alplift.com\/fr\/wp-json\/wp\/v2\/pages\/1903","targetHints":{"allow":["GET"]}}],"collection":[{"href":"https:\/\/oud.alplift.com\/fr\/wp-json\/wp\/v2\/pages"}],"about":[{"href":"https:\/\/oud.alplift.com\/fr\/wp-json\/wp\/v2\/types\/page"}],"author":[{"embeddable":true,"href":"https:\/\/oud.alplift.com\/fr\/wp-json\/wp\/v2\/users\/3"}],"replies":[{"embeddable":true,"href":"https:\/\/oud.alplift.com\/fr\/wp-json\/wp\/v2\/comments?post=1903"}],"version-history":[{"count":0,"href":"https:\/\/oud.alplift.com\/fr\/wp-json\/wp\/v2\/pages\/1903\/revisions"}],"up":[{"embeddable":true,"href":"https:\/\/oud.alplift.com\/fr\/wp-json\/wp\/v2\/pages\/3531"}],"wp:attachment":[{"href":"https:\/\/oud.alplift.com\/fr\/wp-json\/wp\/v2\/media?parent=1903"}],"curies":[{"name":"wp","href":"https:\/\/api.w.org\/{rel}","templated":true}]}}