
{"id":1671,"date":"2020-12-15T14:40:48","date_gmt":"2020-12-15T14:40:48","guid":{"rendered":"https:\/\/oud.alplift.com\/leve-materiaux\/palans-a-air\/"},"modified":"2022-02-14T17:04:36","modified_gmt":"2022-02-14T16:04:36","slug":"palans-a-air","status":"publish","type":"page","link":"https:\/\/oud.alplift.com\/fr\/palans-a-air\/","title":{"rendered":"Palans \u00e0 air"},"content":{"rendered":"<div id='full_slider_1'  class='avia-fullwidth-slider main_color avia-shadow   avia-builder-el-0  el_before_av_textblock  avia-builder-el-first   container_wrap sidebar_right'  >\n<style type=\"text\/css\" data-created_by=\"avia_inline_auto\" id=\"style-css-av-76fof-2f5f14c7341e0262bfc340b333fc776e\">\n#top #wrap_all .avia-slideshow .av-slideshow-caption.av-76fof-2f5f14c7341e0262bfc340b333fc776e__0 .avia-caption-title{\nfont-size:19px;\n}\n#top .avia-slideshow .av-slideshow-caption.av-76fof-2f5f14c7341e0262bfc340b333fc776e__0 .avia-caption-content{\nfont-size:20px;\n}\n#top .avia-slideshow .av-slideshow-caption.av-76fof-2f5f14c7341e0262bfc340b333fc776e__0 .avia-caption-content p{\nfont-size:20px;\n}\n<\/style>\n<div  class='avia-slideshow av-76fof-2f5f14c7341e0262bfc340b333fc776e avia-slideshow-featured av_slideshow_full avia-slide-slider av-slideshow-ui av-control-default av-slideshow-manual av-loop-once av-loop-manual-endless av-default-height-applied   avia-slideshow-1' data-slideshow-options=\"{&quot;animation&quot;:&quot;slide&quot;,&quot;autoplay&quot;:false,&quot;loop_autoplay&quot;:&quot;once&quot;,&quot;interval&quot;:5,&quot;loop_manual&quot;:&quot;manual-endless&quot;,&quot;autoplay_stopper&quot;:false,&quot;noNavigation&quot;:false,&quot;bg_slider&quot;:false,&quot;keep_padding&quot;:false,&quot;hoverpause&quot;:false,&quot;show_slide_delay&quot;:0}\"  itemprop=\"image\" itemscope=\"itemscope\" itemtype=\"https:\/\/schema.org\/ImageObject\" ><ul class='avia-slideshow-inner ' style='padding-bottom: 28.666666666667%;'><li  class='avia-slideshow-slide av-76fof-2f5f14c7341e0262bfc340b333fc776e__0  av-single-slide slide-1 slide-odd'><div data-rel='slideshow-1' class='avia-slide-wrap '   ><div class='av-slideshow-caption av-76fof-2f5f14c7341e0262bfc340b333fc776e__0 caption_fullwidth caption_right'><div class=\"container caption_container\"><div class=\"slideshow_caption\"><div class=\"slideshow_inner_caption\"><div class=\"slideshow_align_caption\"><h2 class='avia-caption-title '  itemprop=\"name\" >Alp Lift palans \u00e0 air<\/h2><div class='avia-caption-content '  itemprop=\"description\" ><p>D\u00e9couvrez la facilit\u00e9 d&rsquo;utilisation pour vos travaux jusqu&rsquo;\u00e0 125 kg.<\/p>\n<\/div><\/div><\/div><\/div><\/div><\/div><img decoding=\"async\" fetchpriority=\"high\" class=\"wp-image-7039 avia-img-lazy-loading-not-7039\"  src=\"https:\/\/oud.alplift.com\/wp-content\/uploads\/2020\/12\/Alplift_slider_luchttliften-1500x430.jpg\" width=\"1500\" height=\"430\" title='Alplift_slider_luchttliften' alt=''  itemprop=\"thumbnailUrl\"   \/><\/div><\/li><\/ul><\/div><\/div><div id='after_full_slider_1'  class='main_color av_default_container_wrap container_wrap sidebar_right'  ><div class='container av-section-cont-open' ><div class='template-page content  av-content-small alpha units'><div class='post-entry post-entry-type-page post-entry-1671'><div class='entry-content-wrapper clearfix'>\n<section  class='av_textblock_section av-kheqddi1-f8e4fd5b5ce875d669a17fba84f8e3b2 '   itemscope=\"itemscope\" itemtype=\"https:\/\/schema.org\/CreativeWork\" ><div class='avia_textblock'  itemprop=\"text\" ><h2>Palans \u00e0 air<\/h2>\n<p>Les palans \u00e0 air sont les plus efficaces pour soulever de petites charges de max. 125 kg. Un palan \u00e0 air Alp Lift am\u00e8ne votre charge \u00e0 la hauteur souhait\u00e9e, sans bruit et sans \u00e0-coups. Vos travaux d\u2019installation seront plus efficaces, plus s\u00fbrs et plus confortables. Le palan \u00e0 air est facile \u00e0 transporter et est pr\u00eat \u00e0 fonctionner en quelques minutes. Mais ce type d&rsquo;\u00e9l\u00e9vateur de mat\u00e9riaux tient \u00e9galement sa place dans de nombreux autres travaux gr\u00e2ce \u00e0 sa facilit\u00e9 d&rsquo;utilisation. Le pont \u00e9l\u00e9vateur est pr\u00eat \u00e0 \u00eatre utilis\u00e9 en un rien de temps sans outils. Et en raison de ses petites dimensions, il est facile \u00e0 transporter. En bref: une aide id\u00e9ale pour garder les mains libres pour votre travail. Un support de plaque de pl\u00e2tre et un compresseur silencieux sont disponibles en option. Un chariot de transport est \u00e9galement possible en option.<\/p>\n<p>Nos ascenseurs pneumatiques sont disponibles en 4 mod\u00e8les dont la hauteur de levage varie de 3,20 \u00e0 5,60 m\u00e8tres.<\/p>\n<\/div><\/section>\n<section  class='av_textblock_section av-kheqersp-343199e28d7bd0d0c79bc88c38553f78 '   itemscope=\"itemscope\" itemtype=\"https:\/\/schema.org\/CreativeWork\" ><div class='avia_textblock'  itemprop=\"text\" ><div class=\"woocommerce columns-4 \"><div class=\"facetwp-template\"><ul class=\"products columns-4\">\n<li class=\"product type-product post-3165 status-publish first instock product_cat-leve-materiaux product_cat-palans-a-air has-post-thumbnail shipping-taxable product-type-simple\">\n\t<div class='inner_product main_color wrapped_style noLightbox  av-product-class-'><a href=\"https:\/\/oud.alplift.com\/fr\/produit\/palan-a-air-ll560\/\" class=\"woocommerce-LoopProduct-link woocommerce-loop-product__link\"><div class=\"thumbnail_container\"><img decoding=\"async\" loading=\"lazy\" width=\"300\" height=\"300\" src=\"https:\/\/oud.alplift.com\/wp-content\/uploads\/2021\/01\/Luchtlift-low_res-300x300.jpg\" class=\"wp-image-2598 avia-img-lazy-loading-2598 attachment-shop_catalog size-shop_catalog wp-post-image\" alt=\"\" srcset=\"https:\/\/oud.alplift.com\/wp-content\/uploads\/2021\/01\/Luchtlift-low_res-300x300.jpg 300w, https:\/\/oud.alplift.com\/wp-content\/uploads\/2021\/01\/Luchtlift-low_res-80x80.jpg 80w, https:\/\/oud.alplift.com\/wp-content\/uploads\/2021\/01\/Luchtlift-low_res-36x36.jpg 36w, https:\/\/oud.alplift.com\/wp-content\/uploads\/2021\/01\/Luchtlift-low_res-180x180.jpg 180w, https:\/\/oud.alplift.com\/wp-content\/uploads\/2021\/01\/Luchtlift-low_res-100x100.jpg 100w\" sizes=\"auto, (max-width: 300px) 100vw, 300px\" \/><span class=\"cart-loading\"><\/span><\/div><div class='inner_product_header'><div class='avia-arrow'><\/div><div class='inner_product_header_table'><div class='inner_product_header_cell'><h2 class=\"woocommerce-loop-product__title\">Palan \u00e0 air LL560<\/h2>\n<\/div><\/div><\/div><\/a><div class='avia_cart_buttons '>\t<span id=\"woocommerce_loop_add_to_cart_link_describedby_3165\" class=\"screen-reader-text\"><span aria-hidden='true' data-av_icon='\ue859' data-av_iconfont='entypo-fontello'><\/span> \n\t\t\t<\/span>\n<a class=\"button show_details_button\" href=\"https:\/\/oud.alplift.com\/fr\/produit\/palan-a-air-ll560\/\"><span aria-hidden='true' data-av_icon='\ue84b' data-av_iconfont='entypo-fontello'><\/span>  Voir les d\u00e9tails<\/a> <span class=\"button-mini-delimiter\"><\/span><\/div><\/div><\/li>\n<li class=\"product type-product post-3164 status-publish instock product_cat-leve-materiaux product_cat-palans-a-air has-post-thumbnail shipping-taxable product-type-simple\">\n\t<div class='inner_product main_color wrapped_style noLightbox  av-product-class-'><a href=\"https:\/\/oud.alplift.com\/fr\/produit\/palan-a-air-ll380\/\" class=\"woocommerce-LoopProduct-link woocommerce-loop-product__link\"><div class=\"thumbnail_container\"><img decoding=\"async\" loading=\"lazy\" width=\"300\" height=\"300\" src=\"https:\/\/oud.alplift.com\/wp-content\/uploads\/2021\/01\/Luchtlift-low_res-300x300.jpg\" class=\"wp-image-2598 avia-img-lazy-loading-2598 attachment-shop_catalog size-shop_catalog wp-post-image\" alt=\"\" srcset=\"https:\/\/oud.alplift.com\/wp-content\/uploads\/2021\/01\/Luchtlift-low_res-300x300.jpg 300w, https:\/\/oud.alplift.com\/wp-content\/uploads\/2021\/01\/Luchtlift-low_res-80x80.jpg 80w, https:\/\/oud.alplift.com\/wp-content\/uploads\/2021\/01\/Luchtlift-low_res-36x36.jpg 36w, https:\/\/oud.alplift.com\/wp-content\/uploads\/2021\/01\/Luchtlift-low_res-180x180.jpg 180w, https:\/\/oud.alplift.com\/wp-content\/uploads\/2021\/01\/Luchtlift-low_res-100x100.jpg 100w\" sizes=\"auto, (max-width: 300px) 100vw, 300px\" \/><span class=\"cart-loading\"><\/span><\/div><div class='inner_product_header'><div class='avia-arrow'><\/div><div class='inner_product_header_table'><div class='inner_product_header_cell'><h2 class=\"woocommerce-loop-product__title\">Palan \u00e0 air LL380<\/h2>\n<\/div><\/div><\/div><\/a><div class='avia_cart_buttons '>\t<span id=\"woocommerce_loop_add_to_cart_link_describedby_3164\" class=\"screen-reader-text\"><span aria-hidden='true' data-av_icon='\ue859' data-av_iconfont='entypo-fontello'><\/span> \n\t\t\t<\/span>\n<a class=\"button show_details_button\" href=\"https:\/\/oud.alplift.com\/fr\/produit\/palan-a-air-ll380\/\"><span aria-hidden='true' data-av_icon='\ue84b' data-av_iconfont='entypo-fontello'><\/span>  Voir les d\u00e9tails<\/a> <span class=\"button-mini-delimiter\"><\/span><\/div><\/div><\/li>\n<li class=\"product type-product post-3114 status-publish instock product_cat-leve-materiaux product_cat-palans-a-air has-post-thumbnail shipping-taxable product-type-simple\">\n\t<div class='inner_product main_color wrapped_style noLightbox  av-product-class-'><a href=\"https:\/\/oud.alplift.com\/fr\/produit\/palan-a-air-ll460\/\" class=\"woocommerce-LoopProduct-link woocommerce-loop-product__link\"><div class=\"thumbnail_container\"><img decoding=\"async\" loading=\"lazy\" width=\"300\" height=\"300\" src=\"https:\/\/oud.alplift.com\/wp-content\/uploads\/2021\/01\/Luchtlift-low_res-300x300.jpg\" class=\"wp-image-2598 avia-img-lazy-loading-2598 attachment-shop_catalog size-shop_catalog wp-post-image\" alt=\"\" srcset=\"https:\/\/oud.alplift.com\/wp-content\/uploads\/2021\/01\/Luchtlift-low_res-300x300.jpg 300w, https:\/\/oud.alplift.com\/wp-content\/uploads\/2021\/01\/Luchtlift-low_res-80x80.jpg 80w, https:\/\/oud.alplift.com\/wp-content\/uploads\/2021\/01\/Luchtlift-low_res-36x36.jpg 36w, https:\/\/oud.alplift.com\/wp-content\/uploads\/2021\/01\/Luchtlift-low_res-180x180.jpg 180w, https:\/\/oud.alplift.com\/wp-content\/uploads\/2021\/01\/Luchtlift-low_res-100x100.jpg 100w\" sizes=\"auto, (max-width: 300px) 100vw, 300px\" \/><span class=\"cart-loading\"><\/span><\/div><div class='inner_product_header'><div class='avia-arrow'><\/div><div class='inner_product_header_table'><div class='inner_product_header_cell'><h2 class=\"woocommerce-loop-product__title\">Palan \u00e0 air &#8211; LL460<\/h2>\n<\/div><\/div><\/div><\/a><div class='avia_cart_buttons '>\t<span id=\"woocommerce_loop_add_to_cart_link_describedby_3114\" class=\"screen-reader-text\"><span aria-hidden='true' data-av_icon='\ue859' data-av_iconfont='entypo-fontello'><\/span> \n\t\t\t<\/span>\n<a class=\"button show_details_button\" href=\"https:\/\/oud.alplift.com\/fr\/produit\/palan-a-air-ll460\/\"><span aria-hidden='true' data-av_icon='\ue84b' data-av_iconfont='entypo-fontello'><\/span>  Voir les d\u00e9tails<\/a> <span class=\"button-mini-delimiter\"><\/span><\/div><\/div><\/li>\n<li class=\"product type-product post-3115 status-publish last instock product_cat-leve-materiaux product_cat-palans-a-air has-post-thumbnail shipping-taxable product-type-simple\">\n\t<div class='inner_product main_color wrapped_style noLightbox  av-product-class-'><a href=\"https:\/\/oud.alplift.com\/fr\/produit\/palan-a-air-ll320\/\" class=\"woocommerce-LoopProduct-link woocommerce-loop-product__link\"><div class=\"thumbnail_container\"><img decoding=\"async\" loading=\"lazy\" width=\"300\" height=\"300\" src=\"https:\/\/oud.alplift.com\/wp-content\/uploads\/2021\/01\/Luchtlift-low_res-300x300.jpg\" class=\"wp-image-2598 avia-img-lazy-loading-2598 attachment-shop_catalog size-shop_catalog wp-post-image\" alt=\"\" srcset=\"https:\/\/oud.alplift.com\/wp-content\/uploads\/2021\/01\/Luchtlift-low_res-300x300.jpg 300w, https:\/\/oud.alplift.com\/wp-content\/uploads\/2021\/01\/Luchtlift-low_res-80x80.jpg 80w, https:\/\/oud.alplift.com\/wp-content\/uploads\/2021\/01\/Luchtlift-low_res-36x36.jpg 36w, https:\/\/oud.alplift.com\/wp-content\/uploads\/2021\/01\/Luchtlift-low_res-180x180.jpg 180w, https:\/\/oud.alplift.com\/wp-content\/uploads\/2021\/01\/Luchtlift-low_res-100x100.jpg 100w\" sizes=\"auto, (max-width: 300px) 100vw, 300px\" \/><span class=\"cart-loading\"><\/span><\/div><div class='inner_product_header'><div class='avia-arrow'><\/div><div class='inner_product_header_table'><div class='inner_product_header_cell'><h2 class=\"woocommerce-loop-product__title\">Palan \u00e0 air LL320<\/h2>\n<\/div><\/div><\/div><\/a><div class='avia_cart_buttons '>\t<span id=\"woocommerce_loop_add_to_cart_link_describedby_3115\" class=\"screen-reader-text\"><span aria-hidden='true' data-av_icon='\ue859' data-av_iconfont='entypo-fontello'><\/span> \n\t\t\t<\/span>\n<a class=\"button show_details_button\" href=\"https:\/\/oud.alplift.com\/fr\/produit\/palan-a-air-ll320\/\"><span aria-hidden='true' data-av_icon='\ue84b' data-av_iconfont='entypo-fontello'><\/span>  Voir les d\u00e9tails<\/a> <span class=\"button-mini-delimiter\"><\/span><\/div><\/div><\/li>\n<\/ul>\n<\/div><!-- end facetwp-template --><\/div>\n<\/div><\/section>\n","protected":false},"excerpt":{"rendered":"","protected":false},"author":3,"featured_media":0,"parent":0,"menu_order":0,"comment_status":"closed","ping_status":"closed","template":"","meta":{"footnotes":""},"class_list":["post-1671","page","type-page","status-publish","hentry"],"yoast_head":"<!-- This site is optimized with the Yoast SEO plugin v24.0 - https:\/\/yoast.com\/wordpress\/plugins\/seo\/ -->\n<title>Acheter palan \u00e0 air | capacit\u00e9 de levage jusqu&#039;\u00e0 125 kg | Alp Lift France<\/title>\n<meta name=\"description\" content=\"Avec un palan \u00e0 air d&#039;Alp Lift, vos mat\u00e9riaux jusqu&#039;\u00e0 125 kg peuvent facilement \u00eatre amen\u00e9s \u00e0 la hauteur souhait\u00e9e. D\u00e9couvrez notre offre et demandez un devis en ligne.\" \/>\n<meta name=\"robots\" content=\"noindex, follow, max-snippet:-1, max-image-preview:large, max-video-preview:-1\" \/>\n<meta property=\"og:locale\" content=\"fr_FR\" \/>\n<meta property=\"og:type\" content=\"article\" \/>\n<meta property=\"og:title\" content=\"Acheter palan \u00e0 air | capacit\u00e9 de levage jusqu&#039;\u00e0 125 kg | Alp Lift France\" \/>\n<meta property=\"og:description\" content=\"Avec un palan \u00e0 air d&#039;Alp Lift, vos mat\u00e9riaux jusqu&#039;\u00e0 125 kg peuvent facilement \u00eatre amen\u00e9s \u00e0 la hauteur souhait\u00e9e. D\u00e9couvrez notre offre et demandez un devis en ligne.\" \/>\n<meta property=\"og:url\" content=\"https:\/\/oud.alplift.com\/fr\/palans-a-air\/\" \/>\n<meta property=\"og:site_name\" content=\"Alp Lift\" \/>\n<meta property=\"article:modified_time\" content=\"2022-02-14T16:04:36+00:00\" \/>\n<meta name=\"twitter:card\" content=\"summary_large_image\" \/>\n<meta name=\"twitter:label1\" content=\"Dur\u00e9e de lecture estim\u00e9e\" \/>\n\t<meta name=\"twitter:data1\" content=\"2 minutes\" \/>\n<script type=\"application\/ld+json\" class=\"yoast-schema-graph\">{\"@context\":\"https:\/\/schema.org\",\"@graph\":[{\"@type\":\"WebPage\",\"@id\":\"https:\/\/oud.alplift.com\/fr\/palans-a-air\/\",\"url\":\"https:\/\/oud.alplift.com\/fr\/palans-a-air\/\",\"name\":\"Acheter palan \u00e0 air | capacit\u00e9 de levage jusqu'\u00e0 125 kg | Alp Lift France\",\"isPartOf\":{\"@id\":\"https:\/\/oud.alplift.com\/fr\/#website\"},\"datePublished\":\"2020-12-15T14:40:48+00:00\",\"dateModified\":\"2022-02-14T16:04:36+00:00\",\"description\":\"Avec un palan \u00e0 air d'Alp Lift, vos mat\u00e9riaux jusqu'\u00e0 125 kg peuvent facilement \u00eatre amen\u00e9s \u00e0 la hauteur souhait\u00e9e. D\u00e9couvrez notre offre et demandez un devis en ligne.\",\"breadcrumb\":{\"@id\":\"https:\/\/oud.alplift.com\/fr\/palans-a-air\/#breadcrumb\"},\"inLanguage\":\"fr-FR\",\"potentialAction\":[{\"@type\":\"ReadAction\",\"target\":[\"https:\/\/oud.alplift.com\/fr\/palans-a-air\/\"]}]},{\"@type\":\"BreadcrumbList\",\"@id\":\"https:\/\/oud.alplift.com\/fr\/palans-a-air\/#breadcrumb\",\"itemListElement\":[{\"@type\":\"ListItem\",\"position\":1,\"name\":\"Home\",\"item\":\"https:\/\/oud.alplift.com\/fr\/\"},{\"@type\":\"ListItem\",\"position\":2,\"name\":\"Palans \u00e0 air\"}]},{\"@type\":\"WebSite\",\"@id\":\"https:\/\/oud.alplift.com\/fr\/#website\",\"url\":\"https:\/\/oud.alplift.com\/fr\/\",\"name\":\"Alp Lift\",\"description\":\"Lifting Equipment\",\"potentialAction\":[{\"@type\":\"SearchAction\",\"target\":{\"@type\":\"EntryPoint\",\"urlTemplate\":\"https:\/\/oud.alplift.com\/fr\/?s={search_term_string}\"},\"query-input\":{\"@type\":\"PropertyValueSpecification\",\"valueRequired\":true,\"valueName\":\"search_term_string\"}}],\"inLanguage\":\"fr-FR\"}]}<\/script>\n<!-- \/ Yoast SEO plugin. -->","yoast_head_json":{"title":"Acheter palan \u00e0 air | capacit\u00e9 de levage jusqu'\u00e0 125 kg | Alp Lift France","description":"Avec un palan \u00e0 air d'Alp Lift, vos mat\u00e9riaux jusqu'\u00e0 125 kg peuvent facilement \u00eatre amen\u00e9s \u00e0 la hauteur souhait\u00e9e. D\u00e9couvrez notre offre et demandez un devis en ligne.","robots":{"index":"noindex","follow":"follow","max-snippet":"max-snippet:-1","max-image-preview":"max-image-preview:large","max-video-preview":"max-video-preview:-1"},"og_locale":"fr_FR","og_type":"article","og_title":"Acheter palan \u00e0 air | capacit\u00e9 de levage jusqu'\u00e0 125 kg | Alp Lift France","og_description":"Avec un palan \u00e0 air d'Alp Lift, vos mat\u00e9riaux jusqu'\u00e0 125 kg peuvent facilement \u00eatre amen\u00e9s \u00e0 la hauteur souhait\u00e9e. D\u00e9couvrez notre offre et demandez un devis en ligne.","og_url":"https:\/\/oud.alplift.com\/fr\/palans-a-air\/","og_site_name":"Alp Lift","article_modified_time":"2022-02-14T16:04:36+00:00","twitter_card":"summary_large_image","twitter_misc":{"Dur\u00e9e de lecture estim\u00e9e":"2 minutes"},"schema":{"@context":"https:\/\/schema.org","@graph":[{"@type":"WebPage","@id":"https:\/\/oud.alplift.com\/fr\/palans-a-air\/","url":"https:\/\/oud.alplift.com\/fr\/palans-a-air\/","name":"Acheter palan \u00e0 air | capacit\u00e9 de levage jusqu'\u00e0 125 kg | Alp Lift France","isPartOf":{"@id":"https:\/\/oud.alplift.com\/fr\/#website"},"datePublished":"2020-12-15T14:40:48+00:00","dateModified":"2022-02-14T16:04:36+00:00","description":"Avec un palan \u00e0 air d'Alp Lift, vos mat\u00e9riaux jusqu'\u00e0 125 kg peuvent facilement \u00eatre amen\u00e9s \u00e0 la hauteur souhait\u00e9e. D\u00e9couvrez notre offre et demandez un devis en ligne.","breadcrumb":{"@id":"https:\/\/oud.alplift.com\/fr\/palans-a-air\/#breadcrumb"},"inLanguage":"fr-FR","potentialAction":[{"@type":"ReadAction","target":["https:\/\/oud.alplift.com\/fr\/palans-a-air\/"]}]},{"@type":"BreadcrumbList","@id":"https:\/\/oud.alplift.com\/fr\/palans-a-air\/#breadcrumb","itemListElement":[{"@type":"ListItem","position":1,"name":"Home","item":"https:\/\/oud.alplift.com\/fr\/"},{"@type":"ListItem","position":2,"name":"Palans \u00e0 air"}]},{"@type":"WebSite","@id":"https:\/\/oud.alplift.com\/fr\/#website","url":"https:\/\/oud.alplift.com\/fr\/","name":"Alp Lift","description":"Lifting Equipment","potentialAction":[{"@type":"SearchAction","target":{"@type":"EntryPoint","urlTemplate":"https:\/\/oud.alplift.com\/fr\/?s={search_term_string}"},"query-input":{"@type":"PropertyValueSpecification","valueRequired":true,"valueName":"search_term_string"}}],"inLanguage":"fr-FR"}]}},"_links":{"self":[{"href":"https:\/\/oud.alplift.com\/fr\/wp-json\/wp\/v2\/pages\/1671","targetHints":{"allow":["GET"]}}],"collection":[{"href":"https:\/\/oud.alplift.com\/fr\/wp-json\/wp\/v2\/pages"}],"about":[{"href":"https:\/\/oud.alplift.com\/fr\/wp-json\/wp\/v2\/types\/page"}],"author":[{"embeddable":true,"href":"https:\/\/oud.alplift.com\/fr\/wp-json\/wp\/v2\/users\/3"}],"replies":[{"embeddable":true,"href":"https:\/\/oud.alplift.com\/fr\/wp-json\/wp\/v2\/comments?post=1671"}],"version-history":[{"count":0,"href":"https:\/\/oud.alplift.com\/fr\/wp-json\/wp\/v2\/pages\/1671\/revisions"}],"wp:attachment":[{"href":"https:\/\/oud.alplift.com\/fr\/wp-json\/wp\/v2\/media?parent=1671"}],"curies":[{"name":"wp","href":"https:\/\/api.w.org\/{rel}","templated":true}]}}