
{"id":1645,"date":"2020-12-15T12:52:25","date_gmt":"2020-12-15T12:52:25","guid":{"rendered":"https:\/\/oud.alplift.com\/leve-materiaux\/elevateur-pour-evenments\/"},"modified":"2022-02-14T17:04:02","modified_gmt":"2022-02-14T16:04:02","slug":"elevateur-pour-evenments","status":"publish","type":"page","link":"https:\/\/oud.alplift.com\/fr\/elevateur-pour-evenments\/","title":{"rendered":"El\u00e9vateur pour \u00e9v\u00e9nements"},"content":{"rendered":"<div id='full_slider_1'  class='avia-fullwidth-slider main_color avia-shadow   avia-builder-el-0  el_before_av_textblock  avia-builder-el-first   container_wrap sidebar_right'  >\n<style type=\"text\/css\" data-created_by=\"avia_inline_auto\" id=\"style-css-av-9ljhi-74e6caf7e19298da662607447d49db0f\">\n#top #wrap_all .avia-slideshow .av-slideshow-caption.av-9ljhi-74e6caf7e19298da662607447d49db0f__0 .avia-caption-title{\nfont-size:19px;\n}\n#top .avia-slideshow .av-slideshow-caption.av-9ljhi-74e6caf7e19298da662607447d49db0f__0 .avia-caption-content{\nfont-size:20px;\n}\n#top .avia-slideshow .av-slideshow-caption.av-9ljhi-74e6caf7e19298da662607447d49db0f__0 .avia-caption-content p{\nfont-size:20px;\n}\n<\/style>\n<div  class='avia-slideshow av-9ljhi-74e6caf7e19298da662607447d49db0f avia-slideshow-featured av_slideshow_full avia-slide-slider av-slideshow-ui av-control-default av-slideshow-manual av-loop-once av-loop-manual-endless av-default-height-applied   avia-slideshow-1' data-slideshow-options=\"{&quot;animation&quot;:&quot;slide&quot;,&quot;autoplay&quot;:false,&quot;loop_autoplay&quot;:&quot;once&quot;,&quot;interval&quot;:5,&quot;loop_manual&quot;:&quot;manual-endless&quot;,&quot;autoplay_stopper&quot;:false,&quot;noNavigation&quot;:false,&quot;bg_slider&quot;:false,&quot;keep_padding&quot;:false,&quot;hoverpause&quot;:false,&quot;show_slide_delay&quot;:0}\"  itemprop=\"image\" itemscope=\"itemscope\" itemtype=\"https:\/\/schema.org\/ImageObject\" ><ul class='avia-slideshow-inner ' style='padding-bottom: 28.666666666667%;'><li  class='avia-slideshow-slide av-9ljhi-74e6caf7e19298da662607447d49db0f__0  av-single-slide slide-1 slide-odd'><div data-rel='slideshow-1' class='avia-slide-wrap '   ><div class='av-slideshow-caption av-9ljhi-74e6caf7e19298da662607447d49db0f__0 caption_fullwidth caption_right'><div class=\"container caption_container\"><div class=\"slideshow_caption\"><div class=\"slideshow_inner_caption\"><div class=\"slideshow_align_caption\"><h2 class='avia-caption-title '  itemprop=\"name\" >Alp Lift \u00e9l\u00e9vateur pour \u00e9v\u00e9nements<\/h2><div class='avia-caption-content '  itemprop=\"description\" ><p>L&rsquo;aide indispensable pour \u00e9lever votre pr\u00e9cieux \u00e9quipement<\/p>\n<\/div><\/div><\/div><\/div><\/div><\/div><img decoding=\"async\" fetchpriority=\"high\" class=\"wp-image-7036 avia-img-lazy-loading-not-7036\"  src=\"https:\/\/oud.alplift.com\/wp-content\/uploads\/2020\/12\/Alplift_slider_eventliften-1500x430.jpg\" width=\"1500\" height=\"430\" title='Alplift_slider_eventliften' alt=''  itemprop=\"thumbnailUrl\"   \/><\/div><\/li><\/ul><\/div><\/div><div id='after_full_slider_1'  class='main_color av_default_container_wrap container_wrap sidebar_right'  ><div class='container av-section-cont-open' ><div class='template-page content  av-content-small alpha units'><div class='post-entry post-entry-type-page post-entry-1645'><div class='entry-content-wrapper clearfix'>\n<section  class='av_textblock_section av-kheqsbpe-9795cc74e8dd3a8d90dcb7c8e4aebdbf '   itemscope=\"itemscope\" itemtype=\"https:\/\/schema.org\/CreativeWork\" ><div class='avia_textblock'  itemprop=\"text\" ><h2>El\u00e9vateur pour \u00e9v\u00e9nements<\/h2>\n<p>Alp Lift a d\u00e9velopp\u00e9 des \u00e9l\u00e9vateur pour \u00e9v\u00e9nements sp\u00e9cialement pour l&rsquo;industrie du th\u00e9\u00e2tre et de l&rsquo;\u00e9v\u00e9nementiel. La conception d&rsquo;un \u00e9l\u00e9vateur \u00e9v\u00e9nementiel est bas\u00e9e sur un \u00e9l\u00e9vateur de materiaux, avec l&rsquo;ajout d&rsquo;une protection antichute pour qu&rsquo;il puisse rester en hauteur. Avec un \u00e9l\u00e9vateur \u00e9v\u00e9nementiel, vous pouvez apporter et conserver votre \u00e9quipement de valeur jusqu&rsquo;\u00e0 300 kg &#8211; comme la lumi\u00e8re, le son et les \u00e9crans &#8211; \u00e0 la hauteur souhait\u00e9e. En raison de leurs dimensions compactes, ils sont faciles \u00e0 transporter et pr\u00eats \u00e0 l&#8217;emploi en un rien de temps. Les \u00e9l\u00e9vateurs pour \u00e9v\u00e9nements sont fournis en noir en standard, mais sont \u00e9galement disponibles en aluminium. D\u00e9couvrez ce type unique de l\u00e8ve-mat\u00e9riaux, disponible en 2 mod\u00e8les dont la hauteur de levage varie de 6,20 \u00e0 7,60 m\u00e8tres. Livraison du stock.<\/p>\n<h4><\/h4>\n<\/div><\/section>\n<div  class='hr av-b1fji-27eec97e9a36ab3955562a77497f9dfc hr-default  avia-builder-el-2  el_after_av_textblock  el_before_av_textblock '><span class='hr-inner '><span class=\"hr-inner-style\"><\/span><\/span><\/div>\n<section  class='av_textblock_section av-kheqt0jb-d97d335eb02085568447beb5e4c5270e '   itemscope=\"itemscope\" itemtype=\"https:\/\/schema.org\/CreativeWork\" ><div class='avia_textblock'  itemprop=\"text\" ><div class=\"woocommerce columns-4 \"><div class=\"facetwp-template\"><ul class=\"products columns-4\">\n<li class=\"product type-product post-3116 status-publish first instock product_cat-elevateurs-pour-evenements product_cat-leve-materiaux has-post-thumbnail shipping-taxable product-type-simple\">\n\t<div class='inner_product main_color wrapped_style noLightbox  av-product-class-'><a href=\"https:\/\/oud.alplift.com\/fr\/produit\/elevateur-pour-evenements-e620sb\/\" class=\"woocommerce-LoopProduct-link woocommerce-loop-product__link\"><div class=\"thumbnail_container\"><img decoding=\"async\" loading=\"lazy\" width=\"300\" height=\"300\" src=\"https:\/\/oud.alplift.com\/wp-content\/uploads\/2021\/01\/Theaterlift-low_res-300x300.jpg\" class=\"wp-image-2608 avia-img-lazy-loading-2608 attachment-shop_catalog size-shop_catalog wp-post-image\" alt=\"\" srcset=\"https:\/\/oud.alplift.com\/wp-content\/uploads\/2021\/01\/Theaterlift-low_res-300x300.jpg 300w, https:\/\/oud.alplift.com\/wp-content\/uploads\/2021\/01\/Theaterlift-low_res-80x80.jpg 80w, https:\/\/oud.alplift.com\/wp-content\/uploads\/2021\/01\/Theaterlift-low_res-36x36.jpg 36w, https:\/\/oud.alplift.com\/wp-content\/uploads\/2021\/01\/Theaterlift-low_res-180x180.jpg 180w, https:\/\/oud.alplift.com\/wp-content\/uploads\/2021\/01\/Theaterlift-low_res-100x100.jpg 100w\" sizes=\"auto, (max-width: 300px) 100vw, 300px\" \/><span class=\"cart-loading\"><\/span><\/div><div class='inner_product_header'><div class='avia-arrow'><\/div><div class='inner_product_header_table'><div class='inner_product_header_cell'><h2 class=\"woocommerce-loop-product__title\">\u00c9l\u00e9vateur pour \u00e9v\u00e9nements &#8211; E620SB<\/h2>\n<\/div><\/div><\/div><\/a><div class='avia_cart_buttons '>\t<span id=\"woocommerce_loop_add_to_cart_link_describedby_3116\" class=\"screen-reader-text\"><span aria-hidden='true' data-av_icon='\ue859' data-av_iconfont='entypo-fontello'><\/span> \n\t\t\t<\/span>\n<a class=\"button show_details_button\" href=\"https:\/\/oud.alplift.com\/fr\/produit\/elevateur-pour-evenements-e620sb\/\"><span aria-hidden='true' data-av_icon='\ue84b' data-av_iconfont='entypo-fontello'><\/span>  Voir les d\u00e9tails<\/a> <span class=\"button-mini-delimiter\"><\/span><\/div><\/div><\/li>\n<li class=\"product type-product post-3117 status-publish instock product_cat-elevateurs-pour-evenements product_cat-leve-materiaux has-post-thumbnail shipping-taxable product-type-simple\">\n\t<div class='inner_product main_color wrapped_style noLightbox  av-product-class-'><a href=\"https:\/\/oud.alplift.com\/fr\/produit\/elevateur-pour-evenements-e760sb\/\" class=\"woocommerce-LoopProduct-link woocommerce-loop-product__link\"><div class=\"thumbnail_container\"><img decoding=\"async\" loading=\"lazy\" width=\"300\" height=\"300\" src=\"https:\/\/oud.alplift.com\/wp-content\/uploads\/2021\/01\/Theaterlift-black-high_res-300x300.jpg\" class=\"wp-image-2603 avia-img-lazy-loading-2603 attachment-shop_catalog size-shop_catalog wp-post-image\" alt=\"\" srcset=\"https:\/\/oud.alplift.com\/wp-content\/uploads\/2021\/01\/Theaterlift-black-high_res-300x300.jpg 300w, https:\/\/oud.alplift.com\/wp-content\/uploads\/2021\/01\/Theaterlift-black-high_res-80x80.jpg 80w, https:\/\/oud.alplift.com\/wp-content\/uploads\/2021\/01\/Theaterlift-black-high_res-36x36.jpg 36w, https:\/\/oud.alplift.com\/wp-content\/uploads\/2021\/01\/Theaterlift-black-high_res-180x180.jpg 180w, https:\/\/oud.alplift.com\/wp-content\/uploads\/2021\/01\/Theaterlift-black-high_res-100x100.jpg 100w\" sizes=\"auto, (max-width: 300px) 100vw, 300px\" \/><span class=\"cart-loading\"><\/span><\/div><div class='inner_product_header'><div class='avia-arrow'><\/div><div class='inner_product_header_table'><div class='inner_product_header_cell'><h2 class=\"woocommerce-loop-product__title\">\u00e9l\u00e9vateur pour \u00e9v\u00e9nements E760SB<\/h2>\n<\/div><\/div><\/div><\/a><div class='avia_cart_buttons '>\t<span id=\"woocommerce_loop_add_to_cart_link_describedby_3117\" class=\"screen-reader-text\"><span aria-hidden='true' data-av_icon='\ue859' data-av_iconfont='entypo-fontello'><\/span> \n\t\t\t<\/span>\n<a class=\"button show_details_button\" href=\"https:\/\/oud.alplift.com\/fr\/produit\/elevateur-pour-evenements-e760sb\/\"><span aria-hidden='true' data-av_icon='\ue84b' data-av_iconfont='entypo-fontello'><\/span>  Voir les d\u00e9tails<\/a> <span class=\"button-mini-delimiter\"><\/span><\/div><\/div><\/li>\n<\/ul>\n<\/div><!-- end facetwp-template --><\/div>\n<\/div><\/section>\n","protected":false},"excerpt":{"rendered":"","protected":false},"author":3,"featured_media":0,"parent":0,"menu_order":0,"comment_status":"closed","ping_status":"closed","template":"","meta":{"footnotes":""},"class_list":["post-1645","page","type-page","status-publish","hentry"],"yoast_head":"<!-- This site is optimized with the Yoast SEO plugin v24.0 - https:\/\/yoast.com\/wordpress\/plugins\/seo\/ -->\n<title>Acheter un \u00e9l\u00e9vateur pour \u00e9v\u00e9nements | Alp Lift France<\/title>\n<meta name=\"description\" content=\"Avec un \u00e9l\u00e9vateur pour \u00e9v\u00e9nements d&#039;Alp Lift, vous pouvez amener votre pr\u00e9cieux \u00e9quipement (lumi\u00e8re, image et son) \u00e0 la hauteur souhait\u00e9e. D\u00e9couvrez cet \u00e9l\u00e9vateur de mat\u00e9riaux unique.\" \/>\n<meta name=\"robots\" content=\"noindex, follow, max-snippet:-1, max-image-preview:large, max-video-preview:-1\" \/>\n<meta property=\"og:locale\" content=\"fr_FR\" \/>\n<meta property=\"og:type\" content=\"article\" \/>\n<meta property=\"og:title\" content=\"Acheter un \u00e9l\u00e9vateur pour \u00e9v\u00e9nements | Alp Lift France\" \/>\n<meta property=\"og:description\" content=\"Avec un \u00e9l\u00e9vateur pour \u00e9v\u00e9nements d&#039;Alp Lift, vous pouvez amener votre pr\u00e9cieux \u00e9quipement (lumi\u00e8re, image et son) \u00e0 la hauteur souhait\u00e9e. D\u00e9couvrez cet \u00e9l\u00e9vateur de mat\u00e9riaux unique.\" \/>\n<meta property=\"og:url\" content=\"https:\/\/oud.alplift.com\/fr\/elevateur-pour-evenments\/\" \/>\n<meta property=\"og:site_name\" content=\"Alp Lift\" \/>\n<meta property=\"article:modified_time\" content=\"2022-02-14T16:04:02+00:00\" \/>\n<meta name=\"twitter:card\" content=\"summary_large_image\" \/>\n<meta name=\"twitter:label1\" content=\"Dur\u00e9e de lecture estim\u00e9e\" \/>\n\t<meta name=\"twitter:data1\" content=\"2 minutes\" \/>\n<script type=\"application\/ld+json\" class=\"yoast-schema-graph\">{\"@context\":\"https:\/\/schema.org\",\"@graph\":[{\"@type\":\"WebPage\",\"@id\":\"https:\/\/oud.alplift.com\/fr\/elevateur-pour-evenments\/\",\"url\":\"https:\/\/oud.alplift.com\/fr\/elevateur-pour-evenments\/\",\"name\":\"Acheter un \u00e9l\u00e9vateur pour \u00e9v\u00e9nements | Alp Lift France\",\"isPartOf\":{\"@id\":\"https:\/\/oud.alplift.com\/fr\/#website\"},\"datePublished\":\"2020-12-15T12:52:25+00:00\",\"dateModified\":\"2022-02-14T16:04:02+00:00\",\"description\":\"Avec un \u00e9l\u00e9vateur pour \u00e9v\u00e9nements d'Alp Lift, vous pouvez amener votre pr\u00e9cieux \u00e9quipement (lumi\u00e8re, image et son) \u00e0 la hauteur souhait\u00e9e. D\u00e9couvrez cet \u00e9l\u00e9vateur de mat\u00e9riaux unique.\",\"breadcrumb\":{\"@id\":\"https:\/\/oud.alplift.com\/fr\/elevateur-pour-evenments\/#breadcrumb\"},\"inLanguage\":\"fr-FR\",\"potentialAction\":[{\"@type\":\"ReadAction\",\"target\":[\"https:\/\/oud.alplift.com\/fr\/elevateur-pour-evenments\/\"]}]},{\"@type\":\"BreadcrumbList\",\"@id\":\"https:\/\/oud.alplift.com\/fr\/elevateur-pour-evenments\/#breadcrumb\",\"itemListElement\":[{\"@type\":\"ListItem\",\"position\":1,\"name\":\"Home\",\"item\":\"https:\/\/oud.alplift.com\/fr\/\"},{\"@type\":\"ListItem\",\"position\":2,\"name\":\"El\u00e9vateur pour \u00e9v\u00e9nements\"}]},{\"@type\":\"WebSite\",\"@id\":\"https:\/\/oud.alplift.com\/fr\/#website\",\"url\":\"https:\/\/oud.alplift.com\/fr\/\",\"name\":\"Alp Lift\",\"description\":\"Lifting Equipment\",\"potentialAction\":[{\"@type\":\"SearchAction\",\"target\":{\"@type\":\"EntryPoint\",\"urlTemplate\":\"https:\/\/oud.alplift.com\/fr\/?s={search_term_string}\"},\"query-input\":{\"@type\":\"PropertyValueSpecification\",\"valueRequired\":true,\"valueName\":\"search_term_string\"}}],\"inLanguage\":\"fr-FR\"}]}<\/script>\n<!-- \/ Yoast SEO plugin. -->","yoast_head_json":{"title":"Acheter un \u00e9l\u00e9vateur pour \u00e9v\u00e9nements | Alp Lift France","description":"Avec un \u00e9l\u00e9vateur pour \u00e9v\u00e9nements d'Alp Lift, vous pouvez amener votre pr\u00e9cieux \u00e9quipement (lumi\u00e8re, image et son) \u00e0 la hauteur souhait\u00e9e. D\u00e9couvrez cet \u00e9l\u00e9vateur de mat\u00e9riaux unique.","robots":{"index":"noindex","follow":"follow","max-snippet":"max-snippet:-1","max-image-preview":"max-image-preview:large","max-video-preview":"max-video-preview:-1"},"og_locale":"fr_FR","og_type":"article","og_title":"Acheter un \u00e9l\u00e9vateur pour \u00e9v\u00e9nements | Alp Lift France","og_description":"Avec un \u00e9l\u00e9vateur pour \u00e9v\u00e9nements d'Alp Lift, vous pouvez amener votre pr\u00e9cieux \u00e9quipement (lumi\u00e8re, image et son) \u00e0 la hauteur souhait\u00e9e. D\u00e9couvrez cet \u00e9l\u00e9vateur de mat\u00e9riaux unique.","og_url":"https:\/\/oud.alplift.com\/fr\/elevateur-pour-evenments\/","og_site_name":"Alp Lift","article_modified_time":"2022-02-14T16:04:02+00:00","twitter_card":"summary_large_image","twitter_misc":{"Dur\u00e9e de lecture estim\u00e9e":"2 minutes"},"schema":{"@context":"https:\/\/schema.org","@graph":[{"@type":"WebPage","@id":"https:\/\/oud.alplift.com\/fr\/elevateur-pour-evenments\/","url":"https:\/\/oud.alplift.com\/fr\/elevateur-pour-evenments\/","name":"Acheter un \u00e9l\u00e9vateur pour \u00e9v\u00e9nements | Alp Lift France","isPartOf":{"@id":"https:\/\/oud.alplift.com\/fr\/#website"},"datePublished":"2020-12-15T12:52:25+00:00","dateModified":"2022-02-14T16:04:02+00:00","description":"Avec un \u00e9l\u00e9vateur pour \u00e9v\u00e9nements d'Alp Lift, vous pouvez amener votre pr\u00e9cieux \u00e9quipement (lumi\u00e8re, image et son) \u00e0 la hauteur souhait\u00e9e. D\u00e9couvrez cet \u00e9l\u00e9vateur de mat\u00e9riaux unique.","breadcrumb":{"@id":"https:\/\/oud.alplift.com\/fr\/elevateur-pour-evenments\/#breadcrumb"},"inLanguage":"fr-FR","potentialAction":[{"@type":"ReadAction","target":["https:\/\/oud.alplift.com\/fr\/elevateur-pour-evenments\/"]}]},{"@type":"BreadcrumbList","@id":"https:\/\/oud.alplift.com\/fr\/elevateur-pour-evenments\/#breadcrumb","itemListElement":[{"@type":"ListItem","position":1,"name":"Home","item":"https:\/\/oud.alplift.com\/fr\/"},{"@type":"ListItem","position":2,"name":"El\u00e9vateur pour \u00e9v\u00e9nements"}]},{"@type":"WebSite","@id":"https:\/\/oud.alplift.com\/fr\/#website","url":"https:\/\/oud.alplift.com\/fr\/","name":"Alp Lift","description":"Lifting Equipment","potentialAction":[{"@type":"SearchAction","target":{"@type":"EntryPoint","urlTemplate":"https:\/\/oud.alplift.com\/fr\/?s={search_term_string}"},"query-input":{"@type":"PropertyValueSpecification","valueRequired":true,"valueName":"search_term_string"}}],"inLanguage":"fr-FR"}]}},"_links":{"self":[{"href":"https:\/\/oud.alplift.com\/fr\/wp-json\/wp\/v2\/pages\/1645","targetHints":{"allow":["GET"]}}],"collection":[{"href":"https:\/\/oud.alplift.com\/fr\/wp-json\/wp\/v2\/pages"}],"about":[{"href":"https:\/\/oud.alplift.com\/fr\/wp-json\/wp\/v2\/types\/page"}],"author":[{"embeddable":true,"href":"https:\/\/oud.alplift.com\/fr\/wp-json\/wp\/v2\/users\/3"}],"replies":[{"embeddable":true,"href":"https:\/\/oud.alplift.com\/fr\/wp-json\/wp\/v2\/comments?post=1645"}],"version-history":[{"count":0,"href":"https:\/\/oud.alplift.com\/fr\/wp-json\/wp\/v2\/pages\/1645\/revisions"}],"wp:attachment":[{"href":"https:\/\/oud.alplift.com\/fr\/wp-json\/wp\/v2\/media?parent=1645"}],"curies":[{"name":"wp","href":"https:\/\/api.w.org\/{rel}","templated":true}]}}