
{"id":1531,"date":"2020-12-15T09:18:09","date_gmt":"2020-12-15T09:18:09","guid":{"rendered":"https:\/\/oud.alplift.com\/nacelles-doccasion\/"},"modified":"2021-12-16T15:07:23","modified_gmt":"2021-12-16T14:07:23","slug":"nacelles-doccasion","status":"publish","type":"page","link":"https:\/\/oud.alplift.com\/fr\/nacelles-doccasion\/","title":{"rendered":"nacelles d&rsquo;occasion"},"content":{"rendered":"<div id='av_section_1'  class='avia-section av-ai7vll-6a1ec5333f046d91024ef2a3fa9079dd main_color avia-section-default avia-no-shadow  avia-builder-el-0  avia-builder-el-no-sibling  avia-bg-style-scroll container_wrap sidebar_right'  ><div class='container av-section-cont-open' ><main  role=\"main\" itemprop=\"mainContentOfPage\"  class='template-page content  av-content-small alpha units'><div class='post-entry post-entry-type-page post-entry-1531'><div class='entry-content-wrapper clearfix'>\n\n<style type=\"text\/css\" data-created_by=\"avia_inline_auto\" id=\"style-css-av-sx2p5-17b6fc40d770dce5c4947cf4503e2a68\">\n.flex_column.av-sx2p5-17b6fc40d770dce5c4947cf4503e2a68{\nborder-radius:0px 0px 0px 0px;\npadding:0px 0px 0px 0px;\n}\n<\/style>\n<div  class='flex_column av-sx2p5-17b6fc40d770dce5c4947cf4503e2a68 av_one_full  avia-builder-el-1  avia-builder-el-no-sibling  first flex_column_div av-zero-column-padding  '     ><section  class='av_textblock_section av-6c4xfd-504b7b7af70f061c04b5f1129baf0e14 '   itemscope=\"itemscope\" itemtype=\"https:\/\/schema.org\/CreativeWork\" ><div class='avia_textblock'  itemprop=\"text\" ><h2 style=\"text-align: center;\">Nacelles et \u00e9l\u00e9vateurs de charge d&rsquo;ccasion<\/h2>\n<p style=\"text-align: left;\">En plus de la vente de machines neuves, nous proposons \u00e9galement \u00e0 la vente des nacelles \u00e9l\u00e9vatrices d&rsquo;occasion ou des \u00e9levateurs de charge d&rsquo;occasion. Toutes ces machines proviennent directement du parc de location et sont bien entretenues. Ou ils proviennent d&rsquo;un \u00e9change par un client. Quoi qu&rsquo;il en soit, nous osons donner une seconde vie \u00e0 ces machines et sommes heureux de les maintenir en parfait \u00e9tat pour vous.<\/p>\n<p style=\"text-align: left;\">Vous souhaitez savoir quelle est la gamme actuelle de machines d&rsquo;occasion? Alors contactez-nous.<\/p>\n<p style=\"text-align: left;\">\n<\/div><\/section><\/div>\n<\/div><\/div><\/main><!-- close content main element --><\/div><\/div><div id='after_section_1'  class='main_color av_default_container_wrap container_wrap sidebar_right'  ><div class='container av-section-cont-open' ><div class='template-page content  av-content-small alpha units'><div class='post-entry post-entry-type-page post-entry-1531'><div class='entry-content-wrapper clearfix'>\n","protected":false},"excerpt":{"rendered":"","protected":false},"author":2,"featured_media":0,"parent":0,"menu_order":0,"comment_status":"open","ping_status":"closed","template":"","meta":{"footnotes":""},"class_list":["post-1531","page","type-page","status-publish","hentry"],"yoast_head":"<!-- This site is optimized with the Yoast SEO plugin v24.0 - https:\/\/yoast.com\/wordpress\/plugins\/seo\/ -->\n<title>Achetez une nacelle ou un \u00e9l\u00e9vateur de charge d&#039;ccasion | Alp Lift International<\/title>\n<meta name=\"description\" content=\"Achetez une nacelle ou un \u00e9l\u00e9vateur de charge d&#039;occasion? Alp Lift propose des machines d&#039;occasion toujours en parfait \u00e9tat. Demandez l&#039;offre actuelle.\" \/>\n<meta name=\"robots\" content=\"noindex, follow, max-snippet:-1, max-image-preview:large, max-video-preview:-1\" \/>\n<meta property=\"og:locale\" content=\"fr_FR\" \/>\n<meta property=\"og:type\" content=\"article\" \/>\n<meta property=\"og:title\" content=\"Achetez une nacelle ou un \u00e9l\u00e9vateur de charge d&#039;ccasion | Alp Lift International\" \/>\n<meta property=\"og:description\" content=\"Achetez une nacelle ou un \u00e9l\u00e9vateur de charge d&#039;occasion? Alp Lift propose des machines d&#039;occasion toujours en parfait \u00e9tat. Demandez l&#039;offre actuelle.\" \/>\n<meta property=\"og:url\" content=\"https:\/\/oud.alplift.com\/fr\/nacelles-doccasion\/\" \/>\n<meta property=\"og:site_name\" content=\"Alp Lift\" \/>\n<meta property=\"article:modified_time\" content=\"2021-12-16T14:07:23+00:00\" \/>\n<meta name=\"twitter:card\" content=\"summary_large_image\" \/>\n<meta name=\"twitter:label1\" content=\"Dur\u00e9e de lecture estim\u00e9e\" \/>\n\t<meta name=\"twitter:data1\" content=\"1 minute\" \/>\n<script type=\"application\/ld+json\" class=\"yoast-schema-graph\">{\"@context\":\"https:\/\/schema.org\",\"@graph\":[{\"@type\":\"WebPage\",\"@id\":\"https:\/\/oud.alplift.com\/fr\/nacelles-doccasion\/\",\"url\":\"https:\/\/oud.alplift.com\/fr\/nacelles-doccasion\/\",\"name\":\"Achetez une nacelle ou un \u00e9l\u00e9vateur de charge d'ccasion | Alp Lift International\",\"isPartOf\":{\"@id\":\"https:\/\/oud.alplift.com\/fr\/#website\"},\"datePublished\":\"2020-12-15T09:18:09+00:00\",\"dateModified\":\"2021-12-16T14:07:23+00:00\",\"description\":\"Achetez une nacelle ou un \u00e9l\u00e9vateur de charge d'occasion? Alp Lift propose des machines d'occasion toujours en parfait \u00e9tat. Demandez l'offre actuelle.\",\"breadcrumb\":{\"@id\":\"https:\/\/oud.alplift.com\/fr\/nacelles-doccasion\/#breadcrumb\"},\"inLanguage\":\"fr-FR\",\"potentialAction\":[{\"@type\":\"ReadAction\",\"target\":[\"https:\/\/oud.alplift.com\/fr\/nacelles-doccasion\/\"]}]},{\"@type\":\"BreadcrumbList\",\"@id\":\"https:\/\/oud.alplift.com\/fr\/nacelles-doccasion\/#breadcrumb\",\"itemListElement\":[{\"@type\":\"ListItem\",\"position\":1,\"name\":\"Home\",\"item\":\"https:\/\/oud.alplift.com\/fr\/\"},{\"@type\":\"ListItem\",\"position\":2,\"name\":\"nacelles d&rsquo;occasion\"}]},{\"@type\":\"WebSite\",\"@id\":\"https:\/\/oud.alplift.com\/fr\/#website\",\"url\":\"https:\/\/oud.alplift.com\/fr\/\",\"name\":\"Alp Lift\",\"description\":\"Lifting Equipment\",\"potentialAction\":[{\"@type\":\"SearchAction\",\"target\":{\"@type\":\"EntryPoint\",\"urlTemplate\":\"https:\/\/oud.alplift.com\/fr\/?s={search_term_string}\"},\"query-input\":{\"@type\":\"PropertyValueSpecification\",\"valueRequired\":true,\"valueName\":\"search_term_string\"}}],\"inLanguage\":\"fr-FR\"}]}<\/script>\n<!-- \/ Yoast SEO plugin. -->","yoast_head_json":{"title":"Achetez une nacelle ou un \u00e9l\u00e9vateur de charge d'ccasion | Alp Lift International","description":"Achetez une nacelle ou un \u00e9l\u00e9vateur de charge d'occasion? Alp Lift propose des machines d'occasion toujours en parfait \u00e9tat. Demandez l'offre actuelle.","robots":{"index":"noindex","follow":"follow","max-snippet":"max-snippet:-1","max-image-preview":"max-image-preview:large","max-video-preview":"max-video-preview:-1"},"og_locale":"fr_FR","og_type":"article","og_title":"Achetez une nacelle ou un \u00e9l\u00e9vateur de charge d'ccasion | Alp Lift International","og_description":"Achetez une nacelle ou un \u00e9l\u00e9vateur de charge d'occasion? Alp Lift propose des machines d'occasion toujours en parfait \u00e9tat. Demandez l'offre actuelle.","og_url":"https:\/\/oud.alplift.com\/fr\/nacelles-doccasion\/","og_site_name":"Alp Lift","article_modified_time":"2021-12-16T14:07:23+00:00","twitter_card":"summary_large_image","twitter_misc":{"Dur\u00e9e de lecture estim\u00e9e":"1 minute"},"schema":{"@context":"https:\/\/schema.org","@graph":[{"@type":"WebPage","@id":"https:\/\/oud.alplift.com\/fr\/nacelles-doccasion\/","url":"https:\/\/oud.alplift.com\/fr\/nacelles-doccasion\/","name":"Achetez une nacelle ou un \u00e9l\u00e9vateur de charge d'ccasion | Alp Lift International","isPartOf":{"@id":"https:\/\/oud.alplift.com\/fr\/#website"},"datePublished":"2020-12-15T09:18:09+00:00","dateModified":"2021-12-16T14:07:23+00:00","description":"Achetez une nacelle ou un \u00e9l\u00e9vateur de charge d'occasion? Alp Lift propose des machines d'occasion toujours en parfait \u00e9tat. Demandez l'offre actuelle.","breadcrumb":{"@id":"https:\/\/oud.alplift.com\/fr\/nacelles-doccasion\/#breadcrumb"},"inLanguage":"fr-FR","potentialAction":[{"@type":"ReadAction","target":["https:\/\/oud.alplift.com\/fr\/nacelles-doccasion\/"]}]},{"@type":"BreadcrumbList","@id":"https:\/\/oud.alplift.com\/fr\/nacelles-doccasion\/#breadcrumb","itemListElement":[{"@type":"ListItem","position":1,"name":"Home","item":"https:\/\/oud.alplift.com\/fr\/"},{"@type":"ListItem","position":2,"name":"nacelles d&rsquo;occasion"}]},{"@type":"WebSite","@id":"https:\/\/oud.alplift.com\/fr\/#website","url":"https:\/\/oud.alplift.com\/fr\/","name":"Alp Lift","description":"Lifting Equipment","potentialAction":[{"@type":"SearchAction","target":{"@type":"EntryPoint","urlTemplate":"https:\/\/oud.alplift.com\/fr\/?s={search_term_string}"},"query-input":{"@type":"PropertyValueSpecification","valueRequired":true,"valueName":"search_term_string"}}],"inLanguage":"fr-FR"}]}},"_links":{"self":[{"href":"https:\/\/oud.alplift.com\/fr\/wp-json\/wp\/v2\/pages\/1531","targetHints":{"allow":["GET"]}}],"collection":[{"href":"https:\/\/oud.alplift.com\/fr\/wp-json\/wp\/v2\/pages"}],"about":[{"href":"https:\/\/oud.alplift.com\/fr\/wp-json\/wp\/v2\/types\/page"}],"author":[{"embeddable":true,"href":"https:\/\/oud.alplift.com\/fr\/wp-json\/wp\/v2\/users\/2"}],"replies":[{"embeddable":true,"href":"https:\/\/oud.alplift.com\/fr\/wp-json\/wp\/v2\/comments?post=1531"}],"version-history":[{"count":0,"href":"https:\/\/oud.alplift.com\/fr\/wp-json\/wp\/v2\/pages\/1531\/revisions"}],"wp:attachment":[{"href":"https:\/\/oud.alplift.com\/fr\/wp-json\/wp\/v2\/media?parent=1531"}],"curies":[{"name":"wp","href":"https:\/\/api.w.org\/{rel}","templated":true}]}}