
{"id":1489,"date":"2020-12-14T12:14:55","date_gmt":"2020-12-14T12:14:55","guid":{"rendered":"https:\/\/oud.alplift.com\/leve-materiaux-sur-mesure\/"},"modified":"2023-06-19T13:11:47","modified_gmt":"2023-06-19T11:11:47","slug":"leve-materiaux-sur-mesure","status":"publish","type":"page","link":"https:\/\/oud.alplift.com\/fr\/leve-materiaux-sur-mesure\/","title":{"rendered":"Desksurfers"},"content":{"rendered":"<div id='full_slider_1'  class='avia-fullwidth-slider main_color avia-shadow av-desktop-hide av-medium-hide  avia-builder-el-0  el_before_av_slideshow_full  avia-builder-el-first   container_wrap sidebar_right'  >\n<style type=\"text\/css\" data-created_by=\"avia_inline_auto\" id=\"style-css-av-km12ezx1-630b8b5105d3cc5cb9ccaf9212dfb05e\">\n#top #wrap_all .avia-slideshow .av-slideshow-caption.av-km12ezx1-630b8b5105d3cc5cb9ccaf9212dfb05e__0 .avia-caption-title{\nfont-size:20px;\n}\n#top .avia-slideshow .av-slideshow-caption.av-km12ezx1-630b8b5105d3cc5cb9ccaf9212dfb05e__0 .avia-caption-content{\nfont-size:22px;\n}\n#top .avia-slideshow .av-slideshow-caption.av-km12ezx1-630b8b5105d3cc5cb9ccaf9212dfb05e__0 .avia-caption-content p{\nfont-size:22px;\n}\n<\/style>\n<div  class='avia-slideshow av-km12ezx1-630b8b5105d3cc5cb9ccaf9212dfb05e avia-slideshow-featured av_slideshow_full avia-slide-slider av-desktop-hide av-medium-hide av-slideshow-ui av-control-default av-slideshow-manual av-loop-once av-loop-manual-endless av-default-height-applied   avia-slideshow-1' data-slideshow-options=\"{&quot;animation&quot;:&quot;slide&quot;,&quot;autoplay&quot;:false,&quot;loop_autoplay&quot;:&quot;once&quot;,&quot;interval&quot;:5,&quot;loop_manual&quot;:&quot;manual-endless&quot;,&quot;autoplay_stopper&quot;:false,&quot;noNavigation&quot;:false,&quot;bg_slider&quot;:false,&quot;keep_padding&quot;:false,&quot;hoverpause&quot;:false,&quot;show_slide_delay&quot;:0}\"  itemprop=\"image\" itemscope=\"itemscope\" itemtype=\"https:\/\/schema.org\/ImageObject\" ><ul class='avia-slideshow-inner ' style='padding-bottom: 28.666666666667%;'><li  class='avia-slideshow-slide av-km12ezx1-630b8b5105d3cc5cb9ccaf9212dfb05e__0  av-single-slide slide-1 slide-odd'><div data-rel='slideshow-1' class='avia-slide-wrap '   ><div class='av-slideshow-caption av-km12ezx1-630b8b5105d3cc5cb9ccaf9212dfb05e__0 caption_fullwidth caption_right'><div class=\"container caption_container\"><div class=\"slideshow_caption\"><div class=\"slideshow_inner_caption\"><div class=\"slideshow_align_caption\"><h2 class='avia-caption-title '  itemprop=\"name\" >Innovation en mati\u00e8re de s\u00e9curit\u00e9 du travail en hauteur<\/h2><div class='avia-caption-content '  itemprop=\"description\" ><p>D\u00e9couvrez notre l\u00e8ve-materiaux avec plateforme de travail<\/p>\n<\/div><\/div><\/div><\/div><\/div><\/div><img decoding=\"async\" fetchpriority=\"high\" class=\"wp-image-3939 avia-img-lazy-loading-not-3939\"  src=\"https:\/\/oud.alplift.com\/wp-content\/uploads\/2021\/03\/Alplift-slider_montagelift-met-platform-1500x430.jpg\" width=\"1500\" height=\"430\" title='Alplift slider_montagelift met platform' alt=''  itemprop=\"thumbnailUrl\"   \/><\/div><\/li><\/ul><\/div><\/div>\n<div id='full_slider_2'  class='avia-fullwidth-slider main_color avia-shadow av-small-hide av-mini-hide  avia-builder-el-1  el_after_av_slideshow_full  el_before_av_one_full   slider-not-first container_wrap sidebar_right'  >\n<style type=\"text\/css\" data-created_by=\"avia_inline_auto\" id=\"style-css-av-km12fedz-bc19374cb1b02d7f2b897cf60cebedd7\">\n#top #wrap_all .avia-slideshow .av-slideshow-caption.av-km12fedz-bc19374cb1b02d7f2b897cf60cebedd7__0 .avia-caption-title{\nfont-size:20px;\n}\n#top .avia-slideshow .av-slideshow-caption.av-km12fedz-bc19374cb1b02d7f2b897cf60cebedd7__0 .avia-caption-content{\nfont-size:22px;\n}\n#top .avia-slideshow .av-slideshow-caption.av-km12fedz-bc19374cb1b02d7f2b897cf60cebedd7__0 .avia-caption-content p{\nfont-size:22px;\n}\n<\/style>\n<div  class='avia-slideshow av-km12fedz-bc19374cb1b02d7f2b897cf60cebedd7 avia-slideshow-featured av_slideshow_full avia-slide-slider av-small-hide av-mini-hide av-slideshow-ui av-control-default av-slideshow-manual av-loop-once av-loop-manual-endless av-default-height-applied   avia-slideshow-2' data-slideshow-options=\"{&quot;animation&quot;:&quot;slide&quot;,&quot;autoplay&quot;:false,&quot;loop_autoplay&quot;:&quot;once&quot;,&quot;interval&quot;:5,&quot;loop_manual&quot;:&quot;manual-endless&quot;,&quot;autoplay_stopper&quot;:false,&quot;noNavigation&quot;:false,&quot;bg_slider&quot;:false,&quot;keep_padding&quot;:false,&quot;hoverpause&quot;:false,&quot;show_slide_delay&quot;:0}\"  itemprop=\"image\" itemscope=\"itemscope\" itemtype=\"https:\/\/schema.org\/ImageObject\" ><ul class='avia-slideshow-inner ' style='padding-bottom: 28.666666666667%;'><li  class='avia-slideshow-slide av-km12fedz-bc19374cb1b02d7f2b897cf60cebedd7__0  av-single-slide slide-1 slide-odd'><div data-rel='slideshow-2' class='avia-slide-wrap '   ><div class='av-slideshow-caption av-km12fedz-bc19374cb1b02d7f2b897cf60cebedd7__0 caption_fullwidth caption_right'><div class=\"container caption_container\"><div class=\"slideshow_caption\"><div class=\"slideshow_inner_caption\"><div class=\"slideshow_align_caption\"><h2 class='avia-caption-title '  itemprop=\"name\" >Innovation en mati\u00e8re de s\u00e9curit\u00e9 du travail en hauteur<\/h2><div class='avia-caption-content '  itemprop=\"description\" ><p>D\u00e9couvrez notre l\u00e8ve-materiaux avec plateforme de travail<\/p>\n<\/div><\/div><\/div><\/div><\/div><\/div><img decoding=\"async\" fetchpriority=\"high\" class=\"wp-image-3939 avia-img-lazy-loading-not-3939\"  src=\"https:\/\/oud.alplift.com\/wp-content\/uploads\/2021\/03\/Alplift-slider_montagelift-met-platform-1500x430.jpg\" width=\"1500\" height=\"430\" title='Alplift slider_montagelift met platform' alt=''  itemprop=\"thumbnailUrl\"   \/><\/div><\/li><\/ul><\/div><\/div><div id='after_full_slider_2'  class='main_color av_default_container_wrap container_wrap sidebar_right'  ><div class='container av-section-cont-open' ><div class='template-page content  av-content-small alpha units'><div class='post-entry post-entry-type-page post-entry-1489'><div class='entry-content-wrapper clearfix'>\n\n<style type=\"text\/css\" data-created_by=\"avia_inline_auto\" id=\"style-css-av-9oj3g-a591d3336f93e97baf4856f4c1cd4731\">\n.flex_column.av-9oj3g-a591d3336f93e97baf4856f4c1cd4731{\nborder-radius:0px 0px 0px 0px;\npadding:0px 0px 0px 0px;\n}\n<\/style>\n<div  class='flex_column av-9oj3g-a591d3336f93e97baf4856f4c1cd4731 av_one_full  avia-builder-el-2  el_after_av_slideshow_full  avia-builder-el-no-sibling  first flex_column_div av-zero-column-padding  '     ><section  class='av_textblock_section av-kiofwzkb-e8ac2af89886d9884f5209a093a29c14 '   itemscope=\"itemscope\" itemtype=\"https:\/\/schema.org\/CreativeWork\" ><div class='avia_textblock'  itemprop=\"text\" ><h2>Desksurfers<\/h2>\n<p>Alp Lift propose divers l\u00e8ve materiaux sp\u00e9ciaux dans sa gamme. <\/p>\n<p>Notre \u00e9l\u00e9vateur de charge avec plate-forme peut non seulement \u00eatre utilis\u00e9 pour soulever des mat\u00e9riaux, mais peut \u00e9galement \u00eatre utilis\u00e9 comme plate-forme de travail pour 1 personne plate-forme \u00e9l\u00e9vatrice en raison de la combinaison avec la plate-forme s\u00e9par\u00e9e.<\/span><\/p>\n<p>Avec le desksurfer, vous pouvez facilement travailler au-dessus de bureaux ou de r\u00e9ceptions sur des \u00e9clairages ou des plaques de plafond, par exemple.<\/p>\n<p><span class=\"JLqJ4b ChMk0b\" data-language-for-alternatives=\"nl\" data-language-to-translate-into=\"en\" data-phrase-index=\"2\">Nous pouvons \u00e9galement proposer des solutions sur mesure pour r\u00e9pondre \u00e0 vos besoins, comme l&rsquo;\u00e9largissement ou le r\u00e9tr\u00e9cissement de la fourche.<\/span> <span class=\"JLqJ4b ChMk0b\" data-language-for-alternatives=\"nl\" data-language-to-translate-into=\"en\" data-phrase-index=\"3\">Consultez nos l\u00e8ve de mat\u00e9riaux sp\u00e9ciaux ou appelez-nous pour plus d&rsquo;options.<\/span><\/p>\n<\/div><\/section><br \/>\n<section  class='av_textblock_section av-kia1i0fv-df660527b77528f599e22f12b5bfb8ae '   itemscope=\"itemscope\" itemtype=\"https:\/\/schema.org\/CreativeWork\" ><div class='avia_textblock'  itemprop=\"text\" ><div class=\"woocommerce columns-4 \"><div class=\"facetwp-template\"><ul class=\"products columns-4\">\n<li class=\"product type-product post-3166 status-publish first instock product_cat-elevateurs-de-charges-250-kg product_cat-elevateurs-de-charges-350-kg product_cat-leve-materiaux product_cat-leve-materiaux-speciaux has-post-thumbnail shipping-taxable product-type-simple\">\n\t<div class='inner_product main_color wrapped_style noLightbox  av-product-class-'><a href=\"https:\/\/oud.alplift.com\/fr\/produit\/desksurfer\/\" class=\"woocommerce-LoopProduct-link woocommerce-loop-product__link\"><div class=\"thumbnail_container\"><img decoding=\"async\" loading=\"lazy\" width=\"450\" height=\"450\" src=\"https:\/\/oud.alplift.com\/wp-content\/uploads\/2021\/01\/Desksurfer-zijkant-450x450.jpg\" class=\"wp-image-7712 avia-img-lazy-loading-7712 attachment-shop_catalog size-shop_catalog wp-post-image\" alt=\"\" srcset=\"https:\/\/oud.alplift.com\/wp-content\/uploads\/2021\/01\/Desksurfer-zijkant-450x450.jpg 450w, https:\/\/oud.alplift.com\/wp-content\/uploads\/2021\/01\/Desksurfer-zijkant-80x80.jpg 80w, https:\/\/oud.alplift.com\/wp-content\/uploads\/2021\/01\/Desksurfer-zijkant-36x36.jpg 36w, https:\/\/oud.alplift.com\/wp-content\/uploads\/2021\/01\/Desksurfer-zijkant-180x180.jpg 180w, https:\/\/oud.alplift.com\/wp-content\/uploads\/2021\/01\/Desksurfer-zijkant-120x120.jpg 120w, https:\/\/oud.alplift.com\/wp-content\/uploads\/2021\/01\/Desksurfer-zijkant-300x300.jpg 300w, https:\/\/oud.alplift.com\/wp-content\/uploads\/2021\/01\/Desksurfer-zijkant-100x100.jpg 100w\" sizes=\"auto, (max-width: 450px) 100vw, 450px\" \/><span class=\"cart-loading\"><\/span><\/div><div class='inner_product_header'><div class='avia-arrow'><\/div><div class='inner_product_header_table'><div class='inner_product_header_cell'><h2 class=\"woocommerce-loop-product__title\">Desksurfer<\/h2>\n<\/div><\/div><\/div><\/a><div class='avia_cart_buttons '>\t<span id=\"woocommerce_loop_add_to_cart_link_describedby_3166\" class=\"screen-reader-text\"><span aria-hidden='true' data-av_icon='\ue859' data-av_iconfont='entypo-fontello'><\/span> \n\t\t\t<\/span>\n<a class=\"button show_details_button\" href=\"https:\/\/oud.alplift.com\/fr\/produit\/desksurfer\/\"><span aria-hidden='true' data-av_icon='\ue84b' data-av_iconfont='entypo-fontello'><\/span>  Voir les d\u00e9tails<\/a> <span class=\"button-mini-delimiter\"><\/span><\/div><\/div><\/li>\n<li class=\"product type-product post-3153 status-publish instock product_cat-elevateurs-de-charges product_cat-leve-materiaux product_cat-leve-materiaux-speciaux has-post-thumbnail shipping-taxable product-type-simple\">\n\t<div class='inner_product main_color wrapped_style noLightbox  av-product-class-'><a href=\"https:\/\/oud.alplift.com\/fr\/produit\/elevateur-de-materiaux-avec-plateforme-pl200\/\" class=\"woocommerce-LoopProduct-link woocommerce-loop-product__link\"><div class=\"thumbnail_container\"><img decoding=\"async\" loading=\"lazy\" width=\"300\" height=\"300\" src=\"https:\/\/oud.alplift.com\/wp-content\/uploads\/2021\/01\/ALP02-08-scaled-1-300x300.jpg\" class=\"wp-image-2833 avia-img-lazy-loading-2833 attachment-shop_catalog size-shop_catalog wp-post-image\" alt=\"\" srcset=\"https:\/\/oud.alplift.com\/wp-content\/uploads\/2021\/01\/ALP02-08-scaled-1-300x300.jpg 300w, https:\/\/oud.alplift.com\/wp-content\/uploads\/2021\/01\/ALP02-08-scaled-1-1030x1030.jpg 1030w, https:\/\/oud.alplift.com\/wp-content\/uploads\/2021\/01\/ALP02-08-scaled-1-80x80.jpg 80w, https:\/\/oud.alplift.com\/wp-content\/uploads\/2021\/01\/ALP02-08-scaled-1-768x768.jpg 768w, https:\/\/oud.alplift.com\/wp-content\/uploads\/2021\/01\/ALP02-08-scaled-1-1536x1536.jpg 1536w, https:\/\/oud.alplift.com\/wp-content\/uploads\/2021\/01\/ALP02-08-scaled-1-2048x2048.jpg 2048w, https:\/\/oud.alplift.com\/wp-content\/uploads\/2021\/01\/ALP02-08-scaled-1-36x36.jpg 36w, https:\/\/oud.alplift.com\/wp-content\/uploads\/2021\/01\/ALP02-08-scaled-1-180x180.jpg 180w, https:\/\/oud.alplift.com\/wp-content\/uploads\/2021\/01\/ALP02-08-scaled-1-1500x1500.jpg 1500w, https:\/\/oud.alplift.com\/wp-content\/uploads\/2021\/01\/ALP02-08-scaled-1-705x705.jpg 705w, https:\/\/oud.alplift.com\/wp-content\/uploads\/2021\/01\/ALP02-08-scaled-1-100x100.jpg 100w, https:\/\/oud.alplift.com\/wp-content\/uploads\/2021\/01\/ALP02-08-scaled-1-600x600.jpg 600w\" sizes=\"auto, (max-width: 300px) 100vw, 300px\" \/><span class=\"cart-loading\"><\/span><\/div><div class='inner_product_header'><div class='avia-arrow'><\/div><div class='inner_product_header_table'><div class='inner_product_header_cell'><h2 class=\"woocommerce-loop-product__title\">Elevateur de materiaux avec plateforme &#8211; PL200<\/h2>\n<\/div><\/div><\/div><\/a><div class='avia_cart_buttons '>\t<span id=\"woocommerce_loop_add_to_cart_link_describedby_3153\" class=\"screen-reader-text\"><span aria-hidden='true' data-av_icon='\ue859' data-av_iconfont='entypo-fontello'><\/span> \n\t\t\t<\/span>\n<a class=\"button show_details_button\" href=\"https:\/\/oud.alplift.com\/fr\/produit\/elevateur-de-materiaux-avec-plateforme-pl200\/\"><span aria-hidden='true' data-av_icon='\ue84b' data-av_iconfont='entypo-fontello'><\/span>  Voir les d\u00e9tails<\/a> <span class=\"button-mini-delimiter\"><\/span><\/div><\/div><\/li>\n<\/ul>\n<\/div><!-- end facetwp-template --><\/div>\n<\/div><\/section><\/p><\/div>\n","protected":false},"excerpt":{"rendered":"","protected":false},"author":3,"featured_media":0,"parent":0,"menu_order":0,"comment_status":"closed","ping_status":"closed","template":"","meta":{"footnotes":""},"class_list":["post-1489","page","type-page","status-publish","hentry"],"yoast_head":"<!-- This site is optimized with the Yoast SEO plugin v24.0 - https:\/\/yoast.com\/wordpress\/plugins\/seo\/ -->\n<title>Acheter des desksurfers | Alp Lift<\/title>\n<meta name=\"description\" content=\"Acheter des l\u00e8ve materiaux speciaux? Large choix \u00e0 Alp Lift des l\u00e8ve mat\u00e9riaux pour applications sp\u00e9ciales \u221a les desksurfers \u221a les \u00e9levateur de charges avec une plate-forme de travail\" \/>\n<meta name=\"robots\" content=\"noindex, follow, max-snippet:-1, max-image-preview:large, max-video-preview:-1\" \/>\n<meta property=\"og:locale\" content=\"fr_FR\" \/>\n<meta property=\"og:type\" content=\"article\" \/>\n<meta property=\"og:title\" content=\"Acheter des desksurfers | Alp Lift\" \/>\n<meta property=\"og:description\" content=\"Acheter des l\u00e8ve materiaux speciaux? Large choix \u00e0 Alp Lift des l\u00e8ve mat\u00e9riaux pour applications sp\u00e9ciales \u221a les desksurfers \u221a les \u00e9levateur de charges avec une plate-forme de travail\" \/>\n<meta property=\"og:url\" content=\"https:\/\/oud.alplift.com\/fr\/leve-materiaux-sur-mesure\/\" \/>\n<meta property=\"og:site_name\" content=\"Alp Lift\" \/>\n<meta property=\"article:modified_time\" content=\"2023-06-19T11:11:47+00:00\" \/>\n<meta name=\"twitter:card\" content=\"summary_large_image\" \/>\n<meta name=\"twitter:label1\" content=\"Dur\u00e9e de lecture estim\u00e9e\" \/>\n\t<meta name=\"twitter:data1\" content=\"4 minutes\" \/>\n<script type=\"application\/ld+json\" class=\"yoast-schema-graph\">{\"@context\":\"https:\/\/schema.org\",\"@graph\":[{\"@type\":\"WebPage\",\"@id\":\"https:\/\/oud.alplift.com\/fr\/leve-materiaux-sur-mesure\/\",\"url\":\"https:\/\/oud.alplift.com\/fr\/leve-materiaux-sur-mesure\/\",\"name\":\"Acheter des desksurfers | Alp Lift\",\"isPartOf\":{\"@id\":\"https:\/\/oud.alplift.com\/fr\/#website\"},\"datePublished\":\"2020-12-14T12:14:55+00:00\",\"dateModified\":\"2023-06-19T11:11:47+00:00\",\"description\":\"Acheter des l\u00e8ve materiaux speciaux? Large choix \u00e0 Alp Lift des l\u00e8ve mat\u00e9riaux pour applications sp\u00e9ciales \u221a les desksurfers \u221a les \u00e9levateur de charges avec une plate-forme de travail\",\"breadcrumb\":{\"@id\":\"https:\/\/oud.alplift.com\/fr\/leve-materiaux-sur-mesure\/#breadcrumb\"},\"inLanguage\":\"fr-FR\",\"potentialAction\":[{\"@type\":\"ReadAction\",\"target\":[\"https:\/\/oud.alplift.com\/fr\/leve-materiaux-sur-mesure\/\"]}]},{\"@type\":\"BreadcrumbList\",\"@id\":\"https:\/\/oud.alplift.com\/fr\/leve-materiaux-sur-mesure\/#breadcrumb\",\"itemListElement\":[{\"@type\":\"ListItem\",\"position\":1,\"name\":\"Home\",\"item\":\"https:\/\/oud.alplift.com\/fr\/\"},{\"@type\":\"ListItem\",\"position\":2,\"name\":\"Desksurfers\"}]},{\"@type\":\"WebSite\",\"@id\":\"https:\/\/oud.alplift.com\/fr\/#website\",\"url\":\"https:\/\/oud.alplift.com\/fr\/\",\"name\":\"Alp Lift\",\"description\":\"Lifting Equipment\",\"potentialAction\":[{\"@type\":\"SearchAction\",\"target\":{\"@type\":\"EntryPoint\",\"urlTemplate\":\"https:\/\/oud.alplift.com\/fr\/?s={search_term_string}\"},\"query-input\":{\"@type\":\"PropertyValueSpecification\",\"valueRequired\":true,\"valueName\":\"search_term_string\"}}],\"inLanguage\":\"fr-FR\"}]}<\/script>\n<!-- \/ Yoast SEO plugin. -->","yoast_head_json":{"title":"Acheter des desksurfers | Alp Lift","description":"Acheter des l\u00e8ve materiaux speciaux? Large choix \u00e0 Alp Lift des l\u00e8ve mat\u00e9riaux pour applications sp\u00e9ciales \u221a les desksurfers \u221a les \u00e9levateur de charges avec une plate-forme de travail","robots":{"index":"noindex","follow":"follow","max-snippet":"max-snippet:-1","max-image-preview":"max-image-preview:large","max-video-preview":"max-video-preview:-1"},"og_locale":"fr_FR","og_type":"article","og_title":"Acheter des desksurfers | Alp Lift","og_description":"Acheter des l\u00e8ve materiaux speciaux? Large choix \u00e0 Alp Lift des l\u00e8ve mat\u00e9riaux pour applications sp\u00e9ciales \u221a les desksurfers \u221a les \u00e9levateur de charges avec une plate-forme de travail","og_url":"https:\/\/oud.alplift.com\/fr\/leve-materiaux-sur-mesure\/","og_site_name":"Alp Lift","article_modified_time":"2023-06-19T11:11:47+00:00","twitter_card":"summary_large_image","twitter_misc":{"Dur\u00e9e de lecture estim\u00e9e":"4 minutes"},"schema":{"@context":"https:\/\/schema.org","@graph":[{"@type":"WebPage","@id":"https:\/\/oud.alplift.com\/fr\/leve-materiaux-sur-mesure\/","url":"https:\/\/oud.alplift.com\/fr\/leve-materiaux-sur-mesure\/","name":"Acheter des desksurfers | Alp Lift","isPartOf":{"@id":"https:\/\/oud.alplift.com\/fr\/#website"},"datePublished":"2020-12-14T12:14:55+00:00","dateModified":"2023-06-19T11:11:47+00:00","description":"Acheter des l\u00e8ve materiaux speciaux? Large choix \u00e0 Alp Lift des l\u00e8ve mat\u00e9riaux pour applications sp\u00e9ciales \u221a les desksurfers \u221a les \u00e9levateur de charges avec une plate-forme de travail","breadcrumb":{"@id":"https:\/\/oud.alplift.com\/fr\/leve-materiaux-sur-mesure\/#breadcrumb"},"inLanguage":"fr-FR","potentialAction":[{"@type":"ReadAction","target":["https:\/\/oud.alplift.com\/fr\/leve-materiaux-sur-mesure\/"]}]},{"@type":"BreadcrumbList","@id":"https:\/\/oud.alplift.com\/fr\/leve-materiaux-sur-mesure\/#breadcrumb","itemListElement":[{"@type":"ListItem","position":1,"name":"Home","item":"https:\/\/oud.alplift.com\/fr\/"},{"@type":"ListItem","position":2,"name":"Desksurfers"}]},{"@type":"WebSite","@id":"https:\/\/oud.alplift.com\/fr\/#website","url":"https:\/\/oud.alplift.com\/fr\/","name":"Alp Lift","description":"Lifting Equipment","potentialAction":[{"@type":"SearchAction","target":{"@type":"EntryPoint","urlTemplate":"https:\/\/oud.alplift.com\/fr\/?s={search_term_string}"},"query-input":{"@type":"PropertyValueSpecification","valueRequired":true,"valueName":"search_term_string"}}],"inLanguage":"fr-FR"}]}},"_links":{"self":[{"href":"https:\/\/oud.alplift.com\/fr\/wp-json\/wp\/v2\/pages\/1489","targetHints":{"allow":["GET"]}}],"collection":[{"href":"https:\/\/oud.alplift.com\/fr\/wp-json\/wp\/v2\/pages"}],"about":[{"href":"https:\/\/oud.alplift.com\/fr\/wp-json\/wp\/v2\/types\/page"}],"author":[{"embeddable":true,"href":"https:\/\/oud.alplift.com\/fr\/wp-json\/wp\/v2\/users\/3"}],"replies":[{"embeddable":true,"href":"https:\/\/oud.alplift.com\/fr\/wp-json\/wp\/v2\/comments?post=1489"}],"version-history":[{"count":0,"href":"https:\/\/oud.alplift.com\/fr\/wp-json\/wp\/v2\/pages\/1489\/revisions"}],"wp:attachment":[{"href":"https:\/\/oud.alplift.com\/fr\/wp-json\/wp\/v2\/media?parent=1489"}],"curies":[{"name":"wp","href":"https:\/\/api.w.org\/{rel}","templated":true}]}}