
{"id":1453,"date":"2020-12-14T09:58:49","date_gmt":"2020-12-14T09:58:49","guid":{"rendered":"https:\/\/oud.alplift.com\/service-apres-vente-et-entretien\/"},"modified":"2023-09-25T12:23:53","modified_gmt":"2023-09-25T10:23:53","slug":"service-apres-vente-et-entretien","status":"publish","type":"page","link":"https:\/\/oud.alplift.com\/fr\/service-apres-vente-et-entretien\/","title":{"rendered":"Service apr\u00e8s-vente et entretien"},"content":{"rendered":"<div id='full_slider_1'  class='avia-fullwidth-slider main_color avia-shadow   avia-builder-el-0  el_before_av_one_full  avia-builder-el-first   container_wrap sidebar_right'  ><div  class='avia-slideshow av-kiobkv42-bc269345c481a72926c52d799643f885 avia-slideshow-featured av_slideshow_full avia-slide-slider av-slideshow-ui av-control-default av-slideshow-manual av-loop-once av-loop-manual-endless av-default-height-applied   avia-slideshow-1' data-slideshow-options=\"{&quot;animation&quot;:&quot;slide&quot;,&quot;autoplay&quot;:false,&quot;loop_autoplay&quot;:&quot;once&quot;,&quot;interval&quot;:5,&quot;loop_manual&quot;:&quot;manual-endless&quot;,&quot;autoplay_stopper&quot;:false,&quot;noNavigation&quot;:false,&quot;bg_slider&quot;:false,&quot;keep_padding&quot;:false,&quot;hoverpause&quot;:false,&quot;show_slide_delay&quot;:0}\"  itemprop=\"image\" itemscope=\"itemscope\" itemtype=\"https:\/\/schema.org\/ImageObject\" ><ul class='avia-slideshow-inner ' style='padding-bottom: 16.75%;'><li  class='avia-slideshow-slide av-kiobkv42-bc269345c481a72926c52d799643f885__0  av-single-slide slide-1 slide-odd'><div data-rel='slideshow-1' class='avia-slide-wrap '   ><img decoding=\"async\" fetchpriority=\"high\" class=\"wp-image-6970 avia-img-lazy-loading-not-6970\"  src=\"https:\/\/oud.alplift.com\/wp-content\/uploads\/2020\/11\/onderhoud-en-service-1.jpg\" width=\"400\" height=\"67\" title='onderhoud en service' alt=''  itemprop=\"thumbnailUrl\" srcset=\"https:\/\/oud.alplift.com\/wp-content\/uploads\/2020\/11\/onderhoud-en-service-1.jpg 400w, https:\/\/oud.alplift.com\/wp-content\/uploads\/2020\/11\/onderhoud-en-service-1-300x50.jpg 300w\" sizes=\"(max-width: 400px) 100vw, 400px\" \/><\/div><\/li><\/ul><\/div><\/div><div id='after_full_slider_1'  class='main_color av_default_container_wrap container_wrap sidebar_right'  ><div class='container av-section-cont-open' ><div class='template-page content  av-content-small alpha units'><div class='post-entry post-entry-type-page post-entry-1453'><div class='entry-content-wrapper clearfix'>\n\n<style type=\"text\/css\" data-created_by=\"avia_inline_auto\" id=\"style-css-av-7pct9u-fe61897651ec04586d0d0a6c60fa50ae\">\n.flex_column.av-7pct9u-fe61897651ec04586d0d0a6c60fa50ae{\nborder-radius:0px 0px 0px 0px;\npadding:0px 0px 0px 0px;\n}\n<\/style>\n<div  class='flex_column av-7pct9u-fe61897651ec04586d0d0a6c60fa50ae av_one_full  avia-builder-el-1  el_after_av_slideshow_full  el_before_av_one_third  avia-builder-el-first  first flex_column_div av-zero-column-padding  '     ><section  class='av_textblock_section av-kiob8uvn-9f2b71e4bbc40816d8575ae3f5a01947 '   itemscope=\"itemscope\" itemtype=\"https:\/\/schema.org\/CreativeWork\" ><div class='avia_textblock'  itemprop=\"text\" ><h2 style=\"text-align: center;\">Notre service apr\u00e8s-vente<\/h2>\n<p style=\"text-align: left;\">Notre \u00e9quipe d\u00e9vou\u00e9e et experte est \u00e0 votre disposition pour r\u00e9pondre \u00e0 vos questions ou organiser l&rsquo;entretien de vos machines. Nous travaillons en \u00e9troite collaboration avec nos partenaires \u00e0 l&rsquo;\u00e9tranger. Ceci assure votre s\u00e9curit\u00e9 et une continuit\u00e9 lorsque vous travaillez avec nos \u00e9quipements.<\/p>\n<\/div><\/section><\/div>\n<style type=\"text\/css\" data-created_by=\"avia_inline_auto\" id=\"style-css-av-6fgi8y-628bccea6fecb12cb4992450cc033f25\">\n.flex_column.av-6fgi8y-628bccea6fecb12cb4992450cc033f25{\nborder-radius:0px 0px 0px 0px;\npadding:0px 0px 0px 0px;\n}\n<\/style>\n<div  class='flex_column av-6fgi8y-628bccea6fecb12cb4992450cc033f25 av_one_third  avia-builder-el-3  el_after_av_one_full  el_before_av_one_third  first flex_column_div av-zero-column-padding  column-top-margin'     ><section  class='av_textblock_section av-kiobg2t0-2129ec897088645875435560338b6829 '   itemscope=\"itemscope\" itemtype=\"https:\/\/schema.org\/CreativeWork\" ><div class='avia_textblock'  itemprop=\"text\" ><h4>Entretien et pi\u00e8ces d\u00e9tach\u00e9es<\/h4>\n<p>Vous souhaitez prendre rendez-vous pour l&rsquo;entretien ou la r\u00e9paration de votre plateforme \u00e9l\u00e9vatrice ou de votre \u00e9l\u00e9vateur de mat\u00e9riaux ? Ou vous voulez commander des pi\u00e8ces ? Vous pouvez nous appeler au +31 (0)30 6621166 ou nous envoyer un e-mail: service@alplift.com De nombreuses pi\u00e8ces sont disponibles en stock.<\/p>\n<\/div><\/section><\/div>\n<style type=\"text\/css\" data-created_by=\"avia_inline_auto\" id=\"style-css-av-cpmvm-9551d304bea0d6bc2ccc7f0dcb5075ab\">\n.flex_column.av-cpmvm-9551d304bea0d6bc2ccc7f0dcb5075ab{\nborder-radius:0px 0px 0px 0px;\npadding:0px 0px 0px 0px;\n}\n<\/style>\n<div  class='flex_column av-cpmvm-9551d304bea0d6bc2ccc7f0dcb5075ab av_one_third  avia-builder-el-5  el_after_av_one_third  el_before_av_one_third  flex_column_div av-zero-column-padding  column-top-margin'     ><section  class='av_textblock_section av-kiobiebv-8cf5aa7281646237b1cd7bd105889e1f '   itemscope=\"itemscope\" itemtype=\"https:\/\/schema.org\/CreativeWork\" ><div class='avia_textblock'  itemprop=\"text\" ><h4>Probl\u00e8mes techniques<\/h4>\n<p>Notre \u00e9quipe de SAV est l\u00e0 pour vous offrir un service technique hors pair, au t\u00e9l\u00e9phone et en collaboration avec nos partenaires \u00e0 l&rsquo;\u00e9tranger. Ils sont hautement qualifi\u00e9s pour vous aider \u00e0 diagnostiquer et \u00e0 r\u00e9soudre les probl\u00e8mes techniques afin que votre \u00e9quipement continue de fonctionner. Pour signaler un probl\u00e8me technique, veuillez nous appeler pendant les heures d&rsquo;ouverture au +31 (0)30 6621166. Ou signalez votre probl\u00e8me en ligne en utilisant ce form.<\/p>\n<\/div><\/section><\/div>\n<style type=\"text\/css\" data-created_by=\"avia_inline_auto\" id=\"style-css-av-1yx6oy-b2de253d34fce1baa3f624665ad8ac43\">\n.flex_column.av-1yx6oy-b2de253d34fce1baa3f624665ad8ac43{\nborder-radius:0px 0px 0px 0px;\npadding:0px 0px 0px 0px;\n}\n<\/style>\n<div  class='flex_column av-1yx6oy-b2de253d34fce1baa3f624665ad8ac43 av_one_third  avia-builder-el-7  el_after_av_one_third  avia-builder-el-last  flex_column_div av-zero-column-padding  column-top-margin'     ><section  class='av_textblock_section av-kiobkgo1-a56f4862c93e3e08987809a01cc85a41 '   itemscope=\"itemscope\" itemtype=\"https:\/\/schema.org\/CreativeWork\" ><div class='avia_textblock'  itemprop=\"text\" ><h4>Inspection annuelle<\/h4>\n<p>Pour votre s\u00e9curit\u00e9, nous pouvons nous charger de l&rsquo;inspection annuelle de votre machine, selon les directives de s\u00e9curit\u00e9 appropri\u00e9es. De cette fa\u00e7on, votre \u00e9quipement est entretenu dans un \u00e9tat optimal. S&rsquo;il est temps de proc\u00e9der \u00e0 l&rsquo;inspection annuelle, nous vous informerons pour que vous preniez les dispositions n\u00e9cessaires pour savoir comment et o\u00f9 cela sera fait.<\/p>\n<\/div><\/section><\/div><\/p>\n","protected":false},"excerpt":{"rendered":"","protected":false},"author":3,"featured_media":0,"parent":0,"menu_order":0,"comment_status":"closed","ping_status":"closed","template":"","meta":{"footnotes":""},"class_list":["post-1453","page","type-page","status-publish","hentry"],"yoast_head":"<!-- This site is optimized with the Yoast SEO plugin v24.0 - https:\/\/yoast.com\/wordpress\/plugins\/seo\/ -->\n<title>Service apr\u00e8s-vente et pi\u00e8ces d\u00e9tach\u00e9es | Alp Lift International<\/title>\n<meta name=\"description\" content=\"Pour entretien, Inspection annuelle ou probl\u00e8mes techniques, vous pouvez nous appeler au +31 (0)30 6621166 ou nous envoyer un e-mail: service@alplift.com\" \/>\n<meta name=\"robots\" content=\"noindex, follow, max-snippet:-1, max-image-preview:large, max-video-preview:-1\" \/>\n<meta property=\"og:locale\" content=\"fr_FR\" \/>\n<meta property=\"og:type\" content=\"article\" \/>\n<meta property=\"og:title\" content=\"Service apr\u00e8s-vente et pi\u00e8ces d\u00e9tach\u00e9es | Alp Lift International\" \/>\n<meta property=\"og:description\" content=\"Pour entretien, Inspection annuelle ou probl\u00e8mes techniques, vous pouvez nous appeler au +31 (0)30 6621166 ou nous envoyer un e-mail: service@alplift.com\" \/>\n<meta property=\"og:url\" content=\"https:\/\/oud.alplift.com\/fr\/service-apres-vente-et-entretien\/\" \/>\n<meta property=\"og:site_name\" content=\"Alp Lift\" \/>\n<meta property=\"article:modified_time\" content=\"2023-09-25T10:23:53+00:00\" \/>\n<meta name=\"twitter:card\" content=\"summary_large_image\" \/>\n<meta name=\"twitter:label1\" content=\"Dur\u00e9e de lecture estim\u00e9e\" \/>\n\t<meta name=\"twitter:data1\" content=\"3 minutes\" \/>\n<script type=\"application\/ld+json\" class=\"yoast-schema-graph\">{\"@context\":\"https:\/\/schema.org\",\"@graph\":[{\"@type\":\"WebPage\",\"@id\":\"https:\/\/oud.alplift.com\/fr\/service-apres-vente-et-entretien\/\",\"url\":\"https:\/\/oud.alplift.com\/fr\/service-apres-vente-et-entretien\/\",\"name\":\"Service apr\u00e8s-vente et pi\u00e8ces d\u00e9tach\u00e9es | Alp Lift International\",\"isPartOf\":{\"@id\":\"https:\/\/oud.alplift.com\/fr\/#website\"},\"datePublished\":\"2020-12-14T09:58:49+00:00\",\"dateModified\":\"2023-09-25T10:23:53+00:00\",\"description\":\"Pour entretien, Inspection annuelle ou probl\u00e8mes techniques, vous pouvez nous appeler au +31 (0)30 6621166 ou nous envoyer un e-mail: service@alplift.com\",\"breadcrumb\":{\"@id\":\"https:\/\/oud.alplift.com\/fr\/service-apres-vente-et-entretien\/#breadcrumb\"},\"inLanguage\":\"fr-FR\",\"potentialAction\":[{\"@type\":\"ReadAction\",\"target\":[\"https:\/\/oud.alplift.com\/fr\/service-apres-vente-et-entretien\/\"]}]},{\"@type\":\"BreadcrumbList\",\"@id\":\"https:\/\/oud.alplift.com\/fr\/service-apres-vente-et-entretien\/#breadcrumb\",\"itemListElement\":[{\"@type\":\"ListItem\",\"position\":1,\"name\":\"Home\",\"item\":\"https:\/\/oud.alplift.com\/fr\/\"},{\"@type\":\"ListItem\",\"position\":2,\"name\":\"Service apr\u00e8s-vente et entretien\"}]},{\"@type\":\"WebSite\",\"@id\":\"https:\/\/oud.alplift.com\/fr\/#website\",\"url\":\"https:\/\/oud.alplift.com\/fr\/\",\"name\":\"Alp Lift\",\"description\":\"Lifting Equipment\",\"potentialAction\":[{\"@type\":\"SearchAction\",\"target\":{\"@type\":\"EntryPoint\",\"urlTemplate\":\"https:\/\/oud.alplift.com\/fr\/?s={search_term_string}\"},\"query-input\":{\"@type\":\"PropertyValueSpecification\",\"valueRequired\":true,\"valueName\":\"search_term_string\"}}],\"inLanguage\":\"fr-FR\"}]}<\/script>\n<!-- \/ Yoast SEO plugin. -->","yoast_head_json":{"title":"Service apr\u00e8s-vente et pi\u00e8ces d\u00e9tach\u00e9es | Alp Lift International","description":"Pour entretien, Inspection annuelle ou probl\u00e8mes techniques, vous pouvez nous appeler au +31 (0)30 6621166 ou nous envoyer un e-mail: service@alplift.com","robots":{"index":"noindex","follow":"follow","max-snippet":"max-snippet:-1","max-image-preview":"max-image-preview:large","max-video-preview":"max-video-preview:-1"},"og_locale":"fr_FR","og_type":"article","og_title":"Service apr\u00e8s-vente et pi\u00e8ces d\u00e9tach\u00e9es | Alp Lift International","og_description":"Pour entretien, Inspection annuelle ou probl\u00e8mes techniques, vous pouvez nous appeler au +31 (0)30 6621166 ou nous envoyer un e-mail: service@alplift.com","og_url":"https:\/\/oud.alplift.com\/fr\/service-apres-vente-et-entretien\/","og_site_name":"Alp Lift","article_modified_time":"2023-09-25T10:23:53+00:00","twitter_card":"summary_large_image","twitter_misc":{"Dur\u00e9e de lecture estim\u00e9e":"3 minutes"},"schema":{"@context":"https:\/\/schema.org","@graph":[{"@type":"WebPage","@id":"https:\/\/oud.alplift.com\/fr\/service-apres-vente-et-entretien\/","url":"https:\/\/oud.alplift.com\/fr\/service-apres-vente-et-entretien\/","name":"Service apr\u00e8s-vente et pi\u00e8ces d\u00e9tach\u00e9es | Alp Lift International","isPartOf":{"@id":"https:\/\/oud.alplift.com\/fr\/#website"},"datePublished":"2020-12-14T09:58:49+00:00","dateModified":"2023-09-25T10:23:53+00:00","description":"Pour entretien, Inspection annuelle ou probl\u00e8mes techniques, vous pouvez nous appeler au +31 (0)30 6621166 ou nous envoyer un e-mail: service@alplift.com","breadcrumb":{"@id":"https:\/\/oud.alplift.com\/fr\/service-apres-vente-et-entretien\/#breadcrumb"},"inLanguage":"fr-FR","potentialAction":[{"@type":"ReadAction","target":["https:\/\/oud.alplift.com\/fr\/service-apres-vente-et-entretien\/"]}]},{"@type":"BreadcrumbList","@id":"https:\/\/oud.alplift.com\/fr\/service-apres-vente-et-entretien\/#breadcrumb","itemListElement":[{"@type":"ListItem","position":1,"name":"Home","item":"https:\/\/oud.alplift.com\/fr\/"},{"@type":"ListItem","position":2,"name":"Service apr\u00e8s-vente et entretien"}]},{"@type":"WebSite","@id":"https:\/\/oud.alplift.com\/fr\/#website","url":"https:\/\/oud.alplift.com\/fr\/","name":"Alp Lift","description":"Lifting Equipment","potentialAction":[{"@type":"SearchAction","target":{"@type":"EntryPoint","urlTemplate":"https:\/\/oud.alplift.com\/fr\/?s={search_term_string}"},"query-input":{"@type":"PropertyValueSpecification","valueRequired":true,"valueName":"search_term_string"}}],"inLanguage":"fr-FR"}]}},"_links":{"self":[{"href":"https:\/\/oud.alplift.com\/fr\/wp-json\/wp\/v2\/pages\/1453","targetHints":{"allow":["GET"]}}],"collection":[{"href":"https:\/\/oud.alplift.com\/fr\/wp-json\/wp\/v2\/pages"}],"about":[{"href":"https:\/\/oud.alplift.com\/fr\/wp-json\/wp\/v2\/types\/page"}],"author":[{"embeddable":true,"href":"https:\/\/oud.alplift.com\/fr\/wp-json\/wp\/v2\/users\/3"}],"replies":[{"embeddable":true,"href":"https:\/\/oud.alplift.com\/fr\/wp-json\/wp\/v2\/comments?post=1453"}],"version-history":[{"count":0,"href":"https:\/\/oud.alplift.com\/fr\/wp-json\/wp\/v2\/pages\/1453\/revisions"}],"wp:attachment":[{"href":"https:\/\/oud.alplift.com\/fr\/wp-json\/wp\/v2\/media?parent=1453"}],"curies":[{"name":"wp","href":"https:\/\/api.w.org\/{rel}","templated":true}]}}